{"id":20261,"date":"2018-05-07T17:28:12","date_gmt":"2018-05-07T17:28:12","guid":{"rendered":"https:\/\/dev.rosaeterna.online\/producto\/cupula-de-vidro\/"},"modified":"2024-10-20T04:06:13","modified_gmt":"2024-10-20T04:06:13","slug":"cupula-de-vidro","status":"publish","type":"product","link":"https:\/\/rosaeterna.online\/pt-pt\/p\/cupula-de-vidro\/","title":{"rendered":"C\u00fapula de vidro"},"content":{"rendered":"<p style=\"text-align: justify;\">Compra a tua c\u00fapula de vidro para decorar com flores ou com o que quiseres ao melhor pre\u00e7o, em Rosaeterna.online dedicamo-nos \u00e0 decora\u00e7\u00e3o floral e por isso temos pre\u00e7os baixos para que possas adquirir a tua c\u00fapula de vidro barata que vais adorar!<\/p>\n<h2 style=\"text-align: center;\"><strong>Que tipos de c\u00fapulas de vidro temos<\/strong><\/h2>\n<p style=\"text-align: justify;\">Temos diferentes tipos de c\u00fapulas de vidro baratas, connosco podes compr\u00e1-las para recriar a <a href=\"https:\/\/rosaeterna.online\/pt-pt\/p\/rosa-bela-e-o-monstro\/\">rosa encantada da Bela e o Monstro<\/a>, por isso, se est\u00e1s a pensar em faz\u00ea-la tu mesmo, podes dar uma vista de olhos \u00e0s nossas <a href=\"https:\/\/rosaeterna.online\/pt-pt\/\">rosas eternas coloridas<\/a> e a este sino de vidro, de certeza que vais adorar!<\/p>\n<p style=\"text-align: justify;\">Podes comprar as nossas c\u00fapulas de vidro no tamanho de 25 de altura por 15 de di\u00e2metro, embora, claro, tamb\u00e9m as possamos obter noutros tamanhos.<br \/>\nSe o tamanho que temos por defeito n\u00e3o te serve, podes contactar-nos e faremos um or\u00e7amento de imediato, estamos \u00e0 tua espera. <\/p>\n<h2 style=\"text-align: center;\"><strong>Para que podes utilizar um sino de vidro<\/strong><\/h2>\n<p style=\"text-align: justify;\">Comprar uma camp\u00e2nula de vidro para decora\u00e7\u00e3o \u00e9 uma \u00f3ptima ideia, mas talvez ainda n\u00e3o saibas para que \u00e9 que a podes utilizar.<br \/>\n\u00c9 por isso que decidimos dar-te alguns exemplos aqui, para que possas ter uma ideia de como podes usar a c\u00e1psula. <\/p>\n<p>  As nossas c\u00fapulas de vidro baratas podem ser utilizadas para:  <\/p>\n<ul>\n<li>Fazer uma rosa encapsulada<\/li>\n<li>Mostra uma miniatura em vidro<\/li>\n<li>Expor uma pequena est\u00e1tua<\/li>\n<li>Decora\u00e7\u00e3o com plantas e flores<\/li>\n<\/ul>\n<p>  Em suma, poder\u00e1s fazer tudo com eles.  <\/p>\n<h2 style=\"text-align: center;\"><strong>Onde comprar um sino de vidro para decora\u00e7\u00e3o<\/strong><\/h2>\n<p style=\"text-align: justify;\">Bem, a resposta \u00e9 muito simples, podes comprar uma c\u00fapula de vidro barata online connosco ao melhor pre\u00e7o, envi\u00e1-la-emos para onde quiseres o mais rapidamente poss\u00edvel.<br \/>\nNos \u00faltimos anos temos trabalhado com muitos floristas e decoradores, conseguindo excelentes resultados. Queres ser mais um? <\/p>\n<p style=\"text-align: justify;\">Se tiveres alguma d\u00favida, teremos todo o gosto em ajudar-te atrav\u00e9s do nosso formul\u00e1rio de contacto.<\/p>\n","protected":false},"excerpt":{"rendered":"<p style=\"text-align: justify;\">Compra a tua c\u00fapula de vidro barata online connosco.<br \/>\nTemos pre\u00e7os especiais para grossistas. Corre e aproveita o nosso envio GRATUITO! <\/p>\n","protected":false},"featured_media":8604,"comment_status":"open","ping_status":"closed","template":"","meta":{"_uag_custom_page_level_css":"","_joinchat":[]},"product_brand":[],"product_cat":[232],"product_tag":[],"class_list":{"0":"post-20261","1":"product","2":"type-product","3":"status-publish","4":"has-post-thumbnail","6":"product_cat-casamentos","7":"product_shipping_class-com-expedicao","9":"first","10":"instock","11":"taxable","12":"shipping-taxable","13":"purchasable","14":"product-type-variable","15":"add-to-wishlist-after_add_to_cart"},"yoast_head":"<!-- This site is optimized with the Yoast SEO plugin v25.0 - https:\/\/yoast.com\/wordpress\/plugins\/seo\/ -->\n<title>Compra a tua C\u00fapula de vidro barata : Rosaeterna.online<\/title>\n<meta name=\"description\" content=\"Compra a tua C\u00fapula de Vidro Barata Online. Em Rosaeterna.online somos grossistas e temos os melhores pre\u00e7os.\" \/>\n<meta name=\"robots\" content=\"index, follow, max-snippet:-1, max-image-preview:large, max-video-preview:-1\" \/>\n<link rel=\"canonical\" href=\"https:\/\/rosaeterna.online\/pt-pt\/p\/cupula-de-vidro\/\" \/>\n<meta property=\"og:locale\" content=\"pt_PT\" \/>\n<meta property=\"og:type\" content=\"article\" \/>\n<meta property=\"og:title\" content=\"Compra a tua C\u00fapula de vidro barata : Rosaeterna.online\" \/>\n<meta property=\"og:description\" content=\"Compra a tua C\u00fapula de Vidro Barata Online. Em Rosaeterna.online somos grossistas e temos os melhores pre\u00e7os.\" \/>\n<meta property=\"og:url\" content=\"https:\/\/rosaeterna.online\/pt-pt\/p\/cupula-de-vidro\/\" \/>\n<meta property=\"og:site_name\" content=\"Rosa Eterna\" \/>\n<meta property=\"article:modified_time\" content=\"2024-10-20T04:06:13+00:00\" \/>\n<meta property=\"og:image\" content=\"https:\/\/rosaeterna.online\/wp-content\/uploads\/2018\/05\/cupula-de-cristal-scaled.jpg\" \/>\n\t<meta property=\"og:image:width\" content=\"2560\" \/>\n\t<meta property=\"og:image:height\" content=\"2560\" \/>\n\t<meta property=\"og:image:type\" content=\"image\/jpeg\" \/>\n<meta name=\"twitter:card\" content=\"summary_large_image\" \/>\n<meta name=\"twitter:label1\" content=\"Tempo estimado de leitura\" \/>\n\t<meta name=\"twitter:data1\" content=\"2 minutos\" \/>\n<!-- \/ Yoast SEO plugin. -->","yoast_head_json":{"title":"Compra a tua C\u00fapula de vidro barata : Rosaeterna.online","description":"Compra a tua C\u00fapula de Vidro Barata Online. Em Rosaeterna.online somos grossistas e temos os melhores pre\u00e7os.","robots":{"index":"index","follow":"follow","max-snippet":"max-snippet:-1","max-image-preview":"max-image-preview:large","max-video-preview":"max-video-preview:-1"},"canonical":"https:\/\/rosaeterna.online\/pt-pt\/p\/cupula-de-vidro\/","og_locale":"pt_PT","og_type":"article","og_title":"Compra a tua C\u00fapula de vidro barata : Rosaeterna.online","og_description":"Compra a tua C\u00fapula de Vidro Barata Online. Em Rosaeterna.online somos grossistas e temos os melhores pre\u00e7os.","og_url":"https:\/\/rosaeterna.online\/pt-pt\/p\/cupula-de-vidro\/","og_site_name":"Rosa Eterna","article_modified_time":"2024-10-20T04:06:13+00:00","og_image":[{"width":2560,"height":2560,"url":"https:\/\/rosaeterna.online\/wp-content\/uploads\/2018\/05\/cupula-de-cristal-scaled.jpg","type":"image\/jpeg"}],"twitter_card":"summary_large_image","twitter_misc":{"Tempo estimado de leitura":"2 minutos"},"schema":{"@context":"https:\/\/schema.org","@graph":[{"@type":"WebPage","@id":"https:\/\/rosaeterna.online\/pt-pt\/p\/cupula-de-vidro\/","url":"https:\/\/rosaeterna.online\/pt-pt\/p\/cupula-de-vidro\/","name":"Compra a tua C\u00fapula de vidro barata : Rosaeterna.online","isPartOf":{"@id":"https:\/\/rosaeterna.online\/pt-pt\/#website"},"primaryImageOfPage":{"@id":"https:\/\/rosaeterna.online\/pt-pt\/p\/cupula-de-vidro\/#primaryimage"},"image":{"@id":"https:\/\/rosaeterna.online\/pt-pt\/p\/cupula-de-vidro\/#primaryimage"},"thumbnailUrl":"https:\/\/rosaeterna.online\/wp-content\/uploads\/2018\/05\/cupula-de-cristal-scaled.jpg","datePublished":"2018-05-07T17:28:12+00:00","dateModified":"2024-10-20T04:06:13+00:00","description":"Compra a tua C\u00fapula de Vidro Barata Online. Em Rosaeterna.online somos grossistas e temos os melhores pre\u00e7os.","breadcrumb":{"@id":"https:\/\/rosaeterna.online\/pt-pt\/p\/cupula-de-vidro\/#breadcrumb"},"inLanguage":"pt-PT","potentialAction":[{"@type":"ReadAction","target":["https:\/\/rosaeterna.online\/pt-pt\/p\/cupula-de-vidro\/"]}]},{"@type":"ImageObject","inLanguage":"pt-PT","@id":"https:\/\/rosaeterna.online\/pt-pt\/p\/cupula-de-vidro\/#primaryimage","url":"https:\/\/rosaeterna.online\/wp-content\/uploads\/2018\/05\/cupula-de-cristal-scaled.jpg","contentUrl":"https:\/\/rosaeterna.online\/wp-content\/uploads\/2018\/05\/cupula-de-cristal-scaled.jpg","width":2560,"height":2560,"caption":"compra c\u00fapula de vidro"},{"@type":"BreadcrumbList","@id":"https:\/\/rosaeterna.online\/pt-pt\/p\/cupula-de-vidro\/#breadcrumb","itemListElement":[{"@type":"ListItem","position":1,"name":"Portada","item":"https:\/\/rosaeterna.online\/pt-pt\/"},{"@type":"ListItem","position":2,"name":"Produtos","item":"https:\/\/rosaeterna.online\/pt-pt\/shop\/"},{"@type":"ListItem","position":3,"name":"C\u00fapula de vidro"}]},{"@type":"WebSite","@id":"https:\/\/rosaeterna.online\/pt-pt\/#website","url":"https:\/\/rosaeterna.online\/pt-pt\/","name":"Rosa Eterna","description":"Haz que dure","potentialAction":[{"@type":"SearchAction","target":{"@type":"EntryPoint","urlTemplate":"https:\/\/rosaeterna.online\/pt-pt\/?s={search_term_string}"},"query-input":{"@type":"PropertyValueSpecification","valueRequired":true,"valueName":"search_term_string"}}],"inLanguage":"pt-PT"}]}},"uagb_featured_image_src":{"full":["https:\/\/rosaeterna.online\/wp-content\/uploads\/2018\/05\/cupula-de-cristal-scaled.jpg",2560,2560,false],"thumbnail":["https:\/\/rosaeterna.online\/wp-content\/uploads\/2018\/05\/cupula-de-cristal-150x150.jpg",150,150,true],"medium":["https:\/\/rosaeterna.online\/wp-content\/uploads\/2018\/05\/cupula-de-cristal-300x300.jpg",300,300,true],"medium_large":["https:\/\/rosaeterna.online\/wp-content\/uploads\/2018\/05\/cupula-de-cristal-768x768.jpg",768,768,true],"large":["https:\/\/rosaeterna.online\/wp-content\/uploads\/2018\/05\/cupula-de-cristal-1024x1024.jpg",900,900,true],"1536x1536":["https:\/\/rosaeterna.online\/wp-content\/uploads\/2018\/05\/cupula-de-cristal-scaled.jpg",1536,1536,false],"2048x2048":["https:\/\/rosaeterna.online\/wp-content\/uploads\/2018\/05\/cupula-de-cristal-scaled.jpg",2048,2048,false],"blog-isotope":["https:\/\/rosaeterna.online\/wp-content\/uploads\/2018\/05\/cupula-de-cristal-scaled.jpg",500,500,false],"woocommerce_thumbnail":["https:\/\/rosaeterna.online\/wp-content\/uploads\/2018\/05\/cupula-de-cristal-350x435.jpg",350,435,true],"woocommerce_single":["https:\/\/rosaeterna.online\/wp-content\/uploads\/2018\/05\/cupula-de-cristal-920x920.jpg",920,920,true],"woocommerce_gallery_thumbnail":["https:\/\/rosaeterna.online\/wp-content\/uploads\/2018\/05\/cupula-de-cristal-100x100.jpg",100,100,true],"eh_logo_image_size":["https:\/\/rosaeterna.online\/wp-content\/uploads\/2018\/05\/cupula-de-cristal-scaled.jpg",90,90,false],"eh_header_image_size":["https:\/\/rosaeterna.online\/wp-content\/uploads\/2018\/05\/cupula-de-cristal-scaled.jpg",90,90,false],"wcpr-photo-reviews":["https:\/\/rosaeterna.online\/wp-content\/uploads\/2018\/05\/cupula-de-cristal-scaled.jpg",500,500,false]},"uagb_author_info":{"display_name":"Fran","author_link":"https:\/\/rosaeterna.online\/pt-pt"},"uagb_comment_info":0,"uagb_excerpt":"Compra a tua c\u00fapula de vidro barata online connosco. Temos pre\u00e7os especiais para grossistas. Corre e aproveita o nosso envio GRATUITO!","_links":{"self":[{"href":"https:\/\/rosaeterna.online\/pt-pt\/wp-json\/wp\/v2\/product\/20261","targetHints":{"allow":["GET"]}}],"collection":[{"href":"https:\/\/rosaeterna.online\/pt-pt\/wp-json\/wp\/v2\/product"}],"about":[{"href":"https:\/\/rosaeterna.online\/pt-pt\/wp-json\/wp\/v2\/types\/product"}],"replies":[{"embeddable":true,"href":"https:\/\/rosaeterna.online\/pt-pt\/wp-json\/wp\/v2\/comments?post=20261"}],"wp:featuredmedia":[{"embeddable":true,"href":"https:\/\/rosaeterna.online\/pt-pt\/wp-json\/wp\/v2\/media\/8604"}],"wp:attachment":[{"href":"https:\/\/rosaeterna.online\/pt-pt\/wp-json\/wp\/v2\/media?parent=20261"}],"wp:term":[{"taxonomy":"product_brand","embeddable":true,"href":"https:\/\/rosaeterna.online\/pt-pt\/wp-json\/wp\/v2\/product_brand?post=20261"},{"taxonomy":"product_cat","embeddable":true,"href":"https:\/\/rosaeterna.online\/pt-pt\/wp-json\/wp\/v2\/product_cat?post=20261"},{"taxonomy":"product_tag","embeddable":true,"href":"https:\/\/rosaeterna.online\/pt-pt\/wp-json\/wp\/v2\/product_tag?post=20261"}],"curies":[{"name":"wp","href":"https:\/\/api.w.org\/{rel}","templated":true}]}}