{"id":19980,"date":"2020-04-25T13:07:44","date_gmt":"2020-04-25T13:07:44","guid":{"rendered":"https:\/\/dev.rosaeterna.online\/producto\/pacote-diy\/"},"modified":"2024-10-20T04:14:34","modified_gmt":"2024-10-20T04:14:34","slug":"pacote-diy","status":"publish","type":"product","link":"https:\/\/rosaeterna.online\/pt-pt\/p\/pacote-diy\/","title":{"rendered":"Pacote DIY"},"content":{"rendered":"<p>Uma \u00f3ptima maneira de <strong>surpreenderes a pessoa amada com um presente \u00fanico<\/strong>.<br \/>\nOferece uma rosa especial e monta-o tu mesmo em casa com todos os materiais necess\u00e1rios. A divers\u00e3o \u00e9 garantida!<br \/>\nPodes improvisar e criar novos modelos, seguindo o <a href=\"https:\/\/rosaeterna.online\/pt-pt\/como-fazeres-a-rosa-da-bela-e-o-monstro-passo-a-passo\/\"><strong>o nosso tutorial<\/strong><\/a> ou qualquer outro v\u00eddeo no YouTube.<br \/>\nNa nossa <strong><a href=\"https:\/\/rosaeterna.online\/pt-pt\/\">loja de rosas eternas<\/a><\/strong> encontrar\u00e1s todos os materiais que necessitas.<br \/>\nLembra-te que <strong>os nossos pre\u00e7os incluem IVA e envio dentro de Espanha e das Ilhas Baleares<\/strong>.<br \/>\nSe tiveres alguma d\u00favida, contacta-nos e teremos todo o gosto em ajudar-te. <strong>PS:<\/strong> N\u00e3o te esque\u00e7as de nos enviar a tua cria\u00e7\u00e3o por WhatsApp, teremos muito gosto em ver o que preparaste \ud83d\ude42       &nbsp;<\/p>\n<p>&nbsp;<\/p>\n","protected":false},"excerpt":{"rendered":"<p>\u00c9s um faz-tudo e queres fazer <strong>um presente especial<\/strong>?<br \/>\nEnt\u00e3o vais adorar este pack Fa\u00e7a Voc\u00ea Mesmo da <a href=\"https:\/\/rosaeterna.online\/producto\/rosa-encantada-bella-y-bestia\/\">rosa da Bela e o Monstro<\/a>.<br \/>\nEnviamos-te todos os materiais necess\u00e1rios para tua casa. <span style=\"color: #ff0000;\"><strong>ENVIO GR\u00c1TIS<\/strong><\/span>!    <\/p>\n<ul>\n<li>Uma rosa conservada<\/li>\n<li>C\u00fapula de vidro 25x17cm<\/li>\n<li>Luzes LED, chocolates e musgo opcional<\/li>\n<\/ul>\n","protected":false},"featured_media":9402,"comment_status":"closed","ping_status":"closed","template":"","meta":{"_uag_custom_page_level_css":"","_joinchat":[]},"product_brand":[],"product_cat":[232],"product_tag":[],"class_list":{"0":"post-19980","1":"product","2":"type-product","3":"status-publish","4":"has-post-thumbnail","6":"product_cat-casamentos","8":"first","9":"instock","10":"taxable","11":"shipping-taxable","12":"purchasable","13":"product-type-variable","14":"add-to-wishlist-after_add_to_cart"},"yoast_head":"<!-- This site is optimized with the Yoast SEO plugin v25.0 - https:\/\/yoast.com\/wordpress\/plugins\/seo\/ -->\n<title>Pacote DIY - Rosa Eterna<\/title>\n<meta name=\"robots\" content=\"index, follow, max-snippet:-1, max-image-preview:large, max-video-preview:-1\" \/>\n<link rel=\"canonical\" href=\"https:\/\/rosaeterna.online\/pt-pt\/p\/pacote-diy\/\" \/>\n<meta property=\"og:locale\" content=\"pt_PT\" \/>\n<meta property=\"og:type\" content=\"article\" \/>\n<meta property=\"og:title\" content=\"Pacote DIY - Rosa Eterna\" \/>\n<meta property=\"og:description\" content=\"\u00c9s um faz-tudo e queres fazer um presente especial? Ent\u00e3o vais adorar este pack Fa\u00e7a Voc\u00ea Mesmo da rosa da Bela e o Monstro. Enviamos-te todos os materiais necess\u00e1rios para tua casa. ENVIO GR\u00c1TIS!    Uma rosa conservada  C\u00fapula de vidro 25x17cm  Luzes LED, chocolates e musgo opcional\" \/>\n<meta property=\"og:url\" content=\"https:\/\/rosaeterna.online\/pt-pt\/p\/pacote-diy\/\" \/>\n<meta property=\"og:site_name\" content=\"Rosa Eterna\" \/>\n<meta property=\"article:modified_time\" content=\"2024-10-20T04:14:34+00:00\" \/>\n<meta property=\"og:image\" content=\"https:\/\/rosaeterna.online\/wp-content\/uploads\/2020\/04\/kit-diy.png\" \/>\n\t<meta property=\"og:image:width\" content=\"500\" \/>\n\t<meta property=\"og:image:height\" content=\"502\" \/>\n\t<meta property=\"og:image:type\" content=\"image\/png\" \/>\n<meta name=\"twitter:card\" content=\"summary_large_image\" \/>\n<meta name=\"twitter:label1\" content=\"Tempo estimado de leitura\" \/>\n\t<meta name=\"twitter:data1\" content=\"1 minuto\" \/>\n<!-- \/ Yoast SEO plugin. -->","yoast_head_json":{"title":"Pacote DIY - Rosa Eterna","robots":{"index":"index","follow":"follow","max-snippet":"max-snippet:-1","max-image-preview":"max-image-preview:large","max-video-preview":"max-video-preview:-1"},"canonical":"https:\/\/rosaeterna.online\/pt-pt\/p\/pacote-diy\/","og_locale":"pt_PT","og_type":"article","og_title":"Pacote DIY - Rosa Eterna","og_description":"\u00c9s um faz-tudo e queres fazer um presente especial? Ent\u00e3o vais adorar este pack Fa\u00e7a Voc\u00ea Mesmo da rosa da Bela e o Monstro. Enviamos-te todos os materiais necess\u00e1rios para tua casa. ENVIO GR\u00c1TIS!    Uma rosa conservada  C\u00fapula de vidro 25x17cm  Luzes LED, chocolates e musgo opcional","og_url":"https:\/\/rosaeterna.online\/pt-pt\/p\/pacote-diy\/","og_site_name":"Rosa Eterna","article_modified_time":"2024-10-20T04:14:34+00:00","og_image":[{"width":500,"height":502,"url":"https:\/\/rosaeterna.online\/wp-content\/uploads\/2020\/04\/kit-diy.png","type":"image\/png"}],"twitter_card":"summary_large_image","twitter_misc":{"Tempo estimado de leitura":"1 minuto"},"schema":{"@context":"https:\/\/schema.org","@graph":[{"@type":"WebPage","@id":"https:\/\/rosaeterna.online\/pt-pt\/p\/pacote-diy\/","url":"https:\/\/rosaeterna.online\/pt-pt\/p\/pacote-diy\/","name":"Pacote DIY - Rosa Eterna","isPartOf":{"@id":"https:\/\/rosaeterna.online\/pt-pt\/#website"},"primaryImageOfPage":{"@id":"https:\/\/rosaeterna.online\/pt-pt\/p\/pacote-diy\/#primaryimage"},"image":{"@id":"https:\/\/rosaeterna.online\/pt-pt\/p\/pacote-diy\/#primaryimage"},"thumbnailUrl":"https:\/\/rosaeterna.online\/wp-content\/uploads\/2020\/04\/kit-diy.png","datePublished":"2020-04-25T13:07:44+00:00","dateModified":"2024-10-20T04:14:34+00:00","breadcrumb":{"@id":"https:\/\/rosaeterna.online\/pt-pt\/p\/pacote-diy\/#breadcrumb"},"inLanguage":"pt-PT","potentialAction":[{"@type":"ReadAction","target":["https:\/\/rosaeterna.online\/pt-pt\/p\/pacote-diy\/"]}]},{"@type":"ImageObject","inLanguage":"pt-PT","@id":"https:\/\/rosaeterna.online\/pt-pt\/p\/pacote-diy\/#primaryimage","url":"https:\/\/rosaeterna.online\/wp-content\/uploads\/2020\/04\/kit-diy.png","contentUrl":"https:\/\/rosaeterna.online\/wp-content\/uploads\/2020\/04\/kit-diy.png","width":500,"height":502,"caption":"kit \"fa\u00e7a voc\u00ea mesmo"},{"@type":"BreadcrumbList","@id":"https:\/\/rosaeterna.online\/pt-pt\/p\/pacote-diy\/#breadcrumb","itemListElement":[{"@type":"ListItem","position":1,"name":"Portada","item":"https:\/\/rosaeterna.online\/pt-pt\/"},{"@type":"ListItem","position":2,"name":"Produtos","item":"https:\/\/rosaeterna.online\/pt-pt\/shop\/"},{"@type":"ListItem","position":3,"name":"Pacote DIY"}]},{"@type":"WebSite","@id":"https:\/\/rosaeterna.online\/pt-pt\/#website","url":"https:\/\/rosaeterna.online\/pt-pt\/","name":"Rosa Eterna","description":"Haz que dure","potentialAction":[{"@type":"SearchAction","target":{"@type":"EntryPoint","urlTemplate":"https:\/\/rosaeterna.online\/pt-pt\/?s={search_term_string}"},"query-input":{"@type":"PropertyValueSpecification","valueRequired":true,"valueName":"search_term_string"}}],"inLanguage":"pt-PT"}]}},"uagb_featured_image_src":{"full":["https:\/\/rosaeterna.online\/wp-content\/uploads\/2020\/04\/kit-diy.png",500,502,false],"thumbnail":["https:\/\/rosaeterna.online\/wp-content\/uploads\/2020\/04\/kit-diy-150x150.png",150,150,true],"medium":["https:\/\/rosaeterna.online\/wp-content\/uploads\/2020\/04\/kit-diy-300x300.png",300,300,true],"medium_large":["https:\/\/rosaeterna.online\/wp-content\/uploads\/2020\/04\/kit-diy.png",500,502,false],"large":["https:\/\/rosaeterna.online\/wp-content\/uploads\/2020\/04\/kit-diy.png",500,502,false],"1536x1536":["https:\/\/rosaeterna.online\/wp-content\/uploads\/2020\/04\/kit-diy.png",500,502,false],"2048x2048":["https:\/\/rosaeterna.online\/wp-content\/uploads\/2020\/04\/kit-diy.png",500,502,false],"blog-isotope":["https:\/\/rosaeterna.online\/wp-content\/uploads\/2020\/04\/kit-diy.png",498,500,false],"woocommerce_thumbnail":["https:\/\/rosaeterna.online\/wp-content\/uploads\/2020\/04\/kit-diy-350x435.png",350,435,true],"woocommerce_single":["https:\/\/rosaeterna.online\/wp-content\/uploads\/2020\/04\/kit-diy.png",500,502,false],"woocommerce_gallery_thumbnail":["https:\/\/rosaeterna.online\/wp-content\/uploads\/2020\/04\/kit-diy-100x100.png",100,100,true],"eh_logo_image_size":["https:\/\/rosaeterna.online\/wp-content\/uploads\/2020\/04\/kit-diy.png",90,90,false],"eh_header_image_size":["https:\/\/rosaeterna.online\/wp-content\/uploads\/2020\/04\/kit-diy.png",90,90,false],"wcpr-photo-reviews":["https:\/\/rosaeterna.online\/wp-content\/uploads\/2020\/04\/kit-diy.png",498,500,false]},"uagb_author_info":{"display_name":"Fran","author_link":"https:\/\/rosaeterna.online\/pt-pt"},"uagb_comment_info":0,"uagb_excerpt":"\u00c9s um faz-tudo e queres fazer um presente especial? Ent\u00e3o vais adorar este pack Fa\u00e7a Voc\u00ea Mesmo da rosa da Bela e o Monstro. Enviamos-te todos os materiais necess\u00e1rios para tua casa. ENVIO GR\u00c1TIS! Uma rosa conservada C\u00fapula de vidro 25x17cm Luzes LED, chocolates e musgo opcional","_links":{"self":[{"href":"https:\/\/rosaeterna.online\/pt-pt\/wp-json\/wp\/v2\/product\/19980","targetHints":{"allow":["GET"]}}],"collection":[{"href":"https:\/\/rosaeterna.online\/pt-pt\/wp-json\/wp\/v2\/product"}],"about":[{"href":"https:\/\/rosaeterna.online\/pt-pt\/wp-json\/wp\/v2\/types\/product"}],"replies":[{"embeddable":true,"href":"https:\/\/rosaeterna.online\/pt-pt\/wp-json\/wp\/v2\/comments?post=19980"}],"wp:featuredmedia":[{"embeddable":true,"href":"https:\/\/rosaeterna.online\/pt-pt\/wp-json\/wp\/v2\/media\/9402"}],"wp:attachment":[{"href":"https:\/\/rosaeterna.online\/pt-pt\/wp-json\/wp\/v2\/media?parent=19980"}],"wp:term":[{"taxonomy":"product_brand","embeddable":true,"href":"https:\/\/rosaeterna.online\/pt-pt\/wp-json\/wp\/v2\/product_brand?post=19980"},{"taxonomy":"product_cat","embeddable":true,"href":"https:\/\/rosaeterna.online\/pt-pt\/wp-json\/wp\/v2\/product_cat?post=19980"},{"taxonomy":"product_tag","embeddable":true,"href":"https:\/\/rosaeterna.online\/pt-pt\/wp-json\/wp\/v2\/product_tag?post=19980"}],"curies":[{"name":"wp","href":"https:\/\/api.w.org\/{rel}","templated":true}]}}