{"id":19774,"date":"2022-02-06T22:35:40","date_gmt":"2022-02-06T22:35:40","guid":{"rendered":"https:\/\/dev.rosaeterna.online\/producto\/cupula-da-bela-e-do-monstro-edicao-limitada\/"},"modified":"2024-10-12T10:57:07","modified_gmt":"2024-10-12T10:57:07","slug":"cupula-da-bela-e-do-monstro-edicao-limitada","status":"publish","type":"product","link":"https:\/\/rosaeterna.online\/pt-pt\/p\/cupula-da-bela-e-do-monstro-edicao-limitada\/","title":{"rendered":"C\u00fapula da Bela e do Monstro &#8211; Edi\u00e7\u00e3o limitada"},"content":{"rendered":"<p>Uma linda <a href=\"https:\/\/rosaeterna.online\/pt-pt\/p\/rosa-bela-e-o-monstro\/\">c\u00fapula da Bela e o Monstro<\/a> chegou para o Dia dos Namorados em quantidades muito limitadas.<br \/>\nInclui uma bonita rosa XL vermelha em conserva, com 9 cm de tamanho e musgo na base.<br \/>\nCom base preta e luzes led inclu\u00eddas na base, ficar\u00e1 linda em qualquer canto.    &nbsp;<\/p>\n","protected":false},"excerpt":{"rendered":"<p>A rosa encantada da Bela e do Monstro com luzes LED na sua base de madeira preta veio para ficar?<br \/>\nQuem sabe, por agora aproveita as nossas unidades limitadas e o nosso envio <strong>GRATUITO<\/strong>! <\/p>\n","protected":false},"featured_media":10452,"comment_status":"closed","ping_status":"closed","template":"","meta":{"_uag_custom_page_level_css":"","_joinchat":[]},"product_brand":[],"product_cat":[127],"product_tag":[],"class_list":{"0":"post-19774","1":"product","2":"type-product","3":"status-publish","4":"has-post-thumbnail","6":"product_cat-rosas-na-cupula","8":"first","9":"instock","10":"taxable","11":"shipping-taxable","12":"purchasable","13":"product-type-variable","14":"add-to-wishlist-after_add_to_cart"},"yoast_head":"<!-- This site is optimized with the Yoast SEO plugin v25.0 - https:\/\/yoast.com\/wordpress\/plugins\/seo\/ -->\n<title>C\u00fapula da Bela e do Monstro - Edi\u00e7\u00e3o limitada - Rosa Eterna<\/title>\n<meta name=\"robots\" content=\"index, follow, max-snippet:-1, max-image-preview:large, max-video-preview:-1\" \/>\n<link rel=\"canonical\" href=\"https:\/\/rosaeterna.online\/pt-pt\/p\/cupula-da-bela-e-do-monstro-edicao-limitada\/\" \/>\n<meta property=\"og:locale\" content=\"pt_PT\" \/>\n<meta property=\"og:type\" content=\"article\" \/>\n<meta property=\"og:title\" content=\"C\u00fapula da Bela e do Monstro - Edi\u00e7\u00e3o limitada - Rosa Eterna\" \/>\n<meta property=\"og:description\" content=\"A rosa encantada da Bela e do Monstro com luzes LED na sua base de madeira preta veio para ficar? Quem sabe, por agora aproveita as nossas unidades limitadas e o nosso envio GRATUITO!\" \/>\n<meta property=\"og:url\" content=\"https:\/\/rosaeterna.online\/pt-pt\/p\/cupula-da-bela-e-do-monstro-edicao-limitada\/\" \/>\n<meta property=\"og:site_name\" content=\"Rosa Eterna\" \/>\n<meta property=\"article:modified_time\" content=\"2024-10-12T10:57:07+00:00\" \/>\n<meta property=\"og:image\" content=\"https:\/\/rosaeterna.online\/wp-content\/uploads\/2022\/02\/IMG_3711.jpg\" \/>\n\t<meta property=\"og:image:width\" content=\"800\" \/>\n\t<meta property=\"og:image:height\" content=\"1067\" \/>\n\t<meta property=\"og:image:type\" content=\"image\/jpeg\" \/>\n<meta name=\"twitter:card\" content=\"summary_large_image\" \/>\n<!-- \/ Yoast SEO plugin. -->","yoast_head_json":{"title":"C\u00fapula da Bela e do Monstro - Edi\u00e7\u00e3o limitada - Rosa Eterna","robots":{"index":"index","follow":"follow","max-snippet":"max-snippet:-1","max-image-preview":"max-image-preview:large","max-video-preview":"max-video-preview:-1"},"canonical":"https:\/\/rosaeterna.online\/pt-pt\/p\/cupula-da-bela-e-do-monstro-edicao-limitada\/","og_locale":"pt_PT","og_type":"article","og_title":"C\u00fapula da Bela e do Monstro - Edi\u00e7\u00e3o limitada - Rosa Eterna","og_description":"A rosa encantada da Bela e do Monstro com luzes LED na sua base de madeira preta veio para ficar? Quem sabe, por agora aproveita as nossas unidades limitadas e o nosso envio GRATUITO!","og_url":"https:\/\/rosaeterna.online\/pt-pt\/p\/cupula-da-bela-e-do-monstro-edicao-limitada\/","og_site_name":"Rosa Eterna","article_modified_time":"2024-10-12T10:57:07+00:00","og_image":[{"width":800,"height":1067,"url":"https:\/\/rosaeterna.online\/wp-content\/uploads\/2022\/02\/IMG_3711.jpg","type":"image\/jpeg"}],"twitter_card":"summary_large_image","schema":{"@context":"https:\/\/schema.org","@graph":[{"@type":"WebPage","@id":"https:\/\/rosaeterna.online\/pt-pt\/p\/cupula-da-bela-e-do-monstro-edicao-limitada\/","url":"https:\/\/rosaeterna.online\/pt-pt\/p\/cupula-da-bela-e-do-monstro-edicao-limitada\/","name":"C\u00fapula da Bela e do Monstro - Edi\u00e7\u00e3o limitada - Rosa Eterna","isPartOf":{"@id":"https:\/\/rosaeterna.online\/pt-pt\/#website"},"primaryImageOfPage":{"@id":"https:\/\/rosaeterna.online\/pt-pt\/p\/cupula-da-bela-e-do-monstro-edicao-limitada\/#primaryimage"},"image":{"@id":"https:\/\/rosaeterna.online\/pt-pt\/p\/cupula-da-bela-e-do-monstro-edicao-limitada\/#primaryimage"},"thumbnailUrl":"https:\/\/rosaeterna.online\/wp-content\/uploads\/2022\/02\/IMG_3711.jpg","datePublished":"2022-02-06T22:35:40+00:00","dateModified":"2024-10-12T10:57:07+00:00","breadcrumb":{"@id":"https:\/\/rosaeterna.online\/pt-pt\/p\/cupula-da-bela-e-do-monstro-edicao-limitada\/#breadcrumb"},"inLanguage":"pt-PT","potentialAction":[{"@type":"ReadAction","target":["https:\/\/rosaeterna.online\/pt-pt\/p\/cupula-da-bela-e-do-monstro-edicao-limitada\/"]}]},{"@type":"ImageObject","inLanguage":"pt-PT","@id":"https:\/\/rosaeterna.online\/pt-pt\/p\/cupula-da-bela-e-do-monstro-edicao-limitada\/#primaryimage","url":"https:\/\/rosaeterna.online\/wp-content\/uploads\/2022\/02\/IMG_3711.jpg","contentUrl":"https:\/\/rosaeterna.online\/wp-content\/uploads\/2022\/02\/IMG_3711.jpg","width":800,"height":1067,"caption":"c\u00fapula bella bestia original"},{"@type":"BreadcrumbList","@id":"https:\/\/rosaeterna.online\/pt-pt\/p\/cupula-da-bela-e-do-monstro-edicao-limitada\/#breadcrumb","itemListElement":[{"@type":"ListItem","position":1,"name":"Portada","item":"https:\/\/rosaeterna.online\/pt-pt\/"},{"@type":"ListItem","position":2,"name":"Produtos","item":"https:\/\/rosaeterna.online\/pt-pt\/shop\/"},{"@type":"ListItem","position":3,"name":"C\u00fapula da Bela e do Monstro &#8211; Edi\u00e7\u00e3o limitada"}]},{"@type":"WebSite","@id":"https:\/\/rosaeterna.online\/pt-pt\/#website","url":"https:\/\/rosaeterna.online\/pt-pt\/","name":"Rosa Eterna","description":"Haz que dure","potentialAction":[{"@type":"SearchAction","target":{"@type":"EntryPoint","urlTemplate":"https:\/\/rosaeterna.online\/pt-pt\/?s={search_term_string}"},"query-input":{"@type":"PropertyValueSpecification","valueRequired":true,"valueName":"search_term_string"}}],"inLanguage":"pt-PT"}]}},"uagb_featured_image_src":{"full":["https:\/\/rosaeterna.online\/wp-content\/uploads\/2022\/02\/IMG_3711.jpg",800,1067,false],"thumbnail":["https:\/\/rosaeterna.online\/wp-content\/uploads\/2022\/02\/IMG_3711-150x150.jpg",150,150,true],"medium":["https:\/\/rosaeterna.online\/wp-content\/uploads\/2022\/02\/IMG_3711-225x300.jpg",225,300,true],"medium_large":["https:\/\/rosaeterna.online\/wp-content\/uploads\/2022\/02\/IMG_3711-768x1024.jpg",768,1024,true],"large":["https:\/\/rosaeterna.online\/wp-content\/uploads\/2022\/02\/IMG_3711-768x1024.jpg",768,1024,true],"1536x1536":["https:\/\/rosaeterna.online\/wp-content\/uploads\/2022\/02\/IMG_3711.jpg",800,1067,false],"2048x2048":["https:\/\/rosaeterna.online\/wp-content\/uploads\/2022\/02\/IMG_3711.jpg",800,1067,false],"blog-isotope":["https:\/\/rosaeterna.online\/wp-content\/uploads\/2022\/02\/IMG_3711.jpg",375,500,false],"woocommerce_thumbnail":["https:\/\/rosaeterna.online\/wp-content\/uploads\/2022\/02\/IMG_3711-350x435.jpg",350,435,true],"woocommerce_single":["https:\/\/rosaeterna.online\/wp-content\/uploads\/2022\/02\/IMG_3711.jpg",800,1067,false],"woocommerce_gallery_thumbnail":["https:\/\/rosaeterna.online\/wp-content\/uploads\/2022\/02\/IMG_3711-100x100.jpg",100,100,true],"eh_logo_image_size":["https:\/\/rosaeterna.online\/wp-content\/uploads\/2022\/02\/IMG_3711.jpg",67,90,false],"eh_header_image_size":["https:\/\/rosaeterna.online\/wp-content\/uploads\/2022\/02\/IMG_3711.jpg",67,90,false],"wcpr-photo-reviews":["https:\/\/rosaeterna.online\/wp-content\/uploads\/2022\/02\/IMG_3711.jpg",375,500,false]},"uagb_author_info":{"display_name":"Patricia Mart\u00edn","author_link":"https:\/\/rosaeterna.online\/pt-pt"},"uagb_comment_info":0,"uagb_excerpt":"A rosa encantada da Bela e do Monstro com luzes LED na sua base de madeira preta veio para ficar? Quem sabe, por agora aproveita as nossas unidades limitadas e o nosso envio GRATUITO!","_links":{"self":[{"href":"https:\/\/rosaeterna.online\/pt-pt\/wp-json\/wp\/v2\/product\/19774","targetHints":{"allow":["GET"]}}],"collection":[{"href":"https:\/\/rosaeterna.online\/pt-pt\/wp-json\/wp\/v2\/product"}],"about":[{"href":"https:\/\/rosaeterna.online\/pt-pt\/wp-json\/wp\/v2\/types\/product"}],"replies":[{"embeddable":true,"href":"https:\/\/rosaeterna.online\/pt-pt\/wp-json\/wp\/v2\/comments?post=19774"}],"wp:featuredmedia":[{"embeddable":true,"href":"https:\/\/rosaeterna.online\/pt-pt\/wp-json\/wp\/v2\/media\/10452"}],"wp:attachment":[{"href":"https:\/\/rosaeterna.online\/pt-pt\/wp-json\/wp\/v2\/media?parent=19774"}],"wp:term":[{"taxonomy":"product_brand","embeddable":true,"href":"https:\/\/rosaeterna.online\/pt-pt\/wp-json\/wp\/v2\/product_brand?post=19774"},{"taxonomy":"product_cat","embeddable":true,"href":"https:\/\/rosaeterna.online\/pt-pt\/wp-json\/wp\/v2\/product_cat?post=19774"},{"taxonomy":"product_tag","embeddable":true,"href":"https:\/\/rosaeterna.online\/pt-pt\/wp-json\/wp\/v2\/product_tag?post=19774"}],"curies":[{"name":"wp","href":"https:\/\/api.w.org\/{rel}","templated":true}]}}