{"id":19441,"date":"2022-12-19T14:27:59","date_gmt":"2022-12-19T14:27:59","guid":{"rendered":"https:\/\/dev.rosaeterna.online\/producto\/fita-para-a-cabeca-com-flores-da-elsa\/"},"modified":"2024-10-20T04:09:40","modified_gmt":"2024-10-20T04:09:40","slug":"fita-para-a-cabeca-com-flores-da-elsa","status":"publish","type":"product","link":"https:\/\/rosaeterna.online\/pt-pt\/p\/fita-para-a-cabeca-com-flores-da-elsa\/","title":{"rendered":"Fita para a cabe\u00e7a com flores da Elsa"},"content":{"rendered":"<p>Faz a tua encomenda agora e <strong>recebe-a GRATUITAMENTE<\/strong> em 3-4 dias \u00fateis, e se estiveres com pressa, enviamo-la em 24-48 horas por apenas mais 5,45 euros.<br \/>\nTens alguma d\u00favida?<br \/>\nContacta-nos, <strong>entraremos em contacto contigo o mais rapidamente poss\u00edvel<\/strong>.  <\/p>\n","protected":false},"excerpt":{"rendered":"<p>As bandoletes de noiva s\u00e3o tudo num conjunto, se queres que a tua seja feita \u00e0 m\u00e3o e com flores de grande qualidade, compra uma das nossas <strong>, agora com envio GR\u00c1TIS!<\/strong>\ud83d\ude42<\/p>\n","protected":false},"featured_media":17049,"comment_status":"closed","ping_status":"closed","template":"","meta":{"_uag_custom_page_level_css":"","_joinchat":[]},"product_brand":[],"product_cat":[232],"product_tag":[],"class_list":{"0":"post-19441","1":"product","2":"type-product","3":"status-publish","4":"has-post-thumbnail","6":"product_cat-casamentos","8":"first","9":"instock","10":"taxable","11":"shipping-taxable","12":"purchasable","13":"product-type-simple","14":"add-to-wishlist-after_add_to_cart"},"yoast_head":"<!-- This site is optimized with the Yoast SEO plugin v25.0 - https:\/\/yoast.com\/wordpress\/plugins\/seo\/ -->\n<title>Fita para a cabe\u00e7a com flores da Elsa - Rosa Eterna<\/title>\n<meta name=\"robots\" content=\"index, follow, max-snippet:-1, max-image-preview:large, max-video-preview:-1\" \/>\n<link rel=\"canonical\" href=\"https:\/\/rosaeterna.online\/pt-pt\/p\/fita-para-a-cabeca-com-flores-da-elsa\/\" \/>\n<meta property=\"og:locale\" content=\"pt_PT\" \/>\n<meta property=\"og:type\" content=\"article\" \/>\n<meta property=\"og:title\" content=\"Fita para a cabe\u00e7a com flores da Elsa - Rosa Eterna\" \/>\n<meta property=\"og:description\" content=\"As bandoletes de noiva s\u00e3o tudo num conjunto, se queres que a tua seja feita \u00e0 m\u00e3o e com flores de grande qualidade, compra uma das nossas , agora com envio GR\u00c1TIS!:)\" \/>\n<meta property=\"og:url\" content=\"https:\/\/rosaeterna.online\/pt-pt\/p\/fita-para-a-cabeca-com-flores-da-elsa\/\" \/>\n<meta property=\"og:site_name\" content=\"Rosa Eterna\" \/>\n<meta property=\"article:modified_time\" content=\"2024-10-20T04:09:40+00:00\" \/>\n<meta property=\"og:image\" content=\"https:\/\/rosaeterna.online\/wp-content\/uploads\/2022\/12\/IMG_3488.jpg\" \/>\n\t<meta property=\"og:image:width\" content=\"600\" \/>\n\t<meta property=\"og:image:height\" content=\"690\" \/>\n\t<meta property=\"og:image:type\" content=\"image\/jpeg\" \/>\n<meta name=\"twitter:card\" content=\"summary_large_image\" \/>\n<!-- \/ Yoast SEO plugin. -->","yoast_head_json":{"title":"Fita para a cabe\u00e7a com flores da Elsa - Rosa Eterna","robots":{"index":"index","follow":"follow","max-snippet":"max-snippet:-1","max-image-preview":"max-image-preview:large","max-video-preview":"max-video-preview:-1"},"canonical":"https:\/\/rosaeterna.online\/pt-pt\/p\/fita-para-a-cabeca-com-flores-da-elsa\/","og_locale":"pt_PT","og_type":"article","og_title":"Fita para a cabe\u00e7a com flores da Elsa - Rosa Eterna","og_description":"As bandoletes de noiva s\u00e3o tudo num conjunto, se queres que a tua seja feita \u00e0 m\u00e3o e com flores de grande qualidade, compra uma das nossas , agora com envio GR\u00c1TIS!:)","og_url":"https:\/\/rosaeterna.online\/pt-pt\/p\/fita-para-a-cabeca-com-flores-da-elsa\/","og_site_name":"Rosa Eterna","article_modified_time":"2024-10-20T04:09:40+00:00","og_image":[{"width":600,"height":690,"url":"https:\/\/rosaeterna.online\/wp-content\/uploads\/2022\/12\/IMG_3488.jpg","type":"image\/jpeg"}],"twitter_card":"summary_large_image","schema":{"@context":"https:\/\/schema.org","@graph":[{"@type":"WebPage","@id":"https:\/\/rosaeterna.online\/pt-pt\/p\/fita-para-a-cabeca-com-flores-da-elsa\/","url":"https:\/\/rosaeterna.online\/pt-pt\/p\/fita-para-a-cabeca-com-flores-da-elsa\/","name":"Fita para a cabe\u00e7a com flores da Elsa - Rosa Eterna","isPartOf":{"@id":"https:\/\/rosaeterna.online\/pt-pt\/#website"},"primaryImageOfPage":{"@id":"https:\/\/rosaeterna.online\/pt-pt\/p\/fita-para-a-cabeca-com-flores-da-elsa\/#primaryimage"},"image":{"@id":"https:\/\/rosaeterna.online\/pt-pt\/p\/fita-para-a-cabeca-com-flores-da-elsa\/#primaryimage"},"thumbnailUrl":"https:\/\/rosaeterna.online\/wp-content\/uploads\/2022\/12\/IMG_3488.jpg","datePublished":"2022-12-19T14:27:59+00:00","dateModified":"2024-10-20T04:09:40+00:00","breadcrumb":{"@id":"https:\/\/rosaeterna.online\/pt-pt\/p\/fita-para-a-cabeca-com-flores-da-elsa\/#breadcrumb"},"inLanguage":"pt-PT","potentialAction":[{"@type":"ReadAction","target":["https:\/\/rosaeterna.online\/pt-pt\/p\/fita-para-a-cabeca-com-flores-da-elsa\/"]}]},{"@type":"ImageObject","inLanguage":"pt-PT","@id":"https:\/\/rosaeterna.online\/pt-pt\/p\/fita-para-a-cabeca-com-flores-da-elsa\/#primaryimage","url":"https:\/\/rosaeterna.online\/wp-content\/uploads\/2022\/12\/IMG_3488.jpg","contentUrl":"https:\/\/rosaeterna.online\/wp-content\/uploads\/2022\/12\/IMG_3488.jpg","width":600,"height":690,"caption":"tiara de flores"},{"@type":"BreadcrumbList","@id":"https:\/\/rosaeterna.online\/pt-pt\/p\/fita-para-a-cabeca-com-flores-da-elsa\/#breadcrumb","itemListElement":[{"@type":"ListItem","position":1,"name":"Portada","item":"https:\/\/rosaeterna.online\/pt-pt\/"},{"@type":"ListItem","position":2,"name":"Produtos","item":"https:\/\/rosaeterna.online\/pt-pt\/shop\/"},{"@type":"ListItem","position":3,"name":"Fita para a cabe\u00e7a com flores da Elsa"}]},{"@type":"WebSite","@id":"https:\/\/rosaeterna.online\/pt-pt\/#website","url":"https:\/\/rosaeterna.online\/pt-pt\/","name":"Rosa Eterna","description":"Haz que dure","potentialAction":[{"@type":"SearchAction","target":{"@type":"EntryPoint","urlTemplate":"https:\/\/rosaeterna.online\/pt-pt\/?s={search_term_string}"},"query-input":{"@type":"PropertyValueSpecification","valueRequired":true,"valueName":"search_term_string"}}],"inLanguage":"pt-PT"}]}},"uagb_featured_image_src":{"full":["https:\/\/rosaeterna.online\/wp-content\/uploads\/2022\/12\/IMG_3488.jpg",600,690,false],"thumbnail":["https:\/\/rosaeterna.online\/wp-content\/uploads\/2022\/12\/IMG_3488-150x150.jpg",150,150,true],"medium":["https:\/\/rosaeterna.online\/wp-content\/uploads\/2022\/12\/IMG_3488-261x300.jpg",261,300,true],"medium_large":["https:\/\/rosaeterna.online\/wp-content\/uploads\/2022\/12\/IMG_3488.jpg",600,690,false],"large":["https:\/\/rosaeterna.online\/wp-content\/uploads\/2022\/12\/IMG_3488.jpg",600,690,false],"1536x1536":["https:\/\/rosaeterna.online\/wp-content\/uploads\/2022\/12\/IMG_3488.jpg",600,690,false],"2048x2048":["https:\/\/rosaeterna.online\/wp-content\/uploads\/2022\/12\/IMG_3488.jpg",600,690,false],"blog-isotope":["https:\/\/rosaeterna.online\/wp-content\/uploads\/2022\/12\/IMG_3488.jpg",435,500,false],"woocommerce_thumbnail":["https:\/\/rosaeterna.online\/wp-content\/uploads\/2022\/12\/IMG_3488-350x435.jpg",350,435,true],"woocommerce_single":["https:\/\/rosaeterna.online\/wp-content\/uploads\/2022\/12\/IMG_3488.jpg",600,690,false],"woocommerce_gallery_thumbnail":["https:\/\/rosaeterna.online\/wp-content\/uploads\/2022\/12\/IMG_3488-100x100.jpg",100,100,true],"eh_logo_image_size":["https:\/\/rosaeterna.online\/wp-content\/uploads\/2022\/12\/IMG_3488.jpg",78,90,false],"eh_header_image_size":["https:\/\/rosaeterna.online\/wp-content\/uploads\/2022\/12\/IMG_3488.jpg",78,90,false],"wcpr-photo-reviews":["https:\/\/rosaeterna.online\/wp-content\/uploads\/2022\/12\/IMG_3488.jpg",435,500,false]},"uagb_author_info":{"display_name":"Fran","author_link":"https:\/\/rosaeterna.online\/pt-pt"},"uagb_comment_info":0,"uagb_excerpt":"As bandoletes de noiva s\u00e3o tudo num conjunto, se queres que a tua seja feita \u00e0 m\u00e3o e com flores de grande qualidade, compra uma das nossas , agora com envio GR\u00c1TIS!:)","_links":{"self":[{"href":"https:\/\/rosaeterna.online\/pt-pt\/wp-json\/wp\/v2\/product\/19441","targetHints":{"allow":["GET"]}}],"collection":[{"href":"https:\/\/rosaeterna.online\/pt-pt\/wp-json\/wp\/v2\/product"}],"about":[{"href":"https:\/\/rosaeterna.online\/pt-pt\/wp-json\/wp\/v2\/types\/product"}],"replies":[{"embeddable":true,"href":"https:\/\/rosaeterna.online\/pt-pt\/wp-json\/wp\/v2\/comments?post=19441"}],"wp:featuredmedia":[{"embeddable":true,"href":"https:\/\/rosaeterna.online\/pt-pt\/wp-json\/wp\/v2\/media\/17049"}],"wp:attachment":[{"href":"https:\/\/rosaeterna.online\/pt-pt\/wp-json\/wp\/v2\/media?parent=19441"}],"wp:term":[{"taxonomy":"product_brand","embeddable":true,"href":"https:\/\/rosaeterna.online\/pt-pt\/wp-json\/wp\/v2\/product_brand?post=19441"},{"taxonomy":"product_cat","embeddable":true,"href":"https:\/\/rosaeterna.online\/pt-pt\/wp-json\/wp\/v2\/product_cat?post=19441"},{"taxonomy":"product_tag","embeddable":true,"href":"https:\/\/rosaeterna.online\/pt-pt\/wp-json\/wp\/v2\/product_tag?post=19441"}],"curies":[{"name":"wp","href":"https:\/\/api.w.org\/{rel}","templated":true}]}}