{"id":19292,"date":"2022-12-19T15:08:24","date_gmt":"2022-12-19T15:08:24","guid":{"rendered":"https:\/\/dev.rosaeterna.online\/producto\/bouquet-de-noiva\/"},"modified":"2024-10-21T21:08:45","modified_gmt":"2024-10-21T21:08:45","slug":"bouquet-de-noiva","status":"publish","type":"product","link":"https:\/\/rosaeterna.online\/pt-pt\/p\/bouquet-de-noiva\/","title":{"rendered":"Bouquet de noiva"},"content":{"rendered":"<p>Sim, n\u00f3s sabemos que Wedding n\u00e3o se escreve assim, mas somos muito inovadores, quase t\u00e3o inovadores como quando cri\u00e1mos este <a href=\"https:\/\/rosaeterna.online\/tipo\/bodas\/ramos-novia\/\"><strong>bouquet de noiva<\/strong><\/a> t\u00e3o fixe. Faz a tua encomenda agora e <strong>recebe-a GRATUITAMENTE<\/strong> em 3-4 dias \u00fateis, e se estiveres com pressa, enviamo-la em 24-48 horas por apenas mais 5,45 euros.<br \/>\nTens alguma d\u00favida?<br \/>\nContacta-nos, <strong>entraremos em contacto contigo o mais rapidamente poss\u00edvel<\/strong>.  <\/p>\n","protected":false},"excerpt":{"rendered":"<p>Um bouquet de noiva super cool, \u00e9 um dos meus preferidos e espero que tamb\u00e9m gostes.<br \/>\nAproveita o nosso envio <strong>gratuito<\/strong>\ud83d\ude09 <\/p>\n","protected":false},"featured_media":16849,"comment_status":"closed","ping_status":"closed","template":"","meta":{"_uag_custom_page_level_css":"","_joinchat":[]},"product_brand":[],"product_cat":[232,233,106],"product_tag":[],"class_list":{"0":"post-19292","1":"product","2":"type-product","3":"status-publish","4":"has-post-thumbnail","6":"product_cat-casamentos","7":"product_cat-ramo-de-noiva-preservados","8":"product_cat-ramos-de-flores-preservadas","10":"first","11":"instock","12":"taxable","13":"shipping-taxable","14":"purchasable","15":"product-type-simple","16":"add-to-wishlist-after_add_to_cart"},"yoast_head":"<!-- This site is optimized with the Yoast SEO plugin v25.0 - https:\/\/yoast.com\/wordpress\/plugins\/seo\/ -->\n<title>Bouquet de noiva - Rosa Eterna<\/title>\n<meta name=\"robots\" content=\"index, follow, max-snippet:-1, max-image-preview:large, max-video-preview:-1\" \/>\n<link rel=\"canonical\" href=\"https:\/\/rosaeterna.online\/pt-pt\/p\/bouquet-de-noiva\/\" \/>\n<meta property=\"og:locale\" content=\"pt_PT\" \/>\n<meta property=\"og:type\" content=\"article\" \/>\n<meta property=\"og:title\" content=\"Bouquet de noiva - Rosa Eterna\" \/>\n<meta property=\"og:description\" content=\"Um bouquet de noiva super cool, \u00e9 um dos meus preferidos e espero que tamb\u00e9m gostes. Aproveita o nosso envio gratuito;)\" \/>\n<meta property=\"og:url\" content=\"https:\/\/rosaeterna.online\/pt-pt\/p\/bouquet-de-noiva\/\" \/>\n<meta property=\"og:site_name\" content=\"Rosa Eterna\" \/>\n<meta property=\"article:modified_time\" content=\"2024-10-21T21:08:45+00:00\" \/>\n<meta property=\"og:image\" content=\"https:\/\/rosaeterna.online\/wp-content\/uploads\/2022\/12\/IMG_3378.jpg\" \/>\n\t<meta property=\"og:image:width\" content=\"800\" \/>\n\t<meta property=\"og:image:height\" content=\"1092\" \/>\n\t<meta property=\"og:image:type\" content=\"image\/jpeg\" \/>\n<meta name=\"twitter:card\" content=\"summary_large_image\" \/>\n<!-- \/ Yoast SEO plugin. -->","yoast_head_json":{"title":"Bouquet de noiva - Rosa Eterna","robots":{"index":"index","follow":"follow","max-snippet":"max-snippet:-1","max-image-preview":"max-image-preview:large","max-video-preview":"max-video-preview:-1"},"canonical":"https:\/\/rosaeterna.online\/pt-pt\/p\/bouquet-de-noiva\/","og_locale":"pt_PT","og_type":"article","og_title":"Bouquet de noiva - Rosa Eterna","og_description":"Um bouquet de noiva super cool, \u00e9 um dos meus preferidos e espero que tamb\u00e9m gostes. Aproveita o nosso envio gratuito;)","og_url":"https:\/\/rosaeterna.online\/pt-pt\/p\/bouquet-de-noiva\/","og_site_name":"Rosa Eterna","article_modified_time":"2024-10-21T21:08:45+00:00","og_image":[{"width":800,"height":1092,"url":"https:\/\/rosaeterna.online\/wp-content\/uploads\/2022\/12\/IMG_3378.jpg","type":"image\/jpeg"}],"twitter_card":"summary_large_image","schema":{"@context":"https:\/\/schema.org","@graph":[{"@type":"WebPage","@id":"https:\/\/rosaeterna.online\/pt-pt\/p\/bouquet-de-noiva\/","url":"https:\/\/rosaeterna.online\/pt-pt\/p\/bouquet-de-noiva\/","name":"Bouquet de noiva - Rosa Eterna","isPartOf":{"@id":"https:\/\/rosaeterna.online\/pt-pt\/#website"},"primaryImageOfPage":{"@id":"https:\/\/rosaeterna.online\/pt-pt\/p\/bouquet-de-noiva\/#primaryimage"},"image":{"@id":"https:\/\/rosaeterna.online\/pt-pt\/p\/bouquet-de-noiva\/#primaryimage"},"thumbnailUrl":"https:\/\/rosaeterna.online\/wp-content\/uploads\/2022\/12\/IMG_3378.jpg","datePublished":"2022-12-19T15:08:24+00:00","dateModified":"2024-10-21T21:08:45+00:00","breadcrumb":{"@id":"https:\/\/rosaeterna.online\/pt-pt\/p\/bouquet-de-noiva\/#breadcrumb"},"inLanguage":"pt-PT","potentialAction":[{"@type":"ReadAction","target":["https:\/\/rosaeterna.online\/pt-pt\/p\/bouquet-de-noiva\/"]}]},{"@type":"ImageObject","inLanguage":"pt-PT","@id":"https:\/\/rosaeterna.online\/pt-pt\/p\/bouquet-de-noiva\/#primaryimage","url":"https:\/\/rosaeterna.online\/wp-content\/uploads\/2022\/12\/IMG_3378.jpg","contentUrl":"https:\/\/rosaeterna.online\/wp-content\/uploads\/2022\/12\/IMG_3378.jpg","width":800,"height":1092,"caption":"ramo de noiva"},{"@type":"BreadcrumbList","@id":"https:\/\/rosaeterna.online\/pt-pt\/p\/bouquet-de-noiva\/#breadcrumb","itemListElement":[{"@type":"ListItem","position":1,"name":"Portada","item":"https:\/\/rosaeterna.online\/pt-pt\/"},{"@type":"ListItem","position":2,"name":"Produtos","item":"https:\/\/rosaeterna.online\/pt-pt\/shop\/"},{"@type":"ListItem","position":3,"name":"Bouquet de noiva"}]},{"@type":"WebSite","@id":"https:\/\/rosaeterna.online\/pt-pt\/#website","url":"https:\/\/rosaeterna.online\/pt-pt\/","name":"Rosa Eterna","description":"Haz que dure","potentialAction":[{"@type":"SearchAction","target":{"@type":"EntryPoint","urlTemplate":"https:\/\/rosaeterna.online\/pt-pt\/?s={search_term_string}"},"query-input":{"@type":"PropertyValueSpecification","valueRequired":true,"valueName":"search_term_string"}}],"inLanguage":"pt-PT"}]}},"uagb_featured_image_src":{"full":["https:\/\/rosaeterna.online\/wp-content\/uploads\/2022\/12\/IMG_3378.jpg",800,1092,false],"thumbnail":["https:\/\/rosaeterna.online\/wp-content\/uploads\/2022\/12\/IMG_3378-150x150.jpg",150,150,true],"medium":["https:\/\/rosaeterna.online\/wp-content\/uploads\/2022\/12\/IMG_3378-220x300.jpg",220,300,true],"medium_large":["https:\/\/rosaeterna.online\/wp-content\/uploads\/2022\/12\/IMG_3378-768x1048.jpg",768,1048,true],"large":["https:\/\/rosaeterna.online\/wp-content\/uploads\/2022\/12\/IMG_3378-750x1024.jpg",750,1024,true],"1536x1536":["https:\/\/rosaeterna.online\/wp-content\/uploads\/2022\/12\/IMG_3378.jpg",800,1092,false],"2048x2048":["https:\/\/rosaeterna.online\/wp-content\/uploads\/2022\/12\/IMG_3378.jpg",800,1092,false],"blog-isotope":["https:\/\/rosaeterna.online\/wp-content\/uploads\/2022\/12\/IMG_3378.jpg",366,500,false],"woocommerce_thumbnail":["https:\/\/rosaeterna.online\/wp-content\/uploads\/2022\/12\/IMG_3378-350x435.jpg",350,435,true],"woocommerce_single":["https:\/\/rosaeterna.online\/wp-content\/uploads\/2022\/12\/IMG_3378.jpg",800,1092,false],"woocommerce_gallery_thumbnail":["https:\/\/rosaeterna.online\/wp-content\/uploads\/2022\/12\/IMG_3378-100x100.jpg",100,100,true],"eh_logo_image_size":["https:\/\/rosaeterna.online\/wp-content\/uploads\/2022\/12\/IMG_3378.jpg",66,90,false],"eh_header_image_size":["https:\/\/rosaeterna.online\/wp-content\/uploads\/2022\/12\/IMG_3378.jpg",66,90,false],"wcpr-photo-reviews":["https:\/\/rosaeterna.online\/wp-content\/uploads\/2022\/12\/IMG_3378.jpg",366,500,false]},"uagb_author_info":{"display_name":"Fran","author_link":"https:\/\/rosaeterna.online\/pt-pt"},"uagb_comment_info":0,"uagb_excerpt":"Um bouquet de noiva super cool, \u00e9 um dos meus preferidos e espero que tamb\u00e9m gostes. Aproveita o nosso envio gratuito;)","_links":{"self":[{"href":"https:\/\/rosaeterna.online\/pt-pt\/wp-json\/wp\/v2\/product\/19292","targetHints":{"allow":["GET"]}}],"collection":[{"href":"https:\/\/rosaeterna.online\/pt-pt\/wp-json\/wp\/v2\/product"}],"about":[{"href":"https:\/\/rosaeterna.online\/pt-pt\/wp-json\/wp\/v2\/types\/product"}],"replies":[{"embeddable":true,"href":"https:\/\/rosaeterna.online\/pt-pt\/wp-json\/wp\/v2\/comments?post=19292"}],"wp:featuredmedia":[{"embeddable":true,"href":"https:\/\/rosaeterna.online\/pt-pt\/wp-json\/wp\/v2\/media\/16849"}],"wp:attachment":[{"href":"https:\/\/rosaeterna.online\/pt-pt\/wp-json\/wp\/v2\/media?parent=19292"}],"wp:term":[{"taxonomy":"product_brand","embeddable":true,"href":"https:\/\/rosaeterna.online\/pt-pt\/wp-json\/wp\/v2\/product_brand?post=19292"},{"taxonomy":"product_cat","embeddable":true,"href":"https:\/\/rosaeterna.online\/pt-pt\/wp-json\/wp\/v2\/product_cat?post=19292"},{"taxonomy":"product_tag","embeddable":true,"href":"https:\/\/rosaeterna.online\/pt-pt\/wp-json\/wp\/v2\/product_tag?post=19292"}],"curies":[{"name":"wp","href":"https:\/\/api.w.org\/{rel}","templated":true}]}}