{"id":15707,"date":"2021-01-24T15:14:53","date_gmt":"2021-01-24T15:14:53","guid":{"rendered":"https:\/\/rosaeterna.online\/producto\/caixa-rose-rosas-preservadas\/"},"modified":"2024-10-21T22:23:42","modified_gmt":"2024-10-21T22:23:42","slug":"caixa-rose-rosas-preservadas","status":"publish","type":"product","link":"https:\/\/rosaeterna.online\/pt-pt\/p\/caixa-rose-rosas-preservadas\/","title":{"rendered":"Caixa Ros\u00e9 Rosas em conserva"},"content":{"rendered":"<p>As nossas<strong> caixas de rosas em conserva<\/strong> s\u00e3o sempre uma boa op\u00e7\u00e3o para surpreender qualquer pessoa.<br \/>\nEsta caixa em particular \u00e9 composta por 9 rosas em conserva que podes combinar como quiseres.   &nbsp;<\/p>\n","protected":false},"excerpt":{"rendered":"<p>Surpreende os teus entes queridos com esta bela <strong>caixa de 9 rosas em conserva<\/strong>.<br \/>\nEscolhe a mesma<span style=\"color: #0000ff;\">cor<\/span> ou combina v\u00e1rias cores, n\u00f3s enviamos-te <strong>GRATUITAMENTE<\/strong>. <\/p>\n","protected":false},"featured_media":9745,"comment_status":"closed","ping_status":"closed","template":"","meta":{"_uag_custom_page_level_css":"","_joinchat":[]},"product_brand":[],"product_cat":[120],"product_tag":[],"class_list":{"0":"post-15707","1":"product","2":"type-product","3":"status-publish","4":"has-post-thumbnail","6":"product_cat-rosas-em-caixa","8":"first","9":"instock","10":"taxable","11":"shipping-taxable","12":"purchasable","13":"product-type-variable","14":"add-to-wishlist-after_add_to_cart"},"yoast_head":"<!-- This site is optimized with the Yoast SEO plugin v25.0 - https:\/\/yoast.com\/wordpress\/plugins\/seo\/ -->\n<title>Rosas em conserva em caixa - Everlasting rose<\/title>\n<meta name=\"description\" content=\"Compra uma Caixa de Rosas em Conserva ao melhor pre\u00e7o. Escolhe entre as cores que oferecemos e recebe-a onde quiseres com portes gr\u00e1tis!\" \/>\n<meta name=\"robots\" content=\"index, follow, max-snippet:-1, max-image-preview:large, max-video-preview:-1\" \/>\n<link rel=\"canonical\" href=\"https:\/\/rosaeterna.online\/pt-pt\/p\/caixa-rose-rosas-preservadas\/\" \/>\n<meta property=\"og:locale\" content=\"pt_PT\" \/>\n<meta property=\"og:type\" content=\"article\" \/>\n<meta property=\"og:title\" content=\"Rosas em conserva em caixa - Everlasting rose\" \/>\n<meta property=\"og:description\" content=\"Compra uma Caixa de Rosas em Conserva ao melhor pre\u00e7o. Escolhe entre as cores que oferecemos e recebe-a onde quiseres com portes gr\u00e1tis!\" \/>\n<meta property=\"og:url\" content=\"https:\/\/rosaeterna.online\/pt-pt\/p\/caixa-rose-rosas-preservadas\/\" \/>\n<meta property=\"og:site_name\" content=\"Rosa Eterna\" \/>\n<meta property=\"article:modified_time\" content=\"2024-10-21T22:23:42+00:00\" \/>\n<meta property=\"og:image\" content=\"https:\/\/rosaeterna.online\/wp-content\/uploads\/2021\/01\/caja-rosas-preservadas.jpg\" \/>\n\t<meta property=\"og:image:width\" content=\"600\" \/>\n\t<meta property=\"og:image:height\" content=\"800\" \/>\n\t<meta property=\"og:image:type\" content=\"image\/jpeg\" \/>\n<meta name=\"twitter:card\" content=\"summary_large_image\" \/>\n<!-- \/ Yoast SEO plugin. -->","yoast_head_json":{"title":"Rosas em conserva em caixa - Everlasting rose","description":"Compra uma Caixa de Rosas em Conserva ao melhor pre\u00e7o. Escolhe entre as cores que oferecemos e recebe-a onde quiseres com portes gr\u00e1tis!","robots":{"index":"index","follow":"follow","max-snippet":"max-snippet:-1","max-image-preview":"max-image-preview:large","max-video-preview":"max-video-preview:-1"},"canonical":"https:\/\/rosaeterna.online\/pt-pt\/p\/caixa-rose-rosas-preservadas\/","og_locale":"pt_PT","og_type":"article","og_title":"Rosas em conserva em caixa - Everlasting rose","og_description":"Compra uma Caixa de Rosas em Conserva ao melhor pre\u00e7o. Escolhe entre as cores que oferecemos e recebe-a onde quiseres com portes gr\u00e1tis!","og_url":"https:\/\/rosaeterna.online\/pt-pt\/p\/caixa-rose-rosas-preservadas\/","og_site_name":"Rosa Eterna","article_modified_time":"2024-10-21T22:23:42+00:00","og_image":[{"width":600,"height":800,"url":"https:\/\/rosaeterna.online\/wp-content\/uploads\/2021\/01\/caja-rosas-preservadas.jpg","type":"image\/jpeg"}],"twitter_card":"summary_large_image","schema":{"@context":"https:\/\/schema.org","@graph":[{"@type":"WebPage","@id":"https:\/\/rosaeterna.online\/pt-pt\/p\/caixa-rose-rosas-preservadas\/","url":"https:\/\/rosaeterna.online\/pt-pt\/p\/caixa-rose-rosas-preservadas\/","name":"Rosas em conserva em caixa - Everlasting rose","isPartOf":{"@id":"https:\/\/rosaeterna.online\/pt-pt\/#website"},"primaryImageOfPage":{"@id":"https:\/\/rosaeterna.online\/pt-pt\/p\/caixa-rose-rosas-preservadas\/#primaryimage"},"image":{"@id":"https:\/\/rosaeterna.online\/pt-pt\/p\/caixa-rose-rosas-preservadas\/#primaryimage"},"thumbnailUrl":"https:\/\/rosaeterna.online\/wp-content\/uploads\/2021\/01\/caja-rosas-preservadas.jpg","datePublished":"2021-01-24T15:14:53+00:00","dateModified":"2024-10-21T22:23:42+00:00","description":"Compra uma Caixa de Rosas em Conserva ao melhor pre\u00e7o. Escolhe entre as cores que oferecemos e recebe-a onde quiseres com portes gr\u00e1tis!","breadcrumb":{"@id":"https:\/\/rosaeterna.online\/pt-pt\/p\/caixa-rose-rosas-preservadas\/#breadcrumb"},"inLanguage":"pt-PT","potentialAction":[{"@type":"ReadAction","target":["https:\/\/rosaeterna.online\/pt-pt\/p\/caixa-rose-rosas-preservadas\/"]}]},{"@type":"ImageObject","inLanguage":"pt-PT","@id":"https:\/\/rosaeterna.online\/pt-pt\/p\/caixa-rose-rosas-preservadas\/#primaryimage","url":"https:\/\/rosaeterna.online\/wp-content\/uploads\/2021\/01\/caja-rosas-preservadas.jpg","contentUrl":"https:\/\/rosaeterna.online\/wp-content\/uploads\/2021\/01\/caja-rosas-preservadas.jpg","width":600,"height":800,"caption":"caixa de rosas em conserva"},{"@type":"BreadcrumbList","@id":"https:\/\/rosaeterna.online\/pt-pt\/p\/caixa-rose-rosas-preservadas\/#breadcrumb","itemListElement":[{"@type":"ListItem","position":1,"name":"Portada","item":"https:\/\/rosaeterna.online\/pt-pt\/"},{"@type":"ListItem","position":2,"name":"Produtos","item":"https:\/\/rosaeterna.online\/pt-pt\/shop\/"},{"@type":"ListItem","position":3,"name":"Caixa Ros\u00e9 Rosas em conserva"}]},{"@type":"WebSite","@id":"https:\/\/rosaeterna.online\/pt-pt\/#website","url":"https:\/\/rosaeterna.online\/pt-pt\/","name":"Rosa Eterna","description":"Haz que dure","potentialAction":[{"@type":"SearchAction","target":{"@type":"EntryPoint","urlTemplate":"https:\/\/rosaeterna.online\/pt-pt\/?s={search_term_string}"},"query-input":{"@type":"PropertyValueSpecification","valueRequired":true,"valueName":"search_term_string"}}],"inLanguage":"pt-PT"}]}},"uagb_featured_image_src":{"full":["https:\/\/rosaeterna.online\/wp-content\/uploads\/2021\/01\/caja-rosas-preservadas.jpg",600,800,false],"thumbnail":["https:\/\/rosaeterna.online\/wp-content\/uploads\/2021\/01\/caja-rosas-preservadas-150x150.jpg",150,150,true],"medium":["https:\/\/rosaeterna.online\/wp-content\/uploads\/2021\/01\/caja-rosas-preservadas-225x300.jpg",225,300,true],"medium_large":["https:\/\/rosaeterna.online\/wp-content\/uploads\/2021\/01\/caja-rosas-preservadas.jpg",600,800,false],"large":["https:\/\/rosaeterna.online\/wp-content\/uploads\/2021\/01\/caja-rosas-preservadas.jpg",600,800,false],"1536x1536":["https:\/\/rosaeterna.online\/wp-content\/uploads\/2021\/01\/caja-rosas-preservadas.jpg",600,800,false],"2048x2048":["https:\/\/rosaeterna.online\/wp-content\/uploads\/2021\/01\/caja-rosas-preservadas.jpg",600,800,false],"blog-isotope":["https:\/\/rosaeterna.online\/wp-content\/uploads\/2021\/01\/caja-rosas-preservadas.jpg",375,500,false],"woocommerce_thumbnail":["https:\/\/rosaeterna.online\/wp-content\/uploads\/2021\/01\/caja-rosas-preservadas-350x435.jpg",350,435,true],"woocommerce_single":["https:\/\/rosaeterna.online\/wp-content\/uploads\/2021\/01\/caja-rosas-preservadas.jpg",600,800,false],"woocommerce_gallery_thumbnail":["https:\/\/rosaeterna.online\/wp-content\/uploads\/2021\/01\/caja-rosas-preservadas-100x100.jpg",100,100,true],"eh_logo_image_size":["https:\/\/rosaeterna.online\/wp-content\/uploads\/2021\/01\/caja-rosas-preservadas.jpg",68,90,false],"eh_header_image_size":["https:\/\/rosaeterna.online\/wp-content\/uploads\/2021\/01\/caja-rosas-preservadas.jpg",68,90,false],"wcpr-photo-reviews":["https:\/\/rosaeterna.online\/wp-content\/uploads\/2021\/01\/caja-rosas-preservadas.jpg",375,500,false]},"uagb_author_info":{"display_name":"Patricia Mart\u00edn","author_link":"https:\/\/rosaeterna.online\/pt-pt"},"uagb_comment_info":0,"uagb_excerpt":"Surpreende os teus entes queridos com esta bela caixa de 9 rosas em conserva. Escolhe a mesmacor ou combina v\u00e1rias cores, n\u00f3s enviamos-te GRATUITAMENTE.","_links":{"self":[{"href":"https:\/\/rosaeterna.online\/pt-pt\/wp-json\/wp\/v2\/product\/15707","targetHints":{"allow":["GET"]}}],"collection":[{"href":"https:\/\/rosaeterna.online\/pt-pt\/wp-json\/wp\/v2\/product"}],"about":[{"href":"https:\/\/rosaeterna.online\/pt-pt\/wp-json\/wp\/v2\/types\/product"}],"replies":[{"embeddable":true,"href":"https:\/\/rosaeterna.online\/pt-pt\/wp-json\/wp\/v2\/comments?post=15707"}],"wp:featuredmedia":[{"embeddable":true,"href":"https:\/\/rosaeterna.online\/pt-pt\/wp-json\/wp\/v2\/media\/9745"}],"wp:attachment":[{"href":"https:\/\/rosaeterna.online\/pt-pt\/wp-json\/wp\/v2\/media?parent=15707"}],"wp:term":[{"taxonomy":"product_brand","embeddable":true,"href":"https:\/\/rosaeterna.online\/pt-pt\/wp-json\/wp\/v2\/product_brand?post=15707"},{"taxonomy":"product_cat","embeddable":true,"href":"https:\/\/rosaeterna.online\/pt-pt\/wp-json\/wp\/v2\/product_cat?post=15707"},{"taxonomy":"product_tag","embeddable":true,"href":"https:\/\/rosaeterna.online\/pt-pt\/wp-json\/wp\/v2\/product_tag?post=15707"}],"curies":[{"name":"wp","href":"https:\/\/api.w.org\/{rel}","templated":true}]}}