{"id":15621,"date":"2019-03-08T23:52:17","date_gmt":"2019-03-08T23:52:17","guid":{"rendered":"https:\/\/rosaeterna.online\/producto\/ramo-de-rosas-fucsia-preservadas\/"},"modified":"2024-10-17T22:31:58","modified_gmt":"2024-10-17T22:31:58","slug":"ramo-de-rosas-fucsia-preservadas","status":"publish","type":"product","link":"https:\/\/rosaeterna.online\/pt-pt\/p\/ramo-de-rosas-fucsia-preservadas\/","title":{"rendered":"Bouquet de rosas f\u00facsia preservadas"},"content":{"rendered":"<p>Se o que precisas \u00e9 de um <strong><a href=\"https:\/\/rosaeterna.online\/tipo\/ramo-flores-preservadas\/rosas-ramo\/\">bouquet de rosas em conserva<\/a><\/strong> e est\u00e1s \u00e0 procura de uma cor para acertar, os nossos ramos de rosas f\u00facsia s\u00e3o ideais porque chamam muito a aten\u00e7\u00e3o e porque toda a gente gosta delas. S\u00e3o \u00f3ptimos para surpreender amigos e familiares!<br \/>\nFaz j\u00e1 a tua encomenda e n\u00f3s enviamos-te o teu bouquet gratuitamente, leste bem, os nossos pre\u00e7os incluem os portes de envio.<br \/>\nClaro que, se tiveres alguma d\u00favida antes de fazeres a tua compra, contacta-nos e responderemos a todas as tuas perguntas.  <\/p>\n","protected":false},"excerpt":{"rendered":"<p>P\u00e1ra de olhar para as cores e compra o nosso bouquet de rosas f\u00facsia preservadas, s\u00e3o \u00f3ptimas Agora com <strong><span style=\"color: #ff0000;\">Envio<\/span> <span style=\"color: #ff0000;\">ENVIO GRATUITO<\/span><\/strong>!<\/p>\n","protected":false},"featured_media":9108,"comment_status":"closed","ping_status":"closed","template":"","meta":{"_uag_custom_page_level_css":"","_joinchat":[]},"product_brand":[],"product_cat":[106,113],"product_tag":[],"class_list":{"0":"post-15621","1":"product","2":"type-product","3":"status-publish","4":"has-post-thumbnail","6":"product_cat-ramos-de-flores-preservadas","7":"product_cat-ramos-de-rosas-preservadas","9":"first","10":"instock","11":"taxable","12":"shipping-taxable","13":"purchasable","14":"product-type-variable","15":"add-to-wishlist-after_add_to_cart"},"yoast_head":"<!-- This site is optimized with the Yoast SEO plugin v25.0 - https:\/\/yoast.com\/wordpress\/plugins\/seo\/ -->\n<title>Compra um ramo de rosas f\u00facsia em conserva | Rosaeterna.online<\/title>\n<meta name=\"description\" content=\"Compra o teu Bouquet de Rosas F\u00facsia em conserva ao melhor pre\u00e7o. Faz com que o teu presente dure muitos anos em perfeitas condi\u00e7\u00f5es. Damos-te portes gr\u00e1tis!\" \/>\n<meta name=\"robots\" content=\"index, follow, max-snippet:-1, max-image-preview:large, max-video-preview:-1\" \/>\n<link rel=\"canonical\" href=\"https:\/\/rosaeterna.online\/pt-pt\/p\/ramo-de-rosas-fucsia-preservadas\/\" \/>\n<meta property=\"og:locale\" content=\"pt_PT\" \/>\n<meta property=\"og:type\" content=\"article\" \/>\n<meta property=\"og:title\" content=\"Compra um ramo de rosas f\u00facsia em conserva | Rosaeterna.online\" \/>\n<meta property=\"og:description\" content=\"Compra o teu Bouquet de Rosas F\u00facsia em conserva ao melhor pre\u00e7o. Faz com que o teu presente dure muitos anos em perfeitas condi\u00e7\u00f5es. Damos-te portes gr\u00e1tis!\" \/>\n<meta property=\"og:url\" content=\"https:\/\/rosaeterna.online\/pt-pt\/p\/ramo-de-rosas-fucsia-preservadas\/\" \/>\n<meta property=\"og:site_name\" content=\"Rosa Eterna\" \/>\n<meta property=\"article:modified_time\" content=\"2024-10-17T22:31:58+00:00\" \/>\n<meta property=\"og:image\" content=\"https:\/\/rosaeterna.online\/wp-content\/uploads\/2019\/03\/ramo-rosas-fucsia-preservadas.jpeg\" \/>\n\t<meta property=\"og:image:width\" content=\"500\" \/>\n\t<meta property=\"og:image:height\" content=\"670\" \/>\n\t<meta property=\"og:image:type\" content=\"image\/jpeg\" \/>\n<meta name=\"twitter:card\" content=\"summary_large_image\" \/>\n<!-- \/ Yoast SEO plugin. -->","yoast_head_json":{"title":"Compra um ramo de rosas f\u00facsia em conserva | Rosaeterna.online","description":"Compra o teu Bouquet de Rosas F\u00facsia em conserva ao melhor pre\u00e7o. Faz com que o teu presente dure muitos anos em perfeitas condi\u00e7\u00f5es. Damos-te portes gr\u00e1tis!","robots":{"index":"index","follow":"follow","max-snippet":"max-snippet:-1","max-image-preview":"max-image-preview:large","max-video-preview":"max-video-preview:-1"},"canonical":"https:\/\/rosaeterna.online\/pt-pt\/p\/ramo-de-rosas-fucsia-preservadas\/","og_locale":"pt_PT","og_type":"article","og_title":"Compra um ramo de rosas f\u00facsia em conserva | Rosaeterna.online","og_description":"Compra o teu Bouquet de Rosas F\u00facsia em conserva ao melhor pre\u00e7o. Faz com que o teu presente dure muitos anos em perfeitas condi\u00e7\u00f5es. Damos-te portes gr\u00e1tis!","og_url":"https:\/\/rosaeterna.online\/pt-pt\/p\/ramo-de-rosas-fucsia-preservadas\/","og_site_name":"Rosa Eterna","article_modified_time":"2024-10-17T22:31:58+00:00","og_image":[{"width":500,"height":670,"url":"https:\/\/rosaeterna.online\/wp-content\/uploads\/2019\/03\/ramo-rosas-fucsia-preservadas.jpeg","type":"image\/jpeg"}],"twitter_card":"summary_large_image","schema":{"@context":"https:\/\/schema.org","@graph":[{"@type":"WebPage","@id":"https:\/\/rosaeterna.online\/pt-pt\/p\/ramo-de-rosas-fucsia-preservadas\/","url":"https:\/\/rosaeterna.online\/pt-pt\/p\/ramo-de-rosas-fucsia-preservadas\/","name":"Compra um ramo de rosas f\u00facsia em conserva | Rosaeterna.online","isPartOf":{"@id":"https:\/\/rosaeterna.online\/pt-pt\/#website"},"primaryImageOfPage":{"@id":"https:\/\/rosaeterna.online\/pt-pt\/p\/ramo-de-rosas-fucsia-preservadas\/#primaryimage"},"image":{"@id":"https:\/\/rosaeterna.online\/pt-pt\/p\/ramo-de-rosas-fucsia-preservadas\/#primaryimage"},"thumbnailUrl":"https:\/\/rosaeterna.online\/wp-content\/uploads\/2019\/03\/ramo-rosas-fucsia-preservadas.jpeg","datePublished":"2019-03-08T23:52:17+00:00","dateModified":"2024-10-17T22:31:58+00:00","description":"Compra o teu Bouquet de Rosas F\u00facsia em conserva ao melhor pre\u00e7o. Faz com que o teu presente dure muitos anos em perfeitas condi\u00e7\u00f5es. Damos-te portes gr\u00e1tis!","breadcrumb":{"@id":"https:\/\/rosaeterna.online\/pt-pt\/p\/ramo-de-rosas-fucsia-preservadas\/#breadcrumb"},"inLanguage":"pt-PT","potentialAction":[{"@type":"ReadAction","target":["https:\/\/rosaeterna.online\/pt-pt\/p\/ramo-de-rosas-fucsia-preservadas\/"]}]},{"@type":"ImageObject","inLanguage":"pt-PT","@id":"https:\/\/rosaeterna.online\/pt-pt\/p\/ramo-de-rosas-fucsia-preservadas\/#primaryimage","url":"https:\/\/rosaeterna.online\/wp-content\/uploads\/2019\/03\/ramo-rosas-fucsia-preservadas.jpeg","contentUrl":"https:\/\/rosaeterna.online\/wp-content\/uploads\/2019\/03\/ramo-rosas-fucsia-preservadas.jpeg","width":500,"height":670,"caption":"ramo de rosas f\u00facsia preservadas"},{"@type":"BreadcrumbList","@id":"https:\/\/rosaeterna.online\/pt-pt\/p\/ramo-de-rosas-fucsia-preservadas\/#breadcrumb","itemListElement":[{"@type":"ListItem","position":1,"name":"Portada","item":"https:\/\/rosaeterna.online\/pt-pt\/"},{"@type":"ListItem","position":2,"name":"Produtos","item":"https:\/\/rosaeterna.online\/pt-pt\/shop\/"},{"@type":"ListItem","position":3,"name":"Bouquet de rosas f\u00facsia preservadas"}]},{"@type":"WebSite","@id":"https:\/\/rosaeterna.online\/pt-pt\/#website","url":"https:\/\/rosaeterna.online\/pt-pt\/","name":"Rosa Eterna","description":"Haz que dure","potentialAction":[{"@type":"SearchAction","target":{"@type":"EntryPoint","urlTemplate":"https:\/\/rosaeterna.online\/pt-pt\/?s={search_term_string}"},"query-input":{"@type":"PropertyValueSpecification","valueRequired":true,"valueName":"search_term_string"}}],"inLanguage":"pt-PT"}]}},"uagb_featured_image_src":{"full":["https:\/\/rosaeterna.online\/wp-content\/uploads\/2019\/03\/ramo-rosas-fucsia-preservadas.jpeg",500,670,false],"thumbnail":["https:\/\/rosaeterna.online\/wp-content\/uploads\/2019\/03\/ramo-rosas-fucsia-preservadas-150x150.jpeg",150,150,true],"medium":["https:\/\/rosaeterna.online\/wp-content\/uploads\/2019\/03\/ramo-rosas-fucsia-preservadas-224x300.jpeg",224,300,true],"medium_large":["https:\/\/rosaeterna.online\/wp-content\/uploads\/2019\/03\/ramo-rosas-fucsia-preservadas.jpeg",500,670,false],"large":["https:\/\/rosaeterna.online\/wp-content\/uploads\/2019\/03\/ramo-rosas-fucsia-preservadas.jpeg",500,670,false],"1536x1536":["https:\/\/rosaeterna.online\/wp-content\/uploads\/2019\/03\/ramo-rosas-fucsia-preservadas.jpeg",500,670,false],"2048x2048":["https:\/\/rosaeterna.online\/wp-content\/uploads\/2019\/03\/ramo-rosas-fucsia-preservadas.jpeg",500,670,false],"blog-isotope":["https:\/\/rosaeterna.online\/wp-content\/uploads\/2019\/03\/ramo-rosas-fucsia-preservadas.jpeg",373,500,false],"woocommerce_thumbnail":["https:\/\/rosaeterna.online\/wp-content\/uploads\/2019\/03\/ramo-rosas-fucsia-preservadas-350x435.jpeg",350,435,true],"woocommerce_single":["https:\/\/rosaeterna.online\/wp-content\/uploads\/2019\/03\/ramo-rosas-fucsia-preservadas.jpeg",500,670,false],"woocommerce_gallery_thumbnail":["https:\/\/rosaeterna.online\/wp-content\/uploads\/2019\/03\/ramo-rosas-fucsia-preservadas-100x100.jpeg",100,100,true],"eh_logo_image_size":["https:\/\/rosaeterna.online\/wp-content\/uploads\/2019\/03\/ramo-rosas-fucsia-preservadas.jpeg",67,90,false],"eh_header_image_size":["https:\/\/rosaeterna.online\/wp-content\/uploads\/2019\/03\/ramo-rosas-fucsia-preservadas.jpeg",67,90,false],"wcpr-photo-reviews":["https:\/\/rosaeterna.online\/wp-content\/uploads\/2019\/03\/ramo-rosas-fucsia-preservadas.jpeg",373,500,false]},"uagb_author_info":{"display_name":"Fran","author_link":"https:\/\/rosaeterna.online\/pt-pt"},"uagb_comment_info":0,"uagb_excerpt":"P\u00e1ra de olhar para as cores e compra o nosso bouquet de rosas f\u00facsia preservadas, s\u00e3o \u00f3ptimas Agora com Envio ENVIO GRATUITO!","_links":{"self":[{"href":"https:\/\/rosaeterna.online\/pt-pt\/wp-json\/wp\/v2\/product\/15621","targetHints":{"allow":["GET"]}}],"collection":[{"href":"https:\/\/rosaeterna.online\/pt-pt\/wp-json\/wp\/v2\/product"}],"about":[{"href":"https:\/\/rosaeterna.online\/pt-pt\/wp-json\/wp\/v2\/types\/product"}],"replies":[{"embeddable":true,"href":"https:\/\/rosaeterna.online\/pt-pt\/wp-json\/wp\/v2\/comments?post=15621"}],"wp:featuredmedia":[{"embeddable":true,"href":"https:\/\/rosaeterna.online\/pt-pt\/wp-json\/wp\/v2\/media\/9108"}],"wp:attachment":[{"href":"https:\/\/rosaeterna.online\/pt-pt\/wp-json\/wp\/v2\/media?parent=15621"}],"wp:term":[{"taxonomy":"product_brand","embeddable":true,"href":"https:\/\/rosaeterna.online\/pt-pt\/wp-json\/wp\/v2\/product_brand?post=15621"},{"taxonomy":"product_cat","embeddable":true,"href":"https:\/\/rosaeterna.online\/pt-pt\/wp-json\/wp\/v2\/product_cat?post=15621"},{"taxonomy":"product_tag","embeddable":true,"href":"https:\/\/rosaeterna.online\/pt-pt\/wp-json\/wp\/v2\/product_tag?post=15621"}],"curies":[{"name":"wp","href":"https:\/\/api.w.org\/{rel}","templated":true}]}}