{"id":15596,"date":"2019-03-07T11:28:49","date_gmt":"2019-03-07T11:28:49","guid":{"rendered":"https:\/\/rosaeterna.online\/producto\/ramo-de-rosas-brancas-preservadas\/"},"modified":"2024-10-17T22:27:25","modified_gmt":"2024-10-17T22:27:25","slug":"ramo-de-rosas-brancas-preservadas","status":"publish","type":"product","link":"https:\/\/rosaeterna.online\/pt-pt\/p\/ramo-de-rosas-brancas-preservadas\/","title":{"rendered":"Bouquet de rosas brancas conservadas"},"content":{"rendered":"<p>Sem d\u00favida, <a href=\"https:\/\/rosaeterna.online\/tipo\/ramo-flores-preservadas\/\">os ramos de rosas em conserva<\/a> s\u00e3o ideais como presentes para todo o tipo de ocasi\u00f5es, de facto, s\u00e3o o nosso segundo produto mais vendido.<br \/>\nSe gostas de rosas brancas e queres surpreender o teu parceiro, amigos ou familiares, esta \u00e9 a melhor op\u00e7\u00e3o.<br \/>\nCom os nossos ramos, podem durar v\u00e1rios anos em perfeitas condi\u00e7\u00f5es, n\u00e3o achas?<br \/>\nD\u00e1 uma vista de olhos e escolhe o que mais gostares, n\u00f3s preparamo-lo com amor e enviamo-lo gratuitamente para tua casa.<br \/>\nSe tiveres alguma d\u00favida, estamos aqui para te ajudar.    <\/p>\n","protected":false},"excerpt":{"rendered":"<p>Est\u00e1s \u00e0 procura de um <strong>bouquet de rosas brancas em<\/strong> conserva?<br \/>\nEnt\u00e3o vais adorar este, acrescentamos flores em conserva como paniculata, lavanda&#8230; Aproveita o <span style=\"color: #ff0000;\">envio<\/span> <span style=\"color: #ff0000;\">GRATUITO<\/span>! <\/p>\n","protected":false},"featured_media":9045,"comment_status":"closed","ping_status":"closed","template":"","meta":{"_uag_custom_page_level_css":"","_joinchat":[]},"product_brand":[],"product_cat":[106,113],"product_tag":[],"class_list":{"0":"post-15596","1":"product","2":"type-product","3":"status-publish","4":"has-post-thumbnail","6":"product_cat-ramos-de-flores-preservadas","7":"product_cat-ramos-de-rosas-preservadas","9":"first","10":"instock","11":"taxable","12":"shipping-taxable","13":"purchasable","14":"product-type-variable","15":"add-to-wishlist-after_add_to_cart"},"yoast_head":"<!-- This site is optimized with the Yoast SEO plugin v25.0 - https:\/\/yoast.com\/wordpress\/plugins\/seo\/ -->\n<title>Compra um ramo de rosas brancas em conserva | Rosaeterna.online<\/title>\n<meta name=\"description\" content=\"Compra o teu Bouquet de Rosas Brancas em conserva ao melhor pre\u00e7o. Faz com que o teu presente dure muitos anos em perfeitas condi\u00e7\u00f5es. Damos-te portes gr\u00e1tis!\" \/>\n<meta name=\"robots\" content=\"index, follow, max-snippet:-1, max-image-preview:large, max-video-preview:-1\" \/>\n<link rel=\"canonical\" href=\"https:\/\/rosaeterna.online\/pt-pt\/p\/ramo-de-rosas-brancas-preservadas\/\" \/>\n<meta property=\"og:locale\" content=\"pt_PT\" \/>\n<meta property=\"og:type\" content=\"article\" \/>\n<meta property=\"og:title\" content=\"Compra um ramo de rosas brancas em conserva | Rosaeterna.online\" \/>\n<meta property=\"og:description\" content=\"Compra o teu Bouquet de Rosas Brancas em conserva ao melhor pre\u00e7o. Faz com que o teu presente dure muitos anos em perfeitas condi\u00e7\u00f5es. Damos-te portes gr\u00e1tis!\" \/>\n<meta property=\"og:url\" content=\"https:\/\/rosaeterna.online\/pt-pt\/p\/ramo-de-rosas-brancas-preservadas\/\" \/>\n<meta property=\"og:site_name\" content=\"Rosa Eterna\" \/>\n<meta property=\"article:modified_time\" content=\"2024-10-17T22:27:25+00:00\" \/>\n<meta property=\"og:image\" content=\"https:\/\/rosaeterna.online\/wp-content\/uploads\/2019\/03\/ramo-rosas-blancas.jpeg\" \/>\n\t<meta property=\"og:image:width\" content=\"500\" \/>\n\t<meta property=\"og:image:height\" content=\"667\" \/>\n\t<meta property=\"og:image:type\" content=\"image\/jpeg\" \/>\n<meta name=\"twitter:card\" content=\"summary_large_image\" \/>\n<!-- \/ Yoast SEO plugin. -->","yoast_head_json":{"title":"Compra um ramo de rosas brancas em conserva | Rosaeterna.online","description":"Compra o teu Bouquet de Rosas Brancas em conserva ao melhor pre\u00e7o. Faz com que o teu presente dure muitos anos em perfeitas condi\u00e7\u00f5es. Damos-te portes gr\u00e1tis!","robots":{"index":"index","follow":"follow","max-snippet":"max-snippet:-1","max-image-preview":"max-image-preview:large","max-video-preview":"max-video-preview:-1"},"canonical":"https:\/\/rosaeterna.online\/pt-pt\/p\/ramo-de-rosas-brancas-preservadas\/","og_locale":"pt_PT","og_type":"article","og_title":"Compra um ramo de rosas brancas em conserva | Rosaeterna.online","og_description":"Compra o teu Bouquet de Rosas Brancas em conserva ao melhor pre\u00e7o. Faz com que o teu presente dure muitos anos em perfeitas condi\u00e7\u00f5es. Damos-te portes gr\u00e1tis!","og_url":"https:\/\/rosaeterna.online\/pt-pt\/p\/ramo-de-rosas-brancas-preservadas\/","og_site_name":"Rosa Eterna","article_modified_time":"2024-10-17T22:27:25+00:00","og_image":[{"width":500,"height":667,"url":"https:\/\/rosaeterna.online\/wp-content\/uploads\/2019\/03\/ramo-rosas-blancas.jpeg","type":"image\/jpeg"}],"twitter_card":"summary_large_image","schema":{"@context":"https:\/\/schema.org","@graph":[{"@type":"WebPage","@id":"https:\/\/rosaeterna.online\/pt-pt\/p\/ramo-de-rosas-brancas-preservadas\/","url":"https:\/\/rosaeterna.online\/pt-pt\/p\/ramo-de-rosas-brancas-preservadas\/","name":"Compra um ramo de rosas brancas em conserva | Rosaeterna.online","isPartOf":{"@id":"https:\/\/rosaeterna.online\/pt-pt\/#website"},"primaryImageOfPage":{"@id":"https:\/\/rosaeterna.online\/pt-pt\/p\/ramo-de-rosas-brancas-preservadas\/#primaryimage"},"image":{"@id":"https:\/\/rosaeterna.online\/pt-pt\/p\/ramo-de-rosas-brancas-preservadas\/#primaryimage"},"thumbnailUrl":"https:\/\/rosaeterna.online\/wp-content\/uploads\/2019\/03\/ramo-rosas-blancas.jpeg","datePublished":"2019-03-07T11:28:49+00:00","dateModified":"2024-10-17T22:27:25+00:00","description":"Compra o teu Bouquet de Rosas Brancas em conserva ao melhor pre\u00e7o. Faz com que o teu presente dure muitos anos em perfeitas condi\u00e7\u00f5es. Damos-te portes gr\u00e1tis!","breadcrumb":{"@id":"https:\/\/rosaeterna.online\/pt-pt\/p\/ramo-de-rosas-brancas-preservadas\/#breadcrumb"},"inLanguage":"pt-PT","potentialAction":[{"@type":"ReadAction","target":["https:\/\/rosaeterna.online\/pt-pt\/p\/ramo-de-rosas-brancas-preservadas\/"]}]},{"@type":"ImageObject","inLanguage":"pt-PT","@id":"https:\/\/rosaeterna.online\/pt-pt\/p\/ramo-de-rosas-brancas-preservadas\/#primaryimage","url":"https:\/\/rosaeterna.online\/wp-content\/uploads\/2019\/03\/ramo-rosas-blancas.jpeg","contentUrl":"https:\/\/rosaeterna.online\/wp-content\/uploads\/2019\/03\/ramo-rosas-blancas.jpeg","width":500,"height":667,"caption":"ramo de rosas brancas"},{"@type":"BreadcrumbList","@id":"https:\/\/rosaeterna.online\/pt-pt\/p\/ramo-de-rosas-brancas-preservadas\/#breadcrumb","itemListElement":[{"@type":"ListItem","position":1,"name":"Portada","item":"https:\/\/rosaeterna.online\/pt-pt\/"},{"@type":"ListItem","position":2,"name":"Produtos","item":"https:\/\/rosaeterna.online\/pt-pt\/shop\/"},{"@type":"ListItem","position":3,"name":"Bouquet de rosas brancas conservadas"}]},{"@type":"WebSite","@id":"https:\/\/rosaeterna.online\/pt-pt\/#website","url":"https:\/\/rosaeterna.online\/pt-pt\/","name":"Rosa Eterna","description":"Haz que dure","potentialAction":[{"@type":"SearchAction","target":{"@type":"EntryPoint","urlTemplate":"https:\/\/rosaeterna.online\/pt-pt\/?s={search_term_string}"},"query-input":{"@type":"PropertyValueSpecification","valueRequired":true,"valueName":"search_term_string"}}],"inLanguage":"pt-PT"}]}},"uagb_featured_image_src":{"full":["https:\/\/rosaeterna.online\/wp-content\/uploads\/2019\/03\/ramo-rosas-blancas.jpeg",500,667,false],"thumbnail":["https:\/\/rosaeterna.online\/wp-content\/uploads\/2019\/03\/ramo-rosas-blancas-150x150.jpeg",150,150,true],"medium":["https:\/\/rosaeterna.online\/wp-content\/uploads\/2019\/03\/ramo-rosas-blancas-225x300.jpeg",225,300,true],"medium_large":["https:\/\/rosaeterna.online\/wp-content\/uploads\/2019\/03\/ramo-rosas-blancas.jpeg",500,667,false],"large":["https:\/\/rosaeterna.online\/wp-content\/uploads\/2019\/03\/ramo-rosas-blancas.jpeg",500,667,false],"1536x1536":["https:\/\/rosaeterna.online\/wp-content\/uploads\/2019\/03\/ramo-rosas-blancas.jpeg",500,667,false],"2048x2048":["https:\/\/rosaeterna.online\/wp-content\/uploads\/2019\/03\/ramo-rosas-blancas.jpeg",500,667,false],"blog-isotope":["https:\/\/rosaeterna.online\/wp-content\/uploads\/2019\/03\/ramo-rosas-blancas.jpeg",375,500,false],"woocommerce_thumbnail":["https:\/\/rosaeterna.online\/wp-content\/uploads\/2019\/03\/ramo-rosas-blancas-350x435.jpeg",350,435,true],"woocommerce_single":["https:\/\/rosaeterna.online\/wp-content\/uploads\/2019\/03\/ramo-rosas-blancas.jpeg",500,667,false],"woocommerce_gallery_thumbnail":["https:\/\/rosaeterna.online\/wp-content\/uploads\/2019\/03\/ramo-rosas-blancas-100x100.jpeg",100,100,true],"eh_logo_image_size":["https:\/\/rosaeterna.online\/wp-content\/uploads\/2019\/03\/ramo-rosas-blancas.jpeg",67,90,false],"eh_header_image_size":["https:\/\/rosaeterna.online\/wp-content\/uploads\/2019\/03\/ramo-rosas-blancas.jpeg",67,90,false],"wcpr-photo-reviews":["https:\/\/rosaeterna.online\/wp-content\/uploads\/2019\/03\/ramo-rosas-blancas.jpeg",375,500,false]},"uagb_author_info":{"display_name":"Fran","author_link":"https:\/\/rosaeterna.online\/pt-pt"},"uagb_comment_info":0,"uagb_excerpt":"Est\u00e1s \u00e0 procura de um bouquet de rosas brancas em conserva? Ent\u00e3o vais adorar este, acrescentamos flores em conserva como paniculata, lavanda... Aproveita o envio GRATUITO!","_links":{"self":[{"href":"https:\/\/rosaeterna.online\/pt-pt\/wp-json\/wp\/v2\/product\/15596","targetHints":{"allow":["GET"]}}],"collection":[{"href":"https:\/\/rosaeterna.online\/pt-pt\/wp-json\/wp\/v2\/product"}],"about":[{"href":"https:\/\/rosaeterna.online\/pt-pt\/wp-json\/wp\/v2\/types\/product"}],"replies":[{"embeddable":true,"href":"https:\/\/rosaeterna.online\/pt-pt\/wp-json\/wp\/v2\/comments?post=15596"}],"wp:featuredmedia":[{"embeddable":true,"href":"https:\/\/rosaeterna.online\/pt-pt\/wp-json\/wp\/v2\/media\/9045"}],"wp:attachment":[{"href":"https:\/\/rosaeterna.online\/pt-pt\/wp-json\/wp\/v2\/media?parent=15596"}],"wp:term":[{"taxonomy":"product_brand","embeddable":true,"href":"https:\/\/rosaeterna.online\/pt-pt\/wp-json\/wp\/v2\/product_brand?post=15596"},{"taxonomy":"product_cat","embeddable":true,"href":"https:\/\/rosaeterna.online\/pt-pt\/wp-json\/wp\/v2\/product_cat?post=15596"},{"taxonomy":"product_tag","embeddable":true,"href":"https:\/\/rosaeterna.online\/pt-pt\/wp-json\/wp\/v2\/product_tag?post=15596"}],"curies":[{"name":"wp","href":"https:\/\/api.w.org\/{rel}","templated":true}]}}