{"id":15207,"date":"2021-01-31T19:27:57","date_gmt":"2021-01-31T19:27:57","guid":{"rendered":"https:\/\/rosaeterna.online\/producto\/ramo-eucaliptus\/"},"modified":"2024-10-17T23:00:18","modified_gmt":"2024-10-17T23:00:18","slug":"ramo-eucaliptus","status":"publish","type":"product","link":"https:\/\/rosaeterna.online\/pt-pt\/p\/ramo-eucaliptus\/","title":{"rendered":"Ramo de eucalipto"},"content":{"rendered":"<p>Uma composi\u00e7\u00e3o que combina eucalipto, hort\u00eansia, paniculata e outras flores conservadas ou secas.<br \/>\nTrata-se de um <a href=\"https:\/\/rosaeterna.online\/tipo\/ramo-flores-preservadas\/\"><strong>bouquet em conserva<\/strong><\/a> que \u00e9 muito popular.<br \/>\nPodes aproveitar o envio gratuito e, se tiveres alguma d\u00favida, podes contactar-nos atrav\u00e9s do formul\u00e1rio de contacto ou do WhatsApp \ud83d\ude42  <\/p>\n","protected":false},"excerpt":{"rendered":"<p>Obt\u00e9m o teu bouquet em conserva com ramos de eucalipto como protagonista <strong>. Aproveita o envio GRATUITO!<\/strong><\/p>\n","protected":false},"featured_media":9808,"comment_status":"closed","ping_status":"closed","template":"","meta":{"_uag_custom_page_level_css":"","_joinchat":[]},"product_brand":[],"product_cat":[232,233,106],"product_tag":[],"class_list":{"0":"post-15207","1":"product","2":"type-product","3":"status-publish","4":"has-post-thumbnail","6":"product_cat-casamentos","7":"product_cat-ramo-de-noiva-preservados","8":"product_cat-ramos-de-flores-preservadas","10":"first","11":"instock","12":"taxable","13":"shipping-taxable","14":"purchasable","15":"product-type-simple","16":"add-to-wishlist-after_add_to_cart"},"yoast_head":"<!-- This site is optimized with the Yoast SEO plugin v25.0 - https:\/\/yoast.com\/wordpress\/plugins\/seo\/ -->\n<title>Ramo de eucalipto - Rosa Eterna<\/title>\n<meta name=\"robots\" content=\"index, follow, max-snippet:-1, max-image-preview:large, max-video-preview:-1\" \/>\n<link rel=\"canonical\" href=\"https:\/\/rosaeterna.online\/pt-pt\/p\/ramo-eucaliptus\/\" \/>\n<meta property=\"og:locale\" content=\"pt_PT\" \/>\n<meta property=\"og:type\" content=\"article\" \/>\n<meta property=\"og:title\" content=\"Ramo de eucalipto - Rosa Eterna\" \/>\n<meta property=\"og:description\" content=\"Obt\u00e9m o teu bouquet em conserva com ramos de eucalipto como protagonista . Aproveita o envio GRATUITO!\" \/>\n<meta property=\"og:url\" content=\"https:\/\/rosaeterna.online\/pt-pt\/p\/ramo-eucaliptus\/\" \/>\n<meta property=\"og:site_name\" content=\"Rosa Eterna\" \/>\n<meta property=\"article:modified_time\" content=\"2024-10-17T23:00:18+00:00\" \/>\n<meta property=\"og:image\" content=\"https:\/\/rosaeterna.online\/wp-content\/uploads\/2021\/01\/ramo-eucaliptus.jpg\" \/>\n\t<meta property=\"og:image:width\" content=\"400\" \/>\n\t<meta property=\"og:image:height\" content=\"600\" \/>\n\t<meta property=\"og:image:type\" content=\"image\/jpeg\" \/>\n<meta name=\"twitter:card\" content=\"summary_large_image\" \/>\n<!-- \/ Yoast SEO plugin. -->","yoast_head_json":{"title":"Ramo de eucalipto - Rosa Eterna","robots":{"index":"index","follow":"follow","max-snippet":"max-snippet:-1","max-image-preview":"max-image-preview:large","max-video-preview":"max-video-preview:-1"},"canonical":"https:\/\/rosaeterna.online\/pt-pt\/p\/ramo-eucaliptus\/","og_locale":"pt_PT","og_type":"article","og_title":"Ramo de eucalipto - Rosa Eterna","og_description":"Obt\u00e9m o teu bouquet em conserva com ramos de eucalipto como protagonista . Aproveita o envio GRATUITO!","og_url":"https:\/\/rosaeterna.online\/pt-pt\/p\/ramo-eucaliptus\/","og_site_name":"Rosa Eterna","article_modified_time":"2024-10-17T23:00:18+00:00","og_image":[{"width":400,"height":600,"url":"https:\/\/rosaeterna.online\/wp-content\/uploads\/2021\/01\/ramo-eucaliptus.jpg","type":"image\/jpeg"}],"twitter_card":"summary_large_image","schema":{"@context":"https:\/\/schema.org","@graph":[{"@type":"WebPage","@id":"https:\/\/rosaeterna.online\/pt-pt\/p\/ramo-eucaliptus\/","url":"https:\/\/rosaeterna.online\/pt-pt\/p\/ramo-eucaliptus\/","name":"Ramo de eucalipto - Rosa Eterna","isPartOf":{"@id":"https:\/\/rosaeterna.online\/pt-pt\/#website"},"primaryImageOfPage":{"@id":"https:\/\/rosaeterna.online\/pt-pt\/p\/ramo-eucaliptus\/#primaryimage"},"image":{"@id":"https:\/\/rosaeterna.online\/pt-pt\/p\/ramo-eucaliptus\/#primaryimage"},"thumbnailUrl":"https:\/\/rosaeterna.online\/wp-content\/uploads\/2021\/01\/ramo-eucaliptus.jpg","datePublished":"2021-01-31T19:27:57+00:00","dateModified":"2024-10-17T23:00:18+00:00","breadcrumb":{"@id":"https:\/\/rosaeterna.online\/pt-pt\/p\/ramo-eucaliptus\/#breadcrumb"},"inLanguage":"pt-PT","potentialAction":[{"@type":"ReadAction","target":["https:\/\/rosaeterna.online\/pt-pt\/p\/ramo-eucaliptus\/"]}]},{"@type":"ImageObject","inLanguage":"pt-PT","@id":"https:\/\/rosaeterna.online\/pt-pt\/p\/ramo-eucaliptus\/#primaryimage","url":"https:\/\/rosaeterna.online\/wp-content\/uploads\/2021\/01\/ramo-eucaliptus.jpg","contentUrl":"https:\/\/rosaeterna.online\/wp-content\/uploads\/2021\/01\/ramo-eucaliptus.jpg","width":400,"height":600,"caption":"ramo de eucalipto"},{"@type":"BreadcrumbList","@id":"https:\/\/rosaeterna.online\/pt-pt\/p\/ramo-eucaliptus\/#breadcrumb","itemListElement":[{"@type":"ListItem","position":1,"name":"Portada","item":"https:\/\/rosaeterna.online\/pt-pt\/"},{"@type":"ListItem","position":2,"name":"Produtos","item":"https:\/\/rosaeterna.online\/pt-pt\/shop\/"},{"@type":"ListItem","position":3,"name":"Ramo de eucalipto"}]},{"@type":"WebSite","@id":"https:\/\/rosaeterna.online\/pt-pt\/#website","url":"https:\/\/rosaeterna.online\/pt-pt\/","name":"Rosa Eterna","description":"Haz que dure","potentialAction":[{"@type":"SearchAction","target":{"@type":"EntryPoint","urlTemplate":"https:\/\/rosaeterna.online\/pt-pt\/?s={search_term_string}"},"query-input":{"@type":"PropertyValueSpecification","valueRequired":true,"valueName":"search_term_string"}}],"inLanguage":"pt-PT"}]}},"uagb_featured_image_src":{"full":["https:\/\/rosaeterna.online\/wp-content\/uploads\/2021\/01\/ramo-eucaliptus.jpg",400,600,false],"thumbnail":["https:\/\/rosaeterna.online\/wp-content\/uploads\/2021\/01\/ramo-eucaliptus-150x150.jpg",150,150,true],"medium":["https:\/\/rosaeterna.online\/wp-content\/uploads\/2021\/01\/ramo-eucaliptus-200x300.jpg",200,300,true],"medium_large":["https:\/\/rosaeterna.online\/wp-content\/uploads\/2021\/01\/ramo-eucaliptus.jpg",400,600,false],"large":["https:\/\/rosaeterna.online\/wp-content\/uploads\/2021\/01\/ramo-eucaliptus.jpg",400,600,false],"1536x1536":["https:\/\/rosaeterna.online\/wp-content\/uploads\/2021\/01\/ramo-eucaliptus.jpg",400,600,false],"2048x2048":["https:\/\/rosaeterna.online\/wp-content\/uploads\/2021\/01\/ramo-eucaliptus.jpg",400,600,false],"blog-isotope":["https:\/\/rosaeterna.online\/wp-content\/uploads\/2021\/01\/ramo-eucaliptus.jpg",333,500,false],"woocommerce_thumbnail":["https:\/\/rosaeterna.online\/wp-content\/uploads\/2021\/01\/ramo-eucaliptus-350x435.jpg",350,435,true],"woocommerce_single":["https:\/\/rosaeterna.online\/wp-content\/uploads\/2021\/01\/ramo-eucaliptus.jpg",400,600,false],"woocommerce_gallery_thumbnail":["https:\/\/rosaeterna.online\/wp-content\/uploads\/2021\/01\/ramo-eucaliptus-100x100.jpg",100,100,true],"eh_logo_image_size":["https:\/\/rosaeterna.online\/wp-content\/uploads\/2021\/01\/ramo-eucaliptus.jpg",60,90,false],"eh_header_image_size":["https:\/\/rosaeterna.online\/wp-content\/uploads\/2021\/01\/ramo-eucaliptus.jpg",60,90,false],"wcpr-photo-reviews":["https:\/\/rosaeterna.online\/wp-content\/uploads\/2021\/01\/ramo-eucaliptus.jpg",333,500,false]},"uagb_author_info":{"display_name":"Fran","author_link":"https:\/\/rosaeterna.online\/pt-pt"},"uagb_comment_info":0,"uagb_excerpt":"Obt\u00e9m o teu bouquet em conserva com ramos de eucalipto como protagonista . Aproveita o envio GRATUITO!","_links":{"self":[{"href":"https:\/\/rosaeterna.online\/pt-pt\/wp-json\/wp\/v2\/product\/15207","targetHints":{"allow":["GET"]}}],"collection":[{"href":"https:\/\/rosaeterna.online\/pt-pt\/wp-json\/wp\/v2\/product"}],"about":[{"href":"https:\/\/rosaeterna.online\/pt-pt\/wp-json\/wp\/v2\/types\/product"}],"replies":[{"embeddable":true,"href":"https:\/\/rosaeterna.online\/pt-pt\/wp-json\/wp\/v2\/comments?post=15207"}],"wp:featuredmedia":[{"embeddable":true,"href":"https:\/\/rosaeterna.online\/pt-pt\/wp-json\/wp\/v2\/media\/9808"}],"wp:attachment":[{"href":"https:\/\/rosaeterna.online\/pt-pt\/wp-json\/wp\/v2\/media?parent=15207"}],"wp:term":[{"taxonomy":"product_brand","embeddable":true,"href":"https:\/\/rosaeterna.online\/pt-pt\/wp-json\/wp\/v2\/product_brand?post=15207"},{"taxonomy":"product_cat","embeddable":true,"href":"https:\/\/rosaeterna.online\/pt-pt\/wp-json\/wp\/v2\/product_cat?post=15207"},{"taxonomy":"product_tag","embeddable":true,"href":"https:\/\/rosaeterna.online\/pt-pt\/wp-json\/wp\/v2\/product_tag?post=15207"}],"curies":[{"name":"wp","href":"https:\/\/api.w.org\/{rel}","templated":true}]}}