{"id":14751,"date":"2020-02-02T21:42:42","date_gmt":"2020-02-02T21:42:42","guid":{"rendered":"https:\/\/rosaeterna.online\/producto\/rosa-mama\/"},"modified":"2024-10-21T23:22:49","modified_gmt":"2024-10-21T23:22:49","slug":"rosa-mama","status":"publish","type":"product","link":"https:\/\/rosaeterna.online\/pt-pt\/p\/rosa-mama\/","title":{"rendered":"Rosa Mama"},"content":{"rendered":"<p>E se houvesse uma rosa perfeita para dar a uma m\u00e3e?<\/p>\n<p>A rosa eterna premium \u00e9 a m\u00e3e e a pequena rosa \u00e9 a filha, n\u00e3o \u00e9 fant\u00e1stico?<\/p>\n<p>Lembra-te que as nossas rosas eternas s\u00e3o naturais mas duram v\u00e1rios anos em perfeitas condi\u00e7\u00f5es. Sem d\u00favida, s\u00e3o um presente diferente.<\/p>\n<p>Tens alguma pergunta? Contacta-nos, responder-te-emos o mais rapidamente poss\u00edvel<\/p>\n","protected":false},"excerpt":{"rendered":"<p>Uma c\u00fapula feita para agradar. Sem d\u00favida que \u00e9 uma ideia original que agradar\u00e1 a todos. Escolhe a cor que mais te agrada e desfruta de um presente \u00fanico.<\/p>\n<ul>\n<li>2 rosas preservadas (flores naturais que duram v\u00e1rios anos)<\/li>\n<li>C\u00fapula de vidro de 25x17cm<\/li>\n<\/ul>\n","protected":false},"featured_media":9269,"comment_status":"open","ping_status":"closed","template":"","meta":{"_uag_custom_page_level_css":"","_joinchat":[]},"product_brand":[],"product_cat":[127],"product_tag":[],"class_list":{"0":"post-14751","1":"product","2":"type-product","3":"status-publish","4":"has-post-thumbnail","6":"product_cat-rosas-na-cupula","8":"first","9":"instock","10":"taxable","11":"shipping-taxable","12":"purchasable","13":"product-type-variable","14":"add-to-wishlist-after_add_to_cart"},"yoast_head":"<!-- This site is optimized with the Yoast SEO plugin v25.0 - https:\/\/yoast.com\/wordpress\/plugins\/seo\/ -->\n<title>Compre uma Rosa Preservada Mama | Rosa Eterna<\/title>\n<meta name=\"robots\" content=\"index, follow, max-snippet:-1, max-image-preview:large, max-video-preview:-1\" \/>\n<link rel=\"canonical\" href=\"https:\/\/rosaeterna.online\/pt-pt\/p\/rosa-mama\/\" \/>\n<meta property=\"og:locale\" content=\"pt_PT\" \/>\n<meta property=\"og:type\" content=\"article\" \/>\n<meta property=\"og:title\" content=\"Compre uma Rosa Preservada Mama | Rosa Eterna\" \/>\n<meta property=\"og:description\" content=\"Uma c\u00fapula feita para agradar. Sem d\u00favida que \u00e9 uma ideia original que agradar\u00e1 a todos. Escolhe a cor que mais te agrada e desfruta de um presente \u00fanico.   2 rosas preservadas (flores naturais que duram v\u00e1rios anos)  C\u00fapula de vidro de 25x17cm\" \/>\n<meta property=\"og:url\" content=\"https:\/\/rosaeterna.online\/pt-pt\/p\/rosa-mama\/\" \/>\n<meta property=\"og:site_name\" content=\"Rosa Eterna\" \/>\n<meta property=\"article:modified_time\" content=\"2024-10-21T23:22:49+00:00\" \/>\n<meta property=\"og:image\" content=\"https:\/\/rosaeterna.online\/wp-content\/uploads\/2020\/02\/Rosa-Couple.jpg\" \/>\n\t<meta property=\"og:image:width\" content=\"600\" \/>\n\t<meta property=\"og:image:height\" content=\"600\" \/>\n\t<meta property=\"og:image:type\" content=\"image\/jpeg\" \/>\n<meta name=\"twitter:card\" content=\"summary_large_image\" \/>\n<!-- \/ Yoast SEO plugin. -->","yoast_head_json":{"title":"Compre uma Rosa Preservada Mama | Rosa Eterna","robots":{"index":"index","follow":"follow","max-snippet":"max-snippet:-1","max-image-preview":"max-image-preview:large","max-video-preview":"max-video-preview:-1"},"canonical":"https:\/\/rosaeterna.online\/pt-pt\/p\/rosa-mama\/","og_locale":"pt_PT","og_type":"article","og_title":"Compre uma Rosa Preservada Mama | Rosa Eterna","og_description":"Uma c\u00fapula feita para agradar. Sem d\u00favida que \u00e9 uma ideia original que agradar\u00e1 a todos. Escolhe a cor que mais te agrada e desfruta de um presente \u00fanico.   2 rosas preservadas (flores naturais que duram v\u00e1rios anos)  C\u00fapula de vidro de 25x17cm","og_url":"https:\/\/rosaeterna.online\/pt-pt\/p\/rosa-mama\/","og_site_name":"Rosa Eterna","article_modified_time":"2024-10-21T23:22:49+00:00","og_image":[{"width":600,"height":600,"url":"https:\/\/rosaeterna.online\/wp-content\/uploads\/2020\/02\/Rosa-Couple.jpg","type":"image\/jpeg"}],"twitter_card":"summary_large_image","schema":{"@context":"https:\/\/schema.org","@graph":[{"@type":"WebPage","@id":"https:\/\/rosaeterna.online\/pt-pt\/p\/rosa-mama\/","url":"https:\/\/rosaeterna.online\/pt-pt\/p\/rosa-mama\/","name":"Compre uma Rosa Preservada Mama | Rosa Eterna","isPartOf":{"@id":"https:\/\/rosaeterna.online\/pt-pt\/#website"},"primaryImageOfPage":{"@id":"https:\/\/rosaeterna.online\/pt-pt\/p\/rosa-mama\/#primaryimage"},"image":{"@id":"https:\/\/rosaeterna.online\/pt-pt\/p\/rosa-mama\/#primaryimage"},"thumbnailUrl":"https:\/\/rosaeterna.online\/wp-content\/uploads\/2020\/02\/Rosa-Couple.jpg","datePublished":"2020-02-02T21:42:42+00:00","dateModified":"2024-10-21T23:22:49+00:00","breadcrumb":{"@id":"https:\/\/rosaeterna.online\/pt-pt\/p\/rosa-mama\/#breadcrumb"},"inLanguage":"pt-PT","potentialAction":[{"@type":"ReadAction","target":["https:\/\/rosaeterna.online\/pt-pt\/p\/rosa-mama\/"]}]},{"@type":"ImageObject","inLanguage":"pt-PT","@id":"https:\/\/rosaeterna.online\/pt-pt\/p\/rosa-mama\/#primaryimage","url":"https:\/\/rosaeterna.online\/wp-content\/uploads\/2020\/02\/Rosa-Couple.jpg","contentUrl":"https:\/\/rosaeterna.online\/wp-content\/uploads\/2020\/02\/Rosa-Couple.jpg","width":600,"height":600,"caption":"Rosa Couple"},{"@type":"BreadcrumbList","@id":"https:\/\/rosaeterna.online\/pt-pt\/p\/rosa-mama\/#breadcrumb","itemListElement":[{"@type":"ListItem","position":1,"name":"Portada","item":"https:\/\/rosaeterna.online\/pt-pt\/"},{"@type":"ListItem","position":2,"name":"Produtos","item":"https:\/\/rosaeterna.online\/pt-pt\/shop\/"},{"@type":"ListItem","position":3,"name":"Rosa Mama"}]},{"@type":"WebSite","@id":"https:\/\/rosaeterna.online\/pt-pt\/#website","url":"https:\/\/rosaeterna.online\/pt-pt\/","name":"Rosa Eterna","description":"Haz que dure","potentialAction":[{"@type":"SearchAction","target":{"@type":"EntryPoint","urlTemplate":"https:\/\/rosaeterna.online\/pt-pt\/?s={search_term_string}"},"query-input":{"@type":"PropertyValueSpecification","valueRequired":true,"valueName":"search_term_string"}}],"inLanguage":"pt-PT"}]}},"uagb_featured_image_src":{"full":["https:\/\/rosaeterna.online\/wp-content\/uploads\/2020\/02\/Rosa-Couple.jpg",600,600,false],"thumbnail":["https:\/\/rosaeterna.online\/wp-content\/uploads\/2020\/02\/Rosa-Couple-150x150.jpg",150,150,true],"medium":["https:\/\/rosaeterna.online\/wp-content\/uploads\/2020\/02\/Rosa-Couple-300x300.jpg",300,300,true],"medium_large":["https:\/\/rosaeterna.online\/wp-content\/uploads\/2020\/02\/Rosa-Couple.jpg",600,600,false],"large":["https:\/\/rosaeterna.online\/wp-content\/uploads\/2020\/02\/Rosa-Couple.jpg",600,600,false],"1536x1536":["https:\/\/rosaeterna.online\/wp-content\/uploads\/2020\/02\/Rosa-Couple.jpg",600,600,false],"2048x2048":["https:\/\/rosaeterna.online\/wp-content\/uploads\/2020\/02\/Rosa-Couple.jpg",600,600,false],"blog-isotope":["https:\/\/rosaeterna.online\/wp-content\/uploads\/2020\/02\/Rosa-Couple.jpg",500,500,false],"woocommerce_thumbnail":["https:\/\/rosaeterna.online\/wp-content\/uploads\/2020\/02\/Rosa-Couple-350x435.jpg",350,435,true],"woocommerce_single":["https:\/\/rosaeterna.online\/wp-content\/uploads\/2020\/02\/Rosa-Couple.jpg",600,600,false],"woocommerce_gallery_thumbnail":["https:\/\/rosaeterna.online\/wp-content\/uploads\/2020\/02\/Rosa-Couple-100x100.jpg",100,100,true],"eh_logo_image_size":["https:\/\/rosaeterna.online\/wp-content\/uploads\/2020\/02\/Rosa-Couple.jpg",90,90,false],"eh_header_image_size":["https:\/\/rosaeterna.online\/wp-content\/uploads\/2020\/02\/Rosa-Couple.jpg",90,90,false],"wcpr-photo-reviews":["https:\/\/rosaeterna.online\/wp-content\/uploads\/2020\/02\/Rosa-Couple.jpg",500,500,false]},"uagb_author_info":{"display_name":"Fran","author_link":"https:\/\/rosaeterna.online\/pt-pt"},"uagb_comment_info":1,"uagb_excerpt":"Uma c\u00fapula feita para agradar. Sem d\u00favida que \u00e9 uma ideia original que agradar\u00e1 a todos. Escolhe a cor que mais te agrada e desfruta de um presente \u00fanico. 2 rosas preservadas (flores naturais que duram v\u00e1rios anos) C\u00fapula de vidro de 25x17cm","_links":{"self":[{"href":"https:\/\/rosaeterna.online\/pt-pt\/wp-json\/wp\/v2\/product\/14751","targetHints":{"allow":["GET"]}}],"collection":[{"href":"https:\/\/rosaeterna.online\/pt-pt\/wp-json\/wp\/v2\/product"}],"about":[{"href":"https:\/\/rosaeterna.online\/pt-pt\/wp-json\/wp\/v2\/types\/product"}],"replies":[{"embeddable":true,"href":"https:\/\/rosaeterna.online\/pt-pt\/wp-json\/wp\/v2\/comments?post=14751"}],"wp:featuredmedia":[{"embeddable":true,"href":"https:\/\/rosaeterna.online\/pt-pt\/wp-json\/wp\/v2\/media\/9269"}],"wp:attachment":[{"href":"https:\/\/rosaeterna.online\/pt-pt\/wp-json\/wp\/v2\/media?parent=14751"}],"wp:term":[{"taxonomy":"product_brand","embeddable":true,"href":"https:\/\/rosaeterna.online\/pt-pt\/wp-json\/wp\/v2\/product_brand?post=14751"},{"taxonomy":"product_cat","embeddable":true,"href":"https:\/\/rosaeterna.online\/pt-pt\/wp-json\/wp\/v2\/product_cat?post=14751"},{"taxonomy":"product_tag","embeddable":true,"href":"https:\/\/rosaeterna.online\/pt-pt\/wp-json\/wp\/v2\/product_tag?post=14751"}],"curies":[{"name":"wp","href":"https:\/\/api.w.org\/{rel}","templated":true}]}}