{"id":10681,"date":"2024-07-03T13:32:26","date_gmt":"2024-07-03T13:32:26","guid":{"rendered":"https:\/\/rosaeterna.online\/flor\/rosa-preservada-lilas\/"},"modified":"2024-12-22T12:33:23","modified_gmt":"2024-12-22T12:33:23","slug":"rosa-preservada-lilas","status":"publish","type":"product","link":"https:\/\/rosaeterna.online\/pt-pt\/p\/rosa-preservada-lilas\/","title":{"rendered":"Rosa eterna lil\u00e1s"},"content":{"rendered":"<p style=\"text-align: justify;\">Se gostas da cor lil\u00e1s ou roxa, encontraste a <a href=\"https:\/\/rosaeterna.online\/pt-pt\/\">rosa liofilizada<\/a> certa, porque na nossa loja somos especializados na venda deste tipo de flores.<\/p>\n<p>  Ao ofereceres uma rosa eterna lil\u00e1s, deves ter em conta que o seu significado est\u00e1 diretamente associado \u00e0 eternidade.<br \/>\nEstas flores est\u00e3o ligadas \u00e0 vida e remetem para coisas muito positivas.<br \/>\nS\u00e3o utilizadas para exprimir sentimentos bonitos como a felicidade, a sa\u00fade e a boa sorte.<br \/>\nS\u00e3o perfeitas como presente para qualquer ocasi\u00e3o especial para expressar bons sentimentos ao destinat\u00e1rio.<br \/>\nTamb\u00e9m podem ser uma alternativa muito agrad\u00e1vel para expressar paz de esp\u00edrito, e podem ajudar a equilibrar o corpo e a mente.      <\/p>\n<p style=\"text-align: justify;\">\u00c9 uma rosa eterna roxa ou lil\u00e1s?<br \/>\nA verdade \u00e9 que a sua cor est\u00e1 no meio, mas o que te podemos garantir \u00e9 que a vais adorar.<br \/>\nEncomenda agora e aproveita o envio gratuito, os nossos pre\u00e7os s\u00e3o com tudo inclu\u00eddo, n\u00e3o \u00e9 fant\u00e1stico?  <\/p>\n<p style=\"text-align: justify;\">Aguardamos o teu contacto se tiveres alguma d\u00favida!<\/p>\n","protected":false},"excerpt":{"rendered":"<p style=\"text-align: justify;\">Uma linda rosa lil\u00e1s eterna, vais adorar a sua textura e o seu excelente acabamento. Vai durar muito tempo contigo! <strong>Aproveita o nosso envio gratuito<\/strong>.<\/p>\n","protected":false},"featured_media":8891,"comment_status":"open","ping_status":"closed","template":"","meta":{"_uag_custom_page_level_css":"","_joinchat":[]},"product_brand":[],"product_cat":[85],"product_tag":[],"class_list":{"0":"post-10681","1":"product","2":"type-product","3":"status-publish","4":"has-post-thumbnail","6":"product_cat-rosas-coloridas","8":"first","9":"instock","10":"taxable","11":"shipping-taxable","12":"purchasable","13":"product-type-simple","14":"add-to-wishlist-after_add_to_cart"},"yoast_head":"<!-- This site is optimized with the Yoast SEO plugin v25.0 - https:\/\/yoast.com\/wordpress\/plugins\/seo\/ -->\n<title>Compra o teu Eternal Lilac Rose barato em Rosaeterna.online<\/title>\n<meta name=\"description\" content=\"Compra a tua rosa eterna lil\u00e1s ou roxa ao melhor pre\u00e7o. A \u00fanica loja dedicada exclusivamente \u00e0s flores em conserva. Aproveita o envio GRATUITO!\" \/>\n<meta name=\"robots\" content=\"index, follow, max-snippet:-1, max-image-preview:large, max-video-preview:-1\" \/>\n<link rel=\"canonical\" href=\"https:\/\/rosaeterna.online\/pt-pt\/p\/rosa-preservada-lilas\/\" \/>\n<meta property=\"og:locale\" content=\"pt_PT\" \/>\n<meta property=\"og:type\" content=\"article\" \/>\n<meta property=\"og:title\" content=\"Compra o teu Eternal Lilac Rose barato em Rosaeterna.online\" \/>\n<meta property=\"og:description\" content=\"Compra a tua rosa eterna lil\u00e1s ou roxa ao melhor pre\u00e7o. A \u00fanica loja dedicada exclusivamente \u00e0s flores em conserva. Aproveita o envio GRATUITO!\" \/>\n<meta property=\"og:url\" content=\"https:\/\/rosaeterna.online\/pt-pt\/p\/rosa-preservada-lilas\/\" \/>\n<meta property=\"og:site_name\" content=\"Rosa Eterna\" \/>\n<meta property=\"article:modified_time\" content=\"2024-12-22T12:33:23+00:00\" \/>\n<meta property=\"og:image\" content=\"https:\/\/rosaeterna.online\/wp-content\/uploads\/2018\/04\/rosa-eterna-lila-1-scaled.jpg\" \/>\n\t<meta property=\"og:image:width\" content=\"2036\" \/>\n\t<meta property=\"og:image:height\" content=\"2560\" \/>\n\t<meta property=\"og:image:type\" content=\"image\/jpeg\" \/>\n<meta name=\"twitter:card\" content=\"summary_large_image\" \/>\n<meta name=\"twitter:label1\" content=\"Tempo estimado de leitura\" \/>\n\t<meta name=\"twitter:data1\" content=\"1 minuto\" \/>\n<!-- \/ Yoast SEO plugin. -->","yoast_head_json":{"title":"Compra o teu Eternal Lilac Rose barato em Rosaeterna.online","description":"Compra a tua rosa eterna lil\u00e1s ou roxa ao melhor pre\u00e7o. A \u00fanica loja dedicada exclusivamente \u00e0s flores em conserva. Aproveita o envio GRATUITO!","robots":{"index":"index","follow":"follow","max-snippet":"max-snippet:-1","max-image-preview":"max-image-preview:large","max-video-preview":"max-video-preview:-1"},"canonical":"https:\/\/rosaeterna.online\/pt-pt\/p\/rosa-preservada-lilas\/","og_locale":"pt_PT","og_type":"article","og_title":"Compra o teu Eternal Lilac Rose barato em Rosaeterna.online","og_description":"Compra a tua rosa eterna lil\u00e1s ou roxa ao melhor pre\u00e7o. A \u00fanica loja dedicada exclusivamente \u00e0s flores em conserva. Aproveita o envio GRATUITO!","og_url":"https:\/\/rosaeterna.online\/pt-pt\/p\/rosa-preservada-lilas\/","og_site_name":"Rosa Eterna","article_modified_time":"2024-12-22T12:33:23+00:00","og_image":[{"width":2036,"height":2560,"url":"https:\/\/rosaeterna.online\/wp-content\/uploads\/2018\/04\/rosa-eterna-lila-1-scaled.jpg","type":"image\/jpeg"}],"twitter_card":"summary_large_image","twitter_misc":{"Tempo estimado de leitura":"1 minuto"},"schema":{"@context":"https:\/\/schema.org","@graph":[{"@type":"WebPage","@id":"https:\/\/rosaeterna.online\/pt-pt\/p\/rosa-preservada-lilas\/","url":"https:\/\/rosaeterna.online\/pt-pt\/p\/rosa-preservada-lilas\/","name":"Compra o teu Eternal Lilac Rose barato em Rosaeterna.online","isPartOf":{"@id":"https:\/\/rosaeterna.online\/pt-pt\/#website"},"primaryImageOfPage":{"@id":"https:\/\/rosaeterna.online\/pt-pt\/p\/rosa-preservada-lilas\/#primaryimage"},"image":{"@id":"https:\/\/rosaeterna.online\/pt-pt\/p\/rosa-preservada-lilas\/#primaryimage"},"thumbnailUrl":"https:\/\/rosaeterna.online\/wp-content\/uploads\/2018\/04\/rosa-eterna-lila-1-scaled.jpg","datePublished":"2024-07-03T13:32:26+00:00","dateModified":"2024-12-22T12:33:23+00:00","description":"Compra a tua rosa eterna lil\u00e1s ou roxa ao melhor pre\u00e7o. A \u00fanica loja dedicada exclusivamente \u00e0s flores em conserva. Aproveita o envio GRATUITO!","breadcrumb":{"@id":"https:\/\/rosaeterna.online\/pt-pt\/p\/rosa-preservada-lilas\/#breadcrumb"},"inLanguage":"pt-PT","potentialAction":[{"@type":"ReadAction","target":["https:\/\/rosaeterna.online\/pt-pt\/p\/rosa-preservada-lilas\/"]}]},{"@type":"ImageObject","inLanguage":"pt-PT","@id":"https:\/\/rosaeterna.online\/pt-pt\/p\/rosa-preservada-lilas\/#primaryimage","url":"https:\/\/rosaeterna.online\/wp-content\/uploads\/2018\/04\/rosa-eterna-lila-1-scaled.jpg","contentUrl":"https:\/\/rosaeterna.online\/wp-content\/uploads\/2018\/04\/rosa-eterna-lila-1-scaled.jpg","width":2036,"height":2560,"caption":"lil\u00e1s rosa eterna"},{"@type":"BreadcrumbList","@id":"https:\/\/rosaeterna.online\/pt-pt\/p\/rosa-preservada-lilas\/#breadcrumb","itemListElement":[{"@type":"ListItem","position":1,"name":"Portada","item":"https:\/\/rosaeterna.online\/pt-pt\/"},{"@type":"ListItem","position":2,"name":"Produtos","item":"https:\/\/rosaeterna.online\/pt-pt\/shop\/"},{"@type":"ListItem","position":3,"name":"Rosa eterna lil\u00e1s"}]},{"@type":"WebSite","@id":"https:\/\/rosaeterna.online\/pt-pt\/#website","url":"https:\/\/rosaeterna.online\/pt-pt\/","name":"Rosa Eterna","description":"Haz que dure","potentialAction":[{"@type":"SearchAction","target":{"@type":"EntryPoint","urlTemplate":"https:\/\/rosaeterna.online\/pt-pt\/?s={search_term_string}"},"query-input":{"@type":"PropertyValueSpecification","valueRequired":true,"valueName":"search_term_string"}}],"inLanguage":"pt-PT"}]}},"uagb_featured_image_src":{"full":["https:\/\/rosaeterna.online\/wp-content\/uploads\/2018\/04\/rosa-eterna-lila-1-scaled.jpg",2036,2560,false],"thumbnail":["https:\/\/rosaeterna.online\/wp-content\/uploads\/2018\/04\/rosa-eterna-lila-1-150x150.jpg",150,150,true],"medium":["https:\/\/rosaeterna.online\/wp-content\/uploads\/2018\/04\/rosa-eterna-lila-1-239x300.jpg",239,300,true],"medium_large":["https:\/\/rosaeterna.online\/wp-content\/uploads\/2018\/04\/rosa-eterna-lila-1-768x966.jpg",768,966,true],"large":["https:\/\/rosaeterna.online\/wp-content\/uploads\/2018\/04\/rosa-eterna-lila-1-814x1024.jpg",814,1024,true],"1536x1536":["https:\/\/rosaeterna.online\/wp-content\/uploads\/2018\/04\/rosa-eterna-lila-1-scaled.jpg",1222,1536,false],"2048x2048":["https:\/\/rosaeterna.online\/wp-content\/uploads\/2018\/04\/rosa-eterna-lila-1-scaled.jpg",1629,2048,false],"blog-isotope":["https:\/\/rosaeterna.online\/wp-content\/uploads\/2018\/04\/rosa-eterna-lila-1-scaled.jpg",398,500,false],"woocommerce_thumbnail":["https:\/\/rosaeterna.online\/wp-content\/uploads\/2018\/04\/rosa-eterna-lila-1-350x435.jpg",350,435,true],"woocommerce_single":["https:\/\/rosaeterna.online\/wp-content\/uploads\/2018\/04\/rosa-eterna-lila-1-920x1157.jpg",920,1157,true],"woocommerce_gallery_thumbnail":["https:\/\/rosaeterna.online\/wp-content\/uploads\/2018\/04\/rosa-eterna-lila-1-100x100.jpg",100,100,true],"eh_logo_image_size":["https:\/\/rosaeterna.online\/wp-content\/uploads\/2018\/04\/rosa-eterna-lila-1-scaled.jpg",72,90,false],"eh_header_image_size":["https:\/\/rosaeterna.online\/wp-content\/uploads\/2018\/04\/rosa-eterna-lila-1-scaled.jpg",72,90,false],"wcpr-photo-reviews":["https:\/\/rosaeterna.online\/wp-content\/uploads\/2018\/04\/rosa-eterna-lila-1-scaled.jpg",398,500,false]},"uagb_author_info":{"display_name":"Fran","author_link":"https:\/\/rosaeterna.online\/pt-pt"},"uagb_comment_info":1,"uagb_excerpt":"Uma linda rosa lil\u00e1s eterna, vais adorar a sua textura e o seu excelente acabamento. Vai durar muito tempo contigo! Aproveita o nosso envio gratuito.","_links":{"self":[{"href":"https:\/\/rosaeterna.online\/pt-pt\/wp-json\/wp\/v2\/product\/10681","targetHints":{"allow":["GET"]}}],"collection":[{"href":"https:\/\/rosaeterna.online\/pt-pt\/wp-json\/wp\/v2\/product"}],"about":[{"href":"https:\/\/rosaeterna.online\/pt-pt\/wp-json\/wp\/v2\/types\/product"}],"replies":[{"embeddable":true,"href":"https:\/\/rosaeterna.online\/pt-pt\/wp-json\/wp\/v2\/comments?post=10681"}],"wp:featuredmedia":[{"embeddable":true,"href":"https:\/\/rosaeterna.online\/pt-pt\/wp-json\/wp\/v2\/media\/8891"}],"wp:attachment":[{"href":"https:\/\/rosaeterna.online\/pt-pt\/wp-json\/wp\/v2\/media?parent=10681"}],"wp:term":[{"taxonomy":"product_brand","embeddable":true,"href":"https:\/\/rosaeterna.online\/pt-pt\/wp-json\/wp\/v2\/product_brand?post=10681"},{"taxonomy":"product_cat","embeddable":true,"href":"https:\/\/rosaeterna.online\/pt-pt\/wp-json\/wp\/v2\/product_cat?post=10681"},{"taxonomy":"product_tag","embeddable":true,"href":"https:\/\/rosaeterna.online\/pt-pt\/wp-json\/wp\/v2\/product_tag?post=10681"}],"curies":[{"name":"wp","href":"https:\/\/api.w.org\/{rel}","templated":true}]}}