{"id":10664,"date":"2024-06-29T11:13:28","date_gmt":"2024-06-29T11:13:28","guid":{"rendered":"https:\/\/rosaeterna.online\/flor\/rosa-preservada-preta\/"},"modified":"2024-11-08T11:03:11","modified_gmt":"2024-11-08T11:03:11","slug":"rosa-preservada-preta","status":"publish","type":"product","link":"https:\/\/rosaeterna.online\/pt-pt\/p\/rosa-preservada-preta\/","title":{"rendered":"Rosa eterna preta"},"content":{"rendered":"<p style=\"text-align: justify;\">Est\u00e1s \u00e0 procura de uma rosa eterna preta?<br \/>\nEnt\u00e3o vieste ao s\u00edtio certo na Internet.<br \/>\nTemos todos os tipos de <a href=\"https:\/\/rosaeterna.online\/pt-pt\/\">rosas eternas<\/a> para surpreender o teu parceiro num dia especial.  <\/p>\n<p>  As rosas desta cor s\u00e3o ideais para transmitir sentimentos de tranquilidade e gratid\u00e3o a outra pessoa.<br \/>\nAl\u00e9m disso, estas rosas podem esconder uma aur\u00e9ola de mist\u00e9rio, permitindo-te apreciar as rosas que t\u00eam uma cor especial.<br \/>\nEstas rosas n\u00e3o est\u00e3o apenas associadas ao luto, mas as rosas negras eternas significam que o amor \u00e9 eterno.<br \/>\nElas simbolizam um amor que vai para al\u00e9m do f\u00edsico, o que faz delas um presente muito bonito para oferecer ao teu parceiro.<br \/>\nPodem tamb\u00e9m ser consideradas como um s\u00edmbolo de esperan\u00e7a, paix\u00e3o e mist\u00e9rio, sendo rosas que s\u00e3o, sem d\u00favida, uma \u00f3ptima escolha.<br \/>\nLembra-te que tornar o dia especial depende de ti e de mais ningu\u00e9m!       <\/p>\n<p style=\"text-align: justify;\">Podes contar connosco para qualquer d\u00favida que tenhas sobre a nossa rosa negra liofilizada e obt\u00ea-la ao melhor pre\u00e7o na nossa loja online. Vais adorar!<\/p>\n","protected":false},"excerpt":{"rendered":"<p style=\"text-align: justify;\">N\u00e3o percas a nossa rosa eterna preta, um excelente exemplo de um presente de bom gosto que agradar\u00e1 tanto a amigos como a desconhecidos. Quem n\u00e3o gosta de uma bela flor natural?<br \/>\nN\u00e3o as percas e n\u00e3o te arrepender\u00e1s. <\/p>\n","protected":false},"featured_media":8926,"comment_status":"open","ping_status":"closed","template":"","meta":{"_uag_custom_page_level_css":"","_joinchat":[]},"product_brand":[],"product_cat":[85],"product_tag":[],"class_list":{"0":"post-10664","1":"product","2":"type-product","3":"status-publish","4":"has-post-thumbnail","6":"product_cat-rosas-coloridas","8":"first","9":"instock","10":"taxable","11":"shipping-taxable","12":"purchasable","13":"product-type-simple","14":"add-to-wishlist-after_add_to_cart"},"yoast_head":"<!-- This site is optimized with the Yoast SEO plugin v25.0 - https:\/\/yoast.com\/wordpress\/plugins\/seo\/ -->\n<title>Comprar Eternal Black Rose: Escolhe liofilizado : Rosaeterna.online<\/title>\n<meta name=\"description\" content=\"Est\u00e1s \u00e0 procura de uma rosa eterna preta? Ent\u00e3o n\u00e3o percas tempo e adquire-a ao melhor pre\u00e7o do mercado apenas em Rosaeterna.online Esperamos por ti dentro!\" \/>\n<meta name=\"robots\" content=\"index, follow, max-snippet:-1, max-image-preview:large, max-video-preview:-1\" \/>\n<link rel=\"canonical\" href=\"https:\/\/rosaeterna.online\/pt-pt\/p\/rosa-preservada-preta\/\" \/>\n<meta property=\"og:locale\" content=\"pt_PT\" \/>\n<meta property=\"og:type\" content=\"article\" \/>\n<meta property=\"og:title\" content=\"Comprar Eternal Black Rose: Escolhe liofilizado : Rosaeterna.online\" \/>\n<meta property=\"og:description\" content=\"Est\u00e1s \u00e0 procura de uma rosa eterna preta? Ent\u00e3o n\u00e3o percas tempo e adquire-a ao melhor pre\u00e7o do mercado apenas em Rosaeterna.online Esperamos por ti dentro!\" \/>\n<meta property=\"og:url\" content=\"https:\/\/rosaeterna.online\/pt-pt\/p\/rosa-preservada-preta\/\" \/>\n<meta property=\"og:site_name\" content=\"Rosa Eterna\" \/>\n<meta property=\"article:modified_time\" content=\"2024-11-08T11:03:11+00:00\" \/>\n<meta property=\"og:image\" content=\"https:\/\/rosaeterna.online\/wp-content\/uploads\/2017\/12\/rosa-eterna-negra-2-scaled.jpg\" \/>\n\t<meta property=\"og:image:width\" content=\"2036\" \/>\n\t<meta property=\"og:image:height\" content=\"2560\" \/>\n\t<meta property=\"og:image:type\" content=\"image\/jpeg\" \/>\n<meta name=\"twitter:card\" content=\"summary_large_image\" \/>\n<meta name=\"twitter:label1\" content=\"Tempo estimado de leitura\" \/>\n\t<meta name=\"twitter:data1\" content=\"1 minuto\" \/>\n<!-- \/ Yoast SEO plugin. -->","yoast_head_json":{"title":"Comprar Eternal Black Rose: Escolhe liofilizado : Rosaeterna.online","description":"Est\u00e1s \u00e0 procura de uma rosa eterna preta? Ent\u00e3o n\u00e3o percas tempo e adquire-a ao melhor pre\u00e7o do mercado apenas em Rosaeterna.online Esperamos por ti dentro!","robots":{"index":"index","follow":"follow","max-snippet":"max-snippet:-1","max-image-preview":"max-image-preview:large","max-video-preview":"max-video-preview:-1"},"canonical":"https:\/\/rosaeterna.online\/pt-pt\/p\/rosa-preservada-preta\/","og_locale":"pt_PT","og_type":"article","og_title":"Comprar Eternal Black Rose: Escolhe liofilizado : Rosaeterna.online","og_description":"Est\u00e1s \u00e0 procura de uma rosa eterna preta? Ent\u00e3o n\u00e3o percas tempo e adquire-a ao melhor pre\u00e7o do mercado apenas em Rosaeterna.online Esperamos por ti dentro!","og_url":"https:\/\/rosaeterna.online\/pt-pt\/p\/rosa-preservada-preta\/","og_site_name":"Rosa Eterna","article_modified_time":"2024-11-08T11:03:11+00:00","og_image":[{"width":2036,"height":2560,"url":"https:\/\/rosaeterna.online\/wp-content\/uploads\/2017\/12\/rosa-eterna-negra-2-scaled.jpg","type":"image\/jpeg"}],"twitter_card":"summary_large_image","twitter_misc":{"Tempo estimado de leitura":"1 minuto"},"schema":{"@context":"https:\/\/schema.org","@graph":[{"@type":"WebPage","@id":"https:\/\/rosaeterna.online\/pt-pt\/p\/rosa-preservada-preta\/","url":"https:\/\/rosaeterna.online\/pt-pt\/p\/rosa-preservada-preta\/","name":"Comprar Eternal Black Rose: Escolhe liofilizado : Rosaeterna.online","isPartOf":{"@id":"https:\/\/rosaeterna.online\/pt-pt\/#website"},"primaryImageOfPage":{"@id":"https:\/\/rosaeterna.online\/pt-pt\/p\/rosa-preservada-preta\/#primaryimage"},"image":{"@id":"https:\/\/rosaeterna.online\/pt-pt\/p\/rosa-preservada-preta\/#primaryimage"},"thumbnailUrl":"https:\/\/rosaeterna.online\/wp-content\/uploads\/2017\/12\/rosa-eterna-negra-2-scaled.jpg","datePublished":"2024-06-29T11:13:28+00:00","dateModified":"2024-11-08T11:03:11+00:00","description":"Est\u00e1s \u00e0 procura de uma rosa eterna preta? Ent\u00e3o n\u00e3o percas tempo e adquire-a ao melhor pre\u00e7o do mercado apenas em Rosaeterna.online Esperamos por ti dentro!","breadcrumb":{"@id":"https:\/\/rosaeterna.online\/pt-pt\/p\/rosa-preservada-preta\/#breadcrumb"},"inLanguage":"pt-PT","potentialAction":[{"@type":"ReadAction","target":["https:\/\/rosaeterna.online\/pt-pt\/p\/rosa-preservada-preta\/"]}]},{"@type":"ImageObject","inLanguage":"pt-PT","@id":"https:\/\/rosaeterna.online\/pt-pt\/p\/rosa-preservada-preta\/#primaryimage","url":"https:\/\/rosaeterna.online\/wp-content\/uploads\/2017\/12\/rosa-eterna-negra-2-scaled.jpg","contentUrl":"https:\/\/rosaeterna.online\/wp-content\/uploads\/2017\/12\/rosa-eterna-negra-2-scaled.jpg","width":2036,"height":2560,"caption":"rosa negra e eterna"},{"@type":"BreadcrumbList","@id":"https:\/\/rosaeterna.online\/pt-pt\/p\/rosa-preservada-preta\/#breadcrumb","itemListElement":[{"@type":"ListItem","position":1,"name":"Portada","item":"https:\/\/rosaeterna.online\/pt-pt\/"},{"@type":"ListItem","position":2,"name":"Produtos","item":"https:\/\/rosaeterna.online\/pt-pt\/shop\/"},{"@type":"ListItem","position":3,"name":"Rosa eterna preta"}]},{"@type":"WebSite","@id":"https:\/\/rosaeterna.online\/pt-pt\/#website","url":"https:\/\/rosaeterna.online\/pt-pt\/","name":"Rosa Eterna","description":"Haz que dure","potentialAction":[{"@type":"SearchAction","target":{"@type":"EntryPoint","urlTemplate":"https:\/\/rosaeterna.online\/pt-pt\/?s={search_term_string}"},"query-input":{"@type":"PropertyValueSpecification","valueRequired":true,"valueName":"search_term_string"}}],"inLanguage":"pt-PT"}]}},"uagb_featured_image_src":{"full":["https:\/\/rosaeterna.online\/wp-content\/uploads\/2017\/12\/rosa-eterna-negra-2-scaled.jpg",2036,2560,false],"thumbnail":["https:\/\/rosaeterna.online\/wp-content\/uploads\/2017\/12\/rosa-eterna-negra-2-150x150.jpg",150,150,true],"medium":["https:\/\/rosaeterna.online\/wp-content\/uploads\/2017\/12\/rosa-eterna-negra-2-239x300.jpg",239,300,true],"medium_large":["https:\/\/rosaeterna.online\/wp-content\/uploads\/2017\/12\/rosa-eterna-negra-2-768x966.jpg",768,966,true],"large":["https:\/\/rosaeterna.online\/wp-content\/uploads\/2017\/12\/rosa-eterna-negra-2-814x1024.jpg",814,1024,true],"1536x1536":["https:\/\/rosaeterna.online\/wp-content\/uploads\/2017\/12\/rosa-eterna-negra-2-scaled.jpg",1222,1536,false],"2048x2048":["https:\/\/rosaeterna.online\/wp-content\/uploads\/2017\/12\/rosa-eterna-negra-2-scaled.jpg",1629,2048,false],"blog-isotope":["https:\/\/rosaeterna.online\/wp-content\/uploads\/2017\/12\/rosa-eterna-negra-2-scaled.jpg",398,500,false],"woocommerce_thumbnail":["https:\/\/rosaeterna.online\/wp-content\/uploads\/2017\/12\/rosa-eterna-negra-2-350x435.jpg",350,435,true],"woocommerce_single":["https:\/\/rosaeterna.online\/wp-content\/uploads\/2017\/12\/rosa-eterna-negra-2-920x1157.jpg",920,1157,true],"woocommerce_gallery_thumbnail":["https:\/\/rosaeterna.online\/wp-content\/uploads\/2017\/12\/rosa-eterna-negra-2-100x100.jpg",100,100,true],"eh_logo_image_size":["https:\/\/rosaeterna.online\/wp-content\/uploads\/2017\/12\/rosa-eterna-negra-2-scaled.jpg",72,90,false],"eh_header_image_size":["https:\/\/rosaeterna.online\/wp-content\/uploads\/2017\/12\/rosa-eterna-negra-2-scaled.jpg",72,90,false],"wcpr-photo-reviews":["https:\/\/rosaeterna.online\/wp-content\/uploads\/2017\/12\/rosa-eterna-negra-2-scaled.jpg",398,500,false]},"uagb_author_info":{"display_name":"Fran","author_link":"https:\/\/rosaeterna.online\/pt-pt"},"uagb_comment_info":0,"uagb_excerpt":"N\u00e3o percas a nossa rosa eterna preta, um excelente exemplo de um presente de bom gosto que agradar\u00e1 tanto a amigos como a desconhecidos. Quem n\u00e3o gosta de uma bela flor natural? N\u00e3o as percas e n\u00e3o te arrepender\u00e1s.","_links":{"self":[{"href":"https:\/\/rosaeterna.online\/pt-pt\/wp-json\/wp\/v2\/product\/10664","targetHints":{"allow":["GET"]}}],"collection":[{"href":"https:\/\/rosaeterna.online\/pt-pt\/wp-json\/wp\/v2\/product"}],"about":[{"href":"https:\/\/rosaeterna.online\/pt-pt\/wp-json\/wp\/v2\/types\/product"}],"replies":[{"embeddable":true,"href":"https:\/\/rosaeterna.online\/pt-pt\/wp-json\/wp\/v2\/comments?post=10664"}],"wp:featuredmedia":[{"embeddable":true,"href":"https:\/\/rosaeterna.online\/pt-pt\/wp-json\/wp\/v2\/media\/8926"}],"wp:attachment":[{"href":"https:\/\/rosaeterna.online\/pt-pt\/wp-json\/wp\/v2\/media?parent=10664"}],"wp:term":[{"taxonomy":"product_brand","embeddable":true,"href":"https:\/\/rosaeterna.online\/pt-pt\/wp-json\/wp\/v2\/product_brand?post=10664"},{"taxonomy":"product_cat","embeddable":true,"href":"https:\/\/rosaeterna.online\/pt-pt\/wp-json\/wp\/v2\/product_cat?post=10664"},{"taxonomy":"product_tag","embeddable":true,"href":"https:\/\/rosaeterna.online\/pt-pt\/wp-json\/wp\/v2\/product_tag?post=10664"}],"curies":[{"name":"wp","href":"https:\/\/api.w.org\/{rel}","templated":true}]}}