{"id":10654,"date":"2018-03-16T20:28:45","date_gmt":"2018-03-16T20:28:45","guid":{"rendered":"https:\/\/rosaeterna.online\/perguntas-frequentes\/"},"modified":"2018-03-16T20:28:45","modified_gmt":"2018-03-16T20:28:45","slug":"perguntas-frequentes","status":"publish","type":"page","link":"https:\/\/rosaeterna.online\/pt-pt\/perguntas-frequentes\/","title":{"rendered":"PERGUNTAS FREQUENTES"},"content":{"rendered":"<div class=\"col-sm-8 shop-isle-page-content\">\n<article id=\"post-25\" class=\"post-25 page type-page status-publish hentry\">\n<div class=\"entry-content\">\n<p>Se est\u00e1s a pensar em\u00a0<a href=\"https:\/\/rosaeterna.online\/pt-pt\/\">comprar uma rosa liofilizada<\/a>, est\u00e1s no s\u00edtio certo, disso n\u00e3o h\u00e1 d\u00favida, mas \u00e9 poss\u00edvel que, antes de fazer a compra, tenhas v\u00e1rias d\u00favidas. Nesta p\u00e1gina, compilamos as principais perguntas que os nossos clientes nos fazem, ent\u00e3o d\u00e1 uma vista de olhos e se h\u00e1 algo que n\u00e3o encaixe, j\u00e1 sabes onde estamos.<\/p>\n<h2><strong>Antes de fazer o teu pedido<\/strong><\/h2>\n<p>Aqui encontrar\u00e1s todas as d\u00favidas que possam surgir antes de fazer a compra connosco. Vamos ajudar-te a resolver os principais problemas:<\/p>\n<h3>Quanto demorar\u00e1 a chegar a minha rosa?<\/h3>\n<p>Em princ\u00edpio, enquanto houver stock, as rosas demoram de 24 a 72 horas a chegar, dependendo do envio selecionado. Podes escolher o m\u00e9todo de envio que mais te convier, o gratuito de 2 a 3 dias \u00fateis ou o express em 24 horas (em dias \u00fateis), se pedes antes das 12h00. Vamos a isso!<\/p>\n<h3>Posso pedir uma das vossas rosas se vivo fora de Portugal?<\/h3>\n<p>Claro, podes fazer o teu pedido onde quer que estejas, os nossos envios s\u00e3o worldwide e podemos lev\u00e1-las at\u00e9 onde estiveres. No entanto, os nossos portes de envio s\u00e3o v\u00e1lidos para Portugal Continental, para o resto de lugares precisamos or\u00e7ament\u00e1-lo! Pede o teu or\u00e7amento sem compromisso!<\/p>\n<h3>Podem enviar uma mensagem personalizada com o meu pedido?<\/h3>\n<p>\u00c9 claro que, de fato, em cada p\u00e1gina de produto, encontrar\u00e1s um campo onde poder\u00e1s personalizar de forma opcional para que adicionemos uma mensagem. Esta mensagem ser\u00e1 escrita \u00e0 m\u00e3o e em papel colorido, n\u00e3o te preocupes, tentaremos faz\u00ea-la bonita.<\/p>\n<h3>Posso embrulh\u00e1-la para presente?<\/h3>\n<p>Sim, s\u00f3 precisas de pedir. Mas isso sim, vamos ver se gostas do nosso papel de embrulho, eh?<\/p>\n<h3>As outras flores t\u00eam um pedido m\u00ednimo?<\/h3>\n<p>Sim, em algumas flores preservadas, temos pre\u00e7os m\u00ednimos de compra. N\u00e3o \u00e9 assim com as rosas, que podes comprar o que quiseres e ter o envio gr\u00e1tis. Se o sistema n\u00e3o te mostra o envio gratuito, pode dever-se a que n\u00e3o atingiste o m\u00ednimo de 16 euros.<\/p>\n<h3>O que acontece se o pedido me chega mais tarde do estimado?<\/h3>\n<p>N\u00e3o nos responsabilizamos pelos erros das transportadoras, enviamos as encomendas \u00e0s 17:00 todos os dias, mas pode acontecer que por qualquer confus\u00e3o que nos \u00e9 alheia leve mais tempo a chegar. Se te urge calcula se te d\u00e1 tempo para fazer a encomenda.<\/p>\n<h3>Posso contatar convosco de algum modo?<\/h3>\n<p>Obviamente, teremos o maior prazer em conhecer-te atrav\u00e9s do nosso formul\u00e1rio de contato! Estamos \u00e0 tua espera!<\/p>\n<h3>Que formas de pagamento t\u00eam dispon\u00edvel?<\/h3>\n<p>Na nossa loja poder\u00e1s pagar como quiseres, temos Paypal, transfer\u00eancia banc\u00e1ria e, claro, pagamento com cart\u00e3o.<\/p>\n<h3>Se fa\u00e7o um pedido num feriado quando chegar\u00e1?<\/h3>\n<p>Todos os nossos prazos s\u00e3o para dias \u00fateis, ou seja, se fizeres o pedido express numa sexta-feira antes das 12:00, chegar\u00e1 na segunda-feira; assim como se teu pedido express for feito no domingo, chegar\u00e1 na ter\u00e7a-feira.<\/p>\n<h2><strong>Depois de fazer o pedido<\/strong><\/h2>\n<p>Sim, j\u00e1 fizeste o pedido, mas ainda tem algumas d\u00favidas. Aqui damos-te a solu\u00e7\u00e3o.<\/p>\n<h3>Como posso fazer o seguimento do meu pedido?<\/h3>\n<p>Se nos deixaste um n\u00famero de telefone, receber\u00e1s um SMS assim que o entregador recolher o pedido, que geralmente ocorre essa mesma tarde. Nele encontrar\u00e1s a informa\u00e7\u00e3o necess\u00e1ria e o tracking para saber onde est\u00e1 o teu pedido.<\/p>\n<h3>Pedi uma c\u00fapula com luzes, mas as luzes n\u00e3o est\u00e3o?<\/h3>\n<p>N\u00e3o te preocupes, com certeza que est\u00e3o. O fato \u00e9 que, por medo de que a flor sofra um corte pelo cabo de led, colocamos as luzes por separado. Encontrar\u00e1s um pacote com os led dentro, s\u00e3o muito f\u00e1ceis de colocar.<\/p>\n<h3>Que cuidados devo ter?<\/h3>\n<p>As nossas flores preservadas t\u00eam uma grande resist\u00eancia \u00e0 passagem do tempo, por isso n\u00e3o deves fazer muito, no entanto, criamos um post no qual explicamos\u00a0<a href=\"https:\/\/rosaeterna.online\/pt-pt\/cuidados\/\">os cuidados necess\u00e1rios<\/a>.<\/p>\n<h3>Que fa\u00e7o se a minha rosa chega partida?<\/h3>\n<p>A verdade \u00e9 que isso nunca nos aconteceu, como ver\u00e1s quando o pedido chegar, protegemos muito bem as nossas encomendas para que n\u00e3o haja o menor problema. No entanto, caso algo aconte\u00e7a com a tua c\u00fapula, enviaremos uma nova.<\/p>\n<h2><strong>Devolu\u00e7\u00f5es<\/strong><\/h2>\n<p>O cliente tem direito a rescindir o contrato sem necessidade de justifica\u00e7\u00e3o, no prazo de 14 dias de calend\u00e1rio a contar da recep\u00e7\u00e3o do produto.<\/p>\n<p>O(s) artigo(s) deve(m) estar(em) em perfeito estado.<\/p>\n<p>Para solicitar uma devolu\u00e7\u00e3o deve enviar um e-mail para hola@rosaeterna.online indicando o n\u00famero de encomenda no assunto.<\/p>\n<p>Ap\u00f3s verifica\u00e7\u00e3o dos dados e para que os artigos devolvidos cheguem em boas condi\u00e7\u00f5es \u00e0s nossas instala\u00e7\u00f5es, enviaremos uma transportadora para recolher a encomenda no prazo de 24 a 72 horas \u00fateis.<\/p>\n<p>O montante correspondente aos artigos a devolver ser\u00e1 reembolsado, as despesas de envio e devolu\u00e7\u00e3o (9\u20ac) n\u00e3o ser\u00e3o reembolsadas.<\/p>\n<p>O reembolso ser\u00e1 feito assim que recebermos a encomenda nas nossas instala\u00e7\u00f5es e verificarmos se esta se encontra em perfeitas condi\u00e7\u00f5es.\u00a0O reembolso ser\u00e1 efectuado pelos mesmos meios em que a encomenda foi efectuada (cart\u00e3o de cr\u00e9dito, PayPal e\/ou transfer\u00eancia).<\/p>\n<p>No caso de o artigo chegar danificado \u00e9 necess\u00e1rio notific\u00e1-lo na recep\u00e7\u00e3o para que possamos enviar um novo pacote, caso contr\u00e1rio n\u00e3o poderemos reclamar \u00e0 empresa de transporte e a empresa n\u00e3o ser\u00e1 respons\u00e1vel.<\/p>\n<\/div>\n<\/article>\n<\/div>\n","protected":false},"excerpt":{"rendered":"<p>Se est\u00e1s a pensar em\u00a0comprar uma rosa liofilizada, est\u00e1s no s\u00edtio certo, disso n\u00e3o h\u00e1 d\u00favida, mas \u00e9 poss\u00edvel que, antes de fazer a compra, tenhas v\u00e1rias d\u00favidas. Nesta p\u00e1gina, compilamos as principais perguntas que os nossos clientes nos fazem, ent\u00e3o d\u00e1 uma vista de olhos e se h\u00e1 algo que n\u00e3o encaixe, j\u00e1 sabes [&hellip;]<\/p>\n","protected":false},"author":1,"featured_media":0,"parent":0,"menu_order":0,"comment_status":"closed","ping_status":"closed","template":"","meta":{"_uag_custom_page_level_css":"","_joinchat":[],"footnotes":""},"class_list":["post-10654","page","type-page","status-publish","hentry"],"yoast_head":"<!-- This site is optimized with the Yoast SEO plugin v25.0 - https:\/\/yoast.com\/wordpress\/plugins\/seo\/ -->\n<title>PERGUNTAS FREQUENTES - Rosa Eterna<\/title>\n<meta name=\"robots\" content=\"index, follow, max-snippet:-1, max-image-preview:large, max-video-preview:-1\" \/>\n<link rel=\"canonical\" href=\"https:\/\/rosaeterna.online\/pt-pt\/perguntas-frequentes\/\" \/>\n<meta property=\"og:locale\" content=\"pt_PT\" \/>\n<meta property=\"og:type\" content=\"article\" \/>\n<meta property=\"og:title\" content=\"PERGUNTAS FREQUENTES - Rosa Eterna\" \/>\n<meta property=\"og:description\" content=\"Se est\u00e1s a pensar em\u00a0comprar uma rosa liofilizada, est\u00e1s no s\u00edtio certo, disso n\u00e3o h\u00e1 d\u00favida, mas \u00e9 poss\u00edvel que, antes de fazer a compra, tenhas v\u00e1rias d\u00favidas. Nesta p\u00e1gina, compilamos as principais perguntas que os nossos clientes nos fazem, ent\u00e3o d\u00e1 uma vista de olhos e se h\u00e1 algo que n\u00e3o encaixe, j\u00e1 sabes [&hellip;]\" \/>\n<meta property=\"og:url\" content=\"https:\/\/rosaeterna.online\/pt-pt\/perguntas-frequentes\/\" \/>\n<meta property=\"og:site_name\" content=\"Rosa Eterna\" \/>\n<meta name=\"twitter:card\" content=\"summary_large_image\" \/>\n<meta name=\"twitter:label1\" content=\"Tempo estimado de leitura\" \/>\n\t<meta name=\"twitter:data1\" content=\"5 minutos\" \/>\n<!-- \/ Yoast SEO plugin. -->","yoast_head_json":{"title":"PERGUNTAS FREQUENTES - Rosa Eterna","robots":{"index":"index","follow":"follow","max-snippet":"max-snippet:-1","max-image-preview":"max-image-preview:large","max-video-preview":"max-video-preview:-1"},"canonical":"https:\/\/rosaeterna.online\/pt-pt\/perguntas-frequentes\/","og_locale":"pt_PT","og_type":"article","og_title":"PERGUNTAS FREQUENTES - Rosa Eterna","og_description":"Se est\u00e1s a pensar em\u00a0comprar uma rosa liofilizada, est\u00e1s no s\u00edtio certo, disso n\u00e3o h\u00e1 d\u00favida, mas \u00e9 poss\u00edvel que, antes de fazer a compra, tenhas v\u00e1rias d\u00favidas. Nesta p\u00e1gina, compilamos as principais perguntas que os nossos clientes nos fazem, ent\u00e3o d\u00e1 uma vista de olhos e se h\u00e1 algo que n\u00e3o encaixe, j\u00e1 sabes [&hellip;]","og_url":"https:\/\/rosaeterna.online\/pt-pt\/perguntas-frequentes\/","og_site_name":"Rosa Eterna","twitter_card":"summary_large_image","twitter_misc":{"Tempo estimado de leitura":"5 minutos"},"schema":{"@context":"https:\/\/schema.org","@graph":[{"@type":"WebPage","@id":"https:\/\/rosaeterna.online\/pt-pt\/perguntas-frequentes\/","url":"https:\/\/rosaeterna.online\/pt-pt\/perguntas-frequentes\/","name":"PERGUNTAS FREQUENTES - Rosa Eterna","isPartOf":{"@id":"https:\/\/rosaeterna.online\/pt-pt\/#website"},"datePublished":"2018-03-16T20:28:45+00:00","breadcrumb":{"@id":"https:\/\/rosaeterna.online\/pt-pt\/perguntas-frequentes\/#breadcrumb"},"inLanguage":"pt-PT","potentialAction":[{"@type":"ReadAction","target":["https:\/\/rosaeterna.online\/pt-pt\/perguntas-frequentes\/"]}]},{"@type":"BreadcrumbList","@id":"https:\/\/rosaeterna.online\/pt-pt\/perguntas-frequentes\/#breadcrumb","itemListElement":[{"@type":"ListItem","position":1,"name":"Portada","item":"https:\/\/rosaeterna.online\/pt-pt\/"},{"@type":"ListItem","position":2,"name":"PERGUNTAS FREQUENTES"}]},{"@type":"WebSite","@id":"https:\/\/rosaeterna.online\/pt-pt\/#website","url":"https:\/\/rosaeterna.online\/pt-pt\/","name":"Rosa Eterna","description":"Haz que dure","potentialAction":[{"@type":"SearchAction","target":{"@type":"EntryPoint","urlTemplate":"https:\/\/rosaeterna.online\/pt-pt\/?s={search_term_string}"},"query-input":{"@type":"PropertyValueSpecification","valueRequired":true,"valueName":"search_term_string"}}],"inLanguage":"pt-PT"}]}},"uagb_featured_image_src":{"full":false,"thumbnail":false,"medium":false,"medium_large":false,"large":false,"1536x1536":false,"2048x2048":false,"blog-isotope":false,"woocommerce_thumbnail":false,"woocommerce_single":false,"woocommerce_gallery_thumbnail":false,"eh_logo_image_size":false,"eh_header_image_size":false,"wcpr-photo-reviews":false},"uagb_author_info":{"display_name":"Fran","author_link":"https:\/\/rosaeterna.online\/pt-pt"},"uagb_comment_info":0,"uagb_excerpt":"Se est\u00e1s a pensar em\u00a0comprar uma rosa liofilizada, est\u00e1s no s\u00edtio certo, disso n\u00e3o h\u00e1 d\u00favida, mas \u00e9 poss\u00edvel que, antes de fazer a compra, tenhas v\u00e1rias d\u00favidas. Nesta p\u00e1gina, compilamos as principais perguntas que os nossos clientes nos fazem, ent\u00e3o d\u00e1 uma vista de olhos e se h\u00e1 algo que n\u00e3o encaixe, j\u00e1 sabes&hellip;","_links":{"self":[{"href":"https:\/\/rosaeterna.online\/pt-pt\/wp-json\/wp\/v2\/pages\/10654","targetHints":{"allow":["GET"]}}],"collection":[{"href":"https:\/\/rosaeterna.online\/pt-pt\/wp-json\/wp\/v2\/pages"}],"about":[{"href":"https:\/\/rosaeterna.online\/pt-pt\/wp-json\/wp\/v2\/types\/page"}],"author":[{"embeddable":true,"href":"https:\/\/rosaeterna.online\/pt-pt\/wp-json\/wp\/v2\/users\/1"}],"replies":[{"embeddable":true,"href":"https:\/\/rosaeterna.online\/pt-pt\/wp-json\/wp\/v2\/comments?post=10654"}],"version-history":[{"count":0,"href":"https:\/\/rosaeterna.online\/pt-pt\/wp-json\/wp\/v2\/pages\/10654\/revisions"}],"wp:attachment":[{"href":"https:\/\/rosaeterna.online\/pt-pt\/wp-json\/wp\/v2\/media?parent=10654"}],"curies":[{"name":"wp","href":"https:\/\/api.w.org\/{rel}","templated":true}]}}