{"id":20264,"date":"2018-05-07T17:28:12","date_gmt":"2018-05-07T17:28:12","guid":{"rendered":"https:\/\/dev.rosaeterna.online\/producto\/szklana-kopula\/"},"modified":"2024-10-20T04:06:12","modified_gmt":"2024-10-20T04:06:12","slug":"szklana-kopula","status":"publish","type":"product","link":"https:\/\/rosaeterna.online\/pl\/p\/szklana-kopula\/","title":{"rendered":"Szklana kopu\u0142a"},"content":{"rendered":"<p style=\"text-align: justify;\">Kup szklan\u0105 kopu\u0142\u0119 do dekoracji kwiatami lub czymkolwiek chcesz w najlepszej cenie, w Rosaeterna.online zajmujemy si\u0119 dekoracj\u0105 kwiatow\u0105 i dlatego mamy niskie ceny, dzi\u0119ki czemu mo\u017cesz kupi\u0107 tani\u0105 szklan\u0105 kopu\u0142\u0119, kt\u00f3r\u0105 pokochasz!<\/p>\n<h2 style=\"text-align: center;\"><strong>Jakie rodzaje szklanych kopu\u0142 posiadamy<\/strong><\/h2>\n<p style=\"text-align: justify;\">Mamy r\u00f3\u017cne rodzaje tanich szklanych kopu\u0142, u nas mo\u017cesz je kupi\u0107, aby odtworzy\u0107 <a href=\"https:\/\/rosaeterna.online\/pl\/p\/roza-piekna-i-bestia\/\">zaczarowan\u0105 r\u00f3\u017c\u0119 z Pi\u0119knej i Bestii<\/a>, wi\u0119c je\u015bli my\u015blisz o zrobieniu tego samemu, mo\u017cesz spojrze\u0107 na nasze <a href=\"https:\/\/rosaeterna.online\/pl\/\">kolorowe wieczne r\u00f3\u017ce<\/a> i ten szklany dzwonek, na pewno je pokochasz!<\/p>\n<p style=\"text-align: justify;\">Mo\u017cesz kupi\u0107 nasze szklane kopu\u0142y w rozmiarze 25 wysoko\u015bci na 15 \u015brednicy, cho\u0107 oczywi\u015bcie mo\u017cemy je r\u00f3wnie\u017c dostarczy\u0107 w innych rozmiarach.<br \/>\nJe\u015bli rozmiar, kt\u00f3ry mamy domy\u015blnie, nie pasuje do Ciebie, mo\u017cesz skontaktowa\u0107 si\u0119 z nami, a my natychmiast przygotujemy dla Ciebie bud\u017cet, czekamy na Ciebie. <\/p>\n<h2 style=\"text-align: center;\"><strong>Do czego mo\u017cesz u\u017cy\u0107 szklanego dzwonka<\/strong><\/h2>\n<p style=\"text-align: justify;\">Zakup szklanego dzwonka do dekoracji to \u015bwietny pomys\u0142, ale mo\u017cesz jeszcze nie wiedzie\u0107, do czego mo\u017cesz go u\u017cy\u0107.<br \/>\nW\u0142a\u015bnie dlatego zdecydowali\u015bmy si\u0119 poda\u0107 tutaj kilka przyk\u0142ad\u00f3w, aby\u015b m\u00f3g\u0142 zorientowa\u0107 si\u0119, do czego mo\u017cesz u\u017cy\u0107 kapsu\u0142y. <\/p>\n<p>  Nasze tanie szklane kopu\u0142y mog\u0105 by\u0107 u\u017cywane do:  <\/p>\n<ul>\n<li>Tworzenie zamkni\u0119tej r\u00f3\u017cy<\/li>\n<li>Wy\u015bwietlanie szklanej miniatury<\/li>\n<li>Wystawianie ma\u0142ego pos\u0105gu<\/li>\n<li>Dekoracja z ro\u015blin i kwiat\u00f3w<\/li>\n<\/ul>\n<p>  Kr\u00f3tko m\u00f3wi\u0105c, b\u0119dziesz w stanie zrobi\u0107 z nimi wszystko.  <\/p>\n<h2 style=\"text-align: center;\"><strong>Gdzie kupi\u0107 szklany dzwonek do dekoracji?<\/strong><\/h2>\n<p style=\"text-align: justify;\">C\u00f3\u017c, odpowied\u017a jest bardzo prosta, mo\u017cesz kupi\u0107 u nas tani\u0105 szklan\u0105 kopu\u0142\u0119 online w najlepszej cenie, a my wy\u015blemy j\u0105 w dowolne miejsce tak szybko, jak to mo\u017cliwe.<br \/>\nW ostatnich latach wsp\u00f3\u0142pracowali\u015bmy z wieloma kwiaciarniami i dekoratorami, osi\u0105gaj\u0105c doskona\u0142e wyniki. Czy chcesz by\u0107 jednym z nich? <\/p>\n<p style=\"text-align: justify;\">Je\u015bli masz jakie\u015b pytania, ch\u0119tnie Ci pomo\u017cemy za po\u015brednictwem naszego formularza kontaktowego.<\/p>\n","protected":false},"excerpt":{"rendered":"<p style=\"text-align: justify;\">Kup u nas tani\u0105 szklan\u0105 kopu\u0142\u0119 online.<br \/>\nMamy specjalne ceny dla hurtownik\u00f3w. Uruchom i skorzystaj z naszej BEZP\u0141ATNEJ wysy\u0142ki! <\/p>\n","protected":false},"featured_media":8603,"comment_status":"open","ping_status":"closed","template":"","meta":{"_uag_custom_page_level_css":"","_joinchat":[]},"product_brand":[],"product_cat":[235],"product_tag":[],"class_list":{"0":"post-20264","1":"product","2":"type-product","3":"status-publish","4":"has-post-thumbnail","6":"product_cat-wesela","7":"product_shipping_class-z-wysylka","9":"first","10":"instock","11":"taxable","12":"shipping-taxable","13":"purchasable","14":"product-type-variable","15":"add-to-wishlist-after_add_to_cart"},"yoast_head":"<!-- This site is optimized with the Yoast SEO plugin v25.0 - https:\/\/yoast.com\/wordpress\/plugins\/seo\/ -->\n<title>Kup swoj\u0105 tani\u0105 szklan\u0105 kopu\u0142\u0119: Rosaeterna.online<\/title>\n<meta name=\"description\" content=\"Kup tanio szklan\u0105 kopu\u0142\u0119 online. W Rosaeterna.online jeste\u015bmy hurtownikami i mamy najlepsze ceny.\" \/>\n<meta name=\"robots\" content=\"index, follow, max-snippet:-1, max-image-preview:large, max-video-preview:-1\" \/>\n<link rel=\"canonical\" href=\"https:\/\/rosaeterna.online\/pl\/p\/szklana-kopula\/\" \/>\n<meta property=\"og:locale\" content=\"pl_PL\" \/>\n<meta property=\"og:type\" content=\"article\" \/>\n<meta property=\"og:title\" content=\"Kup swoj\u0105 tani\u0105 szklan\u0105 kopu\u0142\u0119: Rosaeterna.online\" \/>\n<meta property=\"og:description\" content=\"Kup tanio szklan\u0105 kopu\u0142\u0119 online. W Rosaeterna.online jeste\u015bmy hurtownikami i mamy najlepsze ceny.\" \/>\n<meta property=\"og:url\" content=\"https:\/\/rosaeterna.online\/pl\/p\/szklana-kopula\/\" \/>\n<meta property=\"og:site_name\" content=\"Rosa Eterna\" \/>\n<meta property=\"article:modified_time\" content=\"2024-10-20T04:06:12+00:00\" \/>\n<meta property=\"og:image\" content=\"https:\/\/rosaeterna.online\/wp-content\/uploads\/2018\/05\/cupula-de-cristal-scaled.jpg\" \/>\n\t<meta property=\"og:image:width\" content=\"2560\" \/>\n\t<meta property=\"og:image:height\" content=\"2560\" \/>\n\t<meta property=\"og:image:type\" content=\"image\/jpeg\" \/>\n<meta name=\"twitter:card\" content=\"summary_large_image\" \/>\n<meta name=\"twitter:label1\" content=\"Szacowany czas czytania\" \/>\n\t<meta name=\"twitter:data1\" content=\"2 minuty\" \/>\n<!-- \/ Yoast SEO plugin. -->","yoast_head_json":{"title":"Kup swoj\u0105 tani\u0105 szklan\u0105 kopu\u0142\u0119: Rosaeterna.online","description":"Kup tanio szklan\u0105 kopu\u0142\u0119 online. W Rosaeterna.online jeste\u015bmy hurtownikami i mamy najlepsze ceny.","robots":{"index":"index","follow":"follow","max-snippet":"max-snippet:-1","max-image-preview":"max-image-preview:large","max-video-preview":"max-video-preview:-1"},"canonical":"https:\/\/rosaeterna.online\/pl\/p\/szklana-kopula\/","og_locale":"pl_PL","og_type":"article","og_title":"Kup swoj\u0105 tani\u0105 szklan\u0105 kopu\u0142\u0119: Rosaeterna.online","og_description":"Kup tanio szklan\u0105 kopu\u0142\u0119 online. W Rosaeterna.online jeste\u015bmy hurtownikami i mamy najlepsze ceny.","og_url":"https:\/\/rosaeterna.online\/pl\/p\/szklana-kopula\/","og_site_name":"Rosa Eterna","article_modified_time":"2024-10-20T04:06:12+00:00","og_image":[{"width":2560,"height":2560,"url":"https:\/\/rosaeterna.online\/wp-content\/uploads\/2018\/05\/cupula-de-cristal-scaled.jpg","type":"image\/jpeg"}],"twitter_card":"summary_large_image","twitter_misc":{"Szacowany czas czytania":"2 minuty"},"schema":{"@context":"https:\/\/schema.org","@graph":[{"@type":"WebPage","@id":"https:\/\/rosaeterna.online\/pl\/p\/szklana-kopula\/","url":"https:\/\/rosaeterna.online\/pl\/p\/szklana-kopula\/","name":"Kup swoj\u0105 tani\u0105 szklan\u0105 kopu\u0142\u0119: Rosaeterna.online","isPartOf":{"@id":"https:\/\/rosaeterna.online\/pl\/#website"},"primaryImageOfPage":{"@id":"https:\/\/rosaeterna.online\/pl\/p\/szklana-kopula\/#primaryimage"},"image":{"@id":"https:\/\/rosaeterna.online\/pl\/p\/szklana-kopula\/#primaryimage"},"thumbnailUrl":"https:\/\/rosaeterna.online\/wp-content\/uploads\/2018\/05\/cupula-de-cristal-scaled.jpg","datePublished":"2018-05-07T17:28:12+00:00","dateModified":"2024-10-20T04:06:12+00:00","description":"Kup tanio szklan\u0105 kopu\u0142\u0119 online. W Rosaeterna.online jeste\u015bmy hurtownikami i mamy najlepsze ceny.","breadcrumb":{"@id":"https:\/\/rosaeterna.online\/pl\/p\/szklana-kopula\/#breadcrumb"},"inLanguage":"pl-PL","potentialAction":[{"@type":"ReadAction","target":["https:\/\/rosaeterna.online\/pl\/p\/szklana-kopula\/"]}]},{"@type":"ImageObject","inLanguage":"pl-PL","@id":"https:\/\/rosaeterna.online\/pl\/p\/szklana-kopula\/#primaryimage","url":"https:\/\/rosaeterna.online\/wp-content\/uploads\/2018\/05\/cupula-de-cristal-scaled.jpg","contentUrl":"https:\/\/rosaeterna.online\/wp-content\/uploads\/2018\/05\/cupula-de-cristal-scaled.jpg","width":2560,"height":2560,"caption":"kup szklan\u0105 kopu\u0142\u0119"},{"@type":"BreadcrumbList","@id":"https:\/\/rosaeterna.online\/pl\/p\/szklana-kopula\/#breadcrumb","itemListElement":[{"@type":"ListItem","position":1,"name":"Portada","item":"https:\/\/rosaeterna.online\/pl\/"},{"@type":"ListItem","position":2,"name":"Produkty","item":"https:\/\/rosaeterna.online\/pl\/sklep\/"},{"@type":"ListItem","position":3,"name":"Szklana kopu\u0142a"}]},{"@type":"WebSite","@id":"https:\/\/rosaeterna.online\/pl\/#website","url":"https:\/\/rosaeterna.online\/pl\/","name":"Rosa Eterna","description":"Haz que dure","potentialAction":[{"@type":"SearchAction","target":{"@type":"EntryPoint","urlTemplate":"https:\/\/rosaeterna.online\/pl\/?s={search_term_string}"},"query-input":{"@type":"PropertyValueSpecification","valueRequired":true,"valueName":"search_term_string"}}],"inLanguage":"pl-PL"}]}},"uagb_featured_image_src":{"full":["https:\/\/rosaeterna.online\/wp-content\/uploads\/2018\/05\/cupula-de-cristal-scaled.jpg",2560,2560,false],"thumbnail":["https:\/\/rosaeterna.online\/wp-content\/uploads\/2018\/05\/cupula-de-cristal-150x150.jpg",150,150,true],"medium":["https:\/\/rosaeterna.online\/wp-content\/uploads\/2018\/05\/cupula-de-cristal-300x300.jpg",300,300,true],"medium_large":["https:\/\/rosaeterna.online\/wp-content\/uploads\/2018\/05\/cupula-de-cristal-768x768.jpg",768,768,true],"large":["https:\/\/rosaeterna.online\/wp-content\/uploads\/2018\/05\/cupula-de-cristal-1024x1024.jpg",900,900,true],"1536x1536":["https:\/\/rosaeterna.online\/wp-content\/uploads\/2018\/05\/cupula-de-cristal-scaled.jpg",1536,1536,false],"2048x2048":["https:\/\/rosaeterna.online\/wp-content\/uploads\/2018\/05\/cupula-de-cristal-scaled.jpg",2048,2048,false],"blog-isotope":["https:\/\/rosaeterna.online\/wp-content\/uploads\/2018\/05\/cupula-de-cristal-scaled.jpg",500,500,false],"woocommerce_thumbnail":["https:\/\/rosaeterna.online\/wp-content\/uploads\/2018\/05\/cupula-de-cristal-350x435.jpg",350,435,true],"woocommerce_single":["https:\/\/rosaeterna.online\/wp-content\/uploads\/2018\/05\/cupula-de-cristal-920x920.jpg",920,920,true],"woocommerce_gallery_thumbnail":["https:\/\/rosaeterna.online\/wp-content\/uploads\/2018\/05\/cupula-de-cristal-100x100.jpg",100,100,true],"eh_logo_image_size":["https:\/\/rosaeterna.online\/wp-content\/uploads\/2018\/05\/cupula-de-cristal-scaled.jpg",90,90,false],"eh_header_image_size":["https:\/\/rosaeterna.online\/wp-content\/uploads\/2018\/05\/cupula-de-cristal-scaled.jpg",90,90,false],"wcpr-photo-reviews":["https:\/\/rosaeterna.online\/wp-content\/uploads\/2018\/05\/cupula-de-cristal-scaled.jpg",500,500,false]},"uagb_author_info":{"display_name":"Fran","author_link":"https:\/\/rosaeterna.online\/pl"},"uagb_comment_info":0,"uagb_excerpt":"Kup u nas tani\u0105 szklan\u0105 kopu\u0142\u0119 online. Mamy specjalne ceny dla hurtownik\u00f3w. Uruchom i skorzystaj z naszej BEZP\u0141ATNEJ wysy\u0142ki!","_links":{"self":[{"href":"https:\/\/rosaeterna.online\/pl\/wp-json\/wp\/v2\/product\/20264","targetHints":{"allow":["GET"]}}],"collection":[{"href":"https:\/\/rosaeterna.online\/pl\/wp-json\/wp\/v2\/product"}],"about":[{"href":"https:\/\/rosaeterna.online\/pl\/wp-json\/wp\/v2\/types\/product"}],"replies":[{"embeddable":true,"href":"https:\/\/rosaeterna.online\/pl\/wp-json\/wp\/v2\/comments?post=20264"}],"wp:featuredmedia":[{"embeddable":true,"href":"https:\/\/rosaeterna.online\/pl\/wp-json\/wp\/v2\/media\/8603"}],"wp:attachment":[{"href":"https:\/\/rosaeterna.online\/pl\/wp-json\/wp\/v2\/media?parent=20264"}],"wp:term":[{"taxonomy":"product_brand","embeddable":true,"href":"https:\/\/rosaeterna.online\/pl\/wp-json\/wp\/v2\/product_brand?post=20264"},{"taxonomy":"product_cat","embeddable":true,"href":"https:\/\/rosaeterna.online\/pl\/wp-json\/wp\/v2\/product_cat?post=20264"},{"taxonomy":"product_tag","embeddable":true,"href":"https:\/\/rosaeterna.online\/pl\/wp-json\/wp\/v2\/product_tag?post=20264"}],"curies":[{"name":"wp","href":"https:\/\/api.w.org\/{rel}","templated":true}]}}