{"id":20022,"date":"2020-02-02T21:42:42","date_gmt":"2020-02-02T21:42:42","guid":{"rendered":"https:\/\/dev.rosaeterna.online\/producto\/rosa-mama\/"},"modified":"2024-10-21T23:22:51","modified_gmt":"2024-10-21T23:22:51","slug":"rosa-mama","status":"publish","type":"product","link":"https:\/\/rosaeterna.online\/pl\/p\/rosa-mama\/","title":{"rendered":"Rosa Mama"},"content":{"rendered":"<p>A gdyby istnia\u0142a <strong>idealna<\/strong> r\u00f3\u017ca <strong>, kt\u00f3r\u0105 mo\u017cesz podarowa\u0107 matce<\/strong>?<br \/>\nWieczna r\u00f3\u017ca premium to matka, a ma\u0142a r\u00f3\u017ca to c\u00f3rka, czy\u017c to nie wspania\u0142e?<br \/>\nPami\u0119taj, \u017ce nasze <a href=\"https:\/\/rosaeterna.online\/pl\/\">wieczne r\u00f3\u017ce<\/a> <strong>s\u0105 naturalne, ale przetrwaj\u0105 kilka lat<\/strong> w doskona\u0142ym stanie.<br \/>\nBez w\u0105tpienia jest to inny rodzaj prezentu, kt\u00f3ry zaskoczy ka\u017cdego.    Z\u0142\u00f3\u017c zam\u00f3wienie teraz i <strong>otrzymaj je ZA DARMO<\/strong> w ci\u0105gu 3-4 dni roboczych, a je\u015bli si\u0119 spieszysz, wy\u015blemy je do Ciebie w ci\u0105gu 24-48 godzin za jedyne 5,45 euro wi\u0119cej.<br \/>\nMasz jakie\u015b pytania?<br \/>\nSkontaktuj si\u0119 z nami, <strong>skontaktujemy si\u0119 z Tob\u0105 tak szybko, jak to mo\u017cliwe<\/strong>.  <\/p>\n","protected":false},"excerpt":{"rendered":"<p style=\"text-align: justify;\">Kopu\u0142a <strong>stworzona, by cieszy\u0107<\/strong>.<br \/>\nTo niew\u0105tpliwie oryginalny pomys\u0142, kt\u00f3ry ucieszy ka\u017cdego.<br \/>\nWybierz kolor, kt\u00f3ry Ci si\u0119 podoba i ciesz si\u0119 wyj\u0105tkowym prezentem. <span style=\"color: #ff0000;\"><strong>Wysy\u0142ka GRATIS!<\/strong><\/span>  <\/p>\n<ul>\n<li>2 r\u00f3\u017ce konserwowe (naturalne kwiaty, kt\u00f3re zachowuj\u0105 trwa\u0142o\u015b\u0107 przez kilka lat)<\/li>\n<li>Szklana kopu\u0142a 25x17cm<\/li>\n<\/ul>\n","protected":false},"featured_media":9268,"comment_status":"open","ping_status":"closed","template":"","meta":{"_uag_custom_page_level_css":"","_joinchat":[]},"product_brand":[],"product_cat":[126],"product_tag":[],"class_list":{"0":"post-20022","1":"product","2":"type-product","3":"status-publish","4":"has-post-thumbnail","6":"product_cat-kwiaty-w-szkle","8":"first","9":"instock","10":"taxable","11":"shipping-taxable","12":"purchasable","13":"product-type-variable","14":"add-to-wishlist-after_add_to_cart"},"yoast_head":"<!-- This site is optimized with the Yoast SEO plugin v25.0 - https:\/\/yoast.com\/wordpress\/plugins\/seo\/ -->\n<title>Kup Rosa Mama Premium Rose - Rosaeterna.online<\/title>\n<meta name=\"description\" content=\"Je\u015bli szukasz wyj\u0105tkowej r\u00f3\u017cy to dobrze trafi\u0142e\u015b. Idealny prezent dla mamy, taty, dziadka i pary Wysy\u0142ka GRATIS!\" \/>\n<meta name=\"robots\" content=\"index, follow, max-snippet:-1, max-image-preview:large, max-video-preview:-1\" \/>\n<link rel=\"canonical\" href=\"https:\/\/rosaeterna.online\/pl\/p\/rosa-mama\/\" \/>\n<meta property=\"og:locale\" content=\"pl_PL\" \/>\n<meta property=\"og:type\" content=\"article\" \/>\n<meta property=\"og:title\" content=\"Kup Rosa Mama Premium Rose - Rosaeterna.online\" \/>\n<meta property=\"og:description\" content=\"Je\u015bli szukasz wyj\u0105tkowej r\u00f3\u017cy to dobrze trafi\u0142e\u015b. Idealny prezent dla mamy, taty, dziadka i pary Wysy\u0142ka GRATIS!\" \/>\n<meta property=\"og:url\" content=\"https:\/\/rosaeterna.online\/pl\/p\/rosa-mama\/\" \/>\n<meta property=\"og:site_name\" content=\"Rosa Eterna\" \/>\n<meta property=\"article:modified_time\" content=\"2024-10-21T23:22:51+00:00\" \/>\n<meta property=\"og:image\" content=\"https:\/\/rosaeterna.online\/wp-content\/uploads\/2020\/02\/Rosa-Couple.jpg\" \/>\n\t<meta property=\"og:image:width\" content=\"600\" \/>\n\t<meta property=\"og:image:height\" content=\"600\" \/>\n\t<meta property=\"og:image:type\" content=\"image\/jpeg\" \/>\n<meta name=\"twitter:card\" content=\"summary_large_image\" \/>\n<meta name=\"twitter:label1\" content=\"Szacowany czas czytania\" \/>\n\t<meta name=\"twitter:data1\" content=\"1 minuta\" \/>\n<!-- \/ Yoast SEO plugin. -->","yoast_head_json":{"title":"Kup Rosa Mama Premium Rose - Rosaeterna.online","description":"Je\u015bli szukasz wyj\u0105tkowej r\u00f3\u017cy to dobrze trafi\u0142e\u015b. Idealny prezent dla mamy, taty, dziadka i pary Wysy\u0142ka GRATIS!","robots":{"index":"index","follow":"follow","max-snippet":"max-snippet:-1","max-image-preview":"max-image-preview:large","max-video-preview":"max-video-preview:-1"},"canonical":"https:\/\/rosaeterna.online\/pl\/p\/rosa-mama\/","og_locale":"pl_PL","og_type":"article","og_title":"Kup Rosa Mama Premium Rose - Rosaeterna.online","og_description":"Je\u015bli szukasz wyj\u0105tkowej r\u00f3\u017cy to dobrze trafi\u0142e\u015b. Idealny prezent dla mamy, taty, dziadka i pary Wysy\u0142ka GRATIS!","og_url":"https:\/\/rosaeterna.online\/pl\/p\/rosa-mama\/","og_site_name":"Rosa Eterna","article_modified_time":"2024-10-21T23:22:51+00:00","og_image":[{"width":600,"height":600,"url":"https:\/\/rosaeterna.online\/wp-content\/uploads\/2020\/02\/Rosa-Couple.jpg","type":"image\/jpeg"}],"twitter_card":"summary_large_image","twitter_misc":{"Szacowany czas czytania":"1 minuta"},"schema":{"@context":"https:\/\/schema.org","@graph":[{"@type":"WebPage","@id":"https:\/\/rosaeterna.online\/pl\/p\/rosa-mama\/","url":"https:\/\/rosaeterna.online\/pl\/p\/rosa-mama\/","name":"Kup Rosa Mama Premium Rose - Rosaeterna.online","isPartOf":{"@id":"https:\/\/rosaeterna.online\/pl\/#website"},"primaryImageOfPage":{"@id":"https:\/\/rosaeterna.online\/pl\/p\/rosa-mama\/#primaryimage"},"image":{"@id":"https:\/\/rosaeterna.online\/pl\/p\/rosa-mama\/#primaryimage"},"thumbnailUrl":"https:\/\/rosaeterna.online\/wp-content\/uploads\/2020\/02\/Rosa-Couple.jpg","datePublished":"2020-02-02T21:42:42+00:00","dateModified":"2024-10-21T23:22:51+00:00","description":"Je\u015bli szukasz wyj\u0105tkowej r\u00f3\u017cy to dobrze trafi\u0142e\u015b. Idealny prezent dla mamy, taty, dziadka i pary Wysy\u0142ka GRATIS!","breadcrumb":{"@id":"https:\/\/rosaeterna.online\/pl\/p\/rosa-mama\/#breadcrumb"},"inLanguage":"pl-PL","potentialAction":[{"@type":"ReadAction","target":["https:\/\/rosaeterna.online\/pl\/p\/rosa-mama\/"]}]},{"@type":"ImageObject","inLanguage":"pl-PL","@id":"https:\/\/rosaeterna.online\/pl\/p\/rosa-mama\/#primaryimage","url":"https:\/\/rosaeterna.online\/wp-content\/uploads\/2020\/02\/Rosa-Couple.jpg","contentUrl":"https:\/\/rosaeterna.online\/wp-content\/uploads\/2020\/02\/Rosa-Couple.jpg","width":600,"height":600,"caption":"mama r\u00f3\u017ca"},{"@type":"BreadcrumbList","@id":"https:\/\/rosaeterna.online\/pl\/p\/rosa-mama\/#breadcrumb","itemListElement":[{"@type":"ListItem","position":1,"name":"Portada","item":"https:\/\/rosaeterna.online\/pl\/"},{"@type":"ListItem","position":2,"name":"Produkty","item":"https:\/\/rosaeterna.online\/pl\/sklep\/"},{"@type":"ListItem","position":3,"name":"Rosa Mama"}]},{"@type":"WebSite","@id":"https:\/\/rosaeterna.online\/pl\/#website","url":"https:\/\/rosaeterna.online\/pl\/","name":"Rosa Eterna","description":"Haz que dure","potentialAction":[{"@type":"SearchAction","target":{"@type":"EntryPoint","urlTemplate":"https:\/\/rosaeterna.online\/pl\/?s={search_term_string}"},"query-input":{"@type":"PropertyValueSpecification","valueRequired":true,"valueName":"search_term_string"}}],"inLanguage":"pl-PL"}]}},"uagb_featured_image_src":{"full":["https:\/\/rosaeterna.online\/wp-content\/uploads\/2020\/02\/Rosa-Couple.jpg",600,600,false],"thumbnail":["https:\/\/rosaeterna.online\/wp-content\/uploads\/2020\/02\/Rosa-Couple-150x150.jpg",150,150,true],"medium":["https:\/\/rosaeterna.online\/wp-content\/uploads\/2020\/02\/Rosa-Couple-300x300.jpg",300,300,true],"medium_large":["https:\/\/rosaeterna.online\/wp-content\/uploads\/2020\/02\/Rosa-Couple.jpg",600,600,false],"large":["https:\/\/rosaeterna.online\/wp-content\/uploads\/2020\/02\/Rosa-Couple.jpg",600,600,false],"1536x1536":["https:\/\/rosaeterna.online\/wp-content\/uploads\/2020\/02\/Rosa-Couple.jpg",600,600,false],"2048x2048":["https:\/\/rosaeterna.online\/wp-content\/uploads\/2020\/02\/Rosa-Couple.jpg",600,600,false],"blog-isotope":["https:\/\/rosaeterna.online\/wp-content\/uploads\/2020\/02\/Rosa-Couple.jpg",500,500,false],"woocommerce_thumbnail":["https:\/\/rosaeterna.online\/wp-content\/uploads\/2020\/02\/Rosa-Couple-350x435.jpg",350,435,true],"woocommerce_single":["https:\/\/rosaeterna.online\/wp-content\/uploads\/2020\/02\/Rosa-Couple.jpg",600,600,false],"woocommerce_gallery_thumbnail":["https:\/\/rosaeterna.online\/wp-content\/uploads\/2020\/02\/Rosa-Couple-100x100.jpg",100,100,true],"eh_logo_image_size":["https:\/\/rosaeterna.online\/wp-content\/uploads\/2020\/02\/Rosa-Couple.jpg",90,90,false],"eh_header_image_size":["https:\/\/rosaeterna.online\/wp-content\/uploads\/2020\/02\/Rosa-Couple.jpg",90,90,false],"wcpr-photo-reviews":["https:\/\/rosaeterna.online\/wp-content\/uploads\/2020\/02\/Rosa-Couple.jpg",500,500,false]},"uagb_author_info":{"display_name":"Fran","author_link":"https:\/\/rosaeterna.online\/pl"},"uagb_comment_info":0,"uagb_excerpt":"Kopu\u0142a stworzona, by cieszy\u0107. To niew\u0105tpliwie oryginalny pomys\u0142, kt\u00f3ry ucieszy ka\u017cdego. Wybierz kolor, kt\u00f3ry Ci si\u0119 podoba i ciesz si\u0119 wyj\u0105tkowym prezentem. Wysy\u0142ka GRATIS! 2 r\u00f3\u017ce konserwowe (naturalne kwiaty, kt\u00f3re zachowuj\u0105 trwa\u0142o\u015b\u0107 przez kilka lat) Szklana kopu\u0142a 25x17cm","_links":{"self":[{"href":"https:\/\/rosaeterna.online\/pl\/wp-json\/wp\/v2\/product\/20022","targetHints":{"allow":["GET"]}}],"collection":[{"href":"https:\/\/rosaeterna.online\/pl\/wp-json\/wp\/v2\/product"}],"about":[{"href":"https:\/\/rosaeterna.online\/pl\/wp-json\/wp\/v2\/types\/product"}],"replies":[{"embeddable":true,"href":"https:\/\/rosaeterna.online\/pl\/wp-json\/wp\/v2\/comments?post=20022"}],"wp:featuredmedia":[{"embeddable":true,"href":"https:\/\/rosaeterna.online\/pl\/wp-json\/wp\/v2\/media\/9268"}],"wp:attachment":[{"href":"https:\/\/rosaeterna.online\/pl\/wp-json\/wp\/v2\/media?parent=20022"}],"wp:term":[{"taxonomy":"product_brand","embeddable":true,"href":"https:\/\/rosaeterna.online\/pl\/wp-json\/wp\/v2\/product_brand?post=20022"},{"taxonomy":"product_cat","embeddable":true,"href":"https:\/\/rosaeterna.online\/pl\/wp-json\/wp\/v2\/product_cat?post=20022"},{"taxonomy":"product_tag","embeddable":true,"href":"https:\/\/rosaeterna.online\/pl\/wp-json\/wp\/v2\/product_tag?post=20022"}],"curies":[{"name":"wp","href":"https:\/\/api.w.org\/{rel}","templated":true}]}}