{"id":20011,"date":"2020-04-25T13:07:44","date_gmt":"2020-04-25T13:07:44","guid":{"rendered":"https:\/\/dev.rosaeterna.online\/producto\/pakiet-diy\/"},"modified":"2024-10-20T04:14:33","modified_gmt":"2024-10-20T04:14:33","slug":"pakiet-diy","status":"publish","type":"product","link":"https:\/\/rosaeterna.online\/pl\/p\/pakiet-diy\/","title":{"rendered":"Pakiet DIY"},"content":{"rendered":"<p>\u015awietny spos\u00f3b na <strong>zaskoczenie ukochanej osoby wyj\u0105tkowym prezentem<\/strong>.<br \/>\nPodaruj wyj\u0105tkow\u0105 r\u00f3\u017c\u0119, a tak\u017ce z\u0142\u00f3\u017c j\u0105 samodzielnie w domu ze wszystkich potrzebnych materia\u0142\u00f3w. Rozrywka gwarantowana!<br \/>\nMo\u017cesz improwizowa\u0107 i tworzy\u0107 nowe modele, pod\u0105\u017caj\u0105c za <a href=\"https:\/\/rosaeterna.online\/pl\/jak-zrobic-roze-piekna-i-bestia-krok-po-kroku\/\"><strong>nasz tutorial<\/strong><\/a> lub dowolny inny film na YouTube.<br \/>\nW naszym <strong><a href=\"https:\/\/rosaeterna.online\/pl\/\">sklepie z wiecznymi r\u00f3\u017cami<\/a><\/strong> znajdziesz wszystkie potrzebne materia\u0142y.<br \/>\nPami\u0119taj, \u017ce <strong>nasze ceny zawieraj\u0105 podatek VAT i wysy\u0142k\u0119 na terenie Hiszpanii i Balear\u00f3w<\/strong>.<br \/>\nJe\u015bli masz jakie\u015b pytania, skontaktuj si\u0119 z nami, a ch\u0119tnie Ci pomo\u017cemy. <strong>PS:<\/strong> Nie zapomnij wys\u0142a\u0107 nam swojego dzie\u0142a przez WhatsApp, z przyjemno\u015bci\u0105 zobaczymy, co przygotowa\u0142e\u015b \ud83d\ude42       &nbsp;<\/p>\n<p>&nbsp;<\/p>\n","protected":false},"excerpt":{"rendered":"<p>Jeste\u015b majsterkowiczem i chcesz zrobi\u0107 <strong>wyj\u0105tkowy prezent<\/strong>?<br \/>\nW takim razie pokochasz ten zestaw do samodzielnego wykonania <a href=\"https:\/\/rosaeterna.online\/producto\/rosa-encantada-bella-y-bestia\/\">r\u00f3\u017cy Pi\u0119kna i Bestia<\/a>.<br \/>\nWy\u015blemy Ci wszystkie potrzebne materia\u0142y do domu. <span style=\"color: #ff0000;\"><strong>DARMOWA WYSY\u0141KA<\/strong><\/span>!    <\/p>\n<ul>\n<li>Zakonserwowana r\u00f3\u017ca<\/li>\n<li>Szklana kopu\u0142a 25x17cm<\/li>\n<li>Lampki LED, czekoladki i opcjonalnie mech<\/li>\n<\/ul>\n","protected":false},"featured_media":9401,"comment_status":"closed","ping_status":"closed","template":"","meta":{"_uag_custom_page_level_css":"","_joinchat":[]},"product_brand":[],"product_cat":[235],"product_tag":[],"class_list":{"0":"post-20011","1":"product","2":"type-product","3":"status-publish","4":"has-post-thumbnail","6":"product_cat-wesela","8":"first","9":"instock","10":"taxable","11":"shipping-taxable","12":"purchasable","13":"product-type-variable","14":"add-to-wishlist-after_add_to_cart"},"yoast_head":"<!-- This site is optimized with the Yoast SEO plugin v25.0 - https:\/\/yoast.com\/wordpress\/plugins\/seo\/ -->\n<title>Pakiet DIY - Rosa Eterna<\/title>\n<meta name=\"robots\" content=\"index, follow, max-snippet:-1, max-image-preview:large, max-video-preview:-1\" \/>\n<link rel=\"canonical\" href=\"https:\/\/rosaeterna.online\/pl\/p\/pakiet-diy\/\" \/>\n<meta property=\"og:locale\" content=\"pl_PL\" \/>\n<meta property=\"og:type\" content=\"article\" \/>\n<meta property=\"og:title\" content=\"Pakiet DIY - Rosa Eterna\" \/>\n<meta property=\"og:description\" content=\"Jeste\u015b majsterkowiczem i chcesz zrobi\u0107 wyj\u0105tkowy prezent? W takim razie pokochasz ten zestaw do samodzielnego wykonania r\u00f3\u017cy Pi\u0119kna i Bestia. Wy\u015blemy Ci wszystkie potrzebne materia\u0142y do domu. DARMOWA WYSY\u0141KA!    Zakonserwowana r\u00f3\u017ca  Szklana kopu\u0142a 25x17cm  Lampki LED, czekoladki i opcjonalnie mech\" \/>\n<meta property=\"og:url\" content=\"https:\/\/rosaeterna.online\/pl\/p\/pakiet-diy\/\" \/>\n<meta property=\"og:site_name\" content=\"Rosa Eterna\" \/>\n<meta property=\"article:modified_time\" content=\"2024-10-20T04:14:33+00:00\" \/>\n<meta property=\"og:image\" content=\"https:\/\/rosaeterna.online\/wp-content\/uploads\/2020\/04\/kit-diy.png\" \/>\n\t<meta property=\"og:image:width\" content=\"500\" \/>\n\t<meta property=\"og:image:height\" content=\"502\" \/>\n\t<meta property=\"og:image:type\" content=\"image\/png\" \/>\n<meta name=\"twitter:card\" content=\"summary_large_image\" \/>\n<meta name=\"twitter:label1\" content=\"Szacowany czas czytania\" \/>\n\t<meta name=\"twitter:data1\" content=\"1 minuta\" \/>\n<!-- \/ Yoast SEO plugin. -->","yoast_head_json":{"title":"Pakiet DIY - Rosa Eterna","robots":{"index":"index","follow":"follow","max-snippet":"max-snippet:-1","max-image-preview":"max-image-preview:large","max-video-preview":"max-video-preview:-1"},"canonical":"https:\/\/rosaeterna.online\/pl\/p\/pakiet-diy\/","og_locale":"pl_PL","og_type":"article","og_title":"Pakiet DIY - Rosa Eterna","og_description":"Jeste\u015b majsterkowiczem i chcesz zrobi\u0107 wyj\u0105tkowy prezent? W takim razie pokochasz ten zestaw do samodzielnego wykonania r\u00f3\u017cy Pi\u0119kna i Bestia. Wy\u015blemy Ci wszystkie potrzebne materia\u0142y do domu. DARMOWA WYSY\u0141KA!    Zakonserwowana r\u00f3\u017ca  Szklana kopu\u0142a 25x17cm  Lampki LED, czekoladki i opcjonalnie mech","og_url":"https:\/\/rosaeterna.online\/pl\/p\/pakiet-diy\/","og_site_name":"Rosa Eterna","article_modified_time":"2024-10-20T04:14:33+00:00","og_image":[{"width":500,"height":502,"url":"https:\/\/rosaeterna.online\/wp-content\/uploads\/2020\/04\/kit-diy.png","type":"image\/png"}],"twitter_card":"summary_large_image","twitter_misc":{"Szacowany czas czytania":"1 minuta"},"schema":{"@context":"https:\/\/schema.org","@graph":[{"@type":"WebPage","@id":"https:\/\/rosaeterna.online\/pl\/p\/pakiet-diy\/","url":"https:\/\/rosaeterna.online\/pl\/p\/pakiet-diy\/","name":"Pakiet DIY - Rosa Eterna","isPartOf":{"@id":"https:\/\/rosaeterna.online\/pl\/#website"},"primaryImageOfPage":{"@id":"https:\/\/rosaeterna.online\/pl\/p\/pakiet-diy\/#primaryimage"},"image":{"@id":"https:\/\/rosaeterna.online\/pl\/p\/pakiet-diy\/#primaryimage"},"thumbnailUrl":"https:\/\/rosaeterna.online\/wp-content\/uploads\/2020\/04\/kit-diy.png","datePublished":"2020-04-25T13:07:44+00:00","dateModified":"2024-10-20T04:14:33+00:00","breadcrumb":{"@id":"https:\/\/rosaeterna.online\/pl\/p\/pakiet-diy\/#breadcrumb"},"inLanguage":"pl-PL","potentialAction":[{"@type":"ReadAction","target":["https:\/\/rosaeterna.online\/pl\/p\/pakiet-diy\/"]}]},{"@type":"ImageObject","inLanguage":"pl-PL","@id":"https:\/\/rosaeterna.online\/pl\/p\/pakiet-diy\/#primaryimage","url":"https:\/\/rosaeterna.online\/wp-content\/uploads\/2020\/04\/kit-diy.png","contentUrl":"https:\/\/rosaeterna.online\/wp-content\/uploads\/2020\/04\/kit-diy.png","width":500,"height":502,"caption":"zestaw do samodzielnego monta\u017cu"},{"@type":"BreadcrumbList","@id":"https:\/\/rosaeterna.online\/pl\/p\/pakiet-diy\/#breadcrumb","itemListElement":[{"@type":"ListItem","position":1,"name":"Portada","item":"https:\/\/rosaeterna.online\/pl\/"},{"@type":"ListItem","position":2,"name":"Produkty","item":"https:\/\/rosaeterna.online\/pl\/sklep\/"},{"@type":"ListItem","position":3,"name":"Pakiet DIY"}]},{"@type":"WebSite","@id":"https:\/\/rosaeterna.online\/pl\/#website","url":"https:\/\/rosaeterna.online\/pl\/","name":"Rosa Eterna","description":"Haz que dure","potentialAction":[{"@type":"SearchAction","target":{"@type":"EntryPoint","urlTemplate":"https:\/\/rosaeterna.online\/pl\/?s={search_term_string}"},"query-input":{"@type":"PropertyValueSpecification","valueRequired":true,"valueName":"search_term_string"}}],"inLanguage":"pl-PL"}]}},"uagb_featured_image_src":{"full":["https:\/\/rosaeterna.online\/wp-content\/uploads\/2020\/04\/kit-diy.png",500,502,false],"thumbnail":["https:\/\/rosaeterna.online\/wp-content\/uploads\/2020\/04\/kit-diy-150x150.png",150,150,true],"medium":["https:\/\/rosaeterna.online\/wp-content\/uploads\/2020\/04\/kit-diy-300x300.png",300,300,true],"medium_large":["https:\/\/rosaeterna.online\/wp-content\/uploads\/2020\/04\/kit-diy.png",500,502,false],"large":["https:\/\/rosaeterna.online\/wp-content\/uploads\/2020\/04\/kit-diy.png",500,502,false],"1536x1536":["https:\/\/rosaeterna.online\/wp-content\/uploads\/2020\/04\/kit-diy.png",500,502,false],"2048x2048":["https:\/\/rosaeterna.online\/wp-content\/uploads\/2020\/04\/kit-diy.png",500,502,false],"blog-isotope":["https:\/\/rosaeterna.online\/wp-content\/uploads\/2020\/04\/kit-diy.png",498,500,false],"woocommerce_thumbnail":["https:\/\/rosaeterna.online\/wp-content\/uploads\/2020\/04\/kit-diy-350x435.png",350,435,true],"woocommerce_single":["https:\/\/rosaeterna.online\/wp-content\/uploads\/2020\/04\/kit-diy.png",500,502,false],"woocommerce_gallery_thumbnail":["https:\/\/rosaeterna.online\/wp-content\/uploads\/2020\/04\/kit-diy-100x100.png",100,100,true],"eh_logo_image_size":["https:\/\/rosaeterna.online\/wp-content\/uploads\/2020\/04\/kit-diy.png",90,90,false],"eh_header_image_size":["https:\/\/rosaeterna.online\/wp-content\/uploads\/2020\/04\/kit-diy.png",90,90,false],"wcpr-photo-reviews":["https:\/\/rosaeterna.online\/wp-content\/uploads\/2020\/04\/kit-diy.png",498,500,false]},"uagb_author_info":{"display_name":"Fran","author_link":"https:\/\/rosaeterna.online\/pl"},"uagb_comment_info":0,"uagb_excerpt":"Jeste\u015b majsterkowiczem i chcesz zrobi\u0107 wyj\u0105tkowy prezent? W takim razie pokochasz ten zestaw do samodzielnego wykonania r\u00f3\u017cy Pi\u0119kna i Bestia. Wy\u015blemy Ci wszystkie potrzebne materia\u0142y do domu. DARMOWA WYSY\u0141KA! Zakonserwowana r\u00f3\u017ca Szklana kopu\u0142a 25x17cm Lampki LED, czekoladki i opcjonalnie mech","_links":{"self":[{"href":"https:\/\/rosaeterna.online\/pl\/wp-json\/wp\/v2\/product\/20011","targetHints":{"allow":["GET"]}}],"collection":[{"href":"https:\/\/rosaeterna.online\/pl\/wp-json\/wp\/v2\/product"}],"about":[{"href":"https:\/\/rosaeterna.online\/pl\/wp-json\/wp\/v2\/types\/product"}],"replies":[{"embeddable":true,"href":"https:\/\/rosaeterna.online\/pl\/wp-json\/wp\/v2\/comments?post=20011"}],"wp:featuredmedia":[{"embeddable":true,"href":"https:\/\/rosaeterna.online\/pl\/wp-json\/wp\/v2\/media\/9401"}],"wp:attachment":[{"href":"https:\/\/rosaeterna.online\/pl\/wp-json\/wp\/v2\/media?parent=20011"}],"wp:term":[{"taxonomy":"product_brand","embeddable":true,"href":"https:\/\/rosaeterna.online\/pl\/wp-json\/wp\/v2\/product_brand?post=20011"},{"taxonomy":"product_cat","embeddable":true,"href":"https:\/\/rosaeterna.online\/pl\/wp-json\/wp\/v2\/product_cat?post=20011"},{"taxonomy":"product_tag","embeddable":true,"href":"https:\/\/rosaeterna.online\/pl\/wp-json\/wp\/v2\/product_tag?post=20011"}],"curies":[{"name":"wp","href":"https:\/\/api.w.org\/{rel}","templated":true}]}}