{"id":19978,"date":"2019-12-27T01:12:23","date_gmt":"2019-12-27T01:12:23","guid":{"rendered":"https:\/\/dev.rosaeterna.online\/producto\/obraczka-na-serwetke-z-zachowanym-kwiatem\/"},"modified":"2024-10-21T21:12:20","modified_gmt":"2024-10-21T21:12:20","slug":"obraczka-na-serwetke-z-zachowanym-kwiatem","status":"publish","type":"product","link":"https:\/\/rosaeterna.online\/pl\/p\/obraczka-na-serwetke-z-zachowanym-kwiatem\/","title":{"rendered":"Obr\u0105czka na serwetk\u0119 z zachowanym kwiatem"},"content":{"rendered":"<p>Bez w\u0105tpienia jest to <strong>zupe\u0142nie inna<\/strong> obr\u0105czka na serwetk\u0119.<br \/>\nKa\u017cd\u0105 z nich przygotowali\u015bmy w ca\u0142o\u015bci r\u0119cznie, u\u017cywaj\u0105c mini r\u00f3\u017cy, <a href=\"https:\/\/rosaeterna.online\/producto\/espigas-de-trigo\/\">konserwowanej pszenicy<\/a> i <a href=\"https:\/\/rosaeterna.online\/producto\/lavanda-preservada\/\">konserwowanej lawendy<\/a>.<br \/>\nJestem pewien, \u017ce gdy twoi go\u015bcie je zobacz\u0105, b\u0119d\u0105 zaskoczeni ich pi\u0119knem.<br \/>\nJak wiesz, <a href=\"https:\/\/rosaeterna.online\/pl\/sklep\/\">zakonserwowane kwiaty<\/a> zachowuj\u0105 trwa\u0142o\u015b\u0107 przez d\u0142ugi czas, wi\u0119c twoja obr\u0105czka na serwetk\u0119 <strong>b\u0119dzie trwa\u0107 wiecznie<\/strong>.<br \/>\nZam\u00f3w je teraz z <strong>bezp\u0142atn\u0105 wysy\u0142k\u0105<\/strong> (od 19 euro zakupu), a my wy\u015blemy je do Ciebie na terenie Hiszpanii i Balear\u00f3w.<br \/>\nZadaj nam wszelkie pytania.     <\/p>\n","protected":false},"excerpt":{"rendered":"<p>Obr\u0105czka na serwetk\u0119 z r\u00f3\u017cnic\u0105.<br \/>\nNasz model wykonany jest z konserwowanych kwiat\u00f3w: mini r\u00f3\u017cy, lawendy i pszenicy.<br \/>\nWysy\u0142ka <strong>GRATIS<\/strong>.  <\/p>\n","protected":false},"featured_media":9247,"comment_status":"closed","ping_status":"closed","template":"","meta":{"_uag_custom_page_level_css":"","_joinchat":[]},"product_brand":[],"product_cat":[235],"product_tag":[],"class_list":{"0":"post-19978","1":"product","2":"type-product","3":"status-publish","4":"has-post-thumbnail","6":"product_cat-wesela","7":"product_shipping_class-z-wysylka","9":"first","10":"instock","11":"taxable","12":"shipping-taxable","13":"purchasable","14":"product-type-simple","15":"add-to-wishlist-after_add_to_cart"},"yoast_head":"<!-- This site is optimized with the Yoast SEO plugin v25.0 - https:\/\/yoast.com\/wordpress\/plugins\/seo\/ -->\n<title>Obr\u0105czka na serwetk\u0119 z zachowanym kwiatem - Rosa Eterna<\/title>\n<meta name=\"robots\" content=\"index, follow, max-snippet:-1, max-image-preview:large, max-video-preview:-1\" \/>\n<link rel=\"canonical\" href=\"https:\/\/rosaeterna.online\/pl\/p\/obraczka-na-serwetke-z-zachowanym-kwiatem\/\" \/>\n<meta property=\"og:locale\" content=\"pl_PL\" \/>\n<meta property=\"og:type\" content=\"article\" \/>\n<meta property=\"og:title\" content=\"Obr\u0105czka na serwetk\u0119 z zachowanym kwiatem - Rosa Eterna\" \/>\n<meta property=\"og:description\" content=\"Obr\u0105czka na serwetk\u0119 z r\u00f3\u017cnic\u0105. Nasz model wykonany jest z konserwowanych kwiat\u00f3w: mini r\u00f3\u017cy, lawendy i pszenicy. Wysy\u0142ka GRATIS.\" \/>\n<meta property=\"og:url\" content=\"https:\/\/rosaeterna.online\/pl\/p\/obraczka-na-serwetke-z-zachowanym-kwiatem\/\" \/>\n<meta property=\"og:site_name\" content=\"Rosa Eterna\" \/>\n<meta property=\"article:modified_time\" content=\"2024-10-21T21:12:20+00:00\" \/>\n<meta property=\"og:image\" content=\"https:\/\/rosaeterna.online\/wp-content\/uploads\/2019\/12\/servilletero.jpeg\" \/>\n\t<meta property=\"og:image:width\" content=\"338\" \/>\n\t<meta property=\"og:image:height\" content=\"600\" \/>\n\t<meta property=\"og:image:type\" content=\"image\/jpeg\" \/>\n<meta name=\"twitter:card\" content=\"summary_large_image\" \/>\n<meta name=\"twitter:label1\" content=\"Szacowany czas czytania\" \/>\n\t<meta name=\"twitter:data1\" content=\"1 minuta\" \/>\n<!-- \/ Yoast SEO plugin. -->","yoast_head_json":{"title":"Obr\u0105czka na serwetk\u0119 z zachowanym kwiatem - Rosa Eterna","robots":{"index":"index","follow":"follow","max-snippet":"max-snippet:-1","max-image-preview":"max-image-preview:large","max-video-preview":"max-video-preview:-1"},"canonical":"https:\/\/rosaeterna.online\/pl\/p\/obraczka-na-serwetke-z-zachowanym-kwiatem\/","og_locale":"pl_PL","og_type":"article","og_title":"Obr\u0105czka na serwetk\u0119 z zachowanym kwiatem - Rosa Eterna","og_description":"Obr\u0105czka na serwetk\u0119 z r\u00f3\u017cnic\u0105. Nasz model wykonany jest z konserwowanych kwiat\u00f3w: mini r\u00f3\u017cy, lawendy i pszenicy. Wysy\u0142ka GRATIS.","og_url":"https:\/\/rosaeterna.online\/pl\/p\/obraczka-na-serwetke-z-zachowanym-kwiatem\/","og_site_name":"Rosa Eterna","article_modified_time":"2024-10-21T21:12:20+00:00","og_image":[{"width":338,"height":600,"url":"https:\/\/rosaeterna.online\/wp-content\/uploads\/2019\/12\/servilletero.jpeg","type":"image\/jpeg"}],"twitter_card":"summary_large_image","twitter_misc":{"Szacowany czas czytania":"1 minuta"},"schema":{"@context":"https:\/\/schema.org","@graph":[{"@type":"WebPage","@id":"https:\/\/rosaeterna.online\/pl\/p\/obraczka-na-serwetke-z-zachowanym-kwiatem\/","url":"https:\/\/rosaeterna.online\/pl\/p\/obraczka-na-serwetke-z-zachowanym-kwiatem\/","name":"Obr\u0105czka na serwetk\u0119 z zachowanym kwiatem - Rosa Eterna","isPartOf":{"@id":"https:\/\/rosaeterna.online\/pl\/#website"},"primaryImageOfPage":{"@id":"https:\/\/rosaeterna.online\/pl\/p\/obraczka-na-serwetke-z-zachowanym-kwiatem\/#primaryimage"},"image":{"@id":"https:\/\/rosaeterna.online\/pl\/p\/obraczka-na-serwetke-z-zachowanym-kwiatem\/#primaryimage"},"thumbnailUrl":"https:\/\/rosaeterna.online\/wp-content\/uploads\/2019\/12\/servilletero.jpeg","datePublished":"2019-12-27T01:12:23+00:00","dateModified":"2024-10-21T21:12:20+00:00","breadcrumb":{"@id":"https:\/\/rosaeterna.online\/pl\/p\/obraczka-na-serwetke-z-zachowanym-kwiatem\/#breadcrumb"},"inLanguage":"pl-PL","potentialAction":[{"@type":"ReadAction","target":["https:\/\/rosaeterna.online\/pl\/p\/obraczka-na-serwetke-z-zachowanym-kwiatem\/"]}]},{"@type":"ImageObject","inLanguage":"pl-PL","@id":"https:\/\/rosaeterna.online\/pl\/p\/obraczka-na-serwetke-z-zachowanym-kwiatem\/#primaryimage","url":"https:\/\/rosaeterna.online\/wp-content\/uploads\/2019\/12\/servilletero.jpeg","contentUrl":"https:\/\/rosaeterna.online\/wp-content\/uploads\/2019\/12\/servilletero.jpeg","width":338,"height":600,"caption":"obr\u0105czka na serwetk\u0119"},{"@type":"BreadcrumbList","@id":"https:\/\/rosaeterna.online\/pl\/p\/obraczka-na-serwetke-z-zachowanym-kwiatem\/#breadcrumb","itemListElement":[{"@type":"ListItem","position":1,"name":"Portada","item":"https:\/\/rosaeterna.online\/pl\/"},{"@type":"ListItem","position":2,"name":"Produkty","item":"https:\/\/rosaeterna.online\/pl\/sklep\/"},{"@type":"ListItem","position":3,"name":"Obr\u0105czka na serwetk\u0119 z zachowanym kwiatem"}]},{"@type":"WebSite","@id":"https:\/\/rosaeterna.online\/pl\/#website","url":"https:\/\/rosaeterna.online\/pl\/","name":"Rosa Eterna","description":"Haz que dure","potentialAction":[{"@type":"SearchAction","target":{"@type":"EntryPoint","urlTemplate":"https:\/\/rosaeterna.online\/pl\/?s={search_term_string}"},"query-input":{"@type":"PropertyValueSpecification","valueRequired":true,"valueName":"search_term_string"}}],"inLanguage":"pl-PL"}]}},"uagb_featured_image_src":{"full":["https:\/\/rosaeterna.online\/wp-content\/uploads\/2019\/12\/servilletero.jpeg",338,600,false],"thumbnail":["https:\/\/rosaeterna.online\/wp-content\/uploads\/2019\/12\/servilletero-150x150.jpeg",150,150,true],"medium":["https:\/\/rosaeterna.online\/wp-content\/uploads\/2019\/12\/servilletero-169x300.jpeg",169,300,true],"medium_large":["https:\/\/rosaeterna.online\/wp-content\/uploads\/2019\/12\/servilletero.jpeg",338,600,false],"large":["https:\/\/rosaeterna.online\/wp-content\/uploads\/2019\/12\/servilletero.jpeg",338,600,false],"1536x1536":["https:\/\/rosaeterna.online\/wp-content\/uploads\/2019\/12\/servilletero.jpeg",338,600,false],"2048x2048":["https:\/\/rosaeterna.online\/wp-content\/uploads\/2019\/12\/servilletero.jpeg",338,600,false],"blog-isotope":["https:\/\/rosaeterna.online\/wp-content\/uploads\/2019\/12\/servilletero.jpeg",282,500,false],"woocommerce_thumbnail":["https:\/\/rosaeterna.online\/wp-content\/uploads\/2019\/12\/servilletero-338x435.jpeg",338,435,true],"woocommerce_single":["https:\/\/rosaeterna.online\/wp-content\/uploads\/2019\/12\/servilletero.jpeg",338,600,false],"woocommerce_gallery_thumbnail":["https:\/\/rosaeterna.online\/wp-content\/uploads\/2019\/12\/servilletero-100x100.jpeg",100,100,true],"eh_logo_image_size":["https:\/\/rosaeterna.online\/wp-content\/uploads\/2019\/12\/servilletero.jpeg",51,90,false],"eh_header_image_size":["https:\/\/rosaeterna.online\/wp-content\/uploads\/2019\/12\/servilletero.jpeg",51,90,false],"wcpr-photo-reviews":["https:\/\/rosaeterna.online\/wp-content\/uploads\/2019\/12\/servilletero.jpeg",282,500,false]},"uagb_author_info":{"display_name":"Fran","author_link":"https:\/\/rosaeterna.online\/pl"},"uagb_comment_info":0,"uagb_excerpt":"Obr\u0105czka na serwetk\u0119 z r\u00f3\u017cnic\u0105. Nasz model wykonany jest z konserwowanych kwiat\u00f3w: mini r\u00f3\u017cy, lawendy i pszenicy. Wysy\u0142ka GRATIS.","_links":{"self":[{"href":"https:\/\/rosaeterna.online\/pl\/wp-json\/wp\/v2\/product\/19978","targetHints":{"allow":["GET"]}}],"collection":[{"href":"https:\/\/rosaeterna.online\/pl\/wp-json\/wp\/v2\/product"}],"about":[{"href":"https:\/\/rosaeterna.online\/pl\/wp-json\/wp\/v2\/types\/product"}],"replies":[{"embeddable":true,"href":"https:\/\/rosaeterna.online\/pl\/wp-json\/wp\/v2\/comments?post=19978"}],"wp:featuredmedia":[{"embeddable":true,"href":"https:\/\/rosaeterna.online\/pl\/wp-json\/wp\/v2\/media\/9247"}],"wp:attachment":[{"href":"https:\/\/rosaeterna.online\/pl\/wp-json\/wp\/v2\/media?parent=19978"}],"wp:term":[{"taxonomy":"product_brand","embeddable":true,"href":"https:\/\/rosaeterna.online\/pl\/wp-json\/wp\/v2\/product_brand?post=19978"},{"taxonomy":"product_cat","embeddable":true,"href":"https:\/\/rosaeterna.online\/pl\/wp-json\/wp\/v2\/product_cat?post=19978"},{"taxonomy":"product_tag","embeddable":true,"href":"https:\/\/rosaeterna.online\/pl\/wp-json\/wp\/v2\/product_tag?post=19978"}],"curies":[{"name":"wp","href":"https:\/\/api.w.org\/{rel}","templated":true}]}}