{"id":19946,"date":"2019-12-27T01:05:25","date_gmt":"2019-12-27T01:05:25","guid":{"rendered":"https:\/\/dev.rosaeterna.online\/producto\/roze-w-szklance\/"},"modified":"2024-10-17T03:05:00","modified_gmt":"2024-10-17T03:05:00","slug":"roze-w-szklance","status":"publish","type":"product","link":"https:\/\/rosaeterna.online\/pl\/p\/roze-w-szklance\/","title":{"rendered":"R\u00f3\u017ce w szklance"},"content":{"rendered":"<p>Szukasz innego rodzaju prezentu?<br \/>\n <a href=\"https:\/\/rosaeterna.online\/pl\/\">Zakonserwowana r\u00f3\u017ca<\/a> w szklance to <strong>idealny<\/strong> wyb\u00f3r.<br \/>\nPowody s\u0105 jasne: b\u0119d\u0105c zakonserwowan\u0105 r\u00f3\u017c\u0105, jest w stanie <strong>wytrzyma\u0107 w idealnym stanie<\/strong> przez bardzo d\u0142ugi czas, a cena r\u00f3\u017cy w wazonie jest bardzo niska.<br \/>\nZam\u00f3w j\u0105 teraz z <strong>bezp\u0142atn\u0105 wysy\u0142k\u0105<\/strong> i odbierz w domu lub gdziekolwiek wolisz.<br \/>\nJe\u015bli masz jakie\u015b pytania, skontaktuj si\u0119 z nami.    <\/p>\n","protected":false},"excerpt":{"rendered":"<p>Je\u015bli lubisz g\u0142\u00f3wki r\u00f3\u017c lub chcesz zaskoczy\u0107 oryginalnym i ekonomicznym prezentem, jest to najlepsza opcja.<br \/>\nWybierz<span style=\"color: #0000ff;\">kolor<\/span>, a my wy\u015blemy go do Ciebie <strong>ZA DARMO<\/strong>. <\/p>\n","protected":false},"featured_media":9261,"comment_status":"closed","ping_status":"closed","template":"","meta":{"_uag_custom_page_level_css":"","_joinchat":[]},"product_brand":[],"product_cat":[126],"product_tag":[],"class_list":{"0":"post-19946","1":"product","2":"type-product","3":"status-publish","4":"has-post-thumbnail","6":"product_cat-kwiaty-w-szkle","8":"first","9":"instock","10":"taxable","11":"shipping-taxable","12":"purchasable","13":"product-type-variable","14":"has-default-attributes","15":"add-to-wishlist-after_add_to_cart"},"yoast_head":"<!-- This site is optimized with the Yoast SEO plugin v25.0 - https:\/\/yoast.com\/wordpress\/plugins\/seo\/ -->\n<title>Kup R\u00f3\u017c\u0119 w szklance w najlepszej cenie | Rosaeterna.online<\/title>\n<meta name=\"description\" content=\"Kup R\u00f3\u017c\u0119 w szklance w najlepszej cenie. Wybierz kolor, a my wy\u015blemy go do Twojego domu lub gdziekolwiek chcesz z DARMOW\u0104 wysy\u0142k\u0105!\" \/>\n<meta name=\"robots\" content=\"index, follow, max-snippet:-1, max-image-preview:large, max-video-preview:-1\" \/>\n<link rel=\"canonical\" href=\"https:\/\/rosaeterna.online\/pl\/p\/roze-w-szklance\/\" \/>\n<meta property=\"og:locale\" content=\"pl_PL\" \/>\n<meta property=\"og:type\" content=\"article\" \/>\n<meta property=\"og:title\" content=\"Kup R\u00f3\u017c\u0119 w szklance w najlepszej cenie | Rosaeterna.online\" \/>\n<meta property=\"og:description\" content=\"Kup R\u00f3\u017c\u0119 w szklance w najlepszej cenie. Wybierz kolor, a my wy\u015blemy go do Twojego domu lub gdziekolwiek chcesz z DARMOW\u0104 wysy\u0142k\u0105!\" \/>\n<meta property=\"og:url\" content=\"https:\/\/rosaeterna.online\/pl\/p\/roze-w-szklance\/\" \/>\n<meta property=\"og:site_name\" content=\"Rosa Eterna\" \/>\n<meta property=\"article:modified_time\" content=\"2024-10-17T03:05:00+00:00\" \/>\n<meta property=\"og:image\" content=\"https:\/\/rosaeterna.online\/wp-content\/uploads\/2019\/12\/Cabeza-Rosa-en-Cristal.jpg\" \/>\n\t<meta property=\"og:image:width\" content=\"500\" \/>\n\t<meta property=\"og:image:height\" content=\"500\" \/>\n\t<meta property=\"og:image:type\" content=\"image\/jpeg\" \/>\n<meta name=\"twitter:card\" content=\"summary_large_image\" \/>\n<!-- \/ Yoast SEO plugin. -->","yoast_head_json":{"title":"Kup R\u00f3\u017c\u0119 w szklance w najlepszej cenie | Rosaeterna.online","description":"Kup R\u00f3\u017c\u0119 w szklance w najlepszej cenie. Wybierz kolor, a my wy\u015blemy go do Twojego domu lub gdziekolwiek chcesz z DARMOW\u0104 wysy\u0142k\u0105!","robots":{"index":"index","follow":"follow","max-snippet":"max-snippet:-1","max-image-preview":"max-image-preview:large","max-video-preview":"max-video-preview:-1"},"canonical":"https:\/\/rosaeterna.online\/pl\/p\/roze-w-szklance\/","og_locale":"pl_PL","og_type":"article","og_title":"Kup R\u00f3\u017c\u0119 w szklance w najlepszej cenie | Rosaeterna.online","og_description":"Kup R\u00f3\u017c\u0119 w szklance w najlepszej cenie. Wybierz kolor, a my wy\u015blemy go do Twojego domu lub gdziekolwiek chcesz z DARMOW\u0104 wysy\u0142k\u0105!","og_url":"https:\/\/rosaeterna.online\/pl\/p\/roze-w-szklance\/","og_site_name":"Rosa Eterna","article_modified_time":"2024-10-17T03:05:00+00:00","og_image":[{"width":500,"height":500,"url":"https:\/\/rosaeterna.online\/wp-content\/uploads\/2019\/12\/Cabeza-Rosa-en-Cristal.jpg","type":"image\/jpeg"}],"twitter_card":"summary_large_image","schema":{"@context":"https:\/\/schema.org","@graph":[{"@type":"WebPage","@id":"https:\/\/rosaeterna.online\/pl\/p\/roze-w-szklance\/","url":"https:\/\/rosaeterna.online\/pl\/p\/roze-w-szklance\/","name":"Kup R\u00f3\u017c\u0119 w szklance w najlepszej cenie | Rosaeterna.online","isPartOf":{"@id":"https:\/\/rosaeterna.online\/pl\/#website"},"primaryImageOfPage":{"@id":"https:\/\/rosaeterna.online\/pl\/p\/roze-w-szklance\/#primaryimage"},"image":{"@id":"https:\/\/rosaeterna.online\/pl\/p\/roze-w-szklance\/#primaryimage"},"thumbnailUrl":"https:\/\/rosaeterna.online\/wp-content\/uploads\/2019\/12\/Cabeza-Rosa-en-Cristal.jpg","datePublished":"2019-12-27T01:05:25+00:00","dateModified":"2024-10-17T03:05:00+00:00","description":"Kup R\u00f3\u017c\u0119 w szklance w najlepszej cenie. Wybierz kolor, a my wy\u015blemy go do Twojego domu lub gdziekolwiek chcesz z DARMOW\u0104 wysy\u0142k\u0105!","breadcrumb":{"@id":"https:\/\/rosaeterna.online\/pl\/p\/roze-w-szklance\/#breadcrumb"},"inLanguage":"pl-PL","potentialAction":[{"@type":"ReadAction","target":["https:\/\/rosaeterna.online\/pl\/p\/roze-w-szklance\/"]}]},{"@type":"ImageObject","inLanguage":"pl-PL","@id":"https:\/\/rosaeterna.online\/pl\/p\/roze-w-szklance\/#primaryimage","url":"https:\/\/rosaeterna.online\/wp-content\/uploads\/2019\/12\/Cabeza-Rosa-en-Cristal.jpg","contentUrl":"https:\/\/rosaeterna.online\/wp-content\/uploads\/2019\/12\/Cabeza-Rosa-en-Cristal.jpg","width":500,"height":500},{"@type":"BreadcrumbList","@id":"https:\/\/rosaeterna.online\/pl\/p\/roze-w-szklance\/#breadcrumb","itemListElement":[{"@type":"ListItem","position":1,"name":"Portada","item":"https:\/\/rosaeterna.online\/pl\/"},{"@type":"ListItem","position":2,"name":"Produkty","item":"https:\/\/rosaeterna.online\/pl\/sklep\/"},{"@type":"ListItem","position":3,"name":"R\u00f3\u017ce w szklance"}]},{"@type":"WebSite","@id":"https:\/\/rosaeterna.online\/pl\/#website","url":"https:\/\/rosaeterna.online\/pl\/","name":"Rosa Eterna","description":"Haz que dure","potentialAction":[{"@type":"SearchAction","target":{"@type":"EntryPoint","urlTemplate":"https:\/\/rosaeterna.online\/pl\/?s={search_term_string}"},"query-input":{"@type":"PropertyValueSpecification","valueRequired":true,"valueName":"search_term_string"}}],"inLanguage":"pl-PL"}]}},"uagb_featured_image_src":{"full":["https:\/\/rosaeterna.online\/wp-content\/uploads\/2019\/12\/Cabeza-Rosa-en-Cristal.jpg",500,500,false],"thumbnail":["https:\/\/rosaeterna.online\/wp-content\/uploads\/2019\/12\/Cabeza-Rosa-en-Cristal-150x150.jpg",150,150,true],"medium":["https:\/\/rosaeterna.online\/wp-content\/uploads\/2019\/12\/Cabeza-Rosa-en-Cristal-300x300.jpg",300,300,true],"medium_large":["https:\/\/rosaeterna.online\/wp-content\/uploads\/2019\/12\/Cabeza-Rosa-en-Cristal.jpg",500,500,false],"large":["https:\/\/rosaeterna.online\/wp-content\/uploads\/2019\/12\/Cabeza-Rosa-en-Cristal.jpg",500,500,false],"1536x1536":["https:\/\/rosaeterna.online\/wp-content\/uploads\/2019\/12\/Cabeza-Rosa-en-Cristal.jpg",500,500,false],"2048x2048":["https:\/\/rosaeterna.online\/wp-content\/uploads\/2019\/12\/Cabeza-Rosa-en-Cristal.jpg",500,500,false],"blog-isotope":["https:\/\/rosaeterna.online\/wp-content\/uploads\/2019\/12\/Cabeza-Rosa-en-Cristal.jpg",500,500,false],"woocommerce_thumbnail":["https:\/\/rosaeterna.online\/wp-content\/uploads\/2019\/12\/Cabeza-Rosa-en-Cristal-350x435.jpg",350,435,true],"woocommerce_single":["https:\/\/rosaeterna.online\/wp-content\/uploads\/2019\/12\/Cabeza-Rosa-en-Cristal.jpg",500,500,false],"woocommerce_gallery_thumbnail":["https:\/\/rosaeterna.online\/wp-content\/uploads\/2019\/12\/Cabeza-Rosa-en-Cristal-100x100.jpg",100,100,true],"eh_logo_image_size":["https:\/\/rosaeterna.online\/wp-content\/uploads\/2019\/12\/Cabeza-Rosa-en-Cristal.jpg",90,90,false],"eh_header_image_size":["https:\/\/rosaeterna.online\/wp-content\/uploads\/2019\/12\/Cabeza-Rosa-en-Cristal.jpg",90,90,false],"wcpr-photo-reviews":["https:\/\/rosaeterna.online\/wp-content\/uploads\/2019\/12\/Cabeza-Rosa-en-Cristal.jpg",500,500,false]},"uagb_author_info":{"display_name":"Fran","author_link":"https:\/\/rosaeterna.online\/pl"},"uagb_comment_info":0,"uagb_excerpt":"Je\u015bli lubisz g\u0142\u00f3wki r\u00f3\u017c lub chcesz zaskoczy\u0107 oryginalnym i ekonomicznym prezentem, jest to najlepsza opcja. Wybierzkolor, a my wy\u015blemy go do Ciebie ZA DARMO.","_links":{"self":[{"href":"https:\/\/rosaeterna.online\/pl\/wp-json\/wp\/v2\/product\/19946","targetHints":{"allow":["GET"]}}],"collection":[{"href":"https:\/\/rosaeterna.online\/pl\/wp-json\/wp\/v2\/product"}],"about":[{"href":"https:\/\/rosaeterna.online\/pl\/wp-json\/wp\/v2\/types\/product"}],"replies":[{"embeddable":true,"href":"https:\/\/rosaeterna.online\/pl\/wp-json\/wp\/v2\/comments?post=19946"}],"wp:featuredmedia":[{"embeddable":true,"href":"https:\/\/rosaeterna.online\/pl\/wp-json\/wp\/v2\/media\/9261"}],"wp:attachment":[{"href":"https:\/\/rosaeterna.online\/pl\/wp-json\/wp\/v2\/media?parent=19946"}],"wp:term":[{"taxonomy":"product_brand","embeddable":true,"href":"https:\/\/rosaeterna.online\/pl\/wp-json\/wp\/v2\/product_brand?post=19946"},{"taxonomy":"product_cat","embeddable":true,"href":"https:\/\/rosaeterna.online\/pl\/wp-json\/wp\/v2\/product_cat?post=19946"},{"taxonomy":"product_tag","embeddable":true,"href":"https:\/\/rosaeterna.online\/pl\/wp-json\/wp\/v2\/product_tag?post=19946"}],"curies":[{"name":"wp","href":"https:\/\/api.w.org\/{rel}","templated":true}]}}