{"id":19913,"date":"2019-12-27T00:48:18","date_gmt":"2019-12-27T00:48:18","guid":{"rendered":"https:\/\/dev.rosaeterna.online\/producto\/rose-mon-petit-coeur\/"},"modified":"2026-01-22T12:27:56","modified_gmt":"2026-01-22T12:27:56","slug":"rose-mon-petit-coeur","status":"publish","type":"product","link":"https:\/\/rosaeterna.online\/pl\/p\/rose-mon-petit-coeur\/","title":{"rendered":"Rose Mon Petit Coeur"},"content":{"rendered":"<p>Szukasz <strong><a href=\"https:\/\/rosaeterna.online\/pl\/\">wiecznej r\u00f3\u017cy<\/a><\/strong> naprawd\u0119 wyj\u0105tkowej?<br \/>\nW takim razie pokochasz <strong>Petit Coeur<\/strong>.<br \/>\nJest to zakonserwowana r\u00f3\u017ca otoczona g\u0142\u00f3wkami mini r\u00f3\u017c w kszta\u0142cie serca i mchem.<br \/>\nJak wiesz, wszystkie nasze kwiaty s\u0105 wieczne, wi\u0119c <strong>przetrwaj\u0105 pr\u00f3b\u0119 czasu<\/strong>.<br \/>\nBez w\u0105tpienia masz przed sob\u0105 idealny prezent na ka\u017cd\u0105 por\u0119 roku, a <strong>my wy\u015blemy go za darmo<\/strong> do dowolnego miejsca na p\u00f3\u0142wyspie i Balearach. Na co czekasz?<br \/>\nJe\u015bli masz jakie\u015b pytania, skontaktuj si\u0119 z nami, a my <strong>odpowiemy tak szybko, jak to mo\u017cliwe<\/strong>.     <\/p>\n","protected":false},"excerpt":{"rendered":"<p>Kup <strong>Mon Petit Coeur Rose<\/strong> i ciesz si\u0119 wyj\u0105tkowym i specjalnym prezentem.<br \/>\nDost\u0119pny jest w 3 kolorach do wyboru: r\u00f3\u017cowym, bia\u0142ym i czerwonym. Kt\u00f3ry z nich wybierzesz?<br \/>\nSkorzystaj z <strong>DARMOWEJ wysy\u0142ki<\/strong>!    <\/p>\n<ul>\n<li>Wieczna r\u00f3\u017ca otoczona zachowanymi r\u00f3\u017cami w kszta\u0142cie serca i mchem.<\/li>\n<li>Dost\u0119pny w <strong><span style=\"color: #ff99cc;\">r\u00f3\u017cowy<\/span><\/strong>, <strong><span style=\"color: #999999;\">bia\u0142y<\/span><\/strong> y <strong><span style=\"color: #ff0000;\">czerwony<\/span><\/strong><\/li>\n<\/ul>\n","protected":false},"featured_media":9191,"comment_status":"closed","ping_status":"closed","template":"","meta":{"_uag_custom_page_level_css":"","_joinchat":[]},"product_brand":[],"product_cat":[126],"product_tag":[],"class_list":{"0":"post-19913","1":"product","2":"type-product","3":"status-publish","4":"has-post-thumbnail","6":"product_cat-kwiaty-w-szkle","8":"first","9":"instock","10":"taxable","11":"shipping-taxable","12":"purchasable","13":"product-type-variable","14":"add-to-wishlist-after_add_to_cart"},"yoast_head":"<!-- This site is optimized with the Yoast SEO plugin v25.0 - https:\/\/yoast.com\/wordpress\/plugins\/seo\/ -->\n<title>Rose Mon Petit Coeur - Rosa Eterna<\/title>\n<meta name=\"robots\" content=\"index, follow, max-snippet:-1, max-image-preview:large, max-video-preview:-1\" \/>\n<link rel=\"canonical\" href=\"https:\/\/rosaeterna.online\/pl\/p\/rose-mon-petit-coeur\/\" \/>\n<meta property=\"og:locale\" content=\"pl_PL\" \/>\n<meta property=\"og:type\" content=\"article\" \/>\n<meta property=\"og:title\" content=\"Rose Mon Petit Coeur - Rosa Eterna\" \/>\n<meta property=\"og:description\" content=\"Kup Mon Petit Coeur Rose i ciesz si\u0119 wyj\u0105tkowym i specjalnym prezentem. Dost\u0119pny jest w 3 kolorach do wyboru: r\u00f3\u017cowym, bia\u0142ym i czerwonym. Kt\u00f3ry z nich wybierzesz? Skorzystaj z DARMOWEJ wysy\u0142ki!    Wieczna r\u00f3\u017ca otoczona zachowanymi r\u00f3\u017cami w kszta\u0142cie serca i mchem.  Dost\u0119pny w r\u00f3\u017cowy, bia\u0142y y czerwony\" \/>\n<meta property=\"og:url\" content=\"https:\/\/rosaeterna.online\/pl\/p\/rose-mon-petit-coeur\/\" \/>\n<meta property=\"og:site_name\" content=\"Rosa Eterna\" \/>\n<meta property=\"article:modified_time\" content=\"2026-01-22T12:27:56+00:00\" \/>\n<meta property=\"og:image\" content=\"https:\/\/rosaeterna.online\/wp-content\/uploads\/2019\/12\/cupula-petit-coeur.jpeg\" \/>\n\t<meta property=\"og:image:width\" content=\"450\" \/>\n\t<meta property=\"og:image:height\" content=\"600\" \/>\n\t<meta property=\"og:image:type\" content=\"image\/jpeg\" \/>\n<meta name=\"twitter:card\" content=\"summary_large_image\" \/>\n<!-- \/ Yoast SEO plugin. -->","yoast_head_json":{"title":"Rose Mon Petit Coeur - Rosa Eterna","robots":{"index":"index","follow":"follow","max-snippet":"max-snippet:-1","max-image-preview":"max-image-preview:large","max-video-preview":"max-video-preview:-1"},"canonical":"https:\/\/rosaeterna.online\/pl\/p\/rose-mon-petit-coeur\/","og_locale":"pl_PL","og_type":"article","og_title":"Rose Mon Petit Coeur - Rosa Eterna","og_description":"Kup Mon Petit Coeur Rose i ciesz si\u0119 wyj\u0105tkowym i specjalnym prezentem. Dost\u0119pny jest w 3 kolorach do wyboru: r\u00f3\u017cowym, bia\u0142ym i czerwonym. Kt\u00f3ry z nich wybierzesz? Skorzystaj z DARMOWEJ wysy\u0142ki!    Wieczna r\u00f3\u017ca otoczona zachowanymi r\u00f3\u017cami w kszta\u0142cie serca i mchem.  Dost\u0119pny w r\u00f3\u017cowy, bia\u0142y y czerwony","og_url":"https:\/\/rosaeterna.online\/pl\/p\/rose-mon-petit-coeur\/","og_site_name":"Rosa Eterna","article_modified_time":"2026-01-22T12:27:56+00:00","og_image":[{"width":450,"height":600,"url":"https:\/\/rosaeterna.online\/wp-content\/uploads\/2019\/12\/cupula-petit-coeur.jpeg","type":"image\/jpeg"}],"twitter_card":"summary_large_image","schema":{"@context":"https:\/\/schema.org","@graph":[{"@type":"WebPage","@id":"https:\/\/rosaeterna.online\/pl\/p\/rose-mon-petit-coeur\/","url":"https:\/\/rosaeterna.online\/pl\/p\/rose-mon-petit-coeur\/","name":"Rose Mon Petit Coeur - Rosa Eterna","isPartOf":{"@id":"https:\/\/rosaeterna.online\/pl\/#website"},"primaryImageOfPage":{"@id":"https:\/\/rosaeterna.online\/pl\/p\/rose-mon-petit-coeur\/#primaryimage"},"image":{"@id":"https:\/\/rosaeterna.online\/pl\/p\/rose-mon-petit-coeur\/#primaryimage"},"thumbnailUrl":"https:\/\/rosaeterna.online\/wp-content\/uploads\/2019\/12\/cupula-petit-coeur.jpeg","datePublished":"2019-12-27T00:48:18+00:00","dateModified":"2026-01-22T12:27:56+00:00","breadcrumb":{"@id":"https:\/\/rosaeterna.online\/pl\/p\/rose-mon-petit-coeur\/#breadcrumb"},"inLanguage":"pl-PL","potentialAction":[{"@type":"ReadAction","target":["https:\/\/rosaeterna.online\/pl\/p\/rose-mon-petit-coeur\/"]}]},{"@type":"ImageObject","inLanguage":"pl-PL","@id":"https:\/\/rosaeterna.online\/pl\/p\/rose-mon-petit-coeur\/#primaryimage","url":"https:\/\/rosaeterna.online\/wp-content\/uploads\/2019\/12\/cupula-petit-coeur.jpeg","contentUrl":"https:\/\/rosaeterna.online\/wp-content\/uploads\/2019\/12\/cupula-petit-coeur.jpeg","width":450,"height":600,"caption":"czerwona kopu\u0142a petit coeur"},{"@type":"BreadcrumbList","@id":"https:\/\/rosaeterna.online\/pl\/p\/rose-mon-petit-coeur\/#breadcrumb","itemListElement":[{"@type":"ListItem","position":1,"name":"Portada","item":"https:\/\/rosaeterna.online\/pl\/"},{"@type":"ListItem","position":2,"name":"Produkty","item":"https:\/\/rosaeterna.online\/pl\/sklep\/"},{"@type":"ListItem","position":3,"name":"Rose Mon Petit Coeur"}]},{"@type":"WebSite","@id":"https:\/\/rosaeterna.online\/pl\/#website","url":"https:\/\/rosaeterna.online\/pl\/","name":"Rosa Eterna","description":"Haz que dure","potentialAction":[{"@type":"SearchAction","target":{"@type":"EntryPoint","urlTemplate":"https:\/\/rosaeterna.online\/pl\/?s={search_term_string}"},"query-input":{"@type":"PropertyValueSpecification","valueRequired":true,"valueName":"search_term_string"}}],"inLanguage":"pl-PL"}]}},"uagb_featured_image_src":{"full":["https:\/\/rosaeterna.online\/wp-content\/uploads\/2019\/12\/cupula-petit-coeur.jpeg",450,600,false],"thumbnail":["https:\/\/rosaeterna.online\/wp-content\/uploads\/2019\/12\/cupula-petit-coeur-150x150.jpeg",150,150,true],"medium":["https:\/\/rosaeterna.online\/wp-content\/uploads\/2019\/12\/cupula-petit-coeur-225x300.jpeg",225,300,true],"medium_large":["https:\/\/rosaeterna.online\/wp-content\/uploads\/2019\/12\/cupula-petit-coeur.jpeg",450,600,false],"large":["https:\/\/rosaeterna.online\/wp-content\/uploads\/2019\/12\/cupula-petit-coeur.jpeg",450,600,false],"1536x1536":["https:\/\/rosaeterna.online\/wp-content\/uploads\/2019\/12\/cupula-petit-coeur.jpeg",450,600,false],"2048x2048":["https:\/\/rosaeterna.online\/wp-content\/uploads\/2019\/12\/cupula-petit-coeur.jpeg",450,600,false],"blog-isotope":["https:\/\/rosaeterna.online\/wp-content\/uploads\/2019\/12\/cupula-petit-coeur.jpeg",375,500,false],"woocommerce_thumbnail":["https:\/\/rosaeterna.online\/wp-content\/uploads\/2019\/12\/cupula-petit-coeur-350x435.jpeg",350,435,true],"woocommerce_single":["https:\/\/rosaeterna.online\/wp-content\/uploads\/2019\/12\/cupula-petit-coeur.jpeg",450,600,false],"woocommerce_gallery_thumbnail":["https:\/\/rosaeterna.online\/wp-content\/uploads\/2019\/12\/cupula-petit-coeur-100x100.jpeg",100,100,true],"eh_logo_image_size":["https:\/\/rosaeterna.online\/wp-content\/uploads\/2019\/12\/cupula-petit-coeur.jpeg",68,90,false],"eh_header_image_size":["https:\/\/rosaeterna.online\/wp-content\/uploads\/2019\/12\/cupula-petit-coeur.jpeg",68,90,false],"wcpr-photo-reviews":["https:\/\/rosaeterna.online\/wp-content\/uploads\/2019\/12\/cupula-petit-coeur.jpeg",375,500,false]},"uagb_author_info":{"display_name":"Fran","author_link":"https:\/\/rosaeterna.online\/pl"},"uagb_comment_info":0,"uagb_excerpt":"Kup Mon Petit Coeur Rose i ciesz si\u0119 wyj\u0105tkowym i specjalnym prezentem. Dost\u0119pny jest w 3 kolorach do wyboru: r\u00f3\u017cowym, bia\u0142ym i czerwonym. Kt\u00f3ry z nich wybierzesz? Skorzystaj z DARMOWEJ wysy\u0142ki! Wieczna r\u00f3\u017ca otoczona zachowanymi r\u00f3\u017cami w kszta\u0142cie serca i mchem. Dost\u0119pny w r\u00f3\u017cowy, bia\u0142y y czerwony","_links":{"self":[{"href":"https:\/\/rosaeterna.online\/pl\/wp-json\/wp\/v2\/product\/19913","targetHints":{"allow":["GET"]}}],"collection":[{"href":"https:\/\/rosaeterna.online\/pl\/wp-json\/wp\/v2\/product"}],"about":[{"href":"https:\/\/rosaeterna.online\/pl\/wp-json\/wp\/v2\/types\/product"}],"replies":[{"embeddable":true,"href":"https:\/\/rosaeterna.online\/pl\/wp-json\/wp\/v2\/comments?post=19913"}],"wp:featuredmedia":[{"embeddable":true,"href":"https:\/\/rosaeterna.online\/pl\/wp-json\/wp\/v2\/media\/9191"}],"wp:attachment":[{"href":"https:\/\/rosaeterna.online\/pl\/wp-json\/wp\/v2\/media?parent=19913"}],"wp:term":[{"taxonomy":"product_brand","embeddable":true,"href":"https:\/\/rosaeterna.online\/pl\/wp-json\/wp\/v2\/product_brand?post=19913"},{"taxonomy":"product_cat","embeddable":true,"href":"https:\/\/rosaeterna.online\/pl\/wp-json\/wp\/v2\/product_cat?post=19913"},{"taxonomy":"product_tag","embeddable":true,"href":"https:\/\/rosaeterna.online\/pl\/wp-json\/wp\/v2\/product_tag?post=19913"}],"curies":[{"name":"wp","href":"https:\/\/api.w.org\/{rel}","templated":true}]}}