{"id":19628,"date":"2021-02-09T21:29:37","date_gmt":"2021-02-09T21:29:37","guid":{"rendered":"https:\/\/dev.rosaeterna.online\/producto\/bukiet-serc\/"},"modified":"2025-11-02T13:01:32","modified_gmt":"2025-11-02T13:01:32","slug":"bukiet-serc","status":"publish","type":"product","link":"https:\/\/rosaeterna.online\/pl\/p\/bukiet-serc\/","title":{"rendered":"Bukiet serc"},"content":{"rendered":"<p>Wyj\u0105tkowy <a href=\"https:\/\/rosaeterna.online\/tipo\/ramo-flores-preservadas\/\">zakonserwowany bukiet<\/a>, kt\u00f3rego g\u0142\u00f3wnym bohaterem jest zakonserwowany kwiat otoczony mini zakonserwowan\u0105 paniculat\u0105 i zakonserwowanymi szparagami.<\/p>\n","protected":false},"excerpt":{"rendered":"<p>Podaruj jej ten pi\u0119kny bukiet, aby przypiecz\u0119towa\u0107 Wasz\u0105 dozgonn\u0105 mi\u0142o\u015b\u0107.<br \/>\nSkorzystaj z naszej <strong>BEZP\u0141ATNEJ<\/strong> wysy\u0142ki <\/p>\n","protected":false},"featured_media":9898,"comment_status":"closed","ping_status":"closed","template":"","meta":{"_uag_custom_page_level_css":"","_joinchat":[]},"product_brand":[],"product_cat":[235,236,105],"product_tag":[],"class_list":{"0":"post-19628","1":"product","2":"type-product","3":"status-publish","4":"has-post-thumbnail","6":"product_cat-wesela","7":"product_cat-zachowane-bukiety-slubne","8":"product_cat-bukiet-kwiatow","10":"first","11":"instock","12":"taxable","13":"shipping-taxable","14":"purchasable","15":"product-type-simple","16":"add-to-wishlist-after_add_to_cart"},"yoast_head":"<!-- This site is optimized with the Yoast SEO plugin v25.0 - https:\/\/yoast.com\/wordpress\/plugins\/seo\/ -->\n<title>Bukiet serc - Rosa Eterna<\/title>\n<meta name=\"robots\" content=\"index, follow, max-snippet:-1, max-image-preview:large, max-video-preview:-1\" \/>\n<link rel=\"canonical\" href=\"https:\/\/rosaeterna.online\/pl\/p\/bukiet-serc\/\" \/>\n<meta property=\"og:locale\" content=\"pl_PL\" \/>\n<meta property=\"og:type\" content=\"article\" \/>\n<meta property=\"og:title\" content=\"Bukiet serc - Rosa Eterna\" \/>\n<meta property=\"og:description\" content=\"Podaruj jej ten pi\u0119kny bukiet, aby przypiecz\u0119towa\u0107 Wasz\u0105 dozgonn\u0105 mi\u0142o\u015b\u0107. Skorzystaj z naszej BEZP\u0141ATNEJ wysy\u0142ki\" \/>\n<meta property=\"og:url\" content=\"https:\/\/rosaeterna.online\/pl\/p\/bukiet-serc\/\" \/>\n<meta property=\"og:site_name\" content=\"Rosa Eterna\" \/>\n<meta property=\"article:modified_time\" content=\"2025-11-02T13:01:32+00:00\" \/>\n<meta property=\"og:image\" content=\"https:\/\/rosaeterna.online\/wp-content\/uploads\/2021\/02\/Ramo-Rosa-Preservada.jpg\" \/>\n\t<meta property=\"og:image:width\" content=\"600\" \/>\n\t<meta property=\"og:image:height\" content=\"800\" \/>\n\t<meta property=\"og:image:type\" content=\"image\/jpeg\" \/>\n<meta name=\"twitter:card\" content=\"summary_large_image\" \/>\n<!-- \/ Yoast SEO plugin. -->","yoast_head_json":{"title":"Bukiet serc - Rosa Eterna","robots":{"index":"index","follow":"follow","max-snippet":"max-snippet:-1","max-image-preview":"max-image-preview:large","max-video-preview":"max-video-preview:-1"},"canonical":"https:\/\/rosaeterna.online\/pl\/p\/bukiet-serc\/","og_locale":"pl_PL","og_type":"article","og_title":"Bukiet serc - Rosa Eterna","og_description":"Podaruj jej ten pi\u0119kny bukiet, aby przypiecz\u0119towa\u0107 Wasz\u0105 dozgonn\u0105 mi\u0142o\u015b\u0107. Skorzystaj z naszej BEZP\u0141ATNEJ wysy\u0142ki","og_url":"https:\/\/rosaeterna.online\/pl\/p\/bukiet-serc\/","og_site_name":"Rosa Eterna","article_modified_time":"2025-11-02T13:01:32+00:00","og_image":[{"width":600,"height":800,"url":"https:\/\/rosaeterna.online\/wp-content\/uploads\/2021\/02\/Ramo-Rosa-Preservada.jpg","type":"image\/jpeg"}],"twitter_card":"summary_large_image","schema":{"@context":"https:\/\/schema.org","@graph":[{"@type":"WebPage","@id":"https:\/\/rosaeterna.online\/pl\/p\/bukiet-serc\/","url":"https:\/\/rosaeterna.online\/pl\/p\/bukiet-serc\/","name":"Bukiet serc - Rosa Eterna","isPartOf":{"@id":"https:\/\/rosaeterna.online\/pl\/#website"},"primaryImageOfPage":{"@id":"https:\/\/rosaeterna.online\/pl\/p\/bukiet-serc\/#primaryimage"},"image":{"@id":"https:\/\/rosaeterna.online\/pl\/p\/bukiet-serc\/#primaryimage"},"thumbnailUrl":"https:\/\/rosaeterna.online\/wp-content\/uploads\/2021\/02\/Ramo-Rosa-Preservada.jpg","datePublished":"2021-02-09T21:29:37+00:00","dateModified":"2025-11-02T13:01:32+00:00","breadcrumb":{"@id":"https:\/\/rosaeterna.online\/pl\/p\/bukiet-serc\/#breadcrumb"},"inLanguage":"pl-PL","potentialAction":[{"@type":"ReadAction","target":["https:\/\/rosaeterna.online\/pl\/p\/bukiet-serc\/"]}]},{"@type":"ImageObject","inLanguage":"pl-PL","@id":"https:\/\/rosaeterna.online\/pl\/p\/bukiet-serc\/#primaryimage","url":"https:\/\/rosaeterna.online\/wp-content\/uploads\/2021\/02\/Ramo-Rosa-Preservada.jpg","contentUrl":"https:\/\/rosaeterna.online\/wp-content\/uploads\/2021\/02\/Ramo-Rosa-Preservada.jpg","width":600,"height":800,"caption":"bukiet zarezerwowany r\u00f3\u017ca"},{"@type":"BreadcrumbList","@id":"https:\/\/rosaeterna.online\/pl\/p\/bukiet-serc\/#breadcrumb","itemListElement":[{"@type":"ListItem","position":1,"name":"Portada","item":"https:\/\/rosaeterna.online\/pl\/"},{"@type":"ListItem","position":2,"name":"Produkty","item":"https:\/\/rosaeterna.online\/pl\/sklep\/"},{"@type":"ListItem","position":3,"name":"Bukiet serc"}]},{"@type":"WebSite","@id":"https:\/\/rosaeterna.online\/pl\/#website","url":"https:\/\/rosaeterna.online\/pl\/","name":"Rosa Eterna","description":"Haz que dure","potentialAction":[{"@type":"SearchAction","target":{"@type":"EntryPoint","urlTemplate":"https:\/\/rosaeterna.online\/pl\/?s={search_term_string}"},"query-input":{"@type":"PropertyValueSpecification","valueRequired":true,"valueName":"search_term_string"}}],"inLanguage":"pl-PL"}]}},"uagb_featured_image_src":{"full":["https:\/\/rosaeterna.online\/wp-content\/uploads\/2021\/02\/Ramo-Rosa-Preservada.jpg",600,800,false],"thumbnail":["https:\/\/rosaeterna.online\/wp-content\/uploads\/2021\/02\/Ramo-Rosa-Preservada-150x150.jpg",150,150,true],"medium":["https:\/\/rosaeterna.online\/wp-content\/uploads\/2021\/02\/Ramo-Rosa-Preservada-225x300.jpg",225,300,true],"medium_large":["https:\/\/rosaeterna.online\/wp-content\/uploads\/2021\/02\/Ramo-Rosa-Preservada.jpg",600,800,false],"large":["https:\/\/rosaeterna.online\/wp-content\/uploads\/2021\/02\/Ramo-Rosa-Preservada.jpg",600,800,false],"1536x1536":["https:\/\/rosaeterna.online\/wp-content\/uploads\/2021\/02\/Ramo-Rosa-Preservada.jpg",600,800,false],"2048x2048":["https:\/\/rosaeterna.online\/wp-content\/uploads\/2021\/02\/Ramo-Rosa-Preservada.jpg",600,800,false],"blog-isotope":["https:\/\/rosaeterna.online\/wp-content\/uploads\/2021\/02\/Ramo-Rosa-Preservada.jpg",375,500,false],"woocommerce_thumbnail":["https:\/\/rosaeterna.online\/wp-content\/uploads\/2021\/02\/Ramo-Rosa-Preservada-350x435.jpg",350,435,true],"woocommerce_single":["https:\/\/rosaeterna.online\/wp-content\/uploads\/2021\/02\/Ramo-Rosa-Preservada.jpg",600,800,false],"woocommerce_gallery_thumbnail":["https:\/\/rosaeterna.online\/wp-content\/uploads\/2021\/02\/Ramo-Rosa-Preservada-100x100.jpg",100,100,true],"eh_logo_image_size":["https:\/\/rosaeterna.online\/wp-content\/uploads\/2021\/02\/Ramo-Rosa-Preservada.jpg",68,90,false],"eh_header_image_size":["https:\/\/rosaeterna.online\/wp-content\/uploads\/2021\/02\/Ramo-Rosa-Preservada.jpg",68,90,false],"wcpr-photo-reviews":["https:\/\/rosaeterna.online\/wp-content\/uploads\/2021\/02\/Ramo-Rosa-Preservada.jpg",375,500,false]},"uagb_author_info":{"display_name":"Patricia Mart\u00edn","author_link":"https:\/\/rosaeterna.online\/pl"},"uagb_comment_info":0,"uagb_excerpt":"Podaruj jej ten pi\u0119kny bukiet, aby przypiecz\u0119towa\u0107 Wasz\u0105 dozgonn\u0105 mi\u0142o\u015b\u0107. Skorzystaj z naszej BEZP\u0141ATNEJ wysy\u0142ki","_links":{"self":[{"href":"https:\/\/rosaeterna.online\/pl\/wp-json\/wp\/v2\/product\/19628","targetHints":{"allow":["GET"]}}],"collection":[{"href":"https:\/\/rosaeterna.online\/pl\/wp-json\/wp\/v2\/product"}],"about":[{"href":"https:\/\/rosaeterna.online\/pl\/wp-json\/wp\/v2\/types\/product"}],"replies":[{"embeddable":true,"href":"https:\/\/rosaeterna.online\/pl\/wp-json\/wp\/v2\/comments?post=19628"}],"wp:featuredmedia":[{"embeddable":true,"href":"https:\/\/rosaeterna.online\/pl\/wp-json\/wp\/v2\/media\/9898"}],"wp:attachment":[{"href":"https:\/\/rosaeterna.online\/pl\/wp-json\/wp\/v2\/media?parent=19628"}],"wp:term":[{"taxonomy":"product_brand","embeddable":true,"href":"https:\/\/rosaeterna.online\/pl\/wp-json\/wp\/v2\/product_brand?post=19628"},{"taxonomy":"product_cat","embeddable":true,"href":"https:\/\/rosaeterna.online\/pl\/wp-json\/wp\/v2\/product_cat?post=19628"},{"taxonomy":"product_tag","embeddable":true,"href":"https:\/\/rosaeterna.online\/pl\/wp-json\/wp\/v2\/product_tag?post=19628"}],"curies":[{"name":"wp","href":"https:\/\/api.w.org\/{rel}","templated":true}]}}