{"id":19555,"date":"2021-01-31T20:16:55","date_gmt":"2021-01-31T20:16:55","guid":{"rendered":"https:\/\/dev.rosaeterna.online\/producto\/akrylowe-pudelko-z-pleksiglasu-z-9-rozami\/"},"modified":"2021-01-31T20:16:55","modified_gmt":"2021-01-31T20:16:55","slug":"akrylowe-pudelko-z-pleksiglasu-z-9-rozami","status":"publish","type":"product","link":"https:\/\/rosaeterna.online\/pl\/p\/akrylowe-pudelko-z-pleksiglasu-z-9-rozami\/","title":{"rendered":"Akrylowe pude\u0142ko z pleksiglasu z 9 r\u00f3\u017cami"},"content":{"rendered":"<p>Kup sobie <strong><a href=\"https:\/\/rosaeterna.online\/tipo\/rosas-caja\/\">pude\u0142ko r\u00f3\u017c<\/a><\/strong> z 9 <a href=\"https:\/\/rosaeterna.online\/pl\/\"><strong>wiecznych r\u00f3\u017c<\/strong><\/a> w kolorach, kt\u00f3re lubisz najbardziej.<br \/>\nWybierz ten, kt\u00f3ry chcesz, a my przygotujemy go z ca\u0142\u0105 nasz\u0105 mi\u0142o\u015bci\u0105 dla tej wyj\u0105tkowej osoby.<br \/>\nOtrzymaj go z bezp\u0142atn\u0105 wysy\u0142k\u0105, a je\u015bli masz jakie\u015b pytania, mo\u017cesz si\u0119 z nami skontaktowa\u0107.  <\/p>\n","protected":false},"excerpt":{"rendered":"<p>Czy jest co\u015b pi\u0119kniejszego ni\u017c pude\u0142ko pe\u0142ne zakonserwowanych r\u00f3\u017c?  <strong>Zdob\u0105d\u017a go z DARMOW\u0104 wysy\u0142k\u0105!<\/strong><\/p>\n","protected":false},"featured_media":9821,"comment_status":"closed","ping_status":"closed","template":"","meta":{"_uag_custom_page_level_css":"","_joinchat":[]},"product_brand":[],"product_cat":[119],"product_tag":[],"class_list":{"0":"post-19555","1":"product","2":"type-product","3":"status-publish","4":"has-post-thumbnail","6":"product_cat-roze-w-pudelku","8":"first","9":"outofstock","10":"taxable","11":"shipping-taxable","12":"purchasable","13":"product-type-variable","14":"add-to-wishlist-after_add_to_cart"},"yoast_head":"<!-- This site is optimized with the Yoast SEO plugin v25.0 - https:\/\/yoast.com\/wordpress\/plugins\/seo\/ -->\n<title>Akrylowe pude\u0142ko z pleksiglasu z 9 r\u00f3\u017cami - Rosa Eterna<\/title>\n<meta name=\"robots\" content=\"index, follow, max-snippet:-1, max-image-preview:large, max-video-preview:-1\" \/>\n<link rel=\"canonical\" href=\"https:\/\/rosaeterna.online\/pl\/p\/akrylowe-pudelko-z-pleksiglasu-z-9-rozami\/\" \/>\n<meta property=\"og:locale\" content=\"pl_PL\" \/>\n<meta property=\"og:type\" content=\"article\" \/>\n<meta property=\"og:title\" content=\"Akrylowe pude\u0142ko z pleksiglasu z 9 r\u00f3\u017cami - Rosa Eterna\" \/>\n<meta property=\"og:description\" content=\"Czy jest co\u015b pi\u0119kniejszego ni\u017c pude\u0142ko pe\u0142ne zakonserwowanych r\u00f3\u017c? Zdob\u0105d\u017a go z DARMOW\u0104 wysy\u0142k\u0105!\" \/>\n<meta property=\"og:url\" content=\"https:\/\/rosaeterna.online\/pl\/p\/akrylowe-pudelko-z-pleksiglasu-z-9-rozami\/\" \/>\n<meta property=\"og:site_name\" content=\"Rosa Eterna\" \/>\n<meta property=\"og:image\" content=\"https:\/\/rosaeterna.online\/wp-content\/uploads\/2021\/01\/caja-metacrilato-rosas-rojas.jpg\" \/>\n\t<meta property=\"og:image:width\" content=\"450\" \/>\n\t<meta property=\"og:image:height\" content=\"600\" \/>\n\t<meta property=\"og:image:type\" content=\"image\/jpeg\" \/>\n<meta name=\"twitter:card\" content=\"summary_large_image\" \/>\n<!-- \/ Yoast SEO plugin. -->","yoast_head_json":{"title":"Akrylowe pude\u0142ko z pleksiglasu z 9 r\u00f3\u017cami - Rosa Eterna","robots":{"index":"index","follow":"follow","max-snippet":"max-snippet:-1","max-image-preview":"max-image-preview:large","max-video-preview":"max-video-preview:-1"},"canonical":"https:\/\/rosaeterna.online\/pl\/p\/akrylowe-pudelko-z-pleksiglasu-z-9-rozami\/","og_locale":"pl_PL","og_type":"article","og_title":"Akrylowe pude\u0142ko z pleksiglasu z 9 r\u00f3\u017cami - Rosa Eterna","og_description":"Czy jest co\u015b pi\u0119kniejszego ni\u017c pude\u0142ko pe\u0142ne zakonserwowanych r\u00f3\u017c? Zdob\u0105d\u017a go z DARMOW\u0104 wysy\u0142k\u0105!","og_url":"https:\/\/rosaeterna.online\/pl\/p\/akrylowe-pudelko-z-pleksiglasu-z-9-rozami\/","og_site_name":"Rosa Eterna","og_image":[{"width":450,"height":600,"url":"https:\/\/rosaeterna.online\/wp-content\/uploads\/2021\/01\/caja-metacrilato-rosas-rojas.jpg","type":"image\/jpeg"}],"twitter_card":"summary_large_image","schema":{"@context":"https:\/\/schema.org","@graph":[{"@type":"WebPage","@id":"https:\/\/rosaeterna.online\/pl\/p\/akrylowe-pudelko-z-pleksiglasu-z-9-rozami\/","url":"https:\/\/rosaeterna.online\/pl\/p\/akrylowe-pudelko-z-pleksiglasu-z-9-rozami\/","name":"Akrylowe pude\u0142ko z pleksiglasu z 9 r\u00f3\u017cami - Rosa Eterna","isPartOf":{"@id":"https:\/\/rosaeterna.online\/pl\/#website"},"primaryImageOfPage":{"@id":"https:\/\/rosaeterna.online\/pl\/p\/akrylowe-pudelko-z-pleksiglasu-z-9-rozami\/#primaryimage"},"image":{"@id":"https:\/\/rosaeterna.online\/pl\/p\/akrylowe-pudelko-z-pleksiglasu-z-9-rozami\/#primaryimage"},"thumbnailUrl":"https:\/\/rosaeterna.online\/wp-content\/uploads\/2021\/01\/caja-metacrilato-rosas-rojas.jpg","datePublished":"2021-01-31T20:16:55+00:00","breadcrumb":{"@id":"https:\/\/rosaeterna.online\/pl\/p\/akrylowe-pudelko-z-pleksiglasu-z-9-rozami\/#breadcrumb"},"inLanguage":"pl-PL","potentialAction":[{"@type":"ReadAction","target":["https:\/\/rosaeterna.online\/pl\/p\/akrylowe-pudelko-z-pleksiglasu-z-9-rozami\/"]}]},{"@type":"ImageObject","inLanguage":"pl-PL","@id":"https:\/\/rosaeterna.online\/pl\/p\/akrylowe-pudelko-z-pleksiglasu-z-9-rozami\/#primaryimage","url":"https:\/\/rosaeterna.online\/wp-content\/uploads\/2021\/01\/caja-metacrilato-rosas-rojas.jpg","contentUrl":"https:\/\/rosaeterna.online\/wp-content\/uploads\/2021\/01\/caja-metacrilato-rosas-rojas.jpg","width":450,"height":600,"caption":"Akrylowe pude\u0142ko z pleksiglasu z 9 r\u00f3\u017cami"},{"@type":"BreadcrumbList","@id":"https:\/\/rosaeterna.online\/pl\/p\/akrylowe-pudelko-z-pleksiglasu-z-9-rozami\/#breadcrumb","itemListElement":[{"@type":"ListItem","position":1,"name":"Portada","item":"https:\/\/rosaeterna.online\/pl\/"},{"@type":"ListItem","position":2,"name":"Produkty","item":"https:\/\/rosaeterna.online\/pl\/sklep\/"},{"@type":"ListItem","position":3,"name":"Akrylowe pude\u0142ko z pleksiglasu z 9 r\u00f3\u017cami"}]},{"@type":"WebSite","@id":"https:\/\/rosaeterna.online\/pl\/#website","url":"https:\/\/rosaeterna.online\/pl\/","name":"Rosa Eterna","description":"Haz que dure","potentialAction":[{"@type":"SearchAction","target":{"@type":"EntryPoint","urlTemplate":"https:\/\/rosaeterna.online\/pl\/?s={search_term_string}"},"query-input":{"@type":"PropertyValueSpecification","valueRequired":true,"valueName":"search_term_string"}}],"inLanguage":"pl-PL"}]}},"uagb_featured_image_src":{"full":["https:\/\/rosaeterna.online\/wp-content\/uploads\/2021\/01\/caja-metacrilato-rosas-rojas.jpg",450,600,false],"thumbnail":["https:\/\/rosaeterna.online\/wp-content\/uploads\/2021\/01\/caja-metacrilato-rosas-rojas-150x150.jpg",150,150,true],"medium":["https:\/\/rosaeterna.online\/wp-content\/uploads\/2021\/01\/caja-metacrilato-rosas-rojas-225x300.jpg",225,300,true],"medium_large":["https:\/\/rosaeterna.online\/wp-content\/uploads\/2021\/01\/caja-metacrilato-rosas-rojas.jpg",450,600,false],"large":["https:\/\/rosaeterna.online\/wp-content\/uploads\/2021\/01\/caja-metacrilato-rosas-rojas.jpg",450,600,false],"1536x1536":["https:\/\/rosaeterna.online\/wp-content\/uploads\/2021\/01\/caja-metacrilato-rosas-rojas.jpg",450,600,false],"2048x2048":["https:\/\/rosaeterna.online\/wp-content\/uploads\/2021\/01\/caja-metacrilato-rosas-rojas.jpg",450,600,false],"blog-isotope":["https:\/\/rosaeterna.online\/wp-content\/uploads\/2021\/01\/caja-metacrilato-rosas-rojas.jpg",375,500,false],"woocommerce_thumbnail":["https:\/\/rosaeterna.online\/wp-content\/uploads\/2021\/01\/caja-metacrilato-rosas-rojas-350x435.jpg",350,435,true],"woocommerce_single":["https:\/\/rosaeterna.online\/wp-content\/uploads\/2021\/01\/caja-metacrilato-rosas-rojas.jpg",450,600,false],"woocommerce_gallery_thumbnail":["https:\/\/rosaeterna.online\/wp-content\/uploads\/2021\/01\/caja-metacrilato-rosas-rojas-100x100.jpg",100,100,true],"eh_logo_image_size":["https:\/\/rosaeterna.online\/wp-content\/uploads\/2021\/01\/caja-metacrilato-rosas-rojas.jpg",68,90,false],"eh_header_image_size":["https:\/\/rosaeterna.online\/wp-content\/uploads\/2021\/01\/caja-metacrilato-rosas-rojas.jpg",68,90,false],"wcpr-photo-reviews":["https:\/\/rosaeterna.online\/wp-content\/uploads\/2021\/01\/caja-metacrilato-rosas-rojas.jpg",375,500,false]},"uagb_author_info":{"display_name":"Fran","author_link":"https:\/\/rosaeterna.online\/pl"},"uagb_comment_info":0,"uagb_excerpt":"Czy jest co\u015b pi\u0119kniejszego ni\u017c pude\u0142ko pe\u0142ne zakonserwowanych r\u00f3\u017c? Zdob\u0105d\u017a go z DARMOW\u0104 wysy\u0142k\u0105!","_links":{"self":[{"href":"https:\/\/rosaeterna.online\/pl\/wp-json\/wp\/v2\/product\/19555","targetHints":{"allow":["GET"]}}],"collection":[{"href":"https:\/\/rosaeterna.online\/pl\/wp-json\/wp\/v2\/product"}],"about":[{"href":"https:\/\/rosaeterna.online\/pl\/wp-json\/wp\/v2\/types\/product"}],"replies":[{"embeddable":true,"href":"https:\/\/rosaeterna.online\/pl\/wp-json\/wp\/v2\/comments?post=19555"}],"wp:featuredmedia":[{"embeddable":true,"href":"https:\/\/rosaeterna.online\/pl\/wp-json\/wp\/v2\/media\/9821"}],"wp:attachment":[{"href":"https:\/\/rosaeterna.online\/pl\/wp-json\/wp\/v2\/media?parent=19555"}],"wp:term":[{"taxonomy":"product_brand","embeddable":true,"href":"https:\/\/rosaeterna.online\/pl\/wp-json\/wp\/v2\/product_brand?post=19555"},{"taxonomy":"product_cat","embeddable":true,"href":"https:\/\/rosaeterna.online\/pl\/wp-json\/wp\/v2\/product_cat?post=19555"},{"taxonomy":"product_tag","embeddable":true,"href":"https:\/\/rosaeterna.online\/pl\/wp-json\/wp\/v2\/product_tag?post=19555"}],"curies":[{"name":"wp","href":"https:\/\/api.w.org\/{rel}","templated":true}]}}