{"id":19545,"date":"2021-01-31T19:51:05","date_gmt":"2021-01-31T19:51:05","guid":{"rendered":"https:\/\/dev.rosaeterna.online\/producto\/pojedynczy-bukiet-roz\/"},"modified":"2024-10-17T04:06:13","modified_gmt":"2024-10-17T04:06:13","slug":"pojedynczy-bukiet-roz","status":"publish","type":"product","link":"https:\/\/rosaeterna.online\/pl\/p\/pojedynczy-bukiet-roz\/","title":{"rendered":"Pojedynczy bukiet r\u00f3\u017c"},"content":{"rendered":"<p>Bukiet, kt\u00f3ry nie jest bukietem, brzmi dziwnie, prawda?<br \/>\nC\u00f3\u017c, taki w\u0142a\u015bnie jest nasz indywidualny bukiet.<br \/>\nOryginalny spos\u00f3b na podarowanie <a href=\"https:\/\/rosaeterna.online\/pl\/\"><strong>wiecznej r\u00f3\u017cy<\/strong><\/a> w bezkonkurencyjnej cenie.<br \/>\nSkorzystaj z darmowej wysy\u0142ki, a je\u015bli masz jakie\u015b pytania, zadaj nam je przez WhatsApp lub formularz kontaktowy \ud83d\ude09   <\/p>\n","protected":false},"excerpt":{"rendered":"<p>Inny spos\u00f3b na podarowanie r\u00f3\u017cy <strong>. Odbierz sw\u00f3j bukiet z DARMOW\u0104 wysy\u0142k\u0105!<\/strong><\/p>\n","protected":false},"featured_media":9877,"comment_status":"closed","ping_status":"closed","template":"","meta":{"_uag_custom_page_level_css":"","_joinchat":[]},"product_brand":[],"product_cat":[105,112,84],"product_tag":[],"class_list":{"0":"post-19545","1":"product","2":"type-product","3":"status-publish","4":"has-post-thumbnail","6":"product_cat-bukiet-kwiatow","7":"product_cat-bukiety-roz","8":"product_cat-roze-z-lodyga","10":"first","11":"instock","12":"taxable","13":"shipping-taxable","14":"purchasable","15":"product-type-variable","16":"add-to-wishlist-after_add_to_cart"},"yoast_head":"<!-- This site is optimized with the Yoast SEO plugin v25.0 - https:\/\/yoast.com\/wordpress\/plugins\/seo\/ -->\n<title>Pojedynczy bukiet r\u00f3\u017c - Rosa Eterna<\/title>\n<meta name=\"robots\" content=\"index, follow, max-snippet:-1, max-image-preview:large, max-video-preview:-1\" \/>\n<link rel=\"canonical\" href=\"https:\/\/rosaeterna.online\/pl\/p\/pojedynczy-bukiet-roz\/\" \/>\n<meta property=\"og:locale\" content=\"pl_PL\" \/>\n<meta property=\"og:type\" content=\"article\" \/>\n<meta property=\"og:title\" content=\"Pojedynczy bukiet r\u00f3\u017c - Rosa Eterna\" \/>\n<meta property=\"og:description\" content=\"Inny spos\u00f3b na podarowanie r\u00f3\u017cy . Odbierz sw\u00f3j bukiet z DARMOW\u0104 wysy\u0142k\u0105!\" \/>\n<meta property=\"og:url\" content=\"https:\/\/rosaeterna.online\/pl\/p\/pojedynczy-bukiet-roz\/\" \/>\n<meta property=\"og:site_name\" content=\"Rosa Eterna\" \/>\n<meta property=\"article:modified_time\" content=\"2024-10-17T04:06:13+00:00\" \/>\n<meta property=\"og:image\" content=\"https:\/\/rosaeterna.online\/wp-content\/uploads\/2021\/01\/ramo-rosa-eterna-simple.jpg\" \/>\n\t<meta property=\"og:image:width\" content=\"450\" \/>\n\t<meta property=\"og:image:height\" content=\"600\" \/>\n\t<meta property=\"og:image:type\" content=\"image\/jpeg\" \/>\n<meta name=\"twitter:card\" content=\"summary_large_image\" \/>\n<!-- \/ Yoast SEO plugin. -->","yoast_head_json":{"title":"Pojedynczy bukiet r\u00f3\u017c - Rosa Eterna","robots":{"index":"index","follow":"follow","max-snippet":"max-snippet:-1","max-image-preview":"max-image-preview:large","max-video-preview":"max-video-preview:-1"},"canonical":"https:\/\/rosaeterna.online\/pl\/p\/pojedynczy-bukiet-roz\/","og_locale":"pl_PL","og_type":"article","og_title":"Pojedynczy bukiet r\u00f3\u017c - Rosa Eterna","og_description":"Inny spos\u00f3b na podarowanie r\u00f3\u017cy . Odbierz sw\u00f3j bukiet z DARMOW\u0104 wysy\u0142k\u0105!","og_url":"https:\/\/rosaeterna.online\/pl\/p\/pojedynczy-bukiet-roz\/","og_site_name":"Rosa Eterna","article_modified_time":"2024-10-17T04:06:13+00:00","og_image":[{"width":450,"height":600,"url":"https:\/\/rosaeterna.online\/wp-content\/uploads\/2021\/01\/ramo-rosa-eterna-simple.jpg","type":"image\/jpeg"}],"twitter_card":"summary_large_image","schema":{"@context":"https:\/\/schema.org","@graph":[{"@type":"WebPage","@id":"https:\/\/rosaeterna.online\/pl\/p\/pojedynczy-bukiet-roz\/","url":"https:\/\/rosaeterna.online\/pl\/p\/pojedynczy-bukiet-roz\/","name":"Pojedynczy bukiet r\u00f3\u017c - Rosa Eterna","isPartOf":{"@id":"https:\/\/rosaeterna.online\/pl\/#website"},"primaryImageOfPage":{"@id":"https:\/\/rosaeterna.online\/pl\/p\/pojedynczy-bukiet-roz\/#primaryimage"},"image":{"@id":"https:\/\/rosaeterna.online\/pl\/p\/pojedynczy-bukiet-roz\/#primaryimage"},"thumbnailUrl":"https:\/\/rosaeterna.online\/wp-content\/uploads\/2021\/01\/ramo-rosa-eterna-simple.jpg","datePublished":"2021-01-31T19:51:05+00:00","dateModified":"2024-10-17T04:06:13+00:00","breadcrumb":{"@id":"https:\/\/rosaeterna.online\/pl\/p\/pojedynczy-bukiet-roz\/#breadcrumb"},"inLanguage":"pl-PL","potentialAction":[{"@type":"ReadAction","target":["https:\/\/rosaeterna.online\/pl\/p\/pojedynczy-bukiet-roz\/"]}]},{"@type":"ImageObject","inLanguage":"pl-PL","@id":"https:\/\/rosaeterna.online\/pl\/p\/pojedynczy-bukiet-roz\/#primaryimage","url":"https:\/\/rosaeterna.online\/wp-content\/uploads\/2021\/01\/ramo-rosa-eterna-simple.jpg","contentUrl":"https:\/\/rosaeterna.online\/wp-content\/uploads\/2021\/01\/ramo-rosa-eterna-simple.jpg","width":450,"height":600,"caption":"pojedynczy bukiet wiecznej r\u00f3\u017cy"},{"@type":"BreadcrumbList","@id":"https:\/\/rosaeterna.online\/pl\/p\/pojedynczy-bukiet-roz\/#breadcrumb","itemListElement":[{"@type":"ListItem","position":1,"name":"Portada","item":"https:\/\/rosaeterna.online\/pl\/"},{"@type":"ListItem","position":2,"name":"Produkty","item":"https:\/\/rosaeterna.online\/pl\/sklep\/"},{"@type":"ListItem","position":3,"name":"Pojedynczy bukiet r\u00f3\u017c"}]},{"@type":"WebSite","@id":"https:\/\/rosaeterna.online\/pl\/#website","url":"https:\/\/rosaeterna.online\/pl\/","name":"Rosa Eterna","description":"Haz que dure","potentialAction":[{"@type":"SearchAction","target":{"@type":"EntryPoint","urlTemplate":"https:\/\/rosaeterna.online\/pl\/?s={search_term_string}"},"query-input":{"@type":"PropertyValueSpecification","valueRequired":true,"valueName":"search_term_string"}}],"inLanguage":"pl-PL"}]}},"uagb_featured_image_src":{"full":["https:\/\/rosaeterna.online\/wp-content\/uploads\/2021\/01\/ramo-rosa-eterna-simple.jpg",450,600,false],"thumbnail":["https:\/\/rosaeterna.online\/wp-content\/uploads\/2021\/01\/ramo-rosa-eterna-simple-150x150.jpg",150,150,true],"medium":["https:\/\/rosaeterna.online\/wp-content\/uploads\/2021\/01\/ramo-rosa-eterna-simple-225x300.jpg",225,300,true],"medium_large":["https:\/\/rosaeterna.online\/wp-content\/uploads\/2021\/01\/ramo-rosa-eterna-simple.jpg",450,600,false],"large":["https:\/\/rosaeterna.online\/wp-content\/uploads\/2021\/01\/ramo-rosa-eterna-simple.jpg",450,600,false],"1536x1536":["https:\/\/rosaeterna.online\/wp-content\/uploads\/2021\/01\/ramo-rosa-eterna-simple.jpg",450,600,false],"2048x2048":["https:\/\/rosaeterna.online\/wp-content\/uploads\/2021\/01\/ramo-rosa-eterna-simple.jpg",450,600,false],"blog-isotope":["https:\/\/rosaeterna.online\/wp-content\/uploads\/2021\/01\/ramo-rosa-eterna-simple.jpg",375,500,false],"woocommerce_thumbnail":["https:\/\/rosaeterna.online\/wp-content\/uploads\/2021\/01\/ramo-rosa-eterna-simple-350x435.jpg",350,435,true],"woocommerce_single":["https:\/\/rosaeterna.online\/wp-content\/uploads\/2021\/01\/ramo-rosa-eterna-simple.jpg",450,600,false],"woocommerce_gallery_thumbnail":["https:\/\/rosaeterna.online\/wp-content\/uploads\/2021\/01\/ramo-rosa-eterna-simple-100x100.jpg",100,100,true],"eh_logo_image_size":["https:\/\/rosaeterna.online\/wp-content\/uploads\/2021\/01\/ramo-rosa-eterna-simple.jpg",68,90,false],"eh_header_image_size":["https:\/\/rosaeterna.online\/wp-content\/uploads\/2021\/01\/ramo-rosa-eterna-simple.jpg",68,90,false],"wcpr-photo-reviews":["https:\/\/rosaeterna.online\/wp-content\/uploads\/2021\/01\/ramo-rosa-eterna-simple.jpg",375,500,false]},"uagb_author_info":{"display_name":"Fran","author_link":"https:\/\/rosaeterna.online\/pl"},"uagb_comment_info":0,"uagb_excerpt":"Inny spos\u00f3b na podarowanie r\u00f3\u017cy . Odbierz sw\u00f3j bukiet z DARMOW\u0104 wysy\u0142k\u0105!","_links":{"self":[{"href":"https:\/\/rosaeterna.online\/pl\/wp-json\/wp\/v2\/product\/19545","targetHints":{"allow":["GET"]}}],"collection":[{"href":"https:\/\/rosaeterna.online\/pl\/wp-json\/wp\/v2\/product"}],"about":[{"href":"https:\/\/rosaeterna.online\/pl\/wp-json\/wp\/v2\/types\/product"}],"replies":[{"embeddable":true,"href":"https:\/\/rosaeterna.online\/pl\/wp-json\/wp\/v2\/comments?post=19545"}],"wp:featuredmedia":[{"embeddable":true,"href":"https:\/\/rosaeterna.online\/pl\/wp-json\/wp\/v2\/media\/9877"}],"wp:attachment":[{"href":"https:\/\/rosaeterna.online\/pl\/wp-json\/wp\/v2\/media?parent=19545"}],"wp:term":[{"taxonomy":"product_brand","embeddable":true,"href":"https:\/\/rosaeterna.online\/pl\/wp-json\/wp\/v2\/product_brand?post=19545"},{"taxonomy":"product_cat","embeddable":true,"href":"https:\/\/rosaeterna.online\/pl\/wp-json\/wp\/v2\/product_cat?post=19545"},{"taxonomy":"product_tag","embeddable":true,"href":"https:\/\/rosaeterna.online\/pl\/wp-json\/wp\/v2\/product_tag?post=19545"}],"curies":[{"name":"wp","href":"https:\/\/api.w.org\/{rel}","templated":true}]}}