{"id":19539,"date":"2021-01-31T19:27:57","date_gmt":"2021-01-31T19:27:57","guid":{"rendered":"https:\/\/dev.rosaeterna.online\/producto\/bukiet-eukaliptusowy\/"},"modified":"2024-10-17T23:00:18","modified_gmt":"2024-10-17T23:00:18","slug":"bukiet-eukaliptusowy","status":"publish","type":"product","link":"https:\/\/rosaeterna.online\/pl\/p\/bukiet-eukaliptusowy\/","title":{"rendered":"Bukiet eukaliptusowy"},"content":{"rendered":"<p>Kompozycja \u0142\u0105cz\u0105ca eukaliptus, hortensj\u0119, paniculat\u0119 i inne konserwowane lub suszone kwiaty.<br \/>\nJest to <a href=\"https:\/\/rosaeterna.online\/tipo\/ramo-flores-preservadas\/\"><strong>zachowany bukiet<\/strong><\/a> kt\u00f3ry jest bardzo popularny.<br \/>\nMo\u017cesz skorzysta\u0107 z bezp\u0142atnej wysy\u0142ki, a je\u015bli masz jakie\u015b pytania, mo\u017cesz skontaktowa\u0107 si\u0119 z nami za po\u015brednictwem formularza kontaktowego lub WhatsApp \ud83d\ude42  <\/p>\n","protected":false},"excerpt":{"rendered":"<p>Zdob\u0105d\u017a sw\u00f3j bukiet z ga\u0142\u0105zkami eukaliptusa w roli g\u0142\u00f3wnej <strong>i skorzystaj z DARMOWEJ wysy\u0142ki!<\/strong><\/p>\n","protected":false},"featured_media":9807,"comment_status":"closed","ping_status":"closed","template":"","meta":{"_uag_custom_page_level_css":"","_joinchat":[]},"product_brand":[],"product_cat":[235,236,105],"product_tag":[],"class_list":{"0":"post-19539","1":"product","2":"type-product","3":"status-publish","4":"has-post-thumbnail","6":"product_cat-wesela","7":"product_cat-zachowane-bukiety-slubne","8":"product_cat-bukiet-kwiatow","10":"first","11":"instock","12":"taxable","13":"shipping-taxable","14":"purchasable","15":"product-type-simple","16":"add-to-wishlist-after_add_to_cart"},"yoast_head":"<!-- This site is optimized with the Yoast SEO plugin v25.0 - https:\/\/yoast.com\/wordpress\/plugins\/seo\/ -->\n<title>Bukiet eukaliptusowy - Rosa Eterna<\/title>\n<meta name=\"robots\" content=\"index, follow, max-snippet:-1, max-image-preview:large, max-video-preview:-1\" \/>\n<link rel=\"canonical\" href=\"https:\/\/rosaeterna.online\/pl\/p\/bukiet-eukaliptusowy\/\" \/>\n<meta property=\"og:locale\" content=\"pl_PL\" \/>\n<meta property=\"og:type\" content=\"article\" \/>\n<meta property=\"og:title\" content=\"Bukiet eukaliptusowy - Rosa Eterna\" \/>\n<meta property=\"og:description\" content=\"Zdob\u0105d\u017a sw\u00f3j bukiet z ga\u0142\u0105zkami eukaliptusa w roli g\u0142\u00f3wnej i skorzystaj z DARMOWEJ wysy\u0142ki!\" \/>\n<meta property=\"og:url\" content=\"https:\/\/rosaeterna.online\/pl\/p\/bukiet-eukaliptusowy\/\" \/>\n<meta property=\"og:site_name\" content=\"Rosa Eterna\" \/>\n<meta property=\"article:modified_time\" content=\"2024-10-17T23:00:18+00:00\" \/>\n<meta property=\"og:image\" content=\"https:\/\/rosaeterna.online\/wp-content\/uploads\/2021\/01\/ramo-eucaliptus.jpg\" \/>\n\t<meta property=\"og:image:width\" content=\"400\" \/>\n\t<meta property=\"og:image:height\" content=\"600\" \/>\n\t<meta property=\"og:image:type\" content=\"image\/jpeg\" \/>\n<meta name=\"twitter:card\" content=\"summary_large_image\" \/>\n<!-- \/ Yoast SEO plugin. -->","yoast_head_json":{"title":"Bukiet eukaliptusowy - Rosa Eterna","robots":{"index":"index","follow":"follow","max-snippet":"max-snippet:-1","max-image-preview":"max-image-preview:large","max-video-preview":"max-video-preview:-1"},"canonical":"https:\/\/rosaeterna.online\/pl\/p\/bukiet-eukaliptusowy\/","og_locale":"pl_PL","og_type":"article","og_title":"Bukiet eukaliptusowy - Rosa Eterna","og_description":"Zdob\u0105d\u017a sw\u00f3j bukiet z ga\u0142\u0105zkami eukaliptusa w roli g\u0142\u00f3wnej i skorzystaj z DARMOWEJ wysy\u0142ki!","og_url":"https:\/\/rosaeterna.online\/pl\/p\/bukiet-eukaliptusowy\/","og_site_name":"Rosa Eterna","article_modified_time":"2024-10-17T23:00:18+00:00","og_image":[{"width":400,"height":600,"url":"https:\/\/rosaeterna.online\/wp-content\/uploads\/2021\/01\/ramo-eucaliptus.jpg","type":"image\/jpeg"}],"twitter_card":"summary_large_image","schema":{"@context":"https:\/\/schema.org","@graph":[{"@type":"WebPage","@id":"https:\/\/rosaeterna.online\/pl\/p\/bukiet-eukaliptusowy\/","url":"https:\/\/rosaeterna.online\/pl\/p\/bukiet-eukaliptusowy\/","name":"Bukiet eukaliptusowy - Rosa Eterna","isPartOf":{"@id":"https:\/\/rosaeterna.online\/pl\/#website"},"primaryImageOfPage":{"@id":"https:\/\/rosaeterna.online\/pl\/p\/bukiet-eukaliptusowy\/#primaryimage"},"image":{"@id":"https:\/\/rosaeterna.online\/pl\/p\/bukiet-eukaliptusowy\/#primaryimage"},"thumbnailUrl":"https:\/\/rosaeterna.online\/wp-content\/uploads\/2021\/01\/ramo-eucaliptus.jpg","datePublished":"2021-01-31T19:27:57+00:00","dateModified":"2024-10-17T23:00:18+00:00","breadcrumb":{"@id":"https:\/\/rosaeterna.online\/pl\/p\/bukiet-eukaliptusowy\/#breadcrumb"},"inLanguage":"pl-PL","potentialAction":[{"@type":"ReadAction","target":["https:\/\/rosaeterna.online\/pl\/p\/bukiet-eukaliptusowy\/"]}]},{"@type":"ImageObject","inLanguage":"pl-PL","@id":"https:\/\/rosaeterna.online\/pl\/p\/bukiet-eukaliptusowy\/#primaryimage","url":"https:\/\/rosaeterna.online\/wp-content\/uploads\/2021\/01\/ramo-eucaliptus.jpg","contentUrl":"https:\/\/rosaeterna.online\/wp-content\/uploads\/2021\/01\/ramo-eucaliptus.jpg","width":400,"height":600,"caption":"bukiet eukaliptusowy"},{"@type":"BreadcrumbList","@id":"https:\/\/rosaeterna.online\/pl\/p\/bukiet-eukaliptusowy\/#breadcrumb","itemListElement":[{"@type":"ListItem","position":1,"name":"Portada","item":"https:\/\/rosaeterna.online\/pl\/"},{"@type":"ListItem","position":2,"name":"Produkty","item":"https:\/\/rosaeterna.online\/pl\/sklep\/"},{"@type":"ListItem","position":3,"name":"Bukiet eukaliptusowy"}]},{"@type":"WebSite","@id":"https:\/\/rosaeterna.online\/pl\/#website","url":"https:\/\/rosaeterna.online\/pl\/","name":"Rosa Eterna","description":"Haz que dure","potentialAction":[{"@type":"SearchAction","target":{"@type":"EntryPoint","urlTemplate":"https:\/\/rosaeterna.online\/pl\/?s={search_term_string}"},"query-input":{"@type":"PropertyValueSpecification","valueRequired":true,"valueName":"search_term_string"}}],"inLanguage":"pl-PL"}]}},"uagb_featured_image_src":{"full":["https:\/\/rosaeterna.online\/wp-content\/uploads\/2021\/01\/ramo-eucaliptus.jpg",400,600,false],"thumbnail":["https:\/\/rosaeterna.online\/wp-content\/uploads\/2021\/01\/ramo-eucaliptus-150x150.jpg",150,150,true],"medium":["https:\/\/rosaeterna.online\/wp-content\/uploads\/2021\/01\/ramo-eucaliptus-200x300.jpg",200,300,true],"medium_large":["https:\/\/rosaeterna.online\/wp-content\/uploads\/2021\/01\/ramo-eucaliptus.jpg",400,600,false],"large":["https:\/\/rosaeterna.online\/wp-content\/uploads\/2021\/01\/ramo-eucaliptus.jpg",400,600,false],"1536x1536":["https:\/\/rosaeterna.online\/wp-content\/uploads\/2021\/01\/ramo-eucaliptus.jpg",400,600,false],"2048x2048":["https:\/\/rosaeterna.online\/wp-content\/uploads\/2021\/01\/ramo-eucaliptus.jpg",400,600,false],"blog-isotope":["https:\/\/rosaeterna.online\/wp-content\/uploads\/2021\/01\/ramo-eucaliptus.jpg",333,500,false],"woocommerce_thumbnail":["https:\/\/rosaeterna.online\/wp-content\/uploads\/2021\/01\/ramo-eucaliptus-350x435.jpg",350,435,true],"woocommerce_single":["https:\/\/rosaeterna.online\/wp-content\/uploads\/2021\/01\/ramo-eucaliptus.jpg",400,600,false],"woocommerce_gallery_thumbnail":["https:\/\/rosaeterna.online\/wp-content\/uploads\/2021\/01\/ramo-eucaliptus-100x100.jpg",100,100,true],"eh_logo_image_size":["https:\/\/rosaeterna.online\/wp-content\/uploads\/2021\/01\/ramo-eucaliptus.jpg",60,90,false],"eh_header_image_size":["https:\/\/rosaeterna.online\/wp-content\/uploads\/2021\/01\/ramo-eucaliptus.jpg",60,90,false],"wcpr-photo-reviews":["https:\/\/rosaeterna.online\/wp-content\/uploads\/2021\/01\/ramo-eucaliptus.jpg",333,500,false]},"uagb_author_info":{"display_name":"Fran","author_link":"https:\/\/rosaeterna.online\/pl"},"uagb_comment_info":0,"uagb_excerpt":"Zdob\u0105d\u017a sw\u00f3j bukiet z ga\u0142\u0105zkami eukaliptusa w roli g\u0142\u00f3wnej i skorzystaj z DARMOWEJ wysy\u0142ki!","_links":{"self":[{"href":"https:\/\/rosaeterna.online\/pl\/wp-json\/wp\/v2\/product\/19539","targetHints":{"allow":["GET"]}}],"collection":[{"href":"https:\/\/rosaeterna.online\/pl\/wp-json\/wp\/v2\/product"}],"about":[{"href":"https:\/\/rosaeterna.online\/pl\/wp-json\/wp\/v2\/types\/product"}],"replies":[{"embeddable":true,"href":"https:\/\/rosaeterna.online\/pl\/wp-json\/wp\/v2\/comments?post=19539"}],"wp:featuredmedia":[{"embeddable":true,"href":"https:\/\/rosaeterna.online\/pl\/wp-json\/wp\/v2\/media\/9807"}],"wp:attachment":[{"href":"https:\/\/rosaeterna.online\/pl\/wp-json\/wp\/v2\/media?parent=19539"}],"wp:term":[{"taxonomy":"product_brand","embeddable":true,"href":"https:\/\/rosaeterna.online\/pl\/wp-json\/wp\/v2\/product_brand?post=19539"},{"taxonomy":"product_cat","embeddable":true,"href":"https:\/\/rosaeterna.online\/pl\/wp-json\/wp\/v2\/product_cat?post=19539"},{"taxonomy":"product_tag","embeddable":true,"href":"https:\/\/rosaeterna.online\/pl\/wp-json\/wp\/v2\/product_tag?post=19539"}],"curies":[{"name":"wp","href":"https:\/\/api.w.org\/{rel}","templated":true}]}}