{"id":19473,"date":"2021-01-24T15:14:53","date_gmt":"2021-01-24T15:14:53","guid":{"rendered":"https:\/\/dev.rosaeterna.online\/producto\/konserwowane-roze-box-rose\/"},"modified":"2024-10-21T22:23:43","modified_gmt":"2024-10-21T22:23:43","slug":"konserwowane-roze-box-rose","status":"publish","type":"product","link":"https:\/\/rosaeterna.online\/pl\/p\/konserwowane-roze-box-rose\/","title":{"rendered":"Konserwowane r\u00f3\u017ce Box Ros\u00e9"},"content":{"rendered":"<p>Nasze<strong> pude\u0142ka z zakonserwowanymi r\u00f3\u017cami<\/strong> s\u0105 zawsze dobr\u0105 opcj\u0105, aby zaskoczy\u0107 ka\u017cdego.<br \/>\nTo konkretne pude\u0142ko sk\u0142ada si\u0119 z 9 zakonserwowanych r\u00f3\u017c, kt\u00f3re mo\u017cesz dowolnie \u0142\u0105czy\u0107.   &nbsp;<\/p>\n","protected":false},"excerpt":{"rendered":"<p>Zaskocz swoich bliskich tym pi\u0119knym <strong>pude\u0142kiem z 9 konserwowanymi r\u00f3\u017cami<\/strong>.<br \/>\nWybierz ten sam<span style=\"color: #0000ff;\">kolor<\/span> lub po\u0142\u0105cz kilka kolor\u00f3w, wy\u015blemy je do Ciebie <strong>ZA DARMO<\/strong>. <\/p>\n","protected":false},"featured_media":9744,"comment_status":"closed","ping_status":"closed","template":"","meta":{"_uag_custom_page_level_css":"","_joinchat":[]},"product_brand":[],"product_cat":[119],"product_tag":[],"class_list":{"0":"post-19473","1":"product","2":"type-product","3":"status-publish","4":"has-post-thumbnail","6":"product_cat-roze-w-pudelku","8":"first","9":"instock","10":"taxable","11":"shipping-taxable","12":"purchasable","13":"product-type-variable","14":"add-to-wishlist-after_add_to_cart"},"yoast_head":"<!-- This site is optimized with the Yoast SEO plugin v25.0 - https:\/\/yoast.com\/wordpress\/plugins\/seo\/ -->\n<title>Konserwowane r\u00f3\u017ce w pude\u0142ku - Wieczna r\u00f3\u017ca<\/title>\n<meta name=\"description\" content=\"Kup Pude\u0142ko konserwowanych r\u00f3\u017c w najlepszej cenie. Wybierz jeden z oferowanych przez nas kolor\u00f3w i odbierz go tam, gdzie chcesz z DARMOW\u0104 wysy\u0142k\u0105!\" \/>\n<meta name=\"robots\" content=\"index, follow, max-snippet:-1, max-image-preview:large, max-video-preview:-1\" \/>\n<link rel=\"canonical\" href=\"https:\/\/rosaeterna.online\/pl\/p\/konserwowane-roze-box-rose\/\" \/>\n<meta property=\"og:locale\" content=\"pl_PL\" \/>\n<meta property=\"og:type\" content=\"article\" \/>\n<meta property=\"og:title\" content=\"Konserwowane r\u00f3\u017ce w pude\u0142ku - Wieczna r\u00f3\u017ca\" \/>\n<meta property=\"og:description\" content=\"Kup Pude\u0142ko konserwowanych r\u00f3\u017c w najlepszej cenie. Wybierz jeden z oferowanych przez nas kolor\u00f3w i odbierz go tam, gdzie chcesz z DARMOW\u0104 wysy\u0142k\u0105!\" \/>\n<meta property=\"og:url\" content=\"https:\/\/rosaeterna.online\/pl\/p\/konserwowane-roze-box-rose\/\" \/>\n<meta property=\"og:site_name\" content=\"Rosa Eterna\" \/>\n<meta property=\"article:modified_time\" content=\"2024-10-21T22:23:43+00:00\" \/>\n<meta property=\"og:image\" content=\"https:\/\/rosaeterna.online\/wp-content\/uploads\/2021\/01\/caja-rosas-preservadas.jpg\" \/>\n\t<meta property=\"og:image:width\" content=\"600\" \/>\n\t<meta property=\"og:image:height\" content=\"800\" \/>\n\t<meta property=\"og:image:type\" content=\"image\/jpeg\" \/>\n<meta name=\"twitter:card\" content=\"summary_large_image\" \/>\n<!-- \/ Yoast SEO plugin. -->","yoast_head_json":{"title":"Konserwowane r\u00f3\u017ce w pude\u0142ku - Wieczna r\u00f3\u017ca","description":"Kup Pude\u0142ko konserwowanych r\u00f3\u017c w najlepszej cenie. Wybierz jeden z oferowanych przez nas kolor\u00f3w i odbierz go tam, gdzie chcesz z DARMOW\u0104 wysy\u0142k\u0105!","robots":{"index":"index","follow":"follow","max-snippet":"max-snippet:-1","max-image-preview":"max-image-preview:large","max-video-preview":"max-video-preview:-1"},"canonical":"https:\/\/rosaeterna.online\/pl\/p\/konserwowane-roze-box-rose\/","og_locale":"pl_PL","og_type":"article","og_title":"Konserwowane r\u00f3\u017ce w pude\u0142ku - Wieczna r\u00f3\u017ca","og_description":"Kup Pude\u0142ko konserwowanych r\u00f3\u017c w najlepszej cenie. Wybierz jeden z oferowanych przez nas kolor\u00f3w i odbierz go tam, gdzie chcesz z DARMOW\u0104 wysy\u0142k\u0105!","og_url":"https:\/\/rosaeterna.online\/pl\/p\/konserwowane-roze-box-rose\/","og_site_name":"Rosa Eterna","article_modified_time":"2024-10-21T22:23:43+00:00","og_image":[{"width":600,"height":800,"url":"https:\/\/rosaeterna.online\/wp-content\/uploads\/2021\/01\/caja-rosas-preservadas.jpg","type":"image\/jpeg"}],"twitter_card":"summary_large_image","schema":{"@context":"https:\/\/schema.org","@graph":[{"@type":"WebPage","@id":"https:\/\/rosaeterna.online\/pl\/p\/konserwowane-roze-box-rose\/","url":"https:\/\/rosaeterna.online\/pl\/p\/konserwowane-roze-box-rose\/","name":"Konserwowane r\u00f3\u017ce w pude\u0142ku - Wieczna r\u00f3\u017ca","isPartOf":{"@id":"https:\/\/rosaeterna.online\/pl\/#website"},"primaryImageOfPage":{"@id":"https:\/\/rosaeterna.online\/pl\/p\/konserwowane-roze-box-rose\/#primaryimage"},"image":{"@id":"https:\/\/rosaeterna.online\/pl\/p\/konserwowane-roze-box-rose\/#primaryimage"},"thumbnailUrl":"https:\/\/rosaeterna.online\/wp-content\/uploads\/2021\/01\/caja-rosas-preservadas.jpg","datePublished":"2021-01-24T15:14:53+00:00","dateModified":"2024-10-21T22:23:43+00:00","description":"Kup Pude\u0142ko konserwowanych r\u00f3\u017c w najlepszej cenie. Wybierz jeden z oferowanych przez nas kolor\u00f3w i odbierz go tam, gdzie chcesz z DARMOW\u0104 wysy\u0142k\u0105!","breadcrumb":{"@id":"https:\/\/rosaeterna.online\/pl\/p\/konserwowane-roze-box-rose\/#breadcrumb"},"inLanguage":"pl-PL","potentialAction":[{"@type":"ReadAction","target":["https:\/\/rosaeterna.online\/pl\/p\/konserwowane-roze-box-rose\/"]}]},{"@type":"ImageObject","inLanguage":"pl-PL","@id":"https:\/\/rosaeterna.online\/pl\/p\/konserwowane-roze-box-rose\/#primaryimage","url":"https:\/\/rosaeterna.online\/wp-content\/uploads\/2021\/01\/caja-rosas-preservadas.jpg","contentUrl":"https:\/\/rosaeterna.online\/wp-content\/uploads\/2021\/01\/caja-rosas-preservadas.jpg","width":600,"height":800,"caption":"pude\u0142ko r\u00f3\u017c konserwowych"},{"@type":"BreadcrumbList","@id":"https:\/\/rosaeterna.online\/pl\/p\/konserwowane-roze-box-rose\/#breadcrumb","itemListElement":[{"@type":"ListItem","position":1,"name":"Portada","item":"https:\/\/rosaeterna.online\/pl\/"},{"@type":"ListItem","position":2,"name":"Produkty","item":"https:\/\/rosaeterna.online\/pl\/sklep\/"},{"@type":"ListItem","position":3,"name":"Konserwowane r\u00f3\u017ce Box Ros\u00e9"}]},{"@type":"WebSite","@id":"https:\/\/rosaeterna.online\/pl\/#website","url":"https:\/\/rosaeterna.online\/pl\/","name":"Rosa Eterna","description":"Haz que dure","potentialAction":[{"@type":"SearchAction","target":{"@type":"EntryPoint","urlTemplate":"https:\/\/rosaeterna.online\/pl\/?s={search_term_string}"},"query-input":{"@type":"PropertyValueSpecification","valueRequired":true,"valueName":"search_term_string"}}],"inLanguage":"pl-PL"}]}},"uagb_featured_image_src":{"full":["https:\/\/rosaeterna.online\/wp-content\/uploads\/2021\/01\/caja-rosas-preservadas.jpg",600,800,false],"thumbnail":["https:\/\/rosaeterna.online\/wp-content\/uploads\/2021\/01\/caja-rosas-preservadas-150x150.jpg",150,150,true],"medium":["https:\/\/rosaeterna.online\/wp-content\/uploads\/2021\/01\/caja-rosas-preservadas-225x300.jpg",225,300,true],"medium_large":["https:\/\/rosaeterna.online\/wp-content\/uploads\/2021\/01\/caja-rosas-preservadas.jpg",600,800,false],"large":["https:\/\/rosaeterna.online\/wp-content\/uploads\/2021\/01\/caja-rosas-preservadas.jpg",600,800,false],"1536x1536":["https:\/\/rosaeterna.online\/wp-content\/uploads\/2021\/01\/caja-rosas-preservadas.jpg",600,800,false],"2048x2048":["https:\/\/rosaeterna.online\/wp-content\/uploads\/2021\/01\/caja-rosas-preservadas.jpg",600,800,false],"blog-isotope":["https:\/\/rosaeterna.online\/wp-content\/uploads\/2021\/01\/caja-rosas-preservadas.jpg",375,500,false],"woocommerce_thumbnail":["https:\/\/rosaeterna.online\/wp-content\/uploads\/2021\/01\/caja-rosas-preservadas-350x435.jpg",350,435,true],"woocommerce_single":["https:\/\/rosaeterna.online\/wp-content\/uploads\/2021\/01\/caja-rosas-preservadas.jpg",600,800,false],"woocommerce_gallery_thumbnail":["https:\/\/rosaeterna.online\/wp-content\/uploads\/2021\/01\/caja-rosas-preservadas-100x100.jpg",100,100,true],"eh_logo_image_size":["https:\/\/rosaeterna.online\/wp-content\/uploads\/2021\/01\/caja-rosas-preservadas.jpg",68,90,false],"eh_header_image_size":["https:\/\/rosaeterna.online\/wp-content\/uploads\/2021\/01\/caja-rosas-preservadas.jpg",68,90,false],"wcpr-photo-reviews":["https:\/\/rosaeterna.online\/wp-content\/uploads\/2021\/01\/caja-rosas-preservadas.jpg",375,500,false]},"uagb_author_info":{"display_name":"Patricia Mart\u00edn","author_link":"https:\/\/rosaeterna.online\/pl"},"uagb_comment_info":0,"uagb_excerpt":"Zaskocz swoich bliskich tym pi\u0119knym pude\u0142kiem z 9 konserwowanymi r\u00f3\u017cami. Wybierz ten samkolor lub po\u0142\u0105cz kilka kolor\u00f3w, wy\u015blemy je do Ciebie ZA DARMO.","_links":{"self":[{"href":"https:\/\/rosaeterna.online\/pl\/wp-json\/wp\/v2\/product\/19473","targetHints":{"allow":["GET"]}}],"collection":[{"href":"https:\/\/rosaeterna.online\/pl\/wp-json\/wp\/v2\/product"}],"about":[{"href":"https:\/\/rosaeterna.online\/pl\/wp-json\/wp\/v2\/types\/product"}],"replies":[{"embeddable":true,"href":"https:\/\/rosaeterna.online\/pl\/wp-json\/wp\/v2\/comments?post=19473"}],"wp:featuredmedia":[{"embeddable":true,"href":"https:\/\/rosaeterna.online\/pl\/wp-json\/wp\/v2\/media\/9744"}],"wp:attachment":[{"href":"https:\/\/rosaeterna.online\/pl\/wp-json\/wp\/v2\/media?parent=19473"}],"wp:term":[{"taxonomy":"product_brand","embeddable":true,"href":"https:\/\/rosaeterna.online\/pl\/wp-json\/wp\/v2\/product_brand?post=19473"},{"taxonomy":"product_cat","embeddable":true,"href":"https:\/\/rosaeterna.online\/pl\/wp-json\/wp\/v2\/product_cat?post=19473"},{"taxonomy":"product_tag","embeddable":true,"href":"https:\/\/rosaeterna.online\/pl\/wp-json\/wp\/v2\/product_tag?post=19473"}],"curies":[{"name":"wp","href":"https:\/\/api.w.org\/{rel}","templated":true}]}}