{"id":19465,"date":"2020-06-18T18:02:10","date_gmt":"2020-06-18T18:02:10","guid":{"rendered":"https:\/\/dev.rosaeterna.online\/producto\/listy-z-rozami-konserwowymi-premium\/"},"modified":"2024-10-21T22:59:23","modified_gmt":"2024-10-21T22:59:23","slug":"listy-z-rozami-konserwowymi-premium","status":"publish","type":"product","link":"https:\/\/rosaeterna.online\/pl\/p\/listy-z-rozami-konserwowymi-premium\/","title":{"rendered":"Listy z r\u00f3\u017cami konserwowymi premium"},"content":{"rendered":"<p>Wszystkie nasze <a href=\"https:\/\/rosaeterna.online\/tipo\/letras\/\"><strong>listy z zachowanymi kwiatami<\/strong><\/a> s\u0105 pi\u0119kne, ale nie m\u00f3w mi, \u017ce te nie s\u0105 najs\u0142odsze.<br \/>\nList z <strong><a href=\"https:\/\/rosaeterna.online\/pl\/\">liofilizowanymi r\u00f3\u017cami<\/a><\/strong> premium, kt\u00f3ry pokochasz. <strong>Rozmiar<\/strong>: 20 cm wysoko\u015bci, szeroko\u015b\u0107 zale\u017cy od listu Nasze przesy\u0142ki s\u0105 <strong>BEZP\u0141ATNE<\/strong> na terenie p\u00f3\u0142wyspu i Balear\u00f3w, wybierz ten, kt\u00f3ry Ci si\u0119 podoba, a my wy\u015blemy go do Ciebie od razu.<br \/>\nMasz jakie\u015b pytania?<br \/>\nSkontaktuj si\u0119 z nami, czekamy na Ciebie!   <\/p>\n","protected":false},"excerpt":{"rendered":"<p>Hej, widzia\u0142e\u015b nasze wysokiej jako\u015bci r\u00f3\u017cane pismo odr\u0119czne?<br \/>\nPokochasz je. Skorzystaj z <strong>DARMOWEJ wysy\u0142ki<\/strong>! <\/p>\n","protected":false},"featured_media":9695,"comment_status":"closed","ping_status":"closed","template":"","meta":{"_uag_custom_page_level_css":"","_joinchat":[]},"product_brand":[],"product_cat":[98],"product_tag":[],"class_list":{"0":"post-19465","1":"product","2":"type-product","3":"status-publish","4":"has-post-thumbnail","6":"product_cat-litera-duza-z-kwiatami","8":"first","9":"instock","10":"taxable","11":"shipping-taxable","12":"purchasable","13":"product-type-variable","14":"add-to-wishlist-after_add_to_cart"},"yoast_head":"<!-- This site is optimized with the Yoast SEO plugin v25.0 - https:\/\/yoast.com\/wordpress\/plugins\/seo\/ -->\n<title>Kup swoje listy z Premium Roses | Rosaeterna.online<\/title>\n<meta name=\"description\" content=\"Kup litery z Eternal Roses w najlepszej cenie. Wybierz liter\u0119, kt\u00f3rej potrzebujesz, a my przygotujemy j\u0105 dla Ciebie. Skorzystaj z BEZP\u0141ATNEJ wysy\u0142ki!\" \/>\n<meta name=\"robots\" content=\"index, follow, max-snippet:-1, max-image-preview:large, max-video-preview:-1\" \/>\n<link rel=\"canonical\" href=\"https:\/\/rosaeterna.online\/pl\/p\/listy-z-rozami-konserwowymi-premium\/\" \/>\n<meta property=\"og:locale\" content=\"pl_PL\" \/>\n<meta property=\"og:type\" content=\"article\" \/>\n<meta property=\"og:title\" content=\"Kup swoje listy z Premium Roses | Rosaeterna.online\" \/>\n<meta property=\"og:description\" content=\"Kup litery z Eternal Roses w najlepszej cenie. Wybierz liter\u0119, kt\u00f3rej potrzebujesz, a my przygotujemy j\u0105 dla Ciebie. Skorzystaj z BEZP\u0141ATNEJ wysy\u0142ki!\" \/>\n<meta property=\"og:url\" content=\"https:\/\/rosaeterna.online\/pl\/p\/listy-z-rozami-konserwowymi-premium\/\" \/>\n<meta property=\"og:site_name\" content=\"Rosa Eterna\" \/>\n<meta property=\"article:modified_time\" content=\"2024-10-21T22:59:23+00:00\" \/>\n<meta property=\"og:image\" content=\"https:\/\/rosaeterna.online\/wp-content\/uploads\/2020\/06\/flores-con-rosas-preservadas.jpg\" \/>\n\t<meta property=\"og:image:width\" content=\"600\" \/>\n\t<meta property=\"og:image:height\" content=\"800\" \/>\n\t<meta property=\"og:image:type\" content=\"image\/jpeg\" \/>\n<meta name=\"twitter:card\" content=\"summary_large_image\" \/>\n<!-- \/ Yoast SEO plugin. -->","yoast_head_json":{"title":"Kup swoje listy z Premium Roses | Rosaeterna.online","description":"Kup litery z Eternal Roses w najlepszej cenie. Wybierz liter\u0119, kt\u00f3rej potrzebujesz, a my przygotujemy j\u0105 dla Ciebie. Skorzystaj z BEZP\u0141ATNEJ wysy\u0142ki!","robots":{"index":"index","follow":"follow","max-snippet":"max-snippet:-1","max-image-preview":"max-image-preview:large","max-video-preview":"max-video-preview:-1"},"canonical":"https:\/\/rosaeterna.online\/pl\/p\/listy-z-rozami-konserwowymi-premium\/","og_locale":"pl_PL","og_type":"article","og_title":"Kup swoje listy z Premium Roses | Rosaeterna.online","og_description":"Kup litery z Eternal Roses w najlepszej cenie. Wybierz liter\u0119, kt\u00f3rej potrzebujesz, a my przygotujemy j\u0105 dla Ciebie. Skorzystaj z BEZP\u0141ATNEJ wysy\u0142ki!","og_url":"https:\/\/rosaeterna.online\/pl\/p\/listy-z-rozami-konserwowymi-premium\/","og_site_name":"Rosa Eterna","article_modified_time":"2024-10-21T22:59:23+00:00","og_image":[{"width":600,"height":800,"url":"https:\/\/rosaeterna.online\/wp-content\/uploads\/2020\/06\/flores-con-rosas-preservadas.jpg","type":"image\/jpeg"}],"twitter_card":"summary_large_image","schema":{"@context":"https:\/\/schema.org","@graph":[{"@type":"WebPage","@id":"https:\/\/rosaeterna.online\/pl\/p\/listy-z-rozami-konserwowymi-premium\/","url":"https:\/\/rosaeterna.online\/pl\/p\/listy-z-rozami-konserwowymi-premium\/","name":"Kup swoje listy z Premium Roses | Rosaeterna.online","isPartOf":{"@id":"https:\/\/rosaeterna.online\/pl\/#website"},"primaryImageOfPage":{"@id":"https:\/\/rosaeterna.online\/pl\/p\/listy-z-rozami-konserwowymi-premium\/#primaryimage"},"image":{"@id":"https:\/\/rosaeterna.online\/pl\/p\/listy-z-rozami-konserwowymi-premium\/#primaryimage"},"thumbnailUrl":"https:\/\/rosaeterna.online\/wp-content\/uploads\/2020\/06\/flores-con-rosas-preservadas.jpg","datePublished":"2020-06-18T18:02:10+00:00","dateModified":"2024-10-21T22:59:23+00:00","description":"Kup litery z Eternal Roses w najlepszej cenie. Wybierz liter\u0119, kt\u00f3rej potrzebujesz, a my przygotujemy j\u0105 dla Ciebie. Skorzystaj z BEZP\u0141ATNEJ wysy\u0142ki!","breadcrumb":{"@id":"https:\/\/rosaeterna.online\/pl\/p\/listy-z-rozami-konserwowymi-premium\/#breadcrumb"},"inLanguage":"pl-PL","potentialAction":[{"@type":"ReadAction","target":["https:\/\/rosaeterna.online\/pl\/p\/listy-z-rozami-konserwowymi-premium\/"]}]},{"@type":"ImageObject","inLanguage":"pl-PL","@id":"https:\/\/rosaeterna.online\/pl\/p\/listy-z-rozami-konserwowymi-premium\/#primaryimage","url":"https:\/\/rosaeterna.online\/wp-content\/uploads\/2020\/06\/flores-con-rosas-preservadas.jpg","contentUrl":"https:\/\/rosaeterna.online\/wp-content\/uploads\/2020\/06\/flores-con-rosas-preservadas.jpg","width":600,"height":800,"caption":"kwiaty z zachowanymi r\u00f3\u017cami"},{"@type":"BreadcrumbList","@id":"https:\/\/rosaeterna.online\/pl\/p\/listy-z-rozami-konserwowymi-premium\/#breadcrumb","itemListElement":[{"@type":"ListItem","position":1,"name":"Portada","item":"https:\/\/rosaeterna.online\/pl\/"},{"@type":"ListItem","position":2,"name":"Produkty","item":"https:\/\/rosaeterna.online\/pl\/sklep\/"},{"@type":"ListItem","position":3,"name":"Listy z r\u00f3\u017cami konserwowymi premium"}]},{"@type":"WebSite","@id":"https:\/\/rosaeterna.online\/pl\/#website","url":"https:\/\/rosaeterna.online\/pl\/","name":"Rosa Eterna","description":"Haz que dure","potentialAction":[{"@type":"SearchAction","target":{"@type":"EntryPoint","urlTemplate":"https:\/\/rosaeterna.online\/pl\/?s={search_term_string}"},"query-input":{"@type":"PropertyValueSpecification","valueRequired":true,"valueName":"search_term_string"}}],"inLanguage":"pl-PL"}]}},"uagb_featured_image_src":{"full":["https:\/\/rosaeterna.online\/wp-content\/uploads\/2020\/06\/flores-con-rosas-preservadas.jpg",600,800,false],"thumbnail":["https:\/\/rosaeterna.online\/wp-content\/uploads\/2020\/06\/flores-con-rosas-preservadas-150x150.jpg",150,150,true],"medium":["https:\/\/rosaeterna.online\/wp-content\/uploads\/2020\/06\/flores-con-rosas-preservadas-225x300.jpg",225,300,true],"medium_large":["https:\/\/rosaeterna.online\/wp-content\/uploads\/2020\/06\/flores-con-rosas-preservadas.jpg",600,800,false],"large":["https:\/\/rosaeterna.online\/wp-content\/uploads\/2020\/06\/flores-con-rosas-preservadas.jpg",600,800,false],"1536x1536":["https:\/\/rosaeterna.online\/wp-content\/uploads\/2020\/06\/flores-con-rosas-preservadas.jpg",600,800,false],"2048x2048":["https:\/\/rosaeterna.online\/wp-content\/uploads\/2020\/06\/flores-con-rosas-preservadas.jpg",600,800,false],"blog-isotope":["https:\/\/rosaeterna.online\/wp-content\/uploads\/2020\/06\/flores-con-rosas-preservadas.jpg",375,500,false],"woocommerce_thumbnail":["https:\/\/rosaeterna.online\/wp-content\/uploads\/2020\/06\/flores-con-rosas-preservadas-350x435.jpg",350,435,true],"woocommerce_single":["https:\/\/rosaeterna.online\/wp-content\/uploads\/2020\/06\/flores-con-rosas-preservadas.jpg",600,800,false],"woocommerce_gallery_thumbnail":["https:\/\/rosaeterna.online\/wp-content\/uploads\/2020\/06\/flores-con-rosas-preservadas-100x100.jpg",100,100,true],"eh_logo_image_size":["https:\/\/rosaeterna.online\/wp-content\/uploads\/2020\/06\/flores-con-rosas-preservadas.jpg",68,90,false],"eh_header_image_size":["https:\/\/rosaeterna.online\/wp-content\/uploads\/2020\/06\/flores-con-rosas-preservadas.jpg",68,90,false],"wcpr-photo-reviews":["https:\/\/rosaeterna.online\/wp-content\/uploads\/2020\/06\/flores-con-rosas-preservadas.jpg",375,500,false]},"uagb_author_info":{"display_name":"Fran","author_link":"https:\/\/rosaeterna.online\/pl"},"uagb_comment_info":0,"uagb_excerpt":"Hej, widzia\u0142e\u015b nasze wysokiej jako\u015bci r\u00f3\u017cane pismo odr\u0119czne? Pokochasz je. Skorzystaj z DARMOWEJ wysy\u0142ki!","_links":{"self":[{"href":"https:\/\/rosaeterna.online\/pl\/wp-json\/wp\/v2\/product\/19465","targetHints":{"allow":["GET"]}}],"collection":[{"href":"https:\/\/rosaeterna.online\/pl\/wp-json\/wp\/v2\/product"}],"about":[{"href":"https:\/\/rosaeterna.online\/pl\/wp-json\/wp\/v2\/types\/product"}],"replies":[{"embeddable":true,"href":"https:\/\/rosaeterna.online\/pl\/wp-json\/wp\/v2\/comments?post=19465"}],"wp:featuredmedia":[{"embeddable":true,"href":"https:\/\/rosaeterna.online\/pl\/wp-json\/wp\/v2\/media\/9695"}],"wp:attachment":[{"href":"https:\/\/rosaeterna.online\/pl\/wp-json\/wp\/v2\/media?parent=19465"}],"wp:term":[{"taxonomy":"product_brand","embeddable":true,"href":"https:\/\/rosaeterna.online\/pl\/wp-json\/wp\/v2\/product_brand?post=19465"},{"taxonomy":"product_cat","embeddable":true,"href":"https:\/\/rosaeterna.online\/pl\/wp-json\/wp\/v2\/product_cat?post=19465"},{"taxonomy":"product_tag","embeddable":true,"href":"https:\/\/rosaeterna.online\/pl\/wp-json\/wp\/v2\/product_tag?post=19465"}],"curies":[{"name":"wp","href":"https:\/\/api.w.org\/{rel}","templated":true}]}}