{"id":19460,"date":"2022-12-19T14:43:28","date_gmt":"2022-12-19T14:43:28","guid":{"rendered":"https:\/\/dev.rosaeterna.online\/producto\/centrum-zaburzen\/"},"modified":"2024-10-20T04:02:49","modified_gmt":"2024-10-20T04:02:49","slug":"centrum-zaburzen","status":"publish","type":"product","link":"https:\/\/rosaeterna.online\/pl\/p\/centrum-zaburzen\/","title":{"rendered":"Centrum Zaburze\u0144"},"content":{"rendered":"<p>Centralny element <a href=\"https:\/\/rosaeterna.online\/tipo\/secas\/\"><strong>suszonych kwiat\u00f3w<\/strong><\/a> z wiecznymi r\u00f3\u017cami, bez w\u0105tpienia fajny prezent, kt\u00f3rego mo\u017cesz u\u017cy\u0107 do udekorowania ka\u017cdego zak\u0105tka swojego domu. Z\u0142\u00f3\u017c zam\u00f3wienie teraz i <strong>otrzymaj je ZA DARMO<\/strong> w ci\u0105gu 3-4 dni roboczych, a je\u015bli si\u0119 spieszysz, wy\u015blemy je do Ciebie w ci\u0105gu 24-48 godzin za jedyne 5,45 euro wi\u0119cej.<br \/>\nMasz jakie\u015b pytania?<br \/>\nSkontaktuj si\u0119 z nami, <strong>skontaktujemy si\u0119 z Tob\u0105 tak szybko, jak to mo\u017cliwe<\/strong>.  <\/p>\n","protected":false},"excerpt":{"rendered":"<p>Podaruj jej ten pi\u0119kny kwiatowy element centralny, fajny prezent, aby j\u0105 zaskoczy\u0107.<br \/>\nSkorzystaj z naszej <strong>DARMOWEJ<\/strong> wysy\u0142ki \ud83d\ude09 <\/p>\n","protected":false},"featured_media":17088,"comment_status":"closed","ping_status":"closed","template":"","meta":{"_uag_custom_page_level_css":"","_joinchat":[]},"product_brand":[],"product_cat":[235],"product_tag":[],"class_list":{"0":"post-19460","1":"product","2":"type-product","3":"status-publish","4":"has-post-thumbnail","6":"product_cat-wesela","8":"first","9":"instock","10":"taxable","11":"shipping-taxable","12":"purchasable","13":"product-type-simple","14":"add-to-wishlist-after_add_to_cart"},"yoast_head":"<!-- This site is optimized with the Yoast SEO plugin v25.0 - https:\/\/yoast.com\/wordpress\/plugins\/seo\/ -->\n<title>Centrum Zaburze\u0144 - Rosa Eterna<\/title>\n<meta name=\"robots\" content=\"index, follow, max-snippet:-1, max-image-preview:large, max-video-preview:-1\" \/>\n<link rel=\"canonical\" href=\"https:\/\/rosaeterna.online\/pl\/p\/centrum-zaburzen\/\" \/>\n<meta property=\"og:locale\" content=\"pl_PL\" \/>\n<meta property=\"og:type\" content=\"article\" \/>\n<meta property=\"og:title\" content=\"Centrum Zaburze\u0144 - Rosa Eterna\" \/>\n<meta property=\"og:description\" content=\"Podaruj jej ten pi\u0119kny kwiatowy element centralny, fajny prezent, aby j\u0105 zaskoczy\u0107. Skorzystaj z naszej DARMOWEJ wysy\u0142ki ;)\" \/>\n<meta property=\"og:url\" content=\"https:\/\/rosaeterna.online\/pl\/p\/centrum-zaburzen\/\" \/>\n<meta property=\"og:site_name\" content=\"Rosa Eterna\" \/>\n<meta property=\"article:modified_time\" content=\"2024-10-20T04:02:49+00:00\" \/>\n<meta property=\"og:image\" content=\"https:\/\/rosaeterna.online\/wp-content\/uploads\/2022\/12\/IMG_3505.jpg\" \/>\n\t<meta property=\"og:image:width\" content=\"800\" \/>\n\t<meta property=\"og:image:height\" content=\"1422\" \/>\n\t<meta property=\"og:image:type\" content=\"image\/jpeg\" \/>\n<meta name=\"twitter:card\" content=\"summary_large_image\" \/>\n<!-- \/ Yoast SEO plugin. -->","yoast_head_json":{"title":"Centrum Zaburze\u0144 - Rosa Eterna","robots":{"index":"index","follow":"follow","max-snippet":"max-snippet:-1","max-image-preview":"max-image-preview:large","max-video-preview":"max-video-preview:-1"},"canonical":"https:\/\/rosaeterna.online\/pl\/p\/centrum-zaburzen\/","og_locale":"pl_PL","og_type":"article","og_title":"Centrum Zaburze\u0144 - Rosa Eterna","og_description":"Podaruj jej ten pi\u0119kny kwiatowy element centralny, fajny prezent, aby j\u0105 zaskoczy\u0107. Skorzystaj z naszej DARMOWEJ wysy\u0142ki ;)","og_url":"https:\/\/rosaeterna.online\/pl\/p\/centrum-zaburzen\/","og_site_name":"Rosa Eterna","article_modified_time":"2024-10-20T04:02:49+00:00","og_image":[{"width":800,"height":1422,"url":"https:\/\/rosaeterna.online\/wp-content\/uploads\/2022\/12\/IMG_3505.jpg","type":"image\/jpeg"}],"twitter_card":"summary_large_image","schema":{"@context":"https:\/\/schema.org","@graph":[{"@type":"WebPage","@id":"https:\/\/rosaeterna.online\/pl\/p\/centrum-zaburzen\/","url":"https:\/\/rosaeterna.online\/pl\/p\/centrum-zaburzen\/","name":"Centrum Zaburze\u0144 - Rosa Eterna","isPartOf":{"@id":"https:\/\/rosaeterna.online\/pl\/#website"},"primaryImageOfPage":{"@id":"https:\/\/rosaeterna.online\/pl\/p\/centrum-zaburzen\/#primaryimage"},"image":{"@id":"https:\/\/rosaeterna.online\/pl\/p\/centrum-zaburzen\/#primaryimage"},"thumbnailUrl":"https:\/\/rosaeterna.online\/wp-content\/uploads\/2022\/12\/IMG_3505.jpg","datePublished":"2022-12-19T14:43:28+00:00","dateModified":"2024-10-20T04:02:49+00:00","breadcrumb":{"@id":"https:\/\/rosaeterna.online\/pl\/p\/centrum-zaburzen\/#breadcrumb"},"inLanguage":"pl-PL","potentialAction":[{"@type":"ReadAction","target":["https:\/\/rosaeterna.online\/pl\/p\/centrum-zaburzen\/"]}]},{"@type":"ImageObject","inLanguage":"pl-PL","@id":"https:\/\/rosaeterna.online\/pl\/p\/centrum-zaburzen\/#primaryimage","url":"https:\/\/rosaeterna.online\/wp-content\/uploads\/2022\/12\/IMG_3505.jpg","contentUrl":"https:\/\/rosaeterna.online\/wp-content\/uploads\/2022\/12\/IMG_3505.jpg","width":800,"height":1422,"caption":"centrum kwiat\u00f3w"},{"@type":"BreadcrumbList","@id":"https:\/\/rosaeterna.online\/pl\/p\/centrum-zaburzen\/#breadcrumb","itemListElement":[{"@type":"ListItem","position":1,"name":"Portada","item":"https:\/\/rosaeterna.online\/pl\/"},{"@type":"ListItem","position":2,"name":"Produkty","item":"https:\/\/rosaeterna.online\/pl\/sklep\/"},{"@type":"ListItem","position":3,"name":"Centrum Zaburze\u0144"}]},{"@type":"WebSite","@id":"https:\/\/rosaeterna.online\/pl\/#website","url":"https:\/\/rosaeterna.online\/pl\/","name":"Rosa Eterna","description":"Haz que dure","potentialAction":[{"@type":"SearchAction","target":{"@type":"EntryPoint","urlTemplate":"https:\/\/rosaeterna.online\/pl\/?s={search_term_string}"},"query-input":{"@type":"PropertyValueSpecification","valueRequired":true,"valueName":"search_term_string"}}],"inLanguage":"pl-PL"}]}},"uagb_featured_image_src":{"full":["https:\/\/rosaeterna.online\/wp-content\/uploads\/2022\/12\/IMG_3505.jpg",800,1422,false],"thumbnail":["https:\/\/rosaeterna.online\/wp-content\/uploads\/2022\/12\/IMG_3505-150x150.jpg",150,150,true],"medium":["https:\/\/rosaeterna.online\/wp-content\/uploads\/2022\/12\/IMG_3505-169x300.jpg",169,300,true],"medium_large":["https:\/\/rosaeterna.online\/wp-content\/uploads\/2022\/12\/IMG_3505-768x1365.jpg",768,1365,true],"large":["https:\/\/rosaeterna.online\/wp-content\/uploads\/2022\/12\/IMG_3505-576x1024.jpg",576,1024,true],"1536x1536":["https:\/\/rosaeterna.online\/wp-content\/uploads\/2022\/12\/IMG_3505.jpg",800,1422,false],"2048x2048":["https:\/\/rosaeterna.online\/wp-content\/uploads\/2022\/12\/IMG_3505.jpg",800,1422,false],"blog-isotope":["https:\/\/rosaeterna.online\/wp-content\/uploads\/2022\/12\/IMG_3505.jpg",281,500,false],"woocommerce_thumbnail":["https:\/\/rosaeterna.online\/wp-content\/uploads\/2022\/12\/IMG_3505-350x435.jpg",350,435,true],"woocommerce_single":["https:\/\/rosaeterna.online\/wp-content\/uploads\/2022\/12\/IMG_3505.jpg",800,1422,false],"woocommerce_gallery_thumbnail":["https:\/\/rosaeterna.online\/wp-content\/uploads\/2022\/12\/IMG_3505-100x100.jpg",100,100,true],"eh_logo_image_size":["https:\/\/rosaeterna.online\/wp-content\/uploads\/2022\/12\/IMG_3505.jpg",51,90,false],"eh_header_image_size":["https:\/\/rosaeterna.online\/wp-content\/uploads\/2022\/12\/IMG_3505.jpg",51,90,false],"wcpr-photo-reviews":["https:\/\/rosaeterna.online\/wp-content\/uploads\/2022\/12\/IMG_3505.jpg",281,500,false]},"uagb_author_info":{"display_name":"Fran","author_link":"https:\/\/rosaeterna.online\/pl"},"uagb_comment_info":0,"uagb_excerpt":"Podaruj jej ten pi\u0119kny kwiatowy element centralny, fajny prezent, aby j\u0105 zaskoczy\u0107. Skorzystaj z naszej DARMOWEJ wysy\u0142ki ;)","_links":{"self":[{"href":"https:\/\/rosaeterna.online\/pl\/wp-json\/wp\/v2\/product\/19460","targetHints":{"allow":["GET"]}}],"collection":[{"href":"https:\/\/rosaeterna.online\/pl\/wp-json\/wp\/v2\/product"}],"about":[{"href":"https:\/\/rosaeterna.online\/pl\/wp-json\/wp\/v2\/types\/product"}],"replies":[{"embeddable":true,"href":"https:\/\/rosaeterna.online\/pl\/wp-json\/wp\/v2\/comments?post=19460"}],"wp:featuredmedia":[{"embeddable":true,"href":"https:\/\/rosaeterna.online\/pl\/wp-json\/wp\/v2\/media\/17088"}],"wp:attachment":[{"href":"https:\/\/rosaeterna.online\/pl\/wp-json\/wp\/v2\/media?parent=19460"}],"wp:term":[{"taxonomy":"product_brand","embeddable":true,"href":"https:\/\/rosaeterna.online\/pl\/wp-json\/wp\/v2\/product_brand?post=19460"},{"taxonomy":"product_cat","embeddable":true,"href":"https:\/\/rosaeterna.online\/pl\/wp-json\/wp\/v2\/product_cat?post=19460"},{"taxonomy":"product_tag","embeddable":true,"href":"https:\/\/rosaeterna.online\/pl\/wp-json\/wp\/v2\/product_tag?post=19460"}],"curies":[{"name":"wp","href":"https:\/\/api.w.org\/{rel}","templated":true}]}}