{"id":19439,"date":"2022-12-19T14:24:14","date_gmt":"2022-12-19T14:24:14","guid":{"rendered":"https:\/\/dev.rosaeterna.online\/producto\/roza-w-kapsulkach-mini\/"},"modified":"2024-10-17T02:58:28","modified_gmt":"2024-10-17T02:58:28","slug":"roza-w-kapsulkach-mini","status":"publish","type":"product","link":"https:\/\/rosaeterna.online\/pl\/p\/roza-w-kapsulkach-mini\/","title":{"rendered":"R\u00f3\u017ca w kapsu\u0142kach mini"},"content":{"rendered":"<p>Uwaga dla nawigator\u00f3w, pami\u0119tajcie, \u017ce nasze <strong><a href=\"https:\/\/rosaeterna.online\/pl\/\">wieczne r\u00f3\u017ce<\/a><\/strong> <strong>s\u0105 naturalne, ale przetrwaj\u0105 wiele lat<\/strong> w doskona\u0142ym stanie.<br \/>\nPrawda jest taka, \u017ce s\u0105 fajnym i zaskakuj\u0105cym prezentem.<br \/>\nWymiary: 7 x 3 cm Zam\u00f3w teraz i <strong>otrzymaj go ZA DARMO<\/strong> w ci\u0105gu 3-4 dni roboczych, a je\u015bli si\u0119 spieszysz, wy\u015blemy go do Ciebie w ci\u0105gu 24-48 godzin za jedyne 5,45 euro wi\u0119cej.<br \/>\nMasz jakie\u015b pytania?<br \/>\nSkontaktuj si\u0119 z nami, <strong>skontaktujemy si\u0119 z Tob\u0105 tak szybko, jak to mo\u017cliwe<\/strong>.    <\/p>\n","protected":false},"excerpt":{"rendered":"<p>Zakonserwowana r\u00f3\u017ca w mini rozmiarze jest naprawd\u0119 fajna, a ta wykonana r\u0119cznie jest jeszcze fajniejsza.<br \/>\nKup j\u0105 teraz <strong>i skorzystaj z DARMOWEJ wysy\u0142ki!<\/strong> <\/p>\n","protected":false},"featured_media":17080,"comment_status":"closed","ping_status":"closed","template":"","meta":{"_uag_custom_page_level_css":"","_joinchat":[]},"product_brand":[],"product_cat":[235,126],"product_tag":[],"class_list":{"0":"post-19439","1":"product","2":"type-product","3":"status-publish","4":"has-post-thumbnail","6":"product_cat-wesela","7":"product_cat-kwiaty-w-szkle","9":"first","10":"instock","11":"taxable","12":"shipping-taxable","13":"purchasable","14":"product-type-simple","15":"add-to-wishlist-after_add_to_cart"},"yoast_head":"<!-- This site is optimized with the Yoast SEO plugin v25.0 - https:\/\/yoast.com\/wordpress\/plugins\/seo\/ -->\n<title>R\u00f3\u017ca w kapsu\u0142kach mini - Rosa Eterna<\/title>\n<meta name=\"robots\" content=\"index, follow, max-snippet:-1, max-image-preview:large, max-video-preview:-1\" \/>\n<link rel=\"canonical\" href=\"https:\/\/rosaeterna.online\/pl\/p\/roza-w-kapsulkach-mini\/\" \/>\n<meta property=\"og:locale\" content=\"pl_PL\" \/>\n<meta property=\"og:type\" content=\"article\" \/>\n<meta property=\"og:title\" content=\"R\u00f3\u017ca w kapsu\u0142kach mini - Rosa Eterna\" \/>\n<meta property=\"og:description\" content=\"Zakonserwowana r\u00f3\u017ca w mini rozmiarze jest naprawd\u0119 fajna, a ta wykonana r\u0119cznie jest jeszcze fajniejsza. Kup j\u0105 teraz i skorzystaj z DARMOWEJ wysy\u0142ki!\" \/>\n<meta property=\"og:url\" content=\"https:\/\/rosaeterna.online\/pl\/p\/roza-w-kapsulkach-mini\/\" \/>\n<meta property=\"og:site_name\" content=\"Rosa Eterna\" \/>\n<meta property=\"article:modified_time\" content=\"2024-10-17T02:58:28+00:00\" \/>\n<meta property=\"og:image\" content=\"https:\/\/rosaeterna.online\/wp-content\/uploads\/2022\/12\/IMG_3503.jpg\" \/>\n\t<meta property=\"og:image:width\" content=\"800\" \/>\n\t<meta property=\"og:image:height\" content=\"956\" \/>\n\t<meta property=\"og:image:type\" content=\"image\/jpeg\" \/>\n<meta name=\"twitter:card\" content=\"summary_large_image\" \/>\n<!-- \/ Yoast SEO plugin. -->","yoast_head_json":{"title":"R\u00f3\u017ca w kapsu\u0142kach mini - Rosa Eterna","robots":{"index":"index","follow":"follow","max-snippet":"max-snippet:-1","max-image-preview":"max-image-preview:large","max-video-preview":"max-video-preview:-1"},"canonical":"https:\/\/rosaeterna.online\/pl\/p\/roza-w-kapsulkach-mini\/","og_locale":"pl_PL","og_type":"article","og_title":"R\u00f3\u017ca w kapsu\u0142kach mini - Rosa Eterna","og_description":"Zakonserwowana r\u00f3\u017ca w mini rozmiarze jest naprawd\u0119 fajna, a ta wykonana r\u0119cznie jest jeszcze fajniejsza. Kup j\u0105 teraz i skorzystaj z DARMOWEJ wysy\u0142ki!","og_url":"https:\/\/rosaeterna.online\/pl\/p\/roza-w-kapsulkach-mini\/","og_site_name":"Rosa Eterna","article_modified_time":"2024-10-17T02:58:28+00:00","og_image":[{"width":800,"height":956,"url":"https:\/\/rosaeterna.online\/wp-content\/uploads\/2022\/12\/IMG_3503.jpg","type":"image\/jpeg"}],"twitter_card":"summary_large_image","schema":{"@context":"https:\/\/schema.org","@graph":[{"@type":"WebPage","@id":"https:\/\/rosaeterna.online\/pl\/p\/roza-w-kapsulkach-mini\/","url":"https:\/\/rosaeterna.online\/pl\/p\/roza-w-kapsulkach-mini\/","name":"R\u00f3\u017ca w kapsu\u0142kach mini - Rosa Eterna","isPartOf":{"@id":"https:\/\/rosaeterna.online\/pl\/#website"},"primaryImageOfPage":{"@id":"https:\/\/rosaeterna.online\/pl\/p\/roza-w-kapsulkach-mini\/#primaryimage"},"image":{"@id":"https:\/\/rosaeterna.online\/pl\/p\/roza-w-kapsulkach-mini\/#primaryimage"},"thumbnailUrl":"https:\/\/rosaeterna.online\/wp-content\/uploads\/2022\/12\/IMG_3503.jpg","datePublished":"2022-12-19T14:24:14+00:00","dateModified":"2024-10-17T02:58:28+00:00","breadcrumb":{"@id":"https:\/\/rosaeterna.online\/pl\/p\/roza-w-kapsulkach-mini\/#breadcrumb"},"inLanguage":"pl-PL","potentialAction":[{"@type":"ReadAction","target":["https:\/\/rosaeterna.online\/pl\/p\/roza-w-kapsulkach-mini\/"]}]},{"@type":"ImageObject","inLanguage":"pl-PL","@id":"https:\/\/rosaeterna.online\/pl\/p\/roza-w-kapsulkach-mini\/#primaryimage","url":"https:\/\/rosaeterna.online\/wp-content\/uploads\/2022\/12\/IMG_3503.jpg","contentUrl":"https:\/\/rosaeterna.online\/wp-content\/uploads\/2022\/12\/IMG_3503.jpg","width":800,"height":956,"caption":"mini r\u00f3\u017cowa pi\u0119kno\u015b\u0107 i bestia"},{"@type":"BreadcrumbList","@id":"https:\/\/rosaeterna.online\/pl\/p\/roza-w-kapsulkach-mini\/#breadcrumb","itemListElement":[{"@type":"ListItem","position":1,"name":"Portada","item":"https:\/\/rosaeterna.online\/pl\/"},{"@type":"ListItem","position":2,"name":"Produkty","item":"https:\/\/rosaeterna.online\/pl\/sklep\/"},{"@type":"ListItem","position":3,"name":"R\u00f3\u017ca w kapsu\u0142kach mini"}]},{"@type":"WebSite","@id":"https:\/\/rosaeterna.online\/pl\/#website","url":"https:\/\/rosaeterna.online\/pl\/","name":"Rosa Eterna","description":"Haz que dure","potentialAction":[{"@type":"SearchAction","target":{"@type":"EntryPoint","urlTemplate":"https:\/\/rosaeterna.online\/pl\/?s={search_term_string}"},"query-input":{"@type":"PropertyValueSpecification","valueRequired":true,"valueName":"search_term_string"}}],"inLanguage":"pl-PL"}]}},"uagb_featured_image_src":{"full":["https:\/\/rosaeterna.online\/wp-content\/uploads\/2022\/12\/IMG_3503.jpg",800,956,false],"thumbnail":["https:\/\/rosaeterna.online\/wp-content\/uploads\/2022\/12\/IMG_3503-150x150.jpg",150,150,true],"medium":["https:\/\/rosaeterna.online\/wp-content\/uploads\/2022\/12\/IMG_3503-251x300.jpg",251,300,true],"medium_large":["https:\/\/rosaeterna.online\/wp-content\/uploads\/2022\/12\/IMG_3503-768x918.jpg",768,918,true],"large":["https:\/\/rosaeterna.online\/wp-content\/uploads\/2022\/12\/IMG_3503.jpg",800,956,false],"1536x1536":["https:\/\/rosaeterna.online\/wp-content\/uploads\/2022\/12\/IMG_3503.jpg",800,956,false],"2048x2048":["https:\/\/rosaeterna.online\/wp-content\/uploads\/2022\/12\/IMG_3503.jpg",800,956,false],"blog-isotope":["https:\/\/rosaeterna.online\/wp-content\/uploads\/2022\/12\/IMG_3503.jpg",418,500,false],"woocommerce_thumbnail":["https:\/\/rosaeterna.online\/wp-content\/uploads\/2022\/12\/IMG_3503-350x435.jpg",350,435,true],"woocommerce_single":["https:\/\/rosaeterna.online\/wp-content\/uploads\/2022\/12\/IMG_3503.jpg",800,956,false],"woocommerce_gallery_thumbnail":["https:\/\/rosaeterna.online\/wp-content\/uploads\/2022\/12\/IMG_3503-100x100.jpg",100,100,true],"eh_logo_image_size":["https:\/\/rosaeterna.online\/wp-content\/uploads\/2022\/12\/IMG_3503.jpg",75,90,false],"eh_header_image_size":["https:\/\/rosaeterna.online\/wp-content\/uploads\/2022\/12\/IMG_3503.jpg",75,90,false],"wcpr-photo-reviews":["https:\/\/rosaeterna.online\/wp-content\/uploads\/2022\/12\/IMG_3503.jpg",418,500,false]},"uagb_author_info":{"display_name":"Fran","author_link":"https:\/\/rosaeterna.online\/pl"},"uagb_comment_info":0,"uagb_excerpt":"Zakonserwowana r\u00f3\u017ca w mini rozmiarze jest naprawd\u0119 fajna, a ta wykonana r\u0119cznie jest jeszcze fajniejsza. Kup j\u0105 teraz i skorzystaj z DARMOWEJ wysy\u0142ki!","_links":{"self":[{"href":"https:\/\/rosaeterna.online\/pl\/wp-json\/wp\/v2\/product\/19439","targetHints":{"allow":["GET"]}}],"collection":[{"href":"https:\/\/rosaeterna.online\/pl\/wp-json\/wp\/v2\/product"}],"about":[{"href":"https:\/\/rosaeterna.online\/pl\/wp-json\/wp\/v2\/types\/product"}],"replies":[{"embeddable":true,"href":"https:\/\/rosaeterna.online\/pl\/wp-json\/wp\/v2\/comments?post=19439"}],"wp:featuredmedia":[{"embeddable":true,"href":"https:\/\/rosaeterna.online\/pl\/wp-json\/wp\/v2\/media\/17080"}],"wp:attachment":[{"href":"https:\/\/rosaeterna.online\/pl\/wp-json\/wp\/v2\/media?parent=19439"}],"wp:term":[{"taxonomy":"product_brand","embeddable":true,"href":"https:\/\/rosaeterna.online\/pl\/wp-json\/wp\/v2\/product_brand?post=19439"},{"taxonomy":"product_cat","embeddable":true,"href":"https:\/\/rosaeterna.online\/pl\/wp-json\/wp\/v2\/product_cat?post=19439"},{"taxonomy":"product_tag","embeddable":true,"href":"https:\/\/rosaeterna.online\/pl\/wp-json\/wp\/v2\/product_tag?post=19439"}],"curies":[{"name":"wp","href":"https:\/\/api.w.org\/{rel}","templated":true}]}}