{"id":19426,"date":"2022-12-19T13:14:08","date_gmt":"2022-12-19T13:14:08","guid":{"rendered":"https:\/\/dev.rosaeterna.online\/producto\/drewniane-litery-z-kwiatami-alegria\/"},"modified":"2024-10-20T03:55:34","modified_gmt":"2024-10-20T03:55:34","slug":"drewniane-litery-z-kwiatami-alegria","status":"publish","type":"product","link":"https:\/\/rosaeterna.online\/pl\/p\/drewniane-litery-z-kwiatami-alegria\/","title":{"rendered":"Drewniane litery z kwiatami Alegr\u00eda"},"content":{"rendered":"<p>To fajny prezent, idealny do postawienia na stole lub p\u00f3\u0142ce.<br \/>\nTakie bukiety kwiat\u00f3w w kszta\u0142cie liter s\u0105 zawsze dobrze odbierane, gwarancja Wiecznej R\u00f3\u017cy \ud83d\ude09 <strong>Rozmiar<\/strong>: 10cm wysoko\u015bci, szeroko\u015b\u0107 zale\u017cy od litery Masz pytania?<br \/>\nSkontaktuj si\u0119 z nami, a <strong>natychmiast Ci pomo\u017cemy<\/strong>.  <\/p>\n","protected":false},"excerpt":{"rendered":"<p>List z kwiatami jest OK, ale je\u015bli ma tyle obecno\u015bci, to jest BARDZO OK <strong>Skorzystaj z DARMOWEJ wysy\u0142ki!<\/strong><\/p>\n","protected":false},"featured_media":17008,"comment_status":"closed","ping_status":"closed","template":"","meta":{"_uag_custom_page_level_css":"","_joinchat":[]},"product_brand":[],"product_cat":[98],"product_tag":[],"class_list":{"0":"post-19426","1":"product","2":"type-product","3":"status-publish","4":"has-post-thumbnail","6":"product_cat-litera-duza-z-kwiatami","8":"first","9":"instock","10":"taxable","11":"shipping-taxable","12":"purchasable","13":"product-type-variable","14":"add-to-wishlist-after_add_to_cart"},"yoast_head":"<!-- This site is optimized with the Yoast SEO plugin v25.0 - https:\/\/yoast.com\/wordpress\/plugins\/seo\/ -->\n<title>Kup sw\u00f3j Alegria Flower Lettering: Rosaeterna.online<\/title>\n<meta name=\"description\" content=\"Kup Listy z Zachowanymi R\u00f3\u017cami w najlepszej cenie. Wybierz list, kt\u00f3rego potrzebujesz, a my przygotujemy go dla Ciebie. Skorzystaj z BEZP\u0141ATNEJ wysy\u0142ki!\" \/>\n<meta name=\"robots\" content=\"index, follow, max-snippet:-1, max-image-preview:large, max-video-preview:-1\" \/>\n<link rel=\"canonical\" href=\"https:\/\/rosaeterna.online\/pl\/p\/drewniane-litery-z-kwiatami-alegria\/\" \/>\n<meta property=\"og:locale\" content=\"pl_PL\" \/>\n<meta property=\"og:type\" content=\"article\" \/>\n<meta property=\"og:title\" content=\"Kup sw\u00f3j Alegria Flower Lettering: Rosaeterna.online\" \/>\n<meta property=\"og:description\" content=\"Kup Listy z Zachowanymi R\u00f3\u017cami w najlepszej cenie. Wybierz list, kt\u00f3rego potrzebujesz, a my przygotujemy go dla Ciebie. Skorzystaj z BEZP\u0141ATNEJ wysy\u0142ki!\" \/>\n<meta property=\"og:url\" content=\"https:\/\/rosaeterna.online\/pl\/p\/drewniane-litery-z-kwiatami-alegria\/\" \/>\n<meta property=\"og:site_name\" content=\"Rosa Eterna\" \/>\n<meta property=\"article:modified_time\" content=\"2024-10-20T03:55:34+00:00\" \/>\n<meta property=\"og:image\" content=\"https:\/\/rosaeterna.online\/wp-content\/uploads\/2022\/12\/IMG_3475.jpg\" \/>\n\t<meta property=\"og:image:width\" content=\"800\" \/>\n\t<meta property=\"og:image:height\" content=\"1043\" \/>\n\t<meta property=\"og:image:type\" content=\"image\/jpeg\" \/>\n<meta name=\"twitter:card\" content=\"summary_large_image\" \/>\n<!-- \/ Yoast SEO plugin. -->","yoast_head_json":{"title":"Kup sw\u00f3j Alegria Flower Lettering: Rosaeterna.online","description":"Kup Listy z Zachowanymi R\u00f3\u017cami w najlepszej cenie. Wybierz list, kt\u00f3rego potrzebujesz, a my przygotujemy go dla Ciebie. Skorzystaj z BEZP\u0141ATNEJ wysy\u0142ki!","robots":{"index":"index","follow":"follow","max-snippet":"max-snippet:-1","max-image-preview":"max-image-preview:large","max-video-preview":"max-video-preview:-1"},"canonical":"https:\/\/rosaeterna.online\/pl\/p\/drewniane-litery-z-kwiatami-alegria\/","og_locale":"pl_PL","og_type":"article","og_title":"Kup sw\u00f3j Alegria Flower Lettering: Rosaeterna.online","og_description":"Kup Listy z Zachowanymi R\u00f3\u017cami w najlepszej cenie. Wybierz list, kt\u00f3rego potrzebujesz, a my przygotujemy go dla Ciebie. Skorzystaj z BEZP\u0141ATNEJ wysy\u0142ki!","og_url":"https:\/\/rosaeterna.online\/pl\/p\/drewniane-litery-z-kwiatami-alegria\/","og_site_name":"Rosa Eterna","article_modified_time":"2024-10-20T03:55:34+00:00","og_image":[{"width":800,"height":1043,"url":"https:\/\/rosaeterna.online\/wp-content\/uploads\/2022\/12\/IMG_3475.jpg","type":"image\/jpeg"}],"twitter_card":"summary_large_image","schema":{"@context":"https:\/\/schema.org","@graph":[{"@type":"WebPage","@id":"https:\/\/rosaeterna.online\/pl\/p\/drewniane-litery-z-kwiatami-alegria\/","url":"https:\/\/rosaeterna.online\/pl\/p\/drewniane-litery-z-kwiatami-alegria\/","name":"Kup sw\u00f3j Alegria Flower Lettering: Rosaeterna.online","isPartOf":{"@id":"https:\/\/rosaeterna.online\/pl\/#website"},"primaryImageOfPage":{"@id":"https:\/\/rosaeterna.online\/pl\/p\/drewniane-litery-z-kwiatami-alegria\/#primaryimage"},"image":{"@id":"https:\/\/rosaeterna.online\/pl\/p\/drewniane-litery-z-kwiatami-alegria\/#primaryimage"},"thumbnailUrl":"https:\/\/rosaeterna.online\/wp-content\/uploads\/2022\/12\/IMG_3475.jpg","datePublished":"2022-12-19T13:14:08+00:00","dateModified":"2024-10-20T03:55:34+00:00","description":"Kup Listy z Zachowanymi R\u00f3\u017cami w najlepszej cenie. Wybierz list, kt\u00f3rego potrzebujesz, a my przygotujemy go dla Ciebie. Skorzystaj z BEZP\u0141ATNEJ wysy\u0142ki!","breadcrumb":{"@id":"https:\/\/rosaeterna.online\/pl\/p\/drewniane-litery-z-kwiatami-alegria\/#breadcrumb"},"inLanguage":"pl-PL","potentialAction":[{"@type":"ReadAction","target":["https:\/\/rosaeterna.online\/pl\/p\/drewniane-litery-z-kwiatami-alegria\/"]}]},{"@type":"ImageObject","inLanguage":"pl-PL","@id":"https:\/\/rosaeterna.online\/pl\/p\/drewniane-litery-z-kwiatami-alegria\/#primaryimage","url":"https:\/\/rosaeterna.online\/wp-content\/uploads\/2022\/12\/IMG_3475.jpg","contentUrl":"https:\/\/rosaeterna.online\/wp-content\/uploads\/2022\/12\/IMG_3475.jpg","width":800,"height":1043,"caption":"drewniany list z zachowanymi kwiatami"},{"@type":"BreadcrumbList","@id":"https:\/\/rosaeterna.online\/pl\/p\/drewniane-litery-z-kwiatami-alegria\/#breadcrumb","itemListElement":[{"@type":"ListItem","position":1,"name":"Portada","item":"https:\/\/rosaeterna.online\/pl\/"},{"@type":"ListItem","position":2,"name":"Produkty","item":"https:\/\/rosaeterna.online\/pl\/sklep\/"},{"@type":"ListItem","position":3,"name":"Drewniane litery z kwiatami Alegr\u00eda"}]},{"@type":"WebSite","@id":"https:\/\/rosaeterna.online\/pl\/#website","url":"https:\/\/rosaeterna.online\/pl\/","name":"Rosa Eterna","description":"Haz que dure","potentialAction":[{"@type":"SearchAction","target":{"@type":"EntryPoint","urlTemplate":"https:\/\/rosaeterna.online\/pl\/?s={search_term_string}"},"query-input":{"@type":"PropertyValueSpecification","valueRequired":true,"valueName":"search_term_string"}}],"inLanguage":"pl-PL"}]}},"uagb_featured_image_src":{"full":["https:\/\/rosaeterna.online\/wp-content\/uploads\/2022\/12\/IMG_3475.jpg",800,1043,false],"thumbnail":["https:\/\/rosaeterna.online\/wp-content\/uploads\/2022\/12\/IMG_3475-150x150.jpg",150,150,true],"medium":["https:\/\/rosaeterna.online\/wp-content\/uploads\/2022\/12\/IMG_3475-230x300.jpg",230,300,true],"medium_large":["https:\/\/rosaeterna.online\/wp-content\/uploads\/2022\/12\/IMG_3475-768x1001.jpg",768,1001,true],"large":["https:\/\/rosaeterna.online\/wp-content\/uploads\/2022\/12\/IMG_3475-785x1024.jpg",785,1024,true],"1536x1536":["https:\/\/rosaeterna.online\/wp-content\/uploads\/2022\/12\/IMG_3475.jpg",800,1043,false],"2048x2048":["https:\/\/rosaeterna.online\/wp-content\/uploads\/2022\/12\/IMG_3475.jpg",800,1043,false],"blog-isotope":["https:\/\/rosaeterna.online\/wp-content\/uploads\/2022\/12\/IMG_3475.jpg",384,500,false],"woocommerce_thumbnail":["https:\/\/rosaeterna.online\/wp-content\/uploads\/2022\/12\/IMG_3475-350x435.jpg",350,435,true],"woocommerce_single":["https:\/\/rosaeterna.online\/wp-content\/uploads\/2022\/12\/IMG_3475.jpg",800,1043,false],"woocommerce_gallery_thumbnail":["https:\/\/rosaeterna.online\/wp-content\/uploads\/2022\/12\/IMG_3475-100x100.jpg",100,100,true],"eh_logo_image_size":["https:\/\/rosaeterna.online\/wp-content\/uploads\/2022\/12\/IMG_3475.jpg",69,90,false],"eh_header_image_size":["https:\/\/rosaeterna.online\/wp-content\/uploads\/2022\/12\/IMG_3475.jpg",69,90,false],"wcpr-photo-reviews":["https:\/\/rosaeterna.online\/wp-content\/uploads\/2022\/12\/IMG_3475.jpg",384,500,false]},"uagb_author_info":{"display_name":"Fran","author_link":"https:\/\/rosaeterna.online\/pl"},"uagb_comment_info":0,"uagb_excerpt":"List z kwiatami jest OK, ale je\u015bli ma tyle obecno\u015bci, to jest BARDZO OK Skorzystaj z DARMOWEJ wysy\u0142ki!","_links":{"self":[{"href":"https:\/\/rosaeterna.online\/pl\/wp-json\/wp\/v2\/product\/19426","targetHints":{"allow":["GET"]}}],"collection":[{"href":"https:\/\/rosaeterna.online\/pl\/wp-json\/wp\/v2\/product"}],"about":[{"href":"https:\/\/rosaeterna.online\/pl\/wp-json\/wp\/v2\/types\/product"}],"replies":[{"embeddable":true,"href":"https:\/\/rosaeterna.online\/pl\/wp-json\/wp\/v2\/comments?post=19426"}],"wp:featuredmedia":[{"embeddable":true,"href":"https:\/\/rosaeterna.online\/pl\/wp-json\/wp\/v2\/media\/17008"}],"wp:attachment":[{"href":"https:\/\/rosaeterna.online\/pl\/wp-json\/wp\/v2\/media?parent=19426"}],"wp:term":[{"taxonomy":"product_brand","embeddable":true,"href":"https:\/\/rosaeterna.online\/pl\/wp-json\/wp\/v2\/product_brand?post=19426"},{"taxonomy":"product_cat","embeddable":true,"href":"https:\/\/rosaeterna.online\/pl\/wp-json\/wp\/v2\/product_cat?post=19426"},{"taxonomy":"product_tag","embeddable":true,"href":"https:\/\/rosaeterna.online\/pl\/wp-json\/wp\/v2\/product_tag?post=19426"}],"curies":[{"name":"wp","href":"https:\/\/api.w.org\/{rel}","templated":true}]}}