{"id":10600,"date":"2021-01-23T18:07:18","date_gmt":"2021-01-23T18:07:18","guid":{"rendered":"https:\/\/rosaeterna.online\/flor\/roza-piekna-i-bestia\/"},"modified":"2024-11-08T11:03:42","modified_gmt":"2024-11-08T11:03:42","slug":"roza-piekna-i-bestia","status":"publish","type":"product","link":"https:\/\/rosaeterna.online\/pl\/p\/roza-piekna-i-bestia\/","title":{"rendered":"Rosa Pi\u0119kna i Bestia"},"content":{"rendered":"<p style=\"text-align: justify;\">Je\u015bli istnieje <a href=\"https:\/\/rosaeterna.online\/pl\/\">zachowana r\u00f3\u017ca<\/a>, kt\u00f3r\u0105 wszyscy znamy, to bez w\u0105tpienia jest to r\u00f3\u017ca z Pi\u0119knej i Bestii.<br \/>\nFilm, kt\u00f3ry wszyscy widzieli\u015bmy w dzieci\u0144stwie i kt\u00f3ry w tej chwili sprawi, \u017ce Twoja mi\u0142o\u015b\u0107 b\u0119dzie trwa\u0107 wiecznie dzi\u0119ki swojemu urokowi. <\/p>\n<h2 style=\"text-align: center;\"><strong>Dlaczego warto podarowa\u0107 wieczn\u0105 r\u00f3\u017c\u0119 z Pi\u0119knej i Bestii?<\/strong><\/h2>\n<p style=\"text-align: justify;\">Zaczarowana r\u00f3\u017ca Pi\u0119kna i Bestia to wysokiej jako\u015bci <a href=\"https:\/\/rosaeterna.online\/pl\/p\/roza-wieczna-czerwona\/\">czerwona r\u00f3\u017ca konserwowana<\/a> ze szklan\u0105 kopu\u0142\u0105 o wysoko\u015bci 25 cm, mo\u017cesz wybra\u0107 kolor, kt\u00f3ry najbardziej Ci odpowiada i sprawi\u0107, \u017ce Twoja wyj\u0105tkowa osoba zakocha si\u0119 w Twoim prezencie.<\/p>\n<p style=\"text-align: justify;\">Zam\u00f3w go teraz na <strong>Rosaeterna.<\/strong> online, a dotrze do Twojego domu w dw\u00f3ch rodzajach dostawy: z jednej strony mo\u017cesz wybra\u0107 dostaw\u0119 w ci\u0105gu 2-3 dni roboczych ca\u0142kowicie bezp\u0142atnie, az drugiej strony dostaw\u0119 za 5,50 euro w ci\u0105gu 24 godzin.<br \/>\nJak widzisz, jest to doskona\u0142a okazja do zakupu zaczarowanej r\u00f3\u017cy Pi\u0119kna i Bestia.<br \/>\nWi\u0119c nie zastanawiaj si\u0119 dwa razy i kup j\u0105 teraz, mo\u017cesz wybiera\u0107 mi\u0119dzy r\u00f3\u017cnymi dost\u0119pnymi przesy\u0142kami, aby otrzyma\u0107 j\u0105 w domu.  <\/p>\n<h2 style=\"text-align: center;\"><strong>Cz\u0119sto zadawane pytania dotycz\u0105ce naszych zaczarowanych r\u00f3\u017c<\/strong><\/h2>\n<p style=\"text-align: justify;\">Udzielimy Ci r\u00f3wnie\u017c odpowiedzi na g\u0142\u00f3wne pytania, kt\u00f3re zadaj\u0105 nam nasi klienci:<\/p>\n<ul>\n<li style=\"text-align: justify;\"><strong>Czy r\u00f3\u017ce s\u0105 wieczne?<\/strong>  Tak, to prawda, s\u0105 to zakonserwowane r\u00f3\u017ce, kt\u00f3re pozostan\u0105 w idealnym stanie przez kilka lat.<\/li>\n<li style=\"text-align: justify;\"><strong>Jak d\u0142ugo wytrzymaj\u0105 poza kopu\u0142\u0105?<\/strong>  Kopu\u0142a jest po prostu elementem dekoracyjnym, w tym przypadku nie zmienia trwa\u0142o\u015bci r\u00f3\u017cy Pi\u0119kna i Bestia, b\u0119dzie ona trwa\u0107 tak samo d\u0142ugo wewn\u0105trz, jak i na zewn\u0105trz.<\/li>\n<li style=\"text-align: justify;\"><strong>Co zrobi\u0107, je\u015bli r\u00f3\u017ca dotrze zepsuta?<\/strong>  Dbamy o nasze przesy\u0142ki do maksimum, dlatego z rosaeterna.online nie musisz si\u0119 obawia\u0107, \u017ce zostan\u0105 uszkodzone w drodze.<\/li>\n<li style=\"text-align: justify;\"><strong>Jak mog\u0119 zap\u0142aci\u0107 za moj\u0105 r\u00f3\u017c\u0119?<\/strong>  Mo\u017cesz kupi\u0107 r\u00f3\u017c\u0119 Beauty and the Beast przez PayPal, przelewem bankowym lub kart\u0105 kredytow\u0105.<\/li>\n<li style=\"text-align: justify;\"><strong>Jakiej opieki b\u0119dzie wymaga\u0107 moja kopu\u0142a?<\/strong>  C\u00f3\u017c, nie za du\u017co, po prostu musisz unika\u0107 bezpo\u015bredniego \u015bwiat\u0142a s\u0142onecznego i wilgoci.<\/li>\n<\/ul>\n<p style=\"text-align: justify;\">S\u0105 to najcz\u0119\u015bciej zadawane pytania, ale je\u015bli masz inne pytania, skontaktuj si\u0119 z nami telefonicznie lub mailowo.<\/p>\n<h2 style=\"text-align: center;\"><strong>Znaczenie replik obudowanych r\u00f3\u017c<\/strong><\/h2>\n<p style=\"text-align: justify;\">R\u00f3\u017ce w szklanej kopule s\u0105 <strong>idealnym prezentem<\/strong> na urodziny, rocznice i oczywi\u015bcie na specjalne okazje, takie jak Walentynki czy Dzie\u0144 Matki.<br \/>\nJest jednak wielu, kt\u00f3rzy nie znaj\u0105 znaczenia zaczarowanej r\u00f3\u017cy. Czy jeste\u015b jednym z nich? <\/p>\n<p style=\"text-align: justify;\">Nie martw si\u0119, <strong>opowiemy ci o tym wszystkim<\/strong>.<\/p>\n<p style=\"text-align: justify;\">Jak wiecie, Pi\u0119kna i Bestia to kultowy film, kt\u00f3ry <strong>wszyscy widzieli\u015bmy w pewnym momencie<\/strong>, w rzeczywisto\u015bci niedawno nakr\u0119cono ma\u0142y remake z Emm\u0105 Watson w roli g\u0142\u00f3wnej.<br \/>\nBy\u0107 mo\u017ce nie pami\u0119tasz, \u017ce w tym filmie jedn\u0105 z g\u0142\u00f3wnych postaci jest zaczarowana r\u00f3\u017ca, prezent, kt\u00f3ry czarodziejka da\u0142a Bestii jako znak zemsty. <\/p>\n<p style=\"text-align: justify;\">Gdyby nie znalaz\u0142 prawdziwej mi\u0142o\u015bci w wieku 21 lat, na zawsze wygl\u0105da\u0142by jak potw\u00f3r.<br \/>\nTo w\u0142a\u015bnie wtedy Bestia pozna\u0142a Belle, miejscow\u0105 dziewczyn\u0119, kt\u00f3ra zakocha\u0142a si\u0119 w nim pomimo jego wygl\u0105du, powoduj\u0105c koniec zakl\u0119cia i widz\u0105c zaczarowany kwiat kwitn\u0105cy dzi\u0119ki ich wiecznej mi\u0142o\u015bci. Czy to nie wspania\u0142e?<br \/>\nTeraz mo\u017cesz to na\u015bladowa\u0107.  <\/p>\n<h2 style=\"text-align: center;\"><strong>Masz jeszcze jakie\u015b pytania przed zakupem zaczarowanej r\u00f3\u017cy Pi\u0119kna i Bestia?<\/strong><\/h2>\n<p style=\"text-align: justify;\">Wiemy, \u017ce jeste\u015bmy bardzo klarowni, w rzeczywisto\u015bci czasami jeste\u015bmy zbyt klarowni, ale mo\u017cliwe, \u017ce przeoczyli\u015bmy niekt\u00f3re odpowiedzi na Twoje pytania.<br \/>\nPrzede wszystkim powiemy Ci, \u017ce wysy\u0142amy ca\u0142\u0105 zaczarowan\u0105 r\u00f3\u017c\u0119 ju\u017c zmontowan\u0105, z pi\u0119kn\u0105 kopu\u0142\u0105. <\/p>\n<p style=\"text-align: justify;\">Powiedz r\u00f3wnie\u017c, \u017ce je\u015bli chcesz uzyska\u0107 szybk\u0105 odpowied\u017a, mo\u017cesz przej\u015b\u0107 do strony FAQ, gdzie znajdziesz wszelkiego rodzaju pytania od naszych u\u017cytkownik\u00f3w.<br \/>\nPonadto, je\u015bli Tw\u00f3j problem dotycz\u0105cy wiecznych r\u00f3\u017c pi\u0119kna i bestii nie zosta\u0142 rozwi\u0105zany <strong>, mo\u017cesz skontaktowa\u0107 si\u0119 z nami za po\u015brednictwem formularza kontaktowego lub WhatsApp.<\/strong> <\/p>\n<p style=\"text-align: justify;\">Nie zastanawiaj si\u0119 dwa razy!<\/p>\n","protected":false},"excerpt":{"rendered":"<hr>\n<p>  R\u00f3\u017ca Pi\u0119kna i Bestia to zdecydowanie doskona\u0142y prezent.<br \/>\nJest to wieczna r\u00f3\u017ca w <strong><span style=\"color: #003366;\">wybranym<\/span><span style=\"color: #808000;\">przez Ciebie<\/span><span style=\"color: #993366;\">kolorze<\/span><span style=\"color: #003366;\">,<\/span><\/strong> znana r\u00f3wnie\u017c jako zaczarowana r\u00f3\u017ca <strong><span style=\"color: #003366;\">.<\/span><\/strong>   Nie przegap okazji, kup kwiat Pi\u0119kna i Bestia ju\u017c teraz i podaruj jej najlepszy mo\u017cliwy prezent. <span style=\"color: #ff0000;\"><strong>Wysy\u0142ka GRATIS!<\/strong><\/span><\/p>\n<ul>\n<li><strong>Jak d\u0142ugo one dzia\u0142aj\u0105?<\/strong>  S\u0105 to naturalne liofilizowane r\u00f3\u017ce, dzi\u0119ki czemu zachowuj\u0105 trwa\u0142o\u015b\u0107 przez kilka lat.<\/li>\n<li><strong>Jakiej opieki potrzebuj\u0105?<\/strong>  Nie musisz ich podlewa\u0107, po prostu unikaj bezpo\u015bredniego \u015bwiat\u0142a s\u0142onecznego i wilgoci.<\/li>\n<li><strong>Jak powstaje r\u00f3\u017ca?<\/strong>  R\u00f3\u017ca jest dostarczana w pude\u0142ku ochronnym, aby zapobiec jej z\u0142amaniu w drodze.<br \/>\nRozmiar to 25x17cm. <\/li>\n<\/ul>\n","protected":false},"featured_media":8610,"comment_status":"open","ping_status":"closed","template":"","meta":{"_uag_custom_page_level_css":"","_joinchat":[]},"product_brand":[],"product_cat":[126,84],"product_tag":[],"class_list":{"0":"post-10600","1":"product","2":"type-product","3":"status-publish","4":"has-post-thumbnail","6":"product_cat-kwiaty-w-szkle","7":"product_cat-roze-z-lodyga","9":"first","10":"instock","11":"taxable","12":"shipping-taxable","13":"purchasable","14":"product-type-variable","15":"add-to-wishlist-after_add_to_cart"},"yoast_head":"<!-- This site is optimized with the Yoast SEO plugin v25.0 - https:\/\/yoast.com\/wordpress\/plugins\/seo\/ -->\n<title>Kup Zaczarowan\u0105 R\u00f3\u017c\u0119 z Pi\u0119knej i Bestii | Rosaeterna.online<\/title>\n<meta name=\"description\" content=\"Kup zaczarowan\u0105 r\u00f3\u017c\u0119 Pi\u0119kna i Bestia w najlepszej cenie? Wybierz kolor i ciesz si\u0119 najbardziej wyj\u0105tkow\u0105 r\u00f3\u017c\u0105? Wysy\u0142ka GRATIS!\" \/>\n<meta name=\"robots\" content=\"index, follow, max-snippet:-1, max-image-preview:large, max-video-preview:-1\" \/>\n<link rel=\"canonical\" href=\"https:\/\/rosaeterna.online\/pl\/p\/roza-piekna-i-bestia\/\" \/>\n<meta property=\"og:locale\" content=\"pl_PL\" \/>\n<meta property=\"og:type\" content=\"article\" \/>\n<meta property=\"og:title\" content=\"Kup Zaczarowan\u0105 R\u00f3\u017c\u0119 z Pi\u0119knej i Bestii | Rosaeterna.online\" \/>\n<meta property=\"og:description\" content=\"Kup zaczarowan\u0105 r\u00f3\u017c\u0119 Pi\u0119kna i Bestia w najlepszej cenie? Wybierz kolor i ciesz si\u0119 najbardziej wyj\u0105tkow\u0105 r\u00f3\u017c\u0105? Wysy\u0142ka GRATIS!\" \/>\n<meta property=\"og:url\" content=\"https:\/\/rosaeterna.online\/pl\/p\/roza-piekna-i-bestia\/\" \/>\n<meta property=\"og:site_name\" content=\"Rosa Eterna\" \/>\n<meta property=\"article:modified_time\" content=\"2024-11-08T11:03:42+00:00\" \/>\n<meta property=\"og:image\" content=\"https:\/\/rosaeterna.online\/wp-content\/uploads\/2018\/03\/rosa-encantada-bella-bestia.jpg\" \/>\n\t<meta property=\"og:image:width\" content=\"1181\" \/>\n\t<meta property=\"og:image:height\" content=\"1181\" \/>\n\t<meta property=\"og:image:type\" content=\"image\/jpeg\" \/>\n<meta name=\"twitter:card\" content=\"summary_large_image\" \/>\n<meta name=\"twitter:label1\" content=\"Szacowany czas czytania\" \/>\n\t<meta name=\"twitter:data1\" content=\"3 minuty\" \/>\n<!-- \/ Yoast SEO plugin. -->","yoast_head_json":{"title":"Kup Zaczarowan\u0105 R\u00f3\u017c\u0119 z Pi\u0119knej i Bestii | Rosaeterna.online","description":"Kup zaczarowan\u0105 r\u00f3\u017c\u0119 Pi\u0119kna i Bestia w najlepszej cenie? Wybierz kolor i ciesz si\u0119 najbardziej wyj\u0105tkow\u0105 r\u00f3\u017c\u0105? Wysy\u0142ka GRATIS!","robots":{"index":"index","follow":"follow","max-snippet":"max-snippet:-1","max-image-preview":"max-image-preview:large","max-video-preview":"max-video-preview:-1"},"canonical":"https:\/\/rosaeterna.online\/pl\/p\/roza-piekna-i-bestia\/","og_locale":"pl_PL","og_type":"article","og_title":"Kup Zaczarowan\u0105 R\u00f3\u017c\u0119 z Pi\u0119knej i Bestii | Rosaeterna.online","og_description":"Kup zaczarowan\u0105 r\u00f3\u017c\u0119 Pi\u0119kna i Bestia w najlepszej cenie? Wybierz kolor i ciesz si\u0119 najbardziej wyj\u0105tkow\u0105 r\u00f3\u017c\u0105? Wysy\u0142ka GRATIS!","og_url":"https:\/\/rosaeterna.online\/pl\/p\/roza-piekna-i-bestia\/","og_site_name":"Rosa Eterna","article_modified_time":"2024-11-08T11:03:42+00:00","og_image":[{"width":1181,"height":1181,"url":"https:\/\/rosaeterna.online\/wp-content\/uploads\/2018\/03\/rosa-encantada-bella-bestia.jpg","type":"image\/jpeg"}],"twitter_card":"summary_large_image","twitter_misc":{"Szacowany czas czytania":"3 minuty"},"schema":{"@context":"https:\/\/schema.org","@graph":[{"@type":"WebPage","@id":"https:\/\/rosaeterna.online\/pl\/p\/roza-piekna-i-bestia\/","url":"https:\/\/rosaeterna.online\/pl\/p\/roza-piekna-i-bestia\/","name":"Kup Zaczarowan\u0105 R\u00f3\u017c\u0119 z Pi\u0119knej i Bestii | Rosaeterna.online","isPartOf":{"@id":"https:\/\/rosaeterna.online\/pl\/#website"},"primaryImageOfPage":{"@id":"https:\/\/rosaeterna.online\/pl\/p\/roza-piekna-i-bestia\/#primaryimage"},"image":{"@id":"https:\/\/rosaeterna.online\/pl\/p\/roza-piekna-i-bestia\/#primaryimage"},"thumbnailUrl":"https:\/\/rosaeterna.online\/wp-content\/uploads\/2018\/03\/rosa-encantada-bella-bestia.jpg","datePublished":"2021-01-23T18:07:18+00:00","dateModified":"2024-11-08T11:03:42+00:00","description":"Kup zaczarowan\u0105 r\u00f3\u017c\u0119 Pi\u0119kna i Bestia w najlepszej cenie? Wybierz kolor i ciesz si\u0119 najbardziej wyj\u0105tkow\u0105 r\u00f3\u017c\u0105? Wysy\u0142ka GRATIS!","breadcrumb":{"@id":"https:\/\/rosaeterna.online\/pl\/p\/roza-piekna-i-bestia\/#breadcrumb"},"inLanguage":"pl-PL","potentialAction":[{"@type":"ReadAction","target":["https:\/\/rosaeterna.online\/pl\/p\/roza-piekna-i-bestia\/"]}]},{"@type":"ImageObject","inLanguage":"pl-PL","@id":"https:\/\/rosaeterna.online\/pl\/p\/roza-piekna-i-bestia\/#primaryimage","url":"https:\/\/rosaeterna.online\/wp-content\/uploads\/2018\/03\/rosa-encantada-bella-bestia.jpg","contentUrl":"https:\/\/rosaeterna.online\/wp-content\/uploads\/2018\/03\/rosa-encantada-bella-bestia.jpg","width":1181,"height":1181,"caption":"zaczarowana r\u00f3\u017ca pi\u0119kna bestia"},{"@type":"BreadcrumbList","@id":"https:\/\/rosaeterna.online\/pl\/p\/roza-piekna-i-bestia\/#breadcrumb","itemListElement":[{"@type":"ListItem","position":1,"name":"Portada","item":"https:\/\/rosaeterna.online\/pl\/"},{"@type":"ListItem","position":2,"name":"Produkty","item":"https:\/\/rosaeterna.online\/pl\/sklep\/"},{"@type":"ListItem","position":3,"name":"Rosa Pi\u0119kna i Bestia"}]},{"@type":"WebSite","@id":"https:\/\/rosaeterna.online\/pl\/#website","url":"https:\/\/rosaeterna.online\/pl\/","name":"Rosa Eterna","description":"Haz que dure","potentialAction":[{"@type":"SearchAction","target":{"@type":"EntryPoint","urlTemplate":"https:\/\/rosaeterna.online\/pl\/?s={search_term_string}"},"query-input":{"@type":"PropertyValueSpecification","valueRequired":true,"valueName":"search_term_string"}}],"inLanguage":"pl-PL"}]}},"uagb_featured_image_src":{"full":["https:\/\/rosaeterna.online\/wp-content\/uploads\/2018\/03\/rosa-encantada-bella-bestia.jpg",1181,1181,false],"thumbnail":["https:\/\/rosaeterna.online\/wp-content\/uploads\/2018\/03\/rosa-encantada-bella-bestia-150x150.jpg",150,150,true],"medium":["https:\/\/rosaeterna.online\/wp-content\/uploads\/2018\/03\/rosa-encantada-bella-bestia-300x300.jpg",300,300,true],"medium_large":["https:\/\/rosaeterna.online\/wp-content\/uploads\/2018\/03\/rosa-encantada-bella-bestia-768x768.jpg",768,768,true],"large":["https:\/\/rosaeterna.online\/wp-content\/uploads\/2018\/03\/rosa-encantada-bella-bestia-1024x1024.jpg",900,900,true],"1536x1536":["https:\/\/rosaeterna.online\/wp-content\/uploads\/2018\/03\/rosa-encantada-bella-bestia.jpg",1181,1181,false],"2048x2048":["https:\/\/rosaeterna.online\/wp-content\/uploads\/2018\/03\/rosa-encantada-bella-bestia.jpg",1181,1181,false],"blog-isotope":["https:\/\/rosaeterna.online\/wp-content\/uploads\/2018\/03\/rosa-encantada-bella-bestia.jpg",500,500,false],"woocommerce_thumbnail":["https:\/\/rosaeterna.online\/wp-content\/uploads\/2018\/03\/rosa-encantada-bella-bestia-350x435.jpg",350,435,true],"woocommerce_single":["https:\/\/rosaeterna.online\/wp-content\/uploads\/2018\/03\/rosa-encantada-bella-bestia-920x920.jpg",920,920,true],"woocommerce_gallery_thumbnail":["https:\/\/rosaeterna.online\/wp-content\/uploads\/2018\/03\/rosa-encantada-bella-bestia-100x100.jpg",100,100,true],"eh_logo_image_size":["https:\/\/rosaeterna.online\/wp-content\/uploads\/2018\/03\/rosa-encantada-bella-bestia.jpg",90,90,false],"eh_header_image_size":["https:\/\/rosaeterna.online\/wp-content\/uploads\/2018\/03\/rosa-encantada-bella-bestia.jpg",90,90,false],"wcpr-photo-reviews":["https:\/\/rosaeterna.online\/wp-content\/uploads\/2018\/03\/rosa-encantada-bella-bestia.jpg",500,500,false]},"uagb_author_info":{"display_name":"Fran","author_link":"https:\/\/rosaeterna.online\/pl"},"uagb_comment_info":5,"uagb_excerpt":"R\u00f3\u017ca Pi\u0119kna i Bestia to zdecydowanie doskona\u0142y prezent. Jest to wieczna r\u00f3\u017ca w wybranymprzez Ciebiekolorze, znana r\u00f3wnie\u017c jako zaczarowana r\u00f3\u017ca . Nie przegap okazji, kup kwiat Pi\u0119kna i Bestia ju\u017c teraz i podaruj jej najlepszy mo\u017cliwy prezent. Wysy\u0142ka GRATIS! Jak d\u0142ugo one dzia\u0142aj\u0105? S\u0105 to naturalne liofilizowane r\u00f3\u017ce, dzi\u0119ki czemu zachowuj\u0105 trwa\u0142o\u015b\u0107 przez kilka lat.&hellip;","_links":{"self":[{"href":"https:\/\/rosaeterna.online\/pl\/wp-json\/wp\/v2\/product\/10600","targetHints":{"allow":["GET"]}}],"collection":[{"href":"https:\/\/rosaeterna.online\/pl\/wp-json\/wp\/v2\/product"}],"about":[{"href":"https:\/\/rosaeterna.online\/pl\/wp-json\/wp\/v2\/types\/product"}],"replies":[{"embeddable":true,"href":"https:\/\/rosaeterna.online\/pl\/wp-json\/wp\/v2\/comments?post=10600"}],"wp:featuredmedia":[{"embeddable":true,"href":"https:\/\/rosaeterna.online\/pl\/wp-json\/wp\/v2\/media\/8610"}],"wp:attachment":[{"href":"https:\/\/rosaeterna.online\/pl\/wp-json\/wp\/v2\/media?parent=10600"}],"wp:term":[{"taxonomy":"product_brand","embeddable":true,"href":"https:\/\/rosaeterna.online\/pl\/wp-json\/wp\/v2\/product_brand?post=10600"},{"taxonomy":"product_cat","embeddable":true,"href":"https:\/\/rosaeterna.online\/pl\/wp-json\/wp\/v2\/product_cat?post=10600"},{"taxonomy":"product_tag","embeddable":true,"href":"https:\/\/rosaeterna.online\/pl\/wp-json\/wp\/v2\/product_tag?post=10600"}],"curies":[{"name":"wp","href":"https:\/\/api.w.org\/{rel}","templated":true}]}}