{"id":10599,"date":"2024-07-10T16:57:54","date_gmt":"2024-07-10T16:57:54","guid":{"rendered":"https:\/\/rosaeterna.online\/flor\/roza-wieczna-fuksja\/"},"modified":"2026-03-09T11:40:46","modified_gmt":"2026-03-09T11:40:46","slug":"roza-wieczna-fuksja","status":"publish","type":"product","link":"https:\/\/rosaeterna.online\/pl\/p\/roza-wieczna-fuksja\/","title":{"rendered":"Wieczna r\u00f3\u017ca w kolorze fuksji"},"content":{"rendered":"<p style=\"text-align: justify;\"><a href=\"https:\/\/rosaeterna.online\/pl\/\">Wieczna r\u00f3\u017ca<\/a> w kolorze fuksji jest bezpo\u015brednio zwi\u0105zana z kobieco\u015bci\u0105, elegancj\u0105 i blaskiem, dlatego jest bardzo mi\u0142ym prezentem dla ka\u017cdej kobiety, kt\u00f3r\u0105 chcesz zaskoczy\u0107.<br \/>\nJest synonimem podziwu, zaufania, wsp\u00f3\u0142czucia lub bezinteresownej mi\u0142o\u015bci, b\u0119d\u0105c kwiatem, kt\u00f3ry jest bardzo pi\u0119kny na ka\u017cd\u0105 specjaln\u0105 okazj\u0119. <\/p>\n<p>  Ten rodzaj r\u00f3\u017cy jest idealny do wyra\u017cania bardziej intensywnych uczu\u0107.<br \/>\nPonadto jasny kolor fuksji wiecznej r\u00f3\u017cy przyci\u0105gnie uwag\u0119 odbiorcy.<br \/>\nMo\u017ce r\u00f3wnie\u017c kojarzy\u0107 si\u0119 z energi\u0105, witalno\u015bci\u0105 i entuzjazmem.<br \/>\nMo\u017cesz wyrazi\u0107 bezinteresown\u0105 mi\u0142o\u015b\u0107 i u\u017cy\u0107 jej, aby powiedzie\u0107 partnerowi, jak bardzo jest dla Ciebie wyj\u0105tkowy.<br \/>\nJest to idealny kwiat, aby wyrazi\u0107, \u017ce mi\u0142o\u015b\u0107 jest tak samo \u017cywa, jak pierwszego dnia.      <\/p>\n<p style=\"text-align: justify;\">Je\u015bli z\u0142o\u017cysz zam\u00f3wienie teraz, mo\u017cesz wybra\u0107 DARMOW\u0104 dostaw\u0119 w ci\u0105gu 2-3 dni roboczych lub ekspresow\u0105 dostaw\u0119 w ci\u0105gu 24 godzin roboczych za jedyne 5,50 euro.<br \/>\nPami\u0119taj, \u017ce ta r\u00f3\u017ca jest dostarczana w pi\u0119knym acetatowym pude\u0142ku. Pokochasz j\u0105! <\/p>\n","protected":false},"excerpt":{"rendered":"<p style=\"text-align: justify;\">Kup swoj\u0105 wieczn\u0105 r\u00f3\u017c\u0119 w kolorze fuksji w najlepszej cenie i zaskocz oryginalnym prezentem <strong>z DARMOW\u0104 wysy\u0142k\u0105!<\/strong><\/p>\n","protected":false},"featured_media":8960,"comment_status":"closed","ping_status":"closed","template":"","meta":{"_uag_custom_page_level_css":"","_joinchat":[]},"product_brand":[],"product_cat":[84],"product_tag":[],"class_list":{"0":"post-10599","1":"product","2":"type-product","3":"status-publish","4":"has-post-thumbnail","6":"product_cat-roze-z-lodyga","8":"first","9":"instock","10":"taxable","11":"shipping-taxable","12":"purchasable","13":"product-type-simple","14":"add-to-wishlist-after_add_to_cart"},"yoast_head":"<!-- This site is optimized with the Yoast SEO plugin v25.0 - https:\/\/yoast.com\/wordpress\/plugins\/seo\/ -->\n<title>Kup swoj\u0105 r\u00f3\u017c\u0119 Eternal Fuchsia Rose | Rosaeterna.online<\/title>\n<meta name=\"description\" content=\"Kup sw\u00f3j Eternal Fuchsia Rose w najlepszej cenie. Mamy najwi\u0119kszy wyb\u00f3r rozmiar\u00f3w i kolor\u00f3w. Na co czekasz, aby otrzyma\u0107 odpowiedni prezent?\" \/>\n<meta name=\"robots\" content=\"index, follow, max-snippet:-1, max-image-preview:large, max-video-preview:-1\" \/>\n<link rel=\"canonical\" href=\"https:\/\/rosaeterna.online\/pl\/p\/roza-wieczna-fuksja\/\" \/>\n<meta property=\"og:locale\" content=\"pl_PL\" \/>\n<meta property=\"og:type\" content=\"article\" \/>\n<meta property=\"og:title\" content=\"Kup swoj\u0105 r\u00f3\u017c\u0119 Eternal Fuchsia Rose | Rosaeterna.online\" \/>\n<meta property=\"og:description\" content=\"Kup sw\u00f3j Eternal Fuchsia Rose w najlepszej cenie. Mamy najwi\u0119kszy wyb\u00f3r rozmiar\u00f3w i kolor\u00f3w. Na co czekasz, aby otrzyma\u0107 odpowiedni prezent?\" \/>\n<meta property=\"og:url\" content=\"https:\/\/rosaeterna.online\/pl\/p\/roza-wieczna-fuksja\/\" \/>\n<meta property=\"og:site_name\" content=\"Rosa Eterna\" \/>\n<meta property=\"article:modified_time\" content=\"2026-03-09T11:40:46+00:00\" \/>\n<meta property=\"og:image\" content=\"https:\/\/rosaeterna.online\/wp-content\/uploads\/2018\/10\/rosa-eterna-fucsia-scaled.jpg\" \/>\n\t<meta property=\"og:image:width\" content=\"2178\" \/>\n\t<meta property=\"og:image:height\" content=\"2560\" \/>\n\t<meta property=\"og:image:type\" content=\"image\/jpeg\" \/>\n<meta name=\"twitter:card\" content=\"summary_large_image\" \/>\n<meta name=\"twitter:label1\" content=\"Szacowany czas czytania\" \/>\n\t<meta name=\"twitter:data1\" content=\"1 minuta\" \/>\n<!-- \/ Yoast SEO plugin. -->","yoast_head_json":{"title":"Kup swoj\u0105 r\u00f3\u017c\u0119 Eternal Fuchsia Rose | Rosaeterna.online","description":"Kup sw\u00f3j Eternal Fuchsia Rose w najlepszej cenie. Mamy najwi\u0119kszy wyb\u00f3r rozmiar\u00f3w i kolor\u00f3w. Na co czekasz, aby otrzyma\u0107 odpowiedni prezent?","robots":{"index":"index","follow":"follow","max-snippet":"max-snippet:-1","max-image-preview":"max-image-preview:large","max-video-preview":"max-video-preview:-1"},"canonical":"https:\/\/rosaeterna.online\/pl\/p\/roza-wieczna-fuksja\/","og_locale":"pl_PL","og_type":"article","og_title":"Kup swoj\u0105 r\u00f3\u017c\u0119 Eternal Fuchsia Rose | Rosaeterna.online","og_description":"Kup sw\u00f3j Eternal Fuchsia Rose w najlepszej cenie. Mamy najwi\u0119kszy wyb\u00f3r rozmiar\u00f3w i kolor\u00f3w. Na co czekasz, aby otrzyma\u0107 odpowiedni prezent?","og_url":"https:\/\/rosaeterna.online\/pl\/p\/roza-wieczna-fuksja\/","og_site_name":"Rosa Eterna","article_modified_time":"2026-03-09T11:40:46+00:00","og_image":[{"width":2178,"height":2560,"url":"https:\/\/rosaeterna.online\/wp-content\/uploads\/2018\/10\/rosa-eterna-fucsia-scaled.jpg","type":"image\/jpeg"}],"twitter_card":"summary_large_image","twitter_misc":{"Szacowany czas czytania":"1 minuta"},"schema":{"@context":"https:\/\/schema.org","@graph":[{"@type":"WebPage","@id":"https:\/\/rosaeterna.online\/pl\/p\/roza-wieczna-fuksja\/","url":"https:\/\/rosaeterna.online\/pl\/p\/roza-wieczna-fuksja\/","name":"Kup swoj\u0105 r\u00f3\u017c\u0119 Eternal Fuchsia Rose | Rosaeterna.online","isPartOf":{"@id":"https:\/\/rosaeterna.online\/pl\/#website"},"primaryImageOfPage":{"@id":"https:\/\/rosaeterna.online\/pl\/p\/roza-wieczna-fuksja\/#primaryimage"},"image":{"@id":"https:\/\/rosaeterna.online\/pl\/p\/roza-wieczna-fuksja\/#primaryimage"},"thumbnailUrl":"https:\/\/rosaeterna.online\/wp-content\/uploads\/2018\/10\/rosa-eterna-fucsia-scaled.jpg","datePublished":"2024-07-10T16:57:54+00:00","dateModified":"2026-03-09T11:40:46+00:00","description":"Kup sw\u00f3j Eternal Fuchsia Rose w najlepszej cenie. Mamy najwi\u0119kszy wyb\u00f3r rozmiar\u00f3w i kolor\u00f3w. Na co czekasz, aby otrzyma\u0107 odpowiedni prezent?","breadcrumb":{"@id":"https:\/\/rosaeterna.online\/pl\/p\/roza-wieczna-fuksja\/#breadcrumb"},"inLanguage":"pl-PL","potentialAction":[{"@type":"ReadAction","target":["https:\/\/rosaeterna.online\/pl\/p\/roza-wieczna-fuksja\/"]}]},{"@type":"ImageObject","inLanguage":"pl-PL","@id":"https:\/\/rosaeterna.online\/pl\/p\/roza-wieczna-fuksja\/#primaryimage","url":"https:\/\/rosaeterna.online\/wp-content\/uploads\/2018\/10\/rosa-eterna-fucsia-scaled.jpg","contentUrl":"https:\/\/rosaeterna.online\/wp-content\/uploads\/2018\/10\/rosa-eterna-fucsia-scaled.jpg","width":2178,"height":2560,"caption":"fuksja wieczny r\u00f3\u017c"},{"@type":"BreadcrumbList","@id":"https:\/\/rosaeterna.online\/pl\/p\/roza-wieczna-fuksja\/#breadcrumb","itemListElement":[{"@type":"ListItem","position":1,"name":"Portada","item":"https:\/\/rosaeterna.online\/pl\/"},{"@type":"ListItem","position":2,"name":"Produkty","item":"https:\/\/rosaeterna.online\/pl\/sklep\/"},{"@type":"ListItem","position":3,"name":"Wieczna r\u00f3\u017ca w kolorze fuksji"}]},{"@type":"WebSite","@id":"https:\/\/rosaeterna.online\/pl\/#website","url":"https:\/\/rosaeterna.online\/pl\/","name":"Rosa Eterna","description":"Haz que dure","potentialAction":[{"@type":"SearchAction","target":{"@type":"EntryPoint","urlTemplate":"https:\/\/rosaeterna.online\/pl\/?s={search_term_string}"},"query-input":{"@type":"PropertyValueSpecification","valueRequired":true,"valueName":"search_term_string"}}],"inLanguage":"pl-PL"}]}},"uagb_featured_image_src":{"full":["https:\/\/rosaeterna.online\/wp-content\/uploads\/2018\/10\/rosa-eterna-fucsia-scaled.jpg",2178,2560,false],"thumbnail":["https:\/\/rosaeterna.online\/wp-content\/uploads\/2018\/10\/rosa-eterna-fucsia-150x150.jpg",150,150,true],"medium":["https:\/\/rosaeterna.online\/wp-content\/uploads\/2018\/10\/rosa-eterna-fucsia-255x300.jpg",255,300,true],"medium_large":["https:\/\/rosaeterna.online\/wp-content\/uploads\/2018\/10\/rosa-eterna-fucsia-768x903.jpg",768,903,true],"large":["https:\/\/rosaeterna.online\/wp-content\/uploads\/2018\/10\/rosa-eterna-fucsia-871x1024.jpg",871,1024,true],"1536x1536":["https:\/\/rosaeterna.online\/wp-content\/uploads\/2018\/10\/rosa-eterna-fucsia-scaled.jpg",1307,1536,false],"2048x2048":["https:\/\/rosaeterna.online\/wp-content\/uploads\/2018\/10\/rosa-eterna-fucsia-scaled.jpg",1742,2048,false],"blog-isotope":["https:\/\/rosaeterna.online\/wp-content\/uploads\/2018\/10\/rosa-eterna-fucsia-scaled.jpg",425,500,false],"woocommerce_thumbnail":["https:\/\/rosaeterna.online\/wp-content\/uploads\/2018\/10\/rosa-eterna-fucsia-350x435.jpg",350,435,true],"woocommerce_single":["https:\/\/rosaeterna.online\/wp-content\/uploads\/2018\/10\/rosa-eterna-fucsia-920x1082.jpg",920,1082,true],"woocommerce_gallery_thumbnail":["https:\/\/rosaeterna.online\/wp-content\/uploads\/2018\/10\/rosa-eterna-fucsia-100x100.jpg",100,100,true],"eh_logo_image_size":["https:\/\/rosaeterna.online\/wp-content\/uploads\/2018\/10\/rosa-eterna-fucsia-scaled.jpg",77,90,false],"eh_header_image_size":["https:\/\/rosaeterna.online\/wp-content\/uploads\/2018\/10\/rosa-eterna-fucsia-scaled.jpg",77,90,false],"wcpr-photo-reviews":["https:\/\/rosaeterna.online\/wp-content\/uploads\/2018\/10\/rosa-eterna-fucsia-scaled.jpg",425,500,false]},"uagb_author_info":{"display_name":"Patricia Mart\u00edn","author_link":"https:\/\/rosaeterna.online\/pl"},"uagb_comment_info":0,"uagb_excerpt":"Kup swoj\u0105 wieczn\u0105 r\u00f3\u017c\u0119 w kolorze fuksji w najlepszej cenie i zaskocz oryginalnym prezentem z DARMOW\u0104 wysy\u0142k\u0105!","_links":{"self":[{"href":"https:\/\/rosaeterna.online\/pl\/wp-json\/wp\/v2\/product\/10599","targetHints":{"allow":["GET"]}}],"collection":[{"href":"https:\/\/rosaeterna.online\/pl\/wp-json\/wp\/v2\/product"}],"about":[{"href":"https:\/\/rosaeterna.online\/pl\/wp-json\/wp\/v2\/types\/product"}],"replies":[{"embeddable":true,"href":"https:\/\/rosaeterna.online\/pl\/wp-json\/wp\/v2\/comments?post=10599"}],"wp:featuredmedia":[{"embeddable":true,"href":"https:\/\/rosaeterna.online\/pl\/wp-json\/wp\/v2\/media\/8960"}],"wp:attachment":[{"href":"https:\/\/rosaeterna.online\/pl\/wp-json\/wp\/v2\/media?parent=10599"}],"wp:term":[{"taxonomy":"product_brand","embeddable":true,"href":"https:\/\/rosaeterna.online\/pl\/wp-json\/wp\/v2\/product_brand?post=10599"},{"taxonomy":"product_cat","embeddable":true,"href":"https:\/\/rosaeterna.online\/pl\/wp-json\/wp\/v2\/product_cat?post=10599"},{"taxonomy":"product_tag","embeddable":true,"href":"https:\/\/rosaeterna.online\/pl\/wp-json\/wp\/v2\/product_tag?post=10599"}],"curies":[{"name":"wp","href":"https:\/\/api.w.org\/{rel}","templated":true}]}}