{"id":10598,"date":"2024-07-09T19:51:15","date_gmt":"2024-07-09T19:51:15","guid":{"rendered":"https:\/\/rosaeterna.online\/flor\/roza-wieczna-tecza\/"},"modified":"2025-04-13T08:28:54","modified_gmt":"2025-04-13T08:28:54","slug":"roza-wieczna-tecza","status":"publish","type":"product","link":"https:\/\/rosaeterna.online\/pl\/p\/roza-wieczna-tecza\/","title":{"rendered":"T\u0119czowa wieczna r\u00f3\u017ca"},"content":{"rendered":"<p style=\"text-align: justify;\">T\u0119czowa wieczna r\u00f3\u017ca jest idealna do wyra\u017cania szerokiej gamy emocji, w rzeczywisto\u015bci jest to jedna z najbardziej oryginalnych <a href=\"https:\/\/rosaeterna.online\/pl\/\">r\u00f3\u017c konserwowanych<\/a>, jakie mo\u017cesz znale\u017a\u0107.<\/p>\n<p>  Jest to kwiat, kt\u00f3ry mo\u017ce \u0142\u0105czy\u0107 w sobie emocje rado\u015bci, pasji, lojalno\u015bci, czysto\u015bci, mi\u0142o\u015bci lub przyja\u017ani.<br \/>\nDzi\u0119ki swojemu wspania\u0142emu kolorowi przyci\u0105ga szcz\u0119\u015bcie i jest idealn\u0105 r\u00f3\u017c\u0105 na najszcz\u0119\u015bliwsze okazje w Twoim \u017cyciu.<br \/>\nJe\u015bli chcesz podnie\u015b\u0107 kogo\u015b na duchu, nie ma w\u0105tpliwo\u015bci, \u017ce podarowanie tego prezentu b\u0119dzie wielkim sukcesem.    <\/p>\n<p style=\"text-align: justify;\">Zdecydowa\u0142e\u015b si\u0119?<br \/>\nTeraz ju\u017c wiesz, gdzie j\u0105 kupi\u0107, za po\u015brednictwem naszego sklepu internetowego.<br \/>\nKup t\u0119czow\u0105 r\u00f3\u017c\u0119 w najlepszej cenie i zaoszcz\u0119d\u017a na wysy\u0142ce dzi\u0119ki naszej darmowej taryfie.<br \/>\nW ten spos\u00f3b mo\u017cesz wyrazi\u0107 wsparcie i solidarno\u015b\u0107 w ka\u017cdej wyj\u0105tkowej chwili z osob\u0105 przechodz\u0105c\u0105 przez trudn\u0105 sytuacj\u0119 lub uczci\u0107 wyj\u0105tkowy dzie\u0144.   <\/p>\n<p style=\"text-align: justify;\">Je\u015bli chcesz dowiedzie\u0107 si\u0119 wi\u0119cej o <a href=\"https:\/\/rosaeterna.online\/pl\/wielokolorowa-teczowa-roza-istnieje\/\">wielokolorowych r\u00f3\u017cach t\u0119czowych<\/a>, nie przegap naszego postu, w kt\u00f3rym powiemy Ci wszystko, co musisz wiedzie\u0107 o tej idealnej r\u00f3\u017cy. W razie jakichkolwiek pyta\u0144 skorzystaj z naszego formularza kontaktowego!<\/p>\n","protected":false},"excerpt":{"rendered":"<p style=\"text-align: justify;\">Kup t\u0119czowe r\u00f3\u017ce i zaskocz swojego partnera wielobarwn\u0105 r\u00f3\u017c\u0105. Pokochaj\u0105 to!<\/p>\n","protected":false},"featured_media":8946,"comment_status":"open","ping_status":"closed","template":"","meta":{"_uag_custom_page_level_css":"","_joinchat":[]},"product_brand":[],"product_cat":[84],"product_tag":[],"class_list":{"0":"post-10598","1":"product","2":"type-product","3":"status-publish","4":"has-post-thumbnail","6":"product_cat-roze-z-lodyga","8":"first","9":"instock","10":"taxable","11":"shipping-taxable","12":"purchasable","13":"product-type-simple","14":"add-to-wishlist-after_add_to_cart"},"yoast_head":"<!-- This site is optimized with the Yoast SEO plugin v25.0 - https:\/\/yoast.com\/wordpress\/plugins\/seo\/ -->\n<title>Kup Rainbow Roses w najlepszej cenie | Rosaeterna.online<\/title>\n<meta name=\"description\" content=\"Kup swoj\u0105 Rainbow Rose w najlepszej cenie. Tylko na Rosaeterna.online masz szeroki wyb\u00f3r zakonserwowanych kwiat\u00f3w. Nie przegap ich!\" \/>\n<meta name=\"robots\" content=\"index, follow, max-snippet:-1, max-image-preview:large, max-video-preview:-1\" \/>\n<link rel=\"canonical\" href=\"https:\/\/rosaeterna.online\/pl\/p\/roza-wieczna-tecza\/\" \/>\n<meta property=\"og:locale\" content=\"pl_PL\" \/>\n<meta property=\"og:type\" content=\"article\" \/>\n<meta property=\"og:title\" content=\"Kup Rainbow Roses w najlepszej cenie | Rosaeterna.online\" \/>\n<meta property=\"og:description\" content=\"Kup swoj\u0105 Rainbow Rose w najlepszej cenie. Tylko na Rosaeterna.online masz szeroki wyb\u00f3r zakonserwowanych kwiat\u00f3w. Nie przegap ich!\" \/>\n<meta property=\"og:url\" content=\"https:\/\/rosaeterna.online\/pl\/p\/roza-wieczna-tecza\/\" \/>\n<meta property=\"og:site_name\" content=\"Rosa Eterna\" \/>\n<meta property=\"article:modified_time\" content=\"2025-04-13T08:28:54+00:00\" \/>\n<meta property=\"og:image\" content=\"https:\/\/rosaeterna.online\/wp-content\/uploads\/2018\/05\/rosa-eterna-arcoiris-scaled.jpg\" \/>\n\t<meta property=\"og:image:width\" content=\"2113\" \/>\n\t<meta property=\"og:image:height\" content=\"2560\" \/>\n\t<meta property=\"og:image:type\" content=\"image\/jpeg\" \/>\n<meta name=\"twitter:card\" content=\"summary_large_image\" \/>\n<meta name=\"twitter:label1\" content=\"Szacowany czas czytania\" \/>\n\t<meta name=\"twitter:data1\" content=\"1 minuta\" \/>\n<!-- \/ Yoast SEO plugin. -->","yoast_head_json":{"title":"Kup Rainbow Roses w najlepszej cenie | Rosaeterna.online","description":"Kup swoj\u0105 Rainbow Rose w najlepszej cenie. Tylko na Rosaeterna.online masz szeroki wyb\u00f3r zakonserwowanych kwiat\u00f3w. Nie przegap ich!","robots":{"index":"index","follow":"follow","max-snippet":"max-snippet:-1","max-image-preview":"max-image-preview:large","max-video-preview":"max-video-preview:-1"},"canonical":"https:\/\/rosaeterna.online\/pl\/p\/roza-wieczna-tecza\/","og_locale":"pl_PL","og_type":"article","og_title":"Kup Rainbow Roses w najlepszej cenie | Rosaeterna.online","og_description":"Kup swoj\u0105 Rainbow Rose w najlepszej cenie. Tylko na Rosaeterna.online masz szeroki wyb\u00f3r zakonserwowanych kwiat\u00f3w. Nie przegap ich!","og_url":"https:\/\/rosaeterna.online\/pl\/p\/roza-wieczna-tecza\/","og_site_name":"Rosa Eterna","article_modified_time":"2025-04-13T08:28:54+00:00","og_image":[{"width":2113,"height":2560,"url":"https:\/\/rosaeterna.online\/wp-content\/uploads\/2018\/05\/rosa-eterna-arcoiris-scaled.jpg","type":"image\/jpeg"}],"twitter_card":"summary_large_image","twitter_misc":{"Szacowany czas czytania":"1 minuta"},"schema":{"@context":"https:\/\/schema.org","@graph":[{"@type":"WebPage","@id":"https:\/\/rosaeterna.online\/pl\/p\/roza-wieczna-tecza\/","url":"https:\/\/rosaeterna.online\/pl\/p\/roza-wieczna-tecza\/","name":"Kup Rainbow Roses w najlepszej cenie | Rosaeterna.online","isPartOf":{"@id":"https:\/\/rosaeterna.online\/pl\/#website"},"primaryImageOfPage":{"@id":"https:\/\/rosaeterna.online\/pl\/p\/roza-wieczna-tecza\/#primaryimage"},"image":{"@id":"https:\/\/rosaeterna.online\/pl\/p\/roza-wieczna-tecza\/#primaryimage"},"thumbnailUrl":"https:\/\/rosaeterna.online\/wp-content\/uploads\/2018\/05\/rosa-eterna-arcoiris-scaled.jpg","datePublished":"2024-07-09T19:51:15+00:00","dateModified":"2025-04-13T08:28:54+00:00","description":"Kup swoj\u0105 Rainbow Rose w najlepszej cenie. Tylko na Rosaeterna.online masz szeroki wyb\u00f3r zakonserwowanych kwiat\u00f3w. Nie przegap ich!","breadcrumb":{"@id":"https:\/\/rosaeterna.online\/pl\/p\/roza-wieczna-tecza\/#breadcrumb"},"inLanguage":"pl-PL","potentialAction":[{"@type":"ReadAction","target":["https:\/\/rosaeterna.online\/pl\/p\/roza-wieczna-tecza\/"]}]},{"@type":"ImageObject","inLanguage":"pl-PL","@id":"https:\/\/rosaeterna.online\/pl\/p\/roza-wieczna-tecza\/#primaryimage","url":"https:\/\/rosaeterna.online\/wp-content\/uploads\/2018\/05\/rosa-eterna-arcoiris-scaled.jpg","contentUrl":"https:\/\/rosaeterna.online\/wp-content\/uploads\/2018\/05\/rosa-eterna-arcoiris-scaled.jpg","width":2113,"height":2560,"caption":"wieczna t\u0119czowa r\u00f3\u017ca"},{"@type":"BreadcrumbList","@id":"https:\/\/rosaeterna.online\/pl\/p\/roza-wieczna-tecza\/#breadcrumb","itemListElement":[{"@type":"ListItem","position":1,"name":"Portada","item":"https:\/\/rosaeterna.online\/pl\/"},{"@type":"ListItem","position":2,"name":"Produkty","item":"https:\/\/rosaeterna.online\/pl\/sklep\/"},{"@type":"ListItem","position":3,"name":"T\u0119czowa wieczna r\u00f3\u017ca"}]},{"@type":"WebSite","@id":"https:\/\/rosaeterna.online\/pl\/#website","url":"https:\/\/rosaeterna.online\/pl\/","name":"Rosa Eterna","description":"Haz que dure","potentialAction":[{"@type":"SearchAction","target":{"@type":"EntryPoint","urlTemplate":"https:\/\/rosaeterna.online\/pl\/?s={search_term_string}"},"query-input":{"@type":"PropertyValueSpecification","valueRequired":true,"valueName":"search_term_string"}}],"inLanguage":"pl-PL"}]}},"uagb_featured_image_src":{"full":["https:\/\/rosaeterna.online\/wp-content\/uploads\/2018\/05\/rosa-eterna-arcoiris-scaled.jpg",2113,2560,false],"thumbnail":["https:\/\/rosaeterna.online\/wp-content\/uploads\/2018\/05\/rosa-eterna-arcoiris-150x150.jpg",150,150,true],"medium":["https:\/\/rosaeterna.online\/wp-content\/uploads\/2018\/05\/rosa-eterna-arcoiris-248x300.jpg",248,300,true],"medium_large":["https:\/\/rosaeterna.online\/wp-content\/uploads\/2018\/05\/rosa-eterna-arcoiris-768x930.jpg",768,930,true],"large":["https:\/\/rosaeterna.online\/wp-content\/uploads\/2018\/05\/rosa-eterna-arcoiris-845x1024.jpg",845,1024,true],"1536x1536":["https:\/\/rosaeterna.online\/wp-content\/uploads\/2018\/05\/rosa-eterna-arcoiris-scaled.jpg",1268,1536,false],"2048x2048":["https:\/\/rosaeterna.online\/wp-content\/uploads\/2018\/05\/rosa-eterna-arcoiris-scaled.jpg",1690,2048,false],"blog-isotope":["https:\/\/rosaeterna.online\/wp-content\/uploads\/2018\/05\/rosa-eterna-arcoiris-scaled.jpg",413,500,false],"woocommerce_thumbnail":["https:\/\/rosaeterna.online\/wp-content\/uploads\/2018\/05\/rosa-eterna-arcoiris-scaled-350x435.jpg",350,435,true],"woocommerce_single":["https:\/\/rosaeterna.online\/wp-content\/uploads\/2018\/05\/rosa-eterna-arcoiris-scaled-920x1115.jpg",920,1115,true],"woocommerce_gallery_thumbnail":["https:\/\/rosaeterna.online\/wp-content\/uploads\/2018\/05\/rosa-eterna-arcoiris-scaled-100x100.jpg",100,100,true],"eh_logo_image_size":["https:\/\/rosaeterna.online\/wp-content\/uploads\/2018\/05\/rosa-eterna-arcoiris-scaled.jpg",74,90,false],"eh_header_image_size":["https:\/\/rosaeterna.online\/wp-content\/uploads\/2018\/05\/rosa-eterna-arcoiris-scaled.jpg",74,90,false],"wcpr-photo-reviews":["https:\/\/rosaeterna.online\/wp-content\/uploads\/2018\/05\/rosa-eterna-arcoiris-scaled.jpg",413,500,false]},"uagb_author_info":{"display_name":"Fran","author_link":"https:\/\/rosaeterna.online\/pl"},"uagb_comment_info":1,"uagb_excerpt":"Kup t\u0119czowe r\u00f3\u017ce i zaskocz swojego partnera wielobarwn\u0105 r\u00f3\u017c\u0105. Pokochaj\u0105 to!","_links":{"self":[{"href":"https:\/\/rosaeterna.online\/pl\/wp-json\/wp\/v2\/product\/10598","targetHints":{"allow":["GET"]}}],"collection":[{"href":"https:\/\/rosaeterna.online\/pl\/wp-json\/wp\/v2\/product"}],"about":[{"href":"https:\/\/rosaeterna.online\/pl\/wp-json\/wp\/v2\/types\/product"}],"replies":[{"embeddable":true,"href":"https:\/\/rosaeterna.online\/pl\/wp-json\/wp\/v2\/comments?post=10598"}],"wp:featuredmedia":[{"embeddable":true,"href":"https:\/\/rosaeterna.online\/pl\/wp-json\/wp\/v2\/media\/8946"}],"wp:attachment":[{"href":"https:\/\/rosaeterna.online\/pl\/wp-json\/wp\/v2\/media?parent=10598"}],"wp:term":[{"taxonomy":"product_brand","embeddable":true,"href":"https:\/\/rosaeterna.online\/pl\/wp-json\/wp\/v2\/product_brand?post=10598"},{"taxonomy":"product_cat","embeddable":true,"href":"https:\/\/rosaeterna.online\/pl\/wp-json\/wp\/v2\/product_cat?post=10598"},{"taxonomy":"product_tag","embeddable":true,"href":"https:\/\/rosaeterna.online\/pl\/wp-json\/wp\/v2\/product_tag?post=10598"}],"curies":[{"name":"wp","href":"https:\/\/api.w.org\/{rel}","templated":true}]}}