{"id":10592,"date":"2024-06-29T11:13:28","date_gmt":"2024-06-29T11:13:28","guid":{"rendered":"https:\/\/rosaeterna.online\/flor\/roza-wieczna-czarna\/"},"modified":"2024-11-08T11:03:11","modified_gmt":"2024-11-08T11:03:11","slug":"roza-wieczna-czarna","status":"publish","type":"product","link":"https:\/\/rosaeterna.online\/pl\/p\/roza-wieczna-czarna\/","title":{"rendered":"Czarna wieczna r\u00f3\u017ca"},"content":{"rendered":"<p style=\"text-align: justify;\">Szukasz czarnej wiecznej r\u00f3\u017cy?<br \/>\nW takim razie trafi\u0142e\u015b we w\u0142a\u015bciwe miejsce w Internecie.<br \/>\nMamy wszystkie rodzaje <a href=\"https:\/\/rosaeterna.online\/pl\/\">wiecznych r\u00f3\u017c<\/a>, aby zaskoczy\u0107 Twojego partnera w wyj\u0105tkowy dzie\u0144.  <\/p>\n<p>  R\u00f3\u017ce w tym kolorze s\u0105 idealne do przekazywania uczu\u0107 spokoju i wdzi\u0119czno\u015bci drugiej osobie.<br \/>\nPonadto r\u00f3\u017ce te mog\u0105 skrywa\u0107 w sobie aureol\u0119 tajemniczo\u015bci, pozwalaj\u0105c Ci cieszy\u0107 si\u0119 r\u00f3\u017cami o wyj\u0105tkowym kolorze.<br \/>\nR\u00f3\u017ce te kojarz\u0105 si\u0119 nie tylko z \u017ca\u0142ob\u0105, ale czarne wieczne r\u00f3\u017ce oznaczaj\u0105, \u017ce mi\u0142o\u015b\u0107 jest wieczna.<br \/>\nSymbolizuj\u0105 mi\u0142o\u015b\u0107, kt\u00f3ra wykracza poza fizyczno\u015b\u0107, co czyni je bardzo mi\u0142ym prezentem dla twojego partnera.<br \/>\nMog\u0105 by\u0107 r\u00f3wnie\u017c uwa\u017cane za symbol nadziei, pasji i tajemniczo\u015bci, b\u0119d\u0105c r\u00f3\u017cami, kt\u00f3re s\u0105 niew\u0105tpliwie doskona\u0142ym wyborem.<br \/>\nPami\u0119taj, \u017ce uczynienie tego dnia wyj\u0105tkowym zale\u017cy od Ciebie i nikogo innego!       <\/p>\n<p style=\"text-align: justify;\">Mo\u017cesz na nas liczy\u0107 w razie jakichkolwiek pyta\u0144 dotycz\u0105cych naszej liofilizowanej czarnej r\u00f3\u017cy i kupi\u0107 j\u0105 w najlepszej cenie w naszym sklepie internetowym. Pokochasz j\u0105!<\/p>\n","protected":false},"excerpt":{"rendered":"<p style=\"text-align: justify;\">Nie przegap naszej czarnej wiecznej r\u00f3\u017cy, doskona\u0142ego przyk\u0142adu gustownego prezentu, kt\u00f3ry ucieszy zar\u00f3wno znajomych, jak i nieznajomych. Kto nie lubi pi\u0119knych naturalnych kwiat\u00f3w?<br \/>\nNie przegap ich, a nie po\u017ca\u0142ujesz. <\/p>\n","protected":false},"featured_media":8925,"comment_status":"open","ping_status":"closed","template":"","meta":{"_uag_custom_page_level_css":"","_joinchat":[]},"product_brand":[],"product_cat":[84],"product_tag":[],"class_list":{"0":"post-10592","1":"product","2":"type-product","3":"status-publish","4":"has-post-thumbnail","6":"product_cat-roze-z-lodyga","8":"first","9":"instock","10":"taxable","11":"shipping-taxable","12":"purchasable","13":"product-type-simple","14":"add-to-wishlist-after_add_to_cart"},"yoast_head":"<!-- This site is optimized with the Yoast SEO plugin v25.0 - https:\/\/yoast.com\/wordpress\/plugins\/seo\/ -->\n<title>Kup Eternal Black Rose: wybierz liofilizowan\u0105 : Rosaeterna.online<\/title>\n<meta name=\"description\" content=\"Szukasz czarnej wiecznej r\u00f3\u017cy? W takim razie nie tra\u0107 czasu i kup j\u0105 w najlepszej cenie na rynku tylko w Rosaeterna.online Czekamy na Ciebie w \u015brodku!\" \/>\n<meta name=\"robots\" content=\"index, follow, max-snippet:-1, max-image-preview:large, max-video-preview:-1\" \/>\n<link rel=\"canonical\" href=\"https:\/\/rosaeterna.online\/pl\/p\/roza-wieczna-czarna\/\" \/>\n<meta property=\"og:locale\" content=\"pl_PL\" \/>\n<meta property=\"og:type\" content=\"article\" \/>\n<meta property=\"og:title\" content=\"Kup Eternal Black Rose: wybierz liofilizowan\u0105 : Rosaeterna.online\" \/>\n<meta property=\"og:description\" content=\"Szukasz czarnej wiecznej r\u00f3\u017cy? W takim razie nie tra\u0107 czasu i kup j\u0105 w najlepszej cenie na rynku tylko w Rosaeterna.online Czekamy na Ciebie w \u015brodku!\" \/>\n<meta property=\"og:url\" content=\"https:\/\/rosaeterna.online\/pl\/p\/roza-wieczna-czarna\/\" \/>\n<meta property=\"og:site_name\" content=\"Rosa Eterna\" \/>\n<meta property=\"article:modified_time\" content=\"2024-11-08T11:03:11+00:00\" \/>\n<meta property=\"og:image\" content=\"https:\/\/rosaeterna.online\/wp-content\/uploads\/2017\/12\/rosa-eterna-negra-2-scaled.jpg\" \/>\n\t<meta property=\"og:image:width\" content=\"2036\" \/>\n\t<meta property=\"og:image:height\" content=\"2560\" \/>\n\t<meta property=\"og:image:type\" content=\"image\/jpeg\" \/>\n<meta name=\"twitter:card\" content=\"summary_large_image\" \/>\n<meta name=\"twitter:label1\" content=\"Szacowany czas czytania\" \/>\n\t<meta name=\"twitter:data1\" content=\"1 minuta\" \/>\n<!-- \/ Yoast SEO plugin. -->","yoast_head_json":{"title":"Kup Eternal Black Rose: wybierz liofilizowan\u0105 : Rosaeterna.online","description":"Szukasz czarnej wiecznej r\u00f3\u017cy? W takim razie nie tra\u0107 czasu i kup j\u0105 w najlepszej cenie na rynku tylko w Rosaeterna.online Czekamy na Ciebie w \u015brodku!","robots":{"index":"index","follow":"follow","max-snippet":"max-snippet:-1","max-image-preview":"max-image-preview:large","max-video-preview":"max-video-preview:-1"},"canonical":"https:\/\/rosaeterna.online\/pl\/p\/roza-wieczna-czarna\/","og_locale":"pl_PL","og_type":"article","og_title":"Kup Eternal Black Rose: wybierz liofilizowan\u0105 : Rosaeterna.online","og_description":"Szukasz czarnej wiecznej r\u00f3\u017cy? W takim razie nie tra\u0107 czasu i kup j\u0105 w najlepszej cenie na rynku tylko w Rosaeterna.online Czekamy na Ciebie w \u015brodku!","og_url":"https:\/\/rosaeterna.online\/pl\/p\/roza-wieczna-czarna\/","og_site_name":"Rosa Eterna","article_modified_time":"2024-11-08T11:03:11+00:00","og_image":[{"width":2036,"height":2560,"url":"https:\/\/rosaeterna.online\/wp-content\/uploads\/2017\/12\/rosa-eterna-negra-2-scaled.jpg","type":"image\/jpeg"}],"twitter_card":"summary_large_image","twitter_misc":{"Szacowany czas czytania":"1 minuta"},"schema":{"@context":"https:\/\/schema.org","@graph":[{"@type":"WebPage","@id":"https:\/\/rosaeterna.online\/pl\/p\/roza-wieczna-czarna\/","url":"https:\/\/rosaeterna.online\/pl\/p\/roza-wieczna-czarna\/","name":"Kup Eternal Black Rose: wybierz liofilizowan\u0105 : Rosaeterna.online","isPartOf":{"@id":"https:\/\/rosaeterna.online\/pl\/#website"},"primaryImageOfPage":{"@id":"https:\/\/rosaeterna.online\/pl\/p\/roza-wieczna-czarna\/#primaryimage"},"image":{"@id":"https:\/\/rosaeterna.online\/pl\/p\/roza-wieczna-czarna\/#primaryimage"},"thumbnailUrl":"https:\/\/rosaeterna.online\/wp-content\/uploads\/2017\/12\/rosa-eterna-negra-2-scaled.jpg","datePublished":"2024-06-29T11:13:28+00:00","dateModified":"2024-11-08T11:03:11+00:00","description":"Szukasz czarnej wiecznej r\u00f3\u017cy? W takim razie nie tra\u0107 czasu i kup j\u0105 w najlepszej cenie na rynku tylko w Rosaeterna.online Czekamy na Ciebie w \u015brodku!","breadcrumb":{"@id":"https:\/\/rosaeterna.online\/pl\/p\/roza-wieczna-czarna\/#breadcrumb"},"inLanguage":"pl-PL","potentialAction":[{"@type":"ReadAction","target":["https:\/\/rosaeterna.online\/pl\/p\/roza-wieczna-czarna\/"]}]},{"@type":"ImageObject","inLanguage":"pl-PL","@id":"https:\/\/rosaeterna.online\/pl\/p\/roza-wieczna-czarna\/#primaryimage","url":"https:\/\/rosaeterna.online\/wp-content\/uploads\/2017\/12\/rosa-eterna-negra-2-scaled.jpg","contentUrl":"https:\/\/rosaeterna.online\/wp-content\/uploads\/2017\/12\/rosa-eterna-negra-2-scaled.jpg","width":2036,"height":2560,"caption":"czarna wieczna r\u00f3\u017ca"},{"@type":"BreadcrumbList","@id":"https:\/\/rosaeterna.online\/pl\/p\/roza-wieczna-czarna\/#breadcrumb","itemListElement":[{"@type":"ListItem","position":1,"name":"Portada","item":"https:\/\/rosaeterna.online\/pl\/"},{"@type":"ListItem","position":2,"name":"Produkty","item":"https:\/\/rosaeterna.online\/pl\/sklep\/"},{"@type":"ListItem","position":3,"name":"Czarna wieczna r\u00f3\u017ca"}]},{"@type":"WebSite","@id":"https:\/\/rosaeterna.online\/pl\/#website","url":"https:\/\/rosaeterna.online\/pl\/","name":"Rosa Eterna","description":"Haz que dure","potentialAction":[{"@type":"SearchAction","target":{"@type":"EntryPoint","urlTemplate":"https:\/\/rosaeterna.online\/pl\/?s={search_term_string}"},"query-input":{"@type":"PropertyValueSpecification","valueRequired":true,"valueName":"search_term_string"}}],"inLanguage":"pl-PL"}]}},"uagb_featured_image_src":{"full":["https:\/\/rosaeterna.online\/wp-content\/uploads\/2017\/12\/rosa-eterna-negra-2-scaled.jpg",2036,2560,false],"thumbnail":["https:\/\/rosaeterna.online\/wp-content\/uploads\/2017\/12\/rosa-eterna-negra-2-150x150.jpg",150,150,true],"medium":["https:\/\/rosaeterna.online\/wp-content\/uploads\/2017\/12\/rosa-eterna-negra-2-239x300.jpg",239,300,true],"medium_large":["https:\/\/rosaeterna.online\/wp-content\/uploads\/2017\/12\/rosa-eterna-negra-2-768x966.jpg",768,966,true],"large":["https:\/\/rosaeterna.online\/wp-content\/uploads\/2017\/12\/rosa-eterna-negra-2-814x1024.jpg",814,1024,true],"1536x1536":["https:\/\/rosaeterna.online\/wp-content\/uploads\/2017\/12\/rosa-eterna-negra-2-scaled.jpg",1222,1536,false],"2048x2048":["https:\/\/rosaeterna.online\/wp-content\/uploads\/2017\/12\/rosa-eterna-negra-2-scaled.jpg",1629,2048,false],"blog-isotope":["https:\/\/rosaeterna.online\/wp-content\/uploads\/2017\/12\/rosa-eterna-negra-2-scaled.jpg",398,500,false],"woocommerce_thumbnail":["https:\/\/rosaeterna.online\/wp-content\/uploads\/2017\/12\/rosa-eterna-negra-2-350x435.jpg",350,435,true],"woocommerce_single":["https:\/\/rosaeterna.online\/wp-content\/uploads\/2017\/12\/rosa-eterna-negra-2-920x1157.jpg",920,1157,true],"woocommerce_gallery_thumbnail":["https:\/\/rosaeterna.online\/wp-content\/uploads\/2017\/12\/rosa-eterna-negra-2-100x100.jpg",100,100,true],"eh_logo_image_size":["https:\/\/rosaeterna.online\/wp-content\/uploads\/2017\/12\/rosa-eterna-negra-2-scaled.jpg",72,90,false],"eh_header_image_size":["https:\/\/rosaeterna.online\/wp-content\/uploads\/2017\/12\/rosa-eterna-negra-2-scaled.jpg",72,90,false],"wcpr-photo-reviews":["https:\/\/rosaeterna.online\/wp-content\/uploads\/2017\/12\/rosa-eterna-negra-2-scaled.jpg",398,500,false]},"uagb_author_info":{"display_name":"Fran","author_link":"https:\/\/rosaeterna.online\/pl"},"uagb_comment_info":2,"uagb_excerpt":"Nie przegap naszej czarnej wiecznej r\u00f3\u017cy, doskona\u0142ego przyk\u0142adu gustownego prezentu, kt\u00f3ry ucieszy zar\u00f3wno znajomych, jak i nieznajomych. Kto nie lubi pi\u0119knych naturalnych kwiat\u00f3w? Nie przegap ich, a nie po\u017ca\u0142ujesz.","_links":{"self":[{"href":"https:\/\/rosaeterna.online\/pl\/wp-json\/wp\/v2\/product\/10592","targetHints":{"allow":["GET"]}}],"collection":[{"href":"https:\/\/rosaeterna.online\/pl\/wp-json\/wp\/v2\/product"}],"about":[{"href":"https:\/\/rosaeterna.online\/pl\/wp-json\/wp\/v2\/types\/product"}],"replies":[{"embeddable":true,"href":"https:\/\/rosaeterna.online\/pl\/wp-json\/wp\/v2\/comments?post=10592"}],"wp:featuredmedia":[{"embeddable":true,"href":"https:\/\/rosaeterna.online\/pl\/wp-json\/wp\/v2\/media\/8925"}],"wp:attachment":[{"href":"https:\/\/rosaeterna.online\/pl\/wp-json\/wp\/v2\/media?parent=10592"}],"wp:term":[{"taxonomy":"product_brand","embeddable":true,"href":"https:\/\/rosaeterna.online\/pl\/wp-json\/wp\/v2\/product_brand?post=10592"},{"taxonomy":"product_cat","embeddable":true,"href":"https:\/\/rosaeterna.online\/pl\/wp-json\/wp\/v2\/product_cat?post=10592"},{"taxonomy":"product_tag","embeddable":true,"href":"https:\/\/rosaeterna.online\/pl\/wp-json\/wp\/v2\/product_tag?post=10592"}],"curies":[{"name":"wp","href":"https:\/\/api.w.org\/{rel}","templated":true}]}}