{"id":10501,"date":"2024-06-28T00:17:27","date_gmt":"2024-06-28T00:17:27","guid":{"rendered":"https:\/\/rosaeterna.online\/flor\/roza-wieczna-niebieska\/"},"modified":"2024-11-08T11:03:58","modified_gmt":"2024-11-08T11:03:58","slug":"roza-wieczna-niebieska","status":"publish","type":"product","link":"https:\/\/rosaeterna.online\/pl\/p\/roza-wieczna-niebieska\/","title":{"rendered":"Wieczna niebieska r\u00f3\u017ca"},"content":{"rendered":"<p style=\"text-align: justify;\">Zastanawiasz si\u0119 nad zakupem niebieskiej wiecznej r\u00f3\u017cy?<br \/>\nW takim razie masz dwie opcje, albo chcesz podarowa\u0107 j\u0105 komu\u015b wyj\u0105tkowemu, albo chcesz podarowa\u0107 sobie prezent (co te\u017c jest fajne, co?).<br \/>\nCzasami gesty mog\u0105 przekaza\u0107 wi\u0119cej ni\u017c s\u0142owa i w przypadku r\u00f3\u017c nie jest inaczej.  <\/p>\n<p>  Niebieska wieczna r\u00f3\u017ca kojarzy si\u0119 z po\u017c\u0105daniem i wieczn\u0105 mi\u0142o\u015bci\u0105 i jest nami\u0119tnym kolorem r\u00f3\u017cy.<br \/>\nPonadto kolor niebieski jest zwi\u0105zany z mistycyzmem i natur\u0105, b\u0119d\u0105c kwiatami, kt\u00f3re s\u0105 bardzo pi\u0119kne.<br \/>\nPonadto symbolizuj\u0105 wyzwalaj\u0105ce uczucia lub pewno\u015b\u0107 siebie, b\u0119d\u0105c idealnym wyborem, aby pokaza\u0107 swoj\u0105 mi\u0142o\u015b\u0107.<br \/>\nTo dlatego, \u017ce reprezentuj\u0105 wieczn\u0105 mi\u0142o\u015b\u0107 i nadziej\u0119 na osi\u0105gni\u0119cie trudnej lub niemo\u017cliwej mi\u0142o\u015bci.<br \/>\nOczywi\u015bcie nie ma niebieskich r\u00f3\u017c, wi\u0119c symbolizuj\u0105 one osi\u0105gni\u0119cie niemo\u017cliwego.<br \/>\nS\u0105 one tworzone sztucznie i s\u0105 prezentem, kt\u00f3ry bez w\u0105tpienia jest wspania\u0142ym podarunkiem dla Twojego partnera.<br \/>\nNasze ceny zawieraj\u0105 VAT i wszystkie podatki, co oznacza, \u017ce w koszyku nie czekaj\u0105 na Ciebie \u017cadne niespodzianki &#8211; gwarantowane!<br \/>\nNie przegap gamy r\u00f3\u017cnych kolor\u00f3w, kt\u00f3re oferujemy w <strong>rosaeterna.online<\/strong>, zobaczysz, jak Ci si\u0119 spodobaj\u0105.<br \/>\nMo\u017cesz na nas liczy\u0107 w razie jakichkolwiek pyta\u0144 dotycz\u0105cych naszej niebieskiej wiecznej r\u00f3\u017cy. B\u0119dziemy czeka\u0107 na Ciebie po drugiej stronie!        <\/p>\n","protected":false},"excerpt":{"rendered":"<p style=\"text-align: justify;\">Niebieska <a href=\"https:\/\/rosaeterna.online\/\">wieczna<\/a> r\u00f3\u017ca jest idealna dla wszystkich mi\u0142o\u015bnik\u00f3w tego pi\u0119knego koloru, je\u015bli jeste\u015b jednym z nich, wspaniale by\u0142oby zdoby\u0107 jedn\u0105 z naszych doskona\u0142ych <a href=\"https:\/\/rosaeterna.online\/\">wiecznych r\u00f3\u017c.<\/a><\/p>\n","protected":false},"featured_media":8918,"comment_status":"open","ping_status":"closed","template":"","meta":{"_uag_custom_page_level_css":"","_joinchat":[]},"product_brand":[],"product_cat":[84],"product_tag":[],"class_list":{"0":"post-10501","1":"product","2":"type-product","3":"status-publish","4":"has-post-thumbnail","6":"product_cat-roze-z-lodyga","8":"first","9":"instock","10":"taxable","11":"shipping-taxable","12":"purchasable","13":"product-type-simple","14":"add-to-wishlist-after_add_to_cart"},"yoast_head":"<!-- This site is optimized with the Yoast SEO plugin v25.0 - https:\/\/yoast.com\/wordpress\/plugins\/seo\/ -->\n<title>Kup Eternal Blue Rose w najlepszej cenie | Rosaeterna.online<\/title>\n<meta name=\"description\" content=\"Kup sw\u00f3j niebieski Eternal Rose w najlepszej cenie. Mamy najwi\u0119kszy wyb\u00f3r modeli. Czekamy na Ciebie w naszym sklepie internetowym z najlepszymi kwiatami, wejd\u017a TERAZ!\" \/>\n<meta name=\"robots\" content=\"index, follow, max-snippet:-1, max-image-preview:large, max-video-preview:-1\" \/>\n<link rel=\"canonical\" href=\"https:\/\/rosaeterna.online\/pl\/p\/roza-wieczna-niebieska\/\" \/>\n<meta property=\"og:locale\" content=\"pl_PL\" \/>\n<meta property=\"og:type\" content=\"article\" \/>\n<meta property=\"og:title\" content=\"Kup Eternal Blue Rose w najlepszej cenie | Rosaeterna.online\" \/>\n<meta property=\"og:description\" content=\"Kup sw\u00f3j niebieski Eternal Rose w najlepszej cenie. Mamy najwi\u0119kszy wyb\u00f3r modeli. Czekamy na Ciebie w naszym sklepie internetowym z najlepszymi kwiatami, wejd\u017a TERAZ!\" \/>\n<meta property=\"og:url\" content=\"https:\/\/rosaeterna.online\/pl\/p\/roza-wieczna-niebieska\/\" \/>\n<meta property=\"og:site_name\" content=\"Rosa Eterna\" \/>\n<meta property=\"article:modified_time\" content=\"2024-11-08T11:03:58+00:00\" \/>\n<meta property=\"og:image\" content=\"https:\/\/rosaeterna.online\/wp-content\/uploads\/2017\/12\/rosa-eterna-azul-2-scaled.jpg\" \/>\n\t<meta property=\"og:image:width\" content=\"2202\" \/>\n\t<meta property=\"og:image:height\" content=\"2560\" \/>\n\t<meta property=\"og:image:type\" content=\"image\/jpeg\" \/>\n<meta name=\"twitter:card\" content=\"summary_large_image\" \/>\n<meta name=\"twitter:label1\" content=\"Szacowany czas czytania\" \/>\n\t<meta name=\"twitter:data1\" content=\"1 minuta\" \/>\n<!-- \/ Yoast SEO plugin. -->","yoast_head_json":{"title":"Kup Eternal Blue Rose w najlepszej cenie | Rosaeterna.online","description":"Kup sw\u00f3j niebieski Eternal Rose w najlepszej cenie. Mamy najwi\u0119kszy wyb\u00f3r modeli. Czekamy na Ciebie w naszym sklepie internetowym z najlepszymi kwiatami, wejd\u017a TERAZ!","robots":{"index":"index","follow":"follow","max-snippet":"max-snippet:-1","max-image-preview":"max-image-preview:large","max-video-preview":"max-video-preview:-1"},"canonical":"https:\/\/rosaeterna.online\/pl\/p\/roza-wieczna-niebieska\/","og_locale":"pl_PL","og_type":"article","og_title":"Kup Eternal Blue Rose w najlepszej cenie | Rosaeterna.online","og_description":"Kup sw\u00f3j niebieski Eternal Rose w najlepszej cenie. Mamy najwi\u0119kszy wyb\u00f3r modeli. Czekamy na Ciebie w naszym sklepie internetowym z najlepszymi kwiatami, wejd\u017a TERAZ!","og_url":"https:\/\/rosaeterna.online\/pl\/p\/roza-wieczna-niebieska\/","og_site_name":"Rosa Eterna","article_modified_time":"2024-11-08T11:03:58+00:00","og_image":[{"width":2202,"height":2560,"url":"https:\/\/rosaeterna.online\/wp-content\/uploads\/2017\/12\/rosa-eterna-azul-2-scaled.jpg","type":"image\/jpeg"}],"twitter_card":"summary_large_image","twitter_misc":{"Szacowany czas czytania":"1 minuta"},"schema":{"@context":"https:\/\/schema.org","@graph":[{"@type":"WebPage","@id":"https:\/\/rosaeterna.online\/pl\/p\/roza-wieczna-niebieska\/","url":"https:\/\/rosaeterna.online\/pl\/p\/roza-wieczna-niebieska\/","name":"Kup Eternal Blue Rose w najlepszej cenie | Rosaeterna.online","isPartOf":{"@id":"https:\/\/rosaeterna.online\/pl\/#website"},"primaryImageOfPage":{"@id":"https:\/\/rosaeterna.online\/pl\/p\/roza-wieczna-niebieska\/#primaryimage"},"image":{"@id":"https:\/\/rosaeterna.online\/pl\/p\/roza-wieczna-niebieska\/#primaryimage"},"thumbnailUrl":"https:\/\/rosaeterna.online\/wp-content\/uploads\/2017\/12\/rosa-eterna-azul-2-scaled.jpg","datePublished":"2024-06-28T00:17:27+00:00","dateModified":"2024-11-08T11:03:58+00:00","description":"Kup sw\u00f3j niebieski Eternal Rose w najlepszej cenie. Mamy najwi\u0119kszy wyb\u00f3r modeli. Czekamy na Ciebie w naszym sklepie internetowym z najlepszymi kwiatami, wejd\u017a TERAZ!","breadcrumb":{"@id":"https:\/\/rosaeterna.online\/pl\/p\/roza-wieczna-niebieska\/#breadcrumb"},"inLanguage":"pl-PL","potentialAction":[{"@type":"ReadAction","target":["https:\/\/rosaeterna.online\/pl\/p\/roza-wieczna-niebieska\/"]}]},{"@type":"ImageObject","inLanguage":"pl-PL","@id":"https:\/\/rosaeterna.online\/pl\/p\/roza-wieczna-niebieska\/#primaryimage","url":"https:\/\/rosaeterna.online\/wp-content\/uploads\/2017\/12\/rosa-eterna-azul-2-scaled.jpg","contentUrl":"https:\/\/rosaeterna.online\/wp-content\/uploads\/2017\/12\/rosa-eterna-azul-2-scaled.jpg","width":2202,"height":2560,"caption":"wieczny niebieski r\u00f3\u017c"},{"@type":"BreadcrumbList","@id":"https:\/\/rosaeterna.online\/pl\/p\/roza-wieczna-niebieska\/#breadcrumb","itemListElement":[{"@type":"ListItem","position":1,"name":"Portada","item":"https:\/\/rosaeterna.online\/pl\/"},{"@type":"ListItem","position":2,"name":"Produkty","item":"https:\/\/rosaeterna.online\/pl\/sklep\/"},{"@type":"ListItem","position":3,"name":"Wieczna niebieska r\u00f3\u017ca"}]},{"@type":"WebSite","@id":"https:\/\/rosaeterna.online\/pl\/#website","url":"https:\/\/rosaeterna.online\/pl\/","name":"Rosa Eterna","description":"Haz que dure","potentialAction":[{"@type":"SearchAction","target":{"@type":"EntryPoint","urlTemplate":"https:\/\/rosaeterna.online\/pl\/?s={search_term_string}"},"query-input":{"@type":"PropertyValueSpecification","valueRequired":true,"valueName":"search_term_string"}}],"inLanguage":"pl-PL"}]}},"uagb_featured_image_src":{"full":["https:\/\/rosaeterna.online\/wp-content\/uploads\/2017\/12\/rosa-eterna-azul-2-scaled.jpg",2202,2560,false],"thumbnail":["https:\/\/rosaeterna.online\/wp-content\/uploads\/2017\/12\/rosa-eterna-azul-2-150x150.jpg",150,150,true],"medium":["https:\/\/rosaeterna.online\/wp-content\/uploads\/2017\/12\/rosa-eterna-azul-2-258x300.jpg",258,300,true],"medium_large":["https:\/\/rosaeterna.online\/wp-content\/uploads\/2017\/12\/rosa-eterna-azul-2-768x893.jpg",768,893,true],"large":["https:\/\/rosaeterna.online\/wp-content\/uploads\/2017\/12\/rosa-eterna-azul-2-881x1024.jpg",881,1024,true],"1536x1536":["https:\/\/rosaeterna.online\/wp-content\/uploads\/2017\/12\/rosa-eterna-azul-2-scaled.jpg",1321,1536,false],"2048x2048":["https:\/\/rosaeterna.online\/wp-content\/uploads\/2017\/12\/rosa-eterna-azul-2-scaled.jpg",1762,2048,false],"blog-isotope":["https:\/\/rosaeterna.online\/wp-content\/uploads\/2017\/12\/rosa-eterna-azul-2-scaled.jpg",430,500,false],"woocommerce_thumbnail":["https:\/\/rosaeterna.online\/wp-content\/uploads\/2017\/12\/rosa-eterna-azul-2-scaled-350x435.jpg",350,435,true],"woocommerce_single":["https:\/\/rosaeterna.online\/wp-content\/uploads\/2017\/12\/rosa-eterna-azul-2-scaled-920x1070.jpg",920,1070,true],"woocommerce_gallery_thumbnail":["https:\/\/rosaeterna.online\/wp-content\/uploads\/2017\/12\/rosa-eterna-azul-2-scaled-100x100.jpg",100,100,true],"eh_logo_image_size":["https:\/\/rosaeterna.online\/wp-content\/uploads\/2017\/12\/rosa-eterna-azul-2-scaled.jpg",77,90,false],"eh_header_image_size":["https:\/\/rosaeterna.online\/wp-content\/uploads\/2017\/12\/rosa-eterna-azul-2-scaled.jpg",77,90,false],"wcpr-photo-reviews":["https:\/\/rosaeterna.online\/wp-content\/uploads\/2017\/12\/rosa-eterna-azul-2-scaled.jpg",430,500,false]},"uagb_author_info":{"display_name":"Fran","author_link":"https:\/\/rosaeterna.online\/pl"},"uagb_comment_info":2,"uagb_excerpt":"Niebieska wieczna r\u00f3\u017ca jest idealna dla wszystkich mi\u0142o\u015bnik\u00f3w tego pi\u0119knego koloru, je\u015bli jeste\u015b jednym z nich, wspaniale by\u0142oby zdoby\u0107 jedn\u0105 z naszych doskona\u0142ych wiecznych r\u00f3\u017c.","_links":{"self":[{"href":"https:\/\/rosaeterna.online\/pl\/wp-json\/wp\/v2\/product\/10501","targetHints":{"allow":["GET"]}}],"collection":[{"href":"https:\/\/rosaeterna.online\/pl\/wp-json\/wp\/v2\/product"}],"about":[{"href":"https:\/\/rosaeterna.online\/pl\/wp-json\/wp\/v2\/types\/product"}],"replies":[{"embeddable":true,"href":"https:\/\/rosaeterna.online\/pl\/wp-json\/wp\/v2\/comments?post=10501"}],"wp:featuredmedia":[{"embeddable":true,"href":"https:\/\/rosaeterna.online\/pl\/wp-json\/wp\/v2\/media\/8918"}],"wp:attachment":[{"href":"https:\/\/rosaeterna.online\/pl\/wp-json\/wp\/v2\/media?parent=10501"}],"wp:term":[{"taxonomy":"product_brand","embeddable":true,"href":"https:\/\/rosaeterna.online\/pl\/wp-json\/wp\/v2\/product_brand?post=10501"},{"taxonomy":"product_cat","embeddable":true,"href":"https:\/\/rosaeterna.online\/pl\/wp-json\/wp\/v2\/product_cat?post=10501"},{"taxonomy":"product_tag","embeddable":true,"href":"https:\/\/rosaeterna.online\/pl\/wp-json\/wp\/v2\/product_tag?post=10501"}],"curies":[{"name":"wp","href":"https:\/\/api.w.org\/{rel}","templated":true}]}}