{"id":18995,"date":"2021-07-12T13:19:30","date_gmt":"2021-07-12T13:19:30","guid":{"rendered":"https:\/\/dev.rosaeterna.online\/zwroty\/"},"modified":"2024-08-29T16:06:01","modified_gmt":"2024-08-29T16:06:01","slug":"zwroty","status":"publish","type":"page","link":"https:\/\/rosaeterna.online\/pl\/zwroty\/","title":{"rendered":"Zwroty"},"content":{"rendered":"\n<hr class=\"wp-block-separator has-css-opacity\"\/>\n\n<p><strong>Prawo do odst\u0105pienia od umowy<\/strong><\/p>\n\n<p>Klient ma prawo odst\u0105pi\u0107 od umowy bez podania przyczyny w terminie 14 dni kalendarzowych od dnia otrzymania produktu.<\/p>\n\n<p>Aby kwalifikowa\u0107 si\u0119 do zwrotu, produkty musz\u0105 by\u0107 w idealnym stanie.\nNale\u017cy r\u00f3wnie\u017c zachowa\u0107 oryginalne opakowanie (pude\u0142ka wewn\u0119trzne i wszystkie materia\u0142y u\u017cyte do prawid\u0142owego transportu). <\/p>\n\n<p>Aby za\u017c\u0105da\u0107 zwrotu pieni\u0119dzy, musisz wys\u0142a\u0107 wiadomo\u015b\u0107 e-mail na adres <strong><strong>rosaeternashop@gmail.com<\/strong><\/strong> podaj\u0105c numer zam\u00f3wienia w temacie wiadomo\u015bci.\nPo zweryfikowaniu danych i upewnieniu si\u0119, \u017ce zwr\u00f3cone produkty dotr\u0105 do nas w dobrym stanie, wy\u015blemy przewo\u017anika, kt\u00f3ry odbierze paczk\u0119 w ci\u0105gu 24 do 72 godzin roboczych. <\/p>\n\n<p>Kwota odpowiadaj\u0105ca zwracanym przedmiotom zostanie zwr\u00f3cona, koszty wysy\u0142ki (je\u015bli zosta\u0142y zap\u0142acone) nie zostan\u0105 zwr\u00f3cone.\nKoszt zwrotu wynosi 9,00 \u20ac. <\/p>\n\n<p>Zwrot koszt\u00f3w zostanie zrealizowany po otrzymaniu przez nas produktu i sprawdzeniu, czy jest on w idealnym stanie.\nZwrot zostanie dokonany za pomoc\u0105 tych samych \u015brodk\u00f3w, za pomoc\u0105 kt\u00f3rych zosta\u0142o z\u0142o\u017cone zam\u00f3wienie (karta kredytowa, PayPal i\/lub przelew bankowy).\nCzas wymagany do wykonania tego kroku zale\u017cy od banku i metody p\u0142atno\u015bci.  <\/p>\n\n<p><strong>Zwrot z powodu uszkodzenia<\/strong><\/p>\n\n<p>W przypadku, gdy przedmiot zostanie dostarczony uszkodzony, konieczne b\u0119dzie powiadomienie nas w terminie nieprzekraczaj\u0105cym 7 dni kalendarzowych od otrzymania zam\u00f3wienia na nast\u0119puj\u0105cy adres e-mail <strong>rosaeternashop@gmail.com<\/strong> za\u0142\u0105czaj\u0105c zdj\u0119cia uszkodze\u0144 w celu otwarcia odpowiedniej reklamacji.  <\/p>\n\n<p>Klient mo\u017ce za\u017c\u0105da\u0107 wymiany produktu lub zwrotu pieni\u0119dzy.<\/p>\n\n<p>Pe\u0142na kwota zostanie zwr\u00f3cona (w tym koszty wysy\u0142ki, je\u015bli zosta\u0142y op\u0142acone).  <\/p>\n\n<p>Zwrot zostanie dokonany za pomoc\u0105 tych samych \u015brodk\u00f3w, za pomoc\u0105 kt\u00f3rych zosta\u0142o z\u0142o\u017cone zam\u00f3wienie (karta kredytowa, PayPal i\/lub przelew bankowy).\nCzas potrzebny na wykonanie tego kroku zale\u017cy od banku i metody p\u0142atno\u015bci. <\/p>\n\n<p><strong>Anulowanie zam\u00f3wienia<\/strong><\/p>\n\n<p>Je\u015bli zam\u00f3wienie nie zosta\u0142o wys\u0142ane, mo\u017cesz je anulowa\u0107 i otrzyma\u0107 zwrot pieni\u0119dzy pomniejszony o op\u0142aty manipulacyjne naliczone przez platform\u0119 p\u0142atnicz\u0105 (Stripe, Paypal lub Paycomet).\nZwrot zostanie dokonany za pomoc\u0105 tej samej metody p\u0142atno\u015bci, kt\u00f3ra zosta\u0142a u\u017cyta podczas zakupu.\nPami\u0119taj, \u017ce pojawienie si\u0119 \u015brodk\u00f3w na wyci\u0105gu bankowym mo\u017ce potrwa\u0107 d\u0142u\u017cej ni\u017c 10 dni.\nJe\u015bli okres ten zostanie przekroczony, skontaktuj si\u0119 ze swoim bankiem.   <\/p>\n","protected":false},"excerpt":{"rendered":"<p>Prawo do odst\u0105pienia od umowy Klient ma prawo odst\u0105pi\u0107 od umowy bez podania przyczyny w terminie 14 dni kalendarzowych od dnia otrzymania produktu. Aby kwalifikowa\u0107 si\u0119 do zwrotu, produkty musz\u0105 by\u0107 w idealnym stanie. Nale\u017cy r\u00f3wnie\u017c zachowa\u0107 oryginalne opakowanie (pude\u0142ka wewn\u0119trzne i wszystkie materia\u0142y u\u017cyte do prawid\u0142owego transportu). Aby za\u017c\u0105da\u0107 zwrotu pieni\u0119dzy, musisz wys\u0142a\u0107 wiadomo\u015b\u0107 [&hellip;]<\/p>\n","protected":false},"author":1,"featured_media":0,"parent":0,"menu_order":0,"comment_status":"closed","ping_status":"closed","template":"","meta":{"_uag_custom_page_level_css":"","_joinchat":[],"footnotes":""},"class_list":["post-18995","page","type-page","status-publish","hentry"],"yoast_head":"<!-- This site is optimized with the Yoast SEO plugin v25.0 - https:\/\/yoast.com\/wordpress\/plugins\/seo\/ -->\n<title>Zwroty - Rosa Eterna<\/title>\n<meta name=\"robots\" content=\"noindex, follow\" \/>\n<meta property=\"og:locale\" content=\"pl_PL\" \/>\n<meta property=\"og:type\" content=\"article\" \/>\n<meta property=\"og:title\" content=\"Zwroty - Rosa Eterna\" \/>\n<meta property=\"og:description\" content=\"Prawo do odst\u0105pienia od umowy Klient ma prawo odst\u0105pi\u0107 od umowy bez podania przyczyny w terminie 14 dni kalendarzowych od dnia otrzymania produktu. Aby kwalifikowa\u0107 si\u0119 do zwrotu, produkty musz\u0105 by\u0107 w idealnym stanie. Nale\u017cy r\u00f3wnie\u017c zachowa\u0107 oryginalne opakowanie (pude\u0142ka wewn\u0119trzne i wszystkie materia\u0142y u\u017cyte do prawid\u0142owego transportu). Aby za\u017c\u0105da\u0107 zwrotu pieni\u0119dzy, musisz wys\u0142a\u0107 wiadomo\u015b\u0107 [&hellip;]\" \/>\n<meta property=\"og:url\" content=\"https:\/\/rosaeterna.online\/pl\/zwroty\/\" \/>\n<meta property=\"og:site_name\" content=\"Rosa Eterna\" \/>\n<meta property=\"article:modified_time\" content=\"2024-08-29T16:06:01+00:00\" \/>\n<meta name=\"twitter:card\" content=\"summary_large_image\" \/>\n<meta name=\"twitter:label1\" content=\"Szacowany czas czytania\" \/>\n\t<meta name=\"twitter:data1\" content=\"2 minuty\" \/>\n<!-- \/ Yoast SEO plugin. -->","yoast_head_json":{"title":"Zwroty - Rosa Eterna","robots":{"index":"noindex","follow":"follow"},"og_locale":"pl_PL","og_type":"article","og_title":"Zwroty - Rosa Eterna","og_description":"Prawo do odst\u0105pienia od umowy Klient ma prawo odst\u0105pi\u0107 od umowy bez podania przyczyny w terminie 14 dni kalendarzowych od dnia otrzymania produktu. Aby kwalifikowa\u0107 si\u0119 do zwrotu, produkty musz\u0105 by\u0107 w idealnym stanie. Nale\u017cy r\u00f3wnie\u017c zachowa\u0107 oryginalne opakowanie (pude\u0142ka wewn\u0119trzne i wszystkie materia\u0142y u\u017cyte do prawid\u0142owego transportu). Aby za\u017c\u0105da\u0107 zwrotu pieni\u0119dzy, musisz wys\u0142a\u0107 wiadomo\u015b\u0107 [&hellip;]","og_url":"https:\/\/rosaeterna.online\/pl\/zwroty\/","og_site_name":"Rosa Eterna","article_modified_time":"2024-08-29T16:06:01+00:00","twitter_card":"summary_large_image","twitter_misc":{"Szacowany czas czytania":"2 minuty"},"schema":{"@context":"https:\/\/schema.org","@graph":[{"@type":"WebPage","@id":"https:\/\/rosaeterna.online\/pl\/zwroty\/","url":"https:\/\/rosaeterna.online\/pl\/zwroty\/","name":"Zwroty - Rosa Eterna","isPartOf":{"@id":"https:\/\/rosaeterna.online\/pl\/#website"},"datePublished":"2021-07-12T13:19:30+00:00","dateModified":"2024-08-29T16:06:01+00:00","breadcrumb":{"@id":"https:\/\/rosaeterna.online\/pl\/zwroty\/#breadcrumb"},"inLanguage":"pl-PL","potentialAction":[{"@type":"ReadAction","target":["https:\/\/rosaeterna.online\/pl\/zwroty\/"]}]},{"@type":"BreadcrumbList","@id":"https:\/\/rosaeterna.online\/pl\/zwroty\/#breadcrumb","itemListElement":[{"@type":"ListItem","position":1,"name":"Portada","item":"https:\/\/rosaeterna.online\/pl\/"},{"@type":"ListItem","position":2,"name":"Zwroty"}]},{"@type":"WebSite","@id":"https:\/\/rosaeterna.online\/pl\/#website","url":"https:\/\/rosaeterna.online\/pl\/","name":"Rosa Eterna","description":"Haz que dure","potentialAction":[{"@type":"SearchAction","target":{"@type":"EntryPoint","urlTemplate":"https:\/\/rosaeterna.online\/pl\/?s={search_term_string}"},"query-input":{"@type":"PropertyValueSpecification","valueRequired":true,"valueName":"search_term_string"}}],"inLanguage":"pl-PL"}]}},"uagb_featured_image_src":{"full":false,"thumbnail":false,"medium":false,"medium_large":false,"large":false,"1536x1536":false,"2048x2048":false,"blog-isotope":false,"woocommerce_thumbnail":false,"woocommerce_single":false,"woocommerce_gallery_thumbnail":false,"eh_logo_image_size":false,"eh_header_image_size":false,"wcpr-photo-reviews":false},"uagb_author_info":{"display_name":"Fran","author_link":"https:\/\/rosaeterna.online\/pl"},"uagb_comment_info":0,"uagb_excerpt":"Prawo do odst\u0105pienia od umowy Klient ma prawo odst\u0105pi\u0107 od umowy bez podania przyczyny w terminie 14 dni kalendarzowych od dnia otrzymania produktu. Aby kwalifikowa\u0107 si\u0119 do zwrotu, produkty musz\u0105 by\u0107 w idealnym stanie. Nale\u017cy r\u00f3wnie\u017c zachowa\u0107 oryginalne opakowanie (pude\u0142ka wewn\u0119trzne i wszystkie materia\u0142y u\u017cyte do prawid\u0142owego transportu). Aby za\u017c\u0105da\u0107 zwrotu pieni\u0119dzy, musisz wys\u0142a\u0107 wiadomo\u015b\u0107&hellip;","_links":{"self":[{"href":"https:\/\/rosaeterna.online\/pl\/wp-json\/wp\/v2\/pages\/18995","targetHints":{"allow":["GET"]}}],"collection":[{"href":"https:\/\/rosaeterna.online\/pl\/wp-json\/wp\/v2\/pages"}],"about":[{"href":"https:\/\/rosaeterna.online\/pl\/wp-json\/wp\/v2\/types\/page"}],"author":[{"embeddable":true,"href":"https:\/\/rosaeterna.online\/pl\/wp-json\/wp\/v2\/users\/1"}],"replies":[{"embeddable":true,"href":"https:\/\/rosaeterna.online\/pl\/wp-json\/wp\/v2\/comments?post=18995"}],"version-history":[{"count":1,"href":"https:\/\/rosaeterna.online\/pl\/wp-json\/wp\/v2\/pages\/18995\/revisions"}],"predecessor-version":[{"id":18997,"href":"https:\/\/rosaeterna.online\/pl\/wp-json\/wp\/v2\/pages\/18995\/revisions\/18997"}],"wp:attachment":[{"href":"https:\/\/rosaeterna.online\/pl\/wp-json\/wp\/v2\/media?parent=18995"}],"curies":[{"name":"wp","href":"https:\/\/api.w.org\/{rel}","templated":true}]}}