{"id":10696,"date":"2018-03-15T18:04:14","date_gmt":"2018-03-15T18:04:14","guid":{"rendered":"https:\/\/rosaeterna.online\/cookies\/"},"modified":"2018-03-15T18:04:14","modified_gmt":"2018-03-15T18:04:14","slug":"cookies","status":"publish","type":"page","link":"https:\/\/rosaeterna.online\/pl\/cookies\/","title":{"rendered":"Cookies"},"content":{"rendered":"<p>Zgodnie z przepisami art. 22.2 ustawy 34\/2002 z dnia 11 lipca 2002 r., Services Information Society and Electronic Commerce, Rosaeterna.online, dalej \u201eniniejsza strona internetowa\u201d informuje, w tym dziale, o polityce zbierania i przetwarzania plik\u00f3w cookie.<\/p>\n<p>CZYM S\u0104 PLIKI COOKIE?<br \/>\nPlik cookie to plik, kt\u00f3ry jest pobierany na komputer u\u017cytkownika, gdy uzyskuje on dost\u0119p do okre\u015blonych stron internetowych. Pliki cookie umo\u017cliwiaj\u0105 witrynie internetowej mi\u0119dzy innymi przechowywanie i pobieranie informacji o zwyczajach przegl\u0105dania stron internetowych u\u017cytkownika lub komputera oraz, w zale\u017cno\u015bci od zawartych w nich informacji i sposobu korzystania z komputera, mog\u0105 by\u0107 wykorzystywane do rozpoznawania u\u017cytkownika.<\/p>\n<p>JAKIE RODZAJE PLIK\u00d3W COOKIE S\u0104 U\u017bYWANE NA TEJ STRONIE INTERNETOWEJ?<br \/>\nTa strona korzysta z nast\u0119puj\u0105cych rodzaj\u00f3w plik\u00f3w cookie:<\/p>\n<p>Ciasteczka analityczne: S\u0105 to pliki, kt\u00f3re, niezale\u017cnie od tego, czy s\u0105 przetwarzane przez nas, czy przez osoby trzecie, pozwalaj\u0105 nam na ilo\u015bciowe okre\u015blenie liczby u\u017cytkownik\u00f3w i w ten spos\u00f3b przeprowadzenie pomiaru i analizy statystycznej korzystania przez u\u017cytkownik\u00f3w z oferowanych us\u0142ug. W tym celu analizowana jest Pa\u0144stwa nawigacja na naszej stronie internetowej w celu ulepszenia gamy produkt\u00f3w lub us\u0142ug, kt\u00f3re Pa\u0144stwu oferujemy.<\/p>\n<p>Ciasteczka techniczne: S\u0105 to te, kt\u00f3re umo\u017cliwiaj\u0105 u\u017cytkownikowi poruszanie si\u0119 po ograniczonym obszarze i korzystanie z jego r\u00f3\u017cnych funkcji, takich jak, na przyk\u0142ad, wymiana procesu zakupu artyku\u0142u.<\/p>\n<p>Personalizacja plik\u00f3w cookie: S\u0105 to pliki, kt\u00f3re umo\u017cliwiaj\u0105 u\u017cytkownikowi dost\u0119p do us\u0142ugi o pewnych og\u00f3lnych cechach zdefiniowanych zgodnie z szeregiem kryteri\u00f3w w terminalu u\u017cytkownika, takich jak, na przyk\u0142ad, j\u0119zyk lub typ przegl\u0105darki, za po\u015brednictwem kt\u00f3rej u\u017cytkownik \u0142\u0105czy si\u0119 z us\u0142ug\u0105.<\/p>\n<p>Cookies reklamowe: Cookies to pliki cookie, kt\u00f3re niezale\u017cnie od tego, czy s\u0105 przetwarzane przez t\u0119 stron\u0119 internetow\u0105, czy przez osoby trzecie, umo\u017cliwiaj\u0105 najbardziej efektywne zarz\u0105dzanie dost\u0119pnymi na stronie internetowej powierzchniami reklamowymi, dostosowuj\u0105c tre\u015b\u0107 reklamy do tre\u015bci zam\u00f3wionej us\u0142ugi lub do sposobu korzystania z naszej strony. W tym celu mo\u017cemy przeanalizowa\u0107 Twoje przyzwyczajenia zwi\u0105zane z przegl\u0105daniem stron internetowych i mo\u017cemy pokaza\u0107 Ci reklamy zwi\u0105zane z Twoim profilem przegl\u0105dania.<\/p>\n<p>Behawioralne pliki cookie reklamowe: S\u0105 to pliki, kt\u00f3re pozwalaj\u0105 w mo\u017cliwie najbardziej efektywny spos\u00f3b zarz\u0105dza\u0107 przestrzeniami reklamowymi, kt\u00f3re, w stosownych przypadkach, wydawca umie\u015bci\u0142 na stronie internetowej, aplikacji lub platformie, z kt\u00f3rej \u015bwiadczy \u017c\u0105dan\u0105 us\u0142ug\u0119. Ten rodzaj plik\u00f3w cookie przechowuje informacje na temat zachowa\u0144 odwiedzaj\u0105cych, uzyskiwane poprzez ci\u0105g\u0142\u0105 obserwacj\u0119 nawyk\u00f3w przegl\u0105dania stron, co pozwala na stworzenie specjalnego profilu do wy\u015bwietlania reklam na jego podstawie.<\/p>\n<p>WY\u0141\u0104CZY\u0106 OBS\u0141UG\u0118 PLIK\u00d3W COOKIE.<br \/>\nMo\u017cesz zezwoli\u0107, zablokowa\u0107 lub usun\u0105\u0107 pliki cookie zainstalowane na Twoim komputerze, konfiguruj\u0105c opcje przegl\u0105darki zainstalowane na Twoim komputerze.<\/p>\n<p>Wi\u0119kszo\u015b\u0107 przegl\u0105darek internetowych oferuje mo\u017cliwo\u015b\u0107 zezwalania, blokowania lub usuwania plik\u00f3w cookie zainstalowanych na Twoim komputerze.<\/p>\n<p>Nast\u0119pnie mo\u017cna uzyska\u0107 dost\u0119p do ustawie\u0144 najbardziej popularnych przegl\u0105darek internetowych, aby akceptowa\u0107, instalowa\u0107 lub wy\u0142\u0105cza\u0107 pliki cookie:<\/p>\n<p>Ustawianie plik\u00f3w cookie w Google Chrome<\/p>\n<p>Ustawianie plik\u00f3w cookie w przegl\u0105darce Microsoft Internet Explorer<\/p>\n<p>Ustawianie plik\u00f3w cookie w Mozilli Firefox<\/p>\n<p>Ustawianie plik\u00f3w cookie w Safari (Apple)<\/p>\n<p>PLIKI COOKIE OS\u00d3B TRZECICH.<br \/>\nTa strona korzysta z us\u0142ug stron trzecich w celu zbierania informacji do cel\u00f3w statystycznych i korzystania z witryny. Pliki cookie DoubleClick s\u0105 wykorzystywane do poprawy jako\u015bci reklamy na stronie internetowej. S\u0105 one wykorzystywane do prowadzenia reklamy zgodnie z tre\u015bci\u0105, kt\u00f3ra jest istotna dla u\u017cytkownika, poprawiaj\u0105c w ten spos\u00f3b jako\u015b\u0107 do\u015bwiadczenia w korzystaniu z nich.<\/p>\n<p>W szczeg\u00f3lno\u015bci korzystamy z us\u0142ug Google Adsense i Google Analytics dla naszych statystyk i reklamy. Niekt\u00f3re pliki cookie s\u0105 niezb\u0119dne do funkcjonowania strony, na przyk\u0142ad wbudowana przegl\u0105darka.<\/p>\n<p>Nasza strona zawiera inne funkcje dostarczane przez osoby trzecie. Mo\u017cesz \u0142atwo udost\u0119pnia\u0107 tre\u015bci w serwisach spo\u0142eczno\u015bciowych takich jak Facebook, Twitter czy Google +, za pomoc\u0105 przycisk\u00f3w, kt\u00f3re zosta\u0142y przez nas do\u0142\u0105czone w tym celu.<\/p>\n<p>OSTRZE\u017bENIE O USUWANIU PLIK\u00d3W COOKIE.<br \/>\nMo\u017cesz usun\u0105\u0107 i zablokowa\u0107 wszystkie pliki cookie z tej strony, ale cz\u0119\u015b\u0107 strony nie b\u0119dzie dzia\u0142a\u0107 lub jako\u015b\u0107 strony internetowej mo\u017ce by\u0107 naruszona.<\/p>\n<p>Je\u015bli masz jakiekolwiek pytania dotycz\u0105ce naszej polityki dotycz\u0105cej plik\u00f3w cookie, mo\u017cesz skontaktowa\u0107 si\u0119 z t\u0105 stron\u0105 poprzez nasze kana\u0142y kontaktowe.<\/p>\n","protected":false},"excerpt":{"rendered":"<p>Zgodnie z przepisami art. 22.2 ustawy 34\/2002 z dnia 11 lipca 2002 r., Services Information Society and Electronic Commerce, Rosaeterna.online, dalej \u201eniniejsza strona internetowa\u201d informuje, w tym dziale, o polityce zbierania i przetwarzania plik\u00f3w cookie. CZYM S\u0104 PLIKI COOKIE? Plik cookie to plik, kt\u00f3ry jest pobierany na komputer u\u017cytkownika, gdy uzyskuje on dost\u0119p do okre\u015blonych [&hellip;]<\/p>\n","protected":false},"author":1,"featured_media":0,"parent":0,"menu_order":0,"comment_status":"closed","ping_status":"closed","template":"","meta":{"_uag_custom_page_level_css":"","_joinchat":[],"footnotes":""},"class_list":["post-10696","page","type-page","status-publish","hentry"],"yoast_head":"<!-- This site is optimized with the Yoast SEO plugin v25.0 - https:\/\/yoast.com\/wordpress\/plugins\/seo\/ -->\n<title>Cookies - Rosa Eterna<\/title>\n<meta name=\"robots\" content=\"noindex, follow\" \/>\n<meta property=\"og:locale\" content=\"pl_PL\" \/>\n<meta property=\"og:type\" content=\"article\" \/>\n<meta property=\"og:title\" content=\"Cookies - Rosa Eterna\" \/>\n<meta property=\"og:description\" content=\"Zgodnie z przepisami art. 22.2 ustawy 34\/2002 z dnia 11 lipca 2002 r., Services Information Society and Electronic Commerce, Rosaeterna.online, dalej \u201eniniejsza strona internetowa\u201d informuje, w tym dziale, o polityce zbierania i przetwarzania plik\u00f3w cookie. CZYM S\u0104 PLIKI COOKIE? Plik cookie to plik, kt\u00f3ry jest pobierany na komputer u\u017cytkownika, gdy uzyskuje on dost\u0119p do okre\u015blonych [&hellip;]\" \/>\n<meta property=\"og:url\" content=\"https:\/\/rosaeterna.online\/pl\/cookies\/\" \/>\n<meta property=\"og:site_name\" content=\"Rosa Eterna\" \/>\n<meta name=\"twitter:card\" content=\"summary_large_image\" \/>\n<meta name=\"twitter:label1\" content=\"Szacowany czas czytania\" \/>\n\t<meta name=\"twitter:data1\" content=\"4 minuty\" \/>\n<!-- \/ Yoast SEO plugin. -->","yoast_head_json":{"title":"Cookies - Rosa Eterna","robots":{"index":"noindex","follow":"follow"},"og_locale":"pl_PL","og_type":"article","og_title":"Cookies - Rosa Eterna","og_description":"Zgodnie z przepisami art. 22.2 ustawy 34\/2002 z dnia 11 lipca 2002 r., Services Information Society and Electronic Commerce, Rosaeterna.online, dalej \u201eniniejsza strona internetowa\u201d informuje, w tym dziale, o polityce zbierania i przetwarzania plik\u00f3w cookie. CZYM S\u0104 PLIKI COOKIE? Plik cookie to plik, kt\u00f3ry jest pobierany na komputer u\u017cytkownika, gdy uzyskuje on dost\u0119p do okre\u015blonych [&hellip;]","og_url":"https:\/\/rosaeterna.online\/pl\/cookies\/","og_site_name":"Rosa Eterna","twitter_card":"summary_large_image","twitter_misc":{"Szacowany czas czytania":"4 minuty"},"schema":{"@context":"https:\/\/schema.org","@graph":[{"@type":"WebPage","@id":"https:\/\/rosaeterna.online\/pl\/cookies\/","url":"https:\/\/rosaeterna.online\/pl\/cookies\/","name":"Cookies - Rosa Eterna","isPartOf":{"@id":"https:\/\/rosaeterna.online\/pl\/#website"},"datePublished":"2018-03-15T18:04:14+00:00","breadcrumb":{"@id":"https:\/\/rosaeterna.online\/pl\/cookies\/#breadcrumb"},"inLanguage":"pl-PL","potentialAction":[{"@type":"ReadAction","target":["https:\/\/rosaeterna.online\/pl\/cookies\/"]}]},{"@type":"BreadcrumbList","@id":"https:\/\/rosaeterna.online\/pl\/cookies\/#breadcrumb","itemListElement":[{"@type":"ListItem","position":1,"name":"Portada","item":"https:\/\/rosaeterna.online\/pl\/"},{"@type":"ListItem","position":2,"name":"Cookies"}]},{"@type":"WebSite","@id":"https:\/\/rosaeterna.online\/pl\/#website","url":"https:\/\/rosaeterna.online\/pl\/","name":"Rosa Eterna","description":"Haz que dure","potentialAction":[{"@type":"SearchAction","target":{"@type":"EntryPoint","urlTemplate":"https:\/\/rosaeterna.online\/pl\/?s={search_term_string}"},"query-input":{"@type":"PropertyValueSpecification","valueRequired":true,"valueName":"search_term_string"}}],"inLanguage":"pl-PL"}]}},"uagb_featured_image_src":{"full":false,"thumbnail":false,"medium":false,"medium_large":false,"large":false,"1536x1536":false,"2048x2048":false,"blog-isotope":false,"woocommerce_thumbnail":false,"woocommerce_single":false,"woocommerce_gallery_thumbnail":false,"eh_logo_image_size":false,"eh_header_image_size":false,"wcpr-photo-reviews":false},"uagb_author_info":{"display_name":"Fran","author_link":"https:\/\/rosaeterna.online\/pl"},"uagb_comment_info":0,"uagb_excerpt":"Zgodnie z przepisami art. 22.2 ustawy 34\/2002 z dnia 11 lipca 2002 r., Services Information Society and Electronic Commerce, Rosaeterna.online, dalej \u201eniniejsza strona internetowa\u201d informuje, w tym dziale, o polityce zbierania i przetwarzania plik\u00f3w cookie. CZYM S\u0104 PLIKI COOKIE? Plik cookie to plik, kt\u00f3ry jest pobierany na komputer u\u017cytkownika, gdy uzyskuje on dost\u0119p do okre\u015blonych&hellip;","_links":{"self":[{"href":"https:\/\/rosaeterna.online\/pl\/wp-json\/wp\/v2\/pages\/10696","targetHints":{"allow":["GET"]}}],"collection":[{"href":"https:\/\/rosaeterna.online\/pl\/wp-json\/wp\/v2\/pages"}],"about":[{"href":"https:\/\/rosaeterna.online\/pl\/wp-json\/wp\/v2\/types\/page"}],"author":[{"embeddable":true,"href":"https:\/\/rosaeterna.online\/pl\/wp-json\/wp\/v2\/users\/1"}],"replies":[{"embeddable":true,"href":"https:\/\/rosaeterna.online\/pl\/wp-json\/wp\/v2\/comments?post=10696"}],"version-history":[{"count":0,"href":"https:\/\/rosaeterna.online\/pl\/wp-json\/wp\/v2\/pages\/10696\/revisions"}],"wp:attachment":[{"href":"https:\/\/rosaeterna.online\/pl\/wp-json\/wp\/v2\/media?parent=10696"}],"curies":[{"name":"wp","href":"https:\/\/api.w.org\/{rel}","templated":true}]}}