{"id":10695,"date":"2018-01-16T20:44:56","date_gmt":"2018-01-16T20:44:56","guid":{"rendered":"https:\/\/rosaeterna.online\/informacje-prawne\/"},"modified":"2018-01-16T20:44:56","modified_gmt":"2018-01-16T20:44:56","slug":"informacje-prawne","status":"publish","type":"page","link":"https:\/\/rosaeterna.online\/pl\/informacje-prawne\/","title":{"rendered":"INFORMACJE PRAWNE"},"content":{"rendered":"<div class=\"col-sm-8 shop-isle-page-content\">\n<article id=\"post-24\" class=\"post-24 page type-page status-publish hentry\">\n<div class=\"entry-content\">\n<p>Dane osoby odpowiedzialnej<br \/>\nTo\u017csamo\u015b\u0107 osoby odpowiedzialnej: Fran Murillo<br \/>\nNazwa handlowa: Fidcommerce SL<br \/>\nNIF\/CIF: 44333175P \/ B75121103<br \/>\nAdres: Avda.<br \/>\nE-mail: hola@rosaeterna.online<br \/>\nW tym miejscu u\u017cytkownik b\u0119dzie m\u00f3g\u0142 znale\u017a\u0107 wszystkie informacje dotycz\u0105ce warunk\u00f3w prawnych, kt\u00f3re okre\u015blaj\u0105 relacje mi\u0119dzy u\u017cytkownikami a mn\u0105 jako osob\u0105 odpowiedzialn\u0105 za t\u0119 stron\u0119 internetow\u0105. Jako u\u017cytkownik, wa\u017cne jest, aby\u015b zna\u0142 te warunki przed kontynuacj\u0105 nawigacji.<\/p>\n<p>Fran Murillo, w imieniu Fidcommerce SL i jako odpowiedzialny za t\u0119 stron\u0119 internetow\u0105, zobowi\u0105zuj\u0119 si\u0119 do przetwarzania informacji o moich u\u017cytkownikach i klientach z pe\u0142n\u0105 gwarancj\u0105 i przestrzeganiem krajowych i europejskich wymog\u00f3w dotycz\u0105cych gromadzenia i wykorzystywania danych osobowych moich u\u017cytkownik\u00f3w.<\/p>\n<p>Niniejsza strona internetowa jest zatem \u015bci\u015ble zgodna z ustaw\u0105 organiczn\u0105 15\/1999 z dnia 13 grudnia o ochronie danych osobowych (LOPD) oraz z dekretem kr\u00f3lewskim 1720\/2007 z dnia 21 grudnia, znanym jako rozporz\u0105dzenie wykonawcze LOPD. Jest r\u00f3wnie\u017c zgodny z rozporz\u0105dzeniem (UE) nr 2016\/679 Parlamentu Europejskiego i Rady z dnia 27 kwietnia 2016 r. w sprawie ochrony os\u00f3b fizycznych (RGPD), jak r\u00f3wnie\u017c z ustaw\u0105 34\/2002 z dnia 11 lipca 2002 r. o us\u0142ugach spo\u0142ecze\u0144stwa informacyjnego i handlu elektronicznym (LSSICE lub LSSI).<\/p>\n<p>Og\u00f3lne warunki u\u017cytkowania<br \/>\nNiniejsze Og\u00f3lne warunki reguluj\u0105 korzystanie (w tym r\u00f3wnie\u017c sam dost\u0119p) ze stron internetowych, cz\u0142onk\u00f3w strony internetowej Fidcommerce, w tym tre\u015bci i us\u0142ug na nich dost\u0119pnych. Ka\u017cda osoba wchodz\u0105ca na stron\u0119 rosaeterna.online (\u201eu\u017cytkownik\u201d) wyra\u017ca zgod\u0119 na zwi\u0105zanie si\u0119 Og\u00f3lnymi Warunkami Handlowymi obowi\u0105zuj\u0105cymi w ka\u017cdej chwili na portalu https:\/\/rosaeterna.online\/<\/p>\n<p>Dane osobowe, kt\u00f3re zbieram i w jaki spos\u00f3b to robi\u0119<br \/>\nPrzeczytaj Polityk\u0119 Prywatno\u015bci.<\/p>\n<p>Zobowi\u0105zania i obowi\u0105zki u\u017cytkownik\u00f3w<br \/>\nU\u017cytkownik jest informowany i akceptuje, \u017ce dost\u0119p do tej strony internetowej nie oznacza w \u017caden spos\u00f3b rozpocz\u0119cia wsp\u00f3\u0142pracy handlowej z Fidcommerce. W ten spos\u00f3b u\u017cytkownik zobowi\u0105zuje si\u0119 do korzystania ze strony internetowej, jej us\u0142ug i tre\u015bci bez naruszania obowi\u0105zuj\u0105cego prawa, dobrej wiary i porz\u0105dku publicznego.<\/p>\n<p>Zabronione jest wykorzystywanie strony internetowej do nielegalnych lub szkodliwych cel\u00f3w lub w jakikolwiek spos\u00f3b, kt\u00f3ry m\u00f3g\u0142by spowodowa\u0107 uszkodzenie lub uniemo\u017cliwi\u0107 normalne dzia\u0142anie strony internetowej. Je\u015bli chodzi o zawarto\u015b\u0107 tej strony internetowej, jest ona zabroniona:<\/p>\n<p>Powielanie, dystrybucja lub modyfikacja, w ca\u0142o\u015bci lub w cz\u0119\u015bci, chyba \u017ce masz moj\u0105 zgod\u0119 jako prawowity w\u0142a\u015bciciel;<br \/>\nJakiekolwiek naruszenie praw po\u017cyczkodawcy lub mnie jako prawowitego w\u0142a\u015bciciela;<br \/>\nWykorzystanie do cel\u00f3w komercyjnych lub reklamowych.<br \/>\nKorzystaj\u0105c ze strony internetowej https:\/\/rosaeterna.online\/ u\u017cytkownik zobowi\u0105zuje si\u0119 nie podejmowa\u0107 \u017cadnych dzia\u0142a\u0144, kt\u00f3re mog\u0142yby zaszkodzi\u0107 wizerunkowi, interesom i prawom Fidcommerce lub os\u00f3b trzecich, lub kt\u00f3re mog\u0142yby uszkodzi\u0107, zablokowa\u0107 lub prze\u0142adowa\u0107 portal https:\/\/rosaeterna.online\/ lub w jakikolwiek spos\u00f3b uniemo\u017cliwi\u0107 normalne korzystanie z tej strony.<\/p>\n<p>Jednak\u017ce u\u017cytkownik musi by\u0107 \u015bwiadomy, \u017ce \u015brodki bezpiecze\u0144stwa system\u00f3w komputerowych w Internecie nie s\u0105 ca\u0142kowicie niezawodne i dlatego https:\/\/rosaeterna.online\/ nie mo\u017ce zagwarantowa\u0107 braku z\u0142o\u015bliwego oprogramowania lub innych element\u00f3w, kt\u00f3re mog\u0105 powodowa\u0107 zmiany w systemach komputerowych u\u017cytkownika (oprogramowanie i sprz\u0119t) lub w ich dokumentach elektronicznych i plikach w nich zawartych, chocia\u017c wk\u0142adam wszelkie niezb\u0119dne \u015brodki i odpowiednie \u015brodki bezpiecze\u0144stwa w celu unikni\u0119cia obecno\u015bci tych szkodliwych element\u00f3w.<\/p>\n<p>\u015arodki bezpiecze\u0144stwa<br \/>\nDane osobowe przekazywane przez u\u017cytkownika mog\u0105 by\u0107 przechowywane w zautomatyzowanych bazach danych lub nie, kt\u00f3rych w\u0142asno\u015b\u0107 odpowiada wy\u0142\u0105cznie Fran Murillo, przy za\u0142o\u017ceniu, \u017ce wszystkie \u015brodki techniczne, organizacyjne i bezpiecze\u0144stwa w celu zapewnienia poufno\u015bci, integralno\u015bci i jako\u015bci informacji w nich zawartych, zgodnie z obowi\u0105zuj\u0105cymi przepisami o ochronie danych, komunikacji mi\u0119dzy u\u017cytkownikami i https:\/\/vicampuzano.com korzysta z bezpiecznego kana\u0142u, a przesy\u0142ane dane s\u0105 szyfrowane dzi\u0119ki protoko\u0142om https, w zwi\u0105zku z tym zapewnione s\u0105 najlepsze warunki bezpiecze\u0144stwa dla zachowania poufno\u015bci u\u017cytkownik\u00f3w.<\/p>\n<p>Platforma rozwi\u0105zywania konflikt\u00f3w<br \/>\nUdost\u0119pniam r\u00f3wnie\u017c u\u017cytkownikom platform\u0119 rozstrzygania spor\u00f3w udost\u0119pnion\u0105 przez Komisj\u0119 Europejsk\u0105, kt\u00f3ra jest dost\u0119pna pod nast\u0119puj\u0105cym adresem: http:\/\/ec.europa.eu\/consumers\/odr\/<\/p>\n<p>Prawa w\u0142asno\u015bci intelektualnej i przemys\u0142owej<br \/>\nNa mocy postanowie\u0144 art. 8 i 32.1 akapit drugi ustawy o w\u0142asno\u015bci intelektualnej, wyra\u017anie zabrania si\u0119 powielania, rozpowszechniania i publicznego udost\u0119pniania, w tym sposobu udost\u0119pniania, ca\u0142o\u015bci lub cz\u0119\u015bci zawarto\u015bci tej strony internetowej, w celach komercyjnych, na jakimkolwiek no\u015bniku i za pomoc\u0105 jakichkolwiek \u015brodk\u00f3w technicznych, bez zezwolenia Fidcommerce.<\/p>\n<p>U\u017cytkownik wie i akceptuje, \u017ce ca\u0142a strona internetowa, zawieraj\u0105ca mi\u0119dzy innymi tekst, oprogramowanie, tre\u015bci (w tym struktur\u0119, wyb\u00f3r, uk\u0142ad i prezentacj\u0119 tego samego) podcastu, zdj\u0119cia, materia\u0142y audiowizualne i grafiki, jest chroniona znakami towarowymi, prawami autorskimi i innymi uzasadnionymi prawami, zgodnie z mi\u0119dzynarodowymi traktatami, kt\u00f3rych Hiszpania jest stron\u0105, oraz innymi prawami w\u0142asno\u015bci i przepisami prawa Hiszpanii.<\/p>\n<p>W przypadku, gdy u\u017cytkownik lub osoba trzecia uzna, \u017ce nast\u0105pi\u0142o naruszenie ich praw w\u0142asno\u015bci intelektualnej poprzez wprowadzenie okre\u015blonej tre\u015bci do sieci, musi powiadomi\u0107 o tym fakcie Fidcommerce:<\/p>\n<p>Dane osobowe zainteresowanej strony uprawnionej do rzekomo naruszonych praw lub wskazanie reprezentacji, przy pomocy kt\u00f3rej dzia\u0142a w przypadku z\u0142o\u017cenia wniosku przez osob\u0119 trzeci\u0105 inn\u0105 ni\u017c zainteresowana strona.<br \/>\nNale\u017cy wskaza\u0107 tre\u015bci chronione prawami w\u0142asno\u015bci intelektualnej oraz ich umiejscowienie na stronie internetowej, akredytacj\u0119 wskazanych praw w\u0142asno\u015bci intelektualnej oraz wyra\u017ane o\u015bwiadczenie, w kt\u00f3rym zainteresowana strona jest odpowiedzialna za prawdziwo\u015b\u0107 informacji podanych w zg\u0142oszeniu.<br \/>\nPrawo do odst\u0105pienia od umowy<br \/>\nKlient ma prawo do odst\u0105pienia od umowy bez podania przyczyny, w ci\u0105gu 14 dni kalendarzowych od otrzymania produktu.<br \/>\nArtyku\u0142(-y) musi(-j\u0105) by\u0107 w idealnym stanie.<br \/>\nAby z\u0142o\u017cy\u0107 wniosek o zwrot koszt\u00f3w nale\u017cy wys\u0142a\u0107 e-mail na adres hola@rosaeterna.online, podaj\u0105c numer zam\u00f3wienia w temacie.<br \/>\nPo sprawdzeniu danych i sprawdzeniu, czy zwracane przedmioty dotar\u0142y do naszych obiekt\u00f3w w dobrym stanie, wy\u015blemy przewo\u017anika, kt\u00f3ry odbierze przesy\u0142k\u0119 w ci\u0105gu 24 do 72 godzin roboczych.<br \/>\nKwota odpowiadaj\u0105ca przedmiotom do zwrotu zostanie zwr\u00f3cona, koszty wysy\u0142ki i zwrotu (9\u20ac) nie zostan\u0105 zwr\u00f3cone.<br \/>\nZwrot koszt\u00f3w nast\u0105pi po otrzymaniu zam\u00f3wienia w naszych zak\u0142adach i sprawdzeniu, czy jest w idealnym stanie. Zwrot pieni\u0119dzy zostanie dokonany w ten sam spos\u00f3b, w jaki zosta\u0142o z\u0142o\u017cone zam\u00f3wienie (karta kredytowa, PayPal i \/ lub przelew).<br \/>\nLinki zewn\u0119trzne<br \/>\nNa stronach witryny https:\/\/rosaeterna.online\/ znajduj\u0105 si\u0119 linki do innych w\u0142asnych witryn internetowych i tre\u015bci, kt\u00f3re s\u0105 w\u0142asno\u015bci\u0105 os\u00f3b trzecich, takich jak np:<\/p>\n<p>Zasoby<br \/>\nZawarto\u015b\u0107 innych blog\u00f3w<br \/>\nWy\u0142\u0105czenie gwarancji i odpowiedzialno\u015bci<br \/>\nFran Murillo, Fidcommerce, nie daje \u017cadnej gwarancji, ani nie jest odpowiedzialny, w \u017cadnym przypadku, za szkody jakiegokolwiek rodzaju, kt\u00f3re mog\u0142yby spowodowa\u0107 przyczyny:<\/p>\n<p>Brak dost\u0119pno\u015bci, konserwacji i skutecznego dzia\u0142ania strony internetowej lub jej us\u0142ug i tre\u015bci;<br \/>\nIstnienie z\u0142o\u015bliwego oprogramowania, z\u0142o\u015bliwych lub szkodliwych program\u00f3w w tre\u015bci;<br \/>\nNielegalne, niedba\u0142e, oszuka\u0144cze u\u017cycie lub niezgodne z niniejsz\u0105 not\u0105 prawn\u0105;<br \/>\nBrak legalno\u015bci, jako\u015bci, niezawodno\u015bci, u\u017cyteczno\u015bci i dost\u0119pno\u015bci us\u0142ug \u015bwiadczonych przez osoby trzecie i udost\u0119pnianych u\u017cytkownikom na stronie internetowej.<br \/>\nW \u017cadnym wypadku dostawca nie ponosi odpowiedzialno\u015bci za szkody wynikaj\u0105ce z nielegalnego lub niew\u0142a\u015bciwego korzystania z tej strony internetowej.<br \/>\nPrawo w\u0142a\u015bciwe i jurysdykcja<br \/>\nOg\u00f3lnie rzecz bior\u0105c, relacje pomi\u0119dzy Fidcommerce i u\u017cytkownikami jego us\u0142ug telematycznych, obecne na tej stronie internetowej podlegaj\u0105 ustawodawstwu i jurysdykcji hiszpa\u0144skiej oraz s\u0105dom w Guip\u00fazcoa.<\/p>\n<p>Kontakt<br \/>\nJe\u015bli kt\u00f3rykolwiek z u\u017cytkownik\u00f3w ma jakiekolwiek pytania dotycz\u0105ce niniejszego Regulaminu lub komentarze dotycz\u0105ce portalu https:\/\/rosaeterna.online\/, prosimy o kontakt hola@rosaeterna.online<\/p>\n<\/div>\n<\/article>\n<\/div>\n","protected":false},"excerpt":{"rendered":"<p>Dane osoby odpowiedzialnej To\u017csamo\u015b\u0107 osoby odpowiedzialnej: Fran Murillo Nazwa handlowa: Fidcommerce SL NIF\/CIF: 44333175P \/ B75121103 Adres: Avda. E-mail: hola@rosaeterna.online W tym miejscu u\u017cytkownik b\u0119dzie m\u00f3g\u0142 znale\u017a\u0107 wszystkie informacje dotycz\u0105ce warunk\u00f3w prawnych, kt\u00f3re okre\u015blaj\u0105 relacje mi\u0119dzy u\u017cytkownikami a mn\u0105 jako osob\u0105 odpowiedzialn\u0105 za t\u0119 stron\u0119 internetow\u0105. Jako u\u017cytkownik, wa\u017cne jest, aby\u015b zna\u0142 te warunki przed [&hellip;]<\/p>\n","protected":false},"author":1,"featured_media":0,"parent":0,"menu_order":0,"comment_status":"closed","ping_status":"closed","template":"","meta":{"_uag_custom_page_level_css":"","_joinchat":[],"footnotes":""},"class_list":["post-10695","page","type-page","status-publish","hentry"],"yoast_head":"<!-- This site is optimized with the Yoast SEO plugin v25.0 - https:\/\/yoast.com\/wordpress\/plugins\/seo\/ -->\n<title>INFORMACJE PRAWNE - Rosa Eterna<\/title>\n<meta name=\"robots\" content=\"noindex, follow\" \/>\n<meta property=\"og:locale\" content=\"pl_PL\" \/>\n<meta property=\"og:type\" content=\"article\" \/>\n<meta property=\"og:title\" content=\"INFORMACJE PRAWNE - Rosa Eterna\" \/>\n<meta property=\"og:description\" content=\"Dane osoby odpowiedzialnej To\u017csamo\u015b\u0107 osoby odpowiedzialnej: Fran Murillo Nazwa handlowa: Fidcommerce SL NIF\/CIF: 44333175P \/ B75121103 Adres: Avda. E-mail: hola@rosaeterna.online W tym miejscu u\u017cytkownik b\u0119dzie m\u00f3g\u0142 znale\u017a\u0107 wszystkie informacje dotycz\u0105ce warunk\u00f3w prawnych, kt\u00f3re okre\u015blaj\u0105 relacje mi\u0119dzy u\u017cytkownikami a mn\u0105 jako osob\u0105 odpowiedzialn\u0105 za t\u0119 stron\u0119 internetow\u0105. Jako u\u017cytkownik, wa\u017cne jest, aby\u015b zna\u0142 te warunki przed [&hellip;]\" \/>\n<meta property=\"og:url\" content=\"https:\/\/rosaeterna.online\/pl\/informacje-prawne\/\" \/>\n<meta property=\"og:site_name\" content=\"Rosa Eterna\" \/>\n<meta name=\"twitter:card\" content=\"summary_large_image\" \/>\n<meta name=\"twitter:label1\" content=\"Szacowany czas czytania\" \/>\n\t<meta name=\"twitter:data1\" content=\"7 minut\" \/>\n<!-- \/ Yoast SEO plugin. -->","yoast_head_json":{"title":"INFORMACJE PRAWNE - Rosa Eterna","robots":{"index":"noindex","follow":"follow"},"og_locale":"pl_PL","og_type":"article","og_title":"INFORMACJE PRAWNE - Rosa Eterna","og_description":"Dane osoby odpowiedzialnej To\u017csamo\u015b\u0107 osoby odpowiedzialnej: Fran Murillo Nazwa handlowa: Fidcommerce SL NIF\/CIF: 44333175P \/ B75121103 Adres: Avda. E-mail: hola@rosaeterna.online W tym miejscu u\u017cytkownik b\u0119dzie m\u00f3g\u0142 znale\u017a\u0107 wszystkie informacje dotycz\u0105ce warunk\u00f3w prawnych, kt\u00f3re okre\u015blaj\u0105 relacje mi\u0119dzy u\u017cytkownikami a mn\u0105 jako osob\u0105 odpowiedzialn\u0105 za t\u0119 stron\u0119 internetow\u0105. Jako u\u017cytkownik, wa\u017cne jest, aby\u015b zna\u0142 te warunki przed [&hellip;]","og_url":"https:\/\/rosaeterna.online\/pl\/informacje-prawne\/","og_site_name":"Rosa Eterna","twitter_card":"summary_large_image","twitter_misc":{"Szacowany czas czytania":"7 minut"},"schema":{"@context":"https:\/\/schema.org","@graph":[{"@type":"WebPage","@id":"https:\/\/rosaeterna.online\/pl\/informacje-prawne\/","url":"https:\/\/rosaeterna.online\/pl\/informacje-prawne\/","name":"INFORMACJE PRAWNE - Rosa Eterna","isPartOf":{"@id":"https:\/\/rosaeterna.online\/pl\/#website"},"datePublished":"2018-01-16T20:44:56+00:00","breadcrumb":{"@id":"https:\/\/rosaeterna.online\/pl\/informacje-prawne\/#breadcrumb"},"inLanguage":"pl-PL","potentialAction":[{"@type":"ReadAction","target":["https:\/\/rosaeterna.online\/pl\/informacje-prawne\/"]}]},{"@type":"BreadcrumbList","@id":"https:\/\/rosaeterna.online\/pl\/informacje-prawne\/#breadcrumb","itemListElement":[{"@type":"ListItem","position":1,"name":"Portada","item":"https:\/\/rosaeterna.online\/pl\/"},{"@type":"ListItem","position":2,"name":"INFORMACJE PRAWNE"}]},{"@type":"WebSite","@id":"https:\/\/rosaeterna.online\/pl\/#website","url":"https:\/\/rosaeterna.online\/pl\/","name":"Rosa Eterna","description":"Haz que dure","potentialAction":[{"@type":"SearchAction","target":{"@type":"EntryPoint","urlTemplate":"https:\/\/rosaeterna.online\/pl\/?s={search_term_string}"},"query-input":{"@type":"PropertyValueSpecification","valueRequired":true,"valueName":"search_term_string"}}],"inLanguage":"pl-PL"}]}},"uagb_featured_image_src":{"full":false,"thumbnail":false,"medium":false,"medium_large":false,"large":false,"1536x1536":false,"2048x2048":false,"blog-isotope":false,"woocommerce_thumbnail":false,"woocommerce_single":false,"woocommerce_gallery_thumbnail":false,"eh_logo_image_size":false,"eh_header_image_size":false,"wcpr-photo-reviews":false},"uagb_author_info":{"display_name":"Fran","author_link":"https:\/\/rosaeterna.online\/pl"},"uagb_comment_info":0,"uagb_excerpt":"Dane osoby odpowiedzialnej To\u017csamo\u015b\u0107 osoby odpowiedzialnej: Fran Murillo Nazwa handlowa: Fidcommerce SL NIF\/CIF: 44333175P \/ B75121103 Adres: Avda. E-mail: hola@rosaeterna.online W tym miejscu u\u017cytkownik b\u0119dzie m\u00f3g\u0142 znale\u017a\u0107 wszystkie informacje dotycz\u0105ce warunk\u00f3w prawnych, kt\u00f3re okre\u015blaj\u0105 relacje mi\u0119dzy u\u017cytkownikami a mn\u0105 jako osob\u0105 odpowiedzialn\u0105 za t\u0119 stron\u0119 internetow\u0105. Jako u\u017cytkownik, wa\u017cne jest, aby\u015b zna\u0142 te warunki przed&hellip;","_links":{"self":[{"href":"https:\/\/rosaeterna.online\/pl\/wp-json\/wp\/v2\/pages\/10695","targetHints":{"allow":["GET"]}}],"collection":[{"href":"https:\/\/rosaeterna.online\/pl\/wp-json\/wp\/v2\/pages"}],"about":[{"href":"https:\/\/rosaeterna.online\/pl\/wp-json\/wp\/v2\/types\/page"}],"author":[{"embeddable":true,"href":"https:\/\/rosaeterna.online\/pl\/wp-json\/wp\/v2\/users\/1"}],"replies":[{"embeddable":true,"href":"https:\/\/rosaeterna.online\/pl\/wp-json\/wp\/v2\/comments?post=10695"}],"version-history":[{"count":0,"href":"https:\/\/rosaeterna.online\/pl\/wp-json\/wp\/v2\/pages\/10695\/revisions"}],"wp:attachment":[{"href":"https:\/\/rosaeterna.online\/pl\/wp-json\/wp\/v2\/media?parent=10695"}],"curies":[{"name":"wp","href":"https:\/\/api.w.org\/{rel}","templated":true}]}}