{"id":10694,"date":"2018-05-24T22:53:44","date_gmt":"2018-05-24T22:53:44","guid":{"rendered":"https:\/\/rosaeterna.online\/polityka-prywatnosci\/"},"modified":"2018-05-24T22:53:44","modified_gmt":"2018-05-24T22:53:44","slug":"polityka-prywatnosci","status":"publish","type":"page","link":"https:\/\/rosaeterna.online\/pl\/polityka-prywatnosci\/","title":{"rendered":"POLITYKA PRYWATNO\u015aCI"},"content":{"rendered":"<div class=\"col-sm-8 shop-isle-page-content\">\n<article id=\"post-22\" class=\"post-22 page type-page status-publish hentry\">\n<div class=\"entry-content\">\n<p>POLITYKA PRYWATNO\u015aCI I OCHRONY DANYCH<br \/>\nPrzestrzegaj\u0105c przepis\u00f3w obowi\u0105zuj\u0105cego prawa, wieczneroze.fun (dalej r\u00f3wnie\u017c Witryna) zobowi\u0105zuje si\u0119 do podj\u0119cia niezb\u0119dnych \u015brodk\u00f3w technicznych i organizacyjnych, w zale\u017cno\u015bci od poziomu bezpiecze\u0144stwa odpowiedniego do ryzyka zbieranych danych.<\/p>\n<p>Przepisy w\u0142\u0105czone do niniejszej polityki prywatno\u015bci<\/p>\n<p>Niniejsza polityka prywatno\u015bci jest dostosowana do obowi\u0105zuj\u0105cych hiszpa\u0144skich i europejskich przepis\u00f3w dotycz\u0105cych ochrony danych osobowych w Internecie. W szczeg\u00f3lno\u015bci spe\u0142nia ona nast\u0119puj\u0105ce normy<\/p>\n<p>Rozporz\u0105dzenie (UE) nr 2016\/679 Parlamentu Europejskiego i Rady z dnia 27 kwietnia 2016 r. w sprawie ochrony os\u00f3b fizycznych w zakresie przetwarzania danych osobowych i swobodnego przep\u0142ywu tych danych (RGPD).<br \/>\nUstawa organiczna 15\/1999 z dnia 13 grudnia o ochronie danych osobowych (LOPD).<br \/>\nDekret kr\u00f3lewski 1720\/2007 z dnia 21 grudnia, zatwierdzaj\u0105cy przepisy wykonawcze do ustawy organicznej 15\/1999 z dnia 13 grudnia w sprawie ochrony danych osobowych (RDLOPD).<br \/>\nUstawa 34\/2002 z dnia 11 lipca w sprawie us\u0142ug spo\u0142ecze\u0144stwa informacyjnego i handlu elektronicznego (LSSI-CE).<br \/>\nTo\u017csamo\u015b\u0107 strony odpowiedzialnej za przetwarzanie danych osobowych<\/p>\n<p>Osob\u0105 odpowiedzialn\u0105 za przetwarzanie danych osobowych zebranych w rosaeterna.online jest: FIDCOMMERCE SL, zaopatrzony w NIF: B75121103 i zarejestrowany w: Mercantile Registry of San Sebastian z nast\u0119puj\u0105cymi danymi rejestracyjnymi: Fran Murillo (dalej: odpowiedzialny za leczenie). Twoje dane kontaktowe s\u0105 nast\u0119puj\u0105ce<\/p>\n<p>Adres<br \/>\nAvda. Felipe IV n1 6C, Donostia 20011<br \/>\nTelefon kontaktowy: 951 137 259<br \/>\nKontakt e-mail: hola@rosaeterna.online<\/p>\n<p>Rejestracja danych osobowych<\/p>\n<p>Dane osobowe zebrane przez rosaeterna.online, za po\u015brednictwem formularzy rozszerzonych na jej stronach, zostan\u0105 wprowadzone do zautomatyzowanego pliku na odpowiedzialno\u015b\u0107 kontrolera i nale\u017cycie zg\u0142oszone i zarejestrowane w Generalnym Rejestrze Agencji Ochrony Danych, z kt\u00f3rym mo\u017cna zapozna\u0107 si\u0119 na stronie internetowej Hiszpa\u0144skiej Agencji Ochrony Danych (http:\/\/www.agpd.es), w celu u\u0142atwienia, przyspieszenia i wype\u0142nienia zobowi\u0105za\u0144 ustanowionych mi\u0119dzy rosaeterna.online a u\u017cytkownikiem lub utrzymania relacji ustanowionych w wype\u0142nianych przez niego formularzach, lub w celu zwr\u00f3cenia si\u0119 z zapytaniem lub zasi\u0119gni\u0119cia opinii w tej sprawie.<\/p>\n<p>Zasady maj\u0105ce zastosowanie do przetwarzania danych osobowych<\/p>\n<p>Przetwarzanie danych osobowych U\u017cytkownika podlega nast\u0119puj\u0105cym zasadom okre\u015blonym w art. 5 RGPD:<\/p>\n<p>Zasada legalno\u015bci, lojalno\u015bci i przejrzysto\u015bci: zgoda U\u017cytkownika jest wymagana w ka\u017cdym czasie po uzyskaniu w pe\u0142ni przejrzystych informacji na temat cel\u00f3w, dla kt\u00f3rych zbierane s\u0105 dane osobowe.<br \/>\nZasada ograniczenia celu: dane osobowe b\u0119d\u0105 zbierane w konkretnych, jednoznacznych i zgodnych z prawem celach.<br \/>\nZasada minimalizacji danych: zbierane b\u0119d\u0105 tylko te dane osobowe, kt\u00f3re s\u0105 \u015bci\u015ble niezb\u0119dne w zwi\u0105zku z celami, dla kt\u00f3rych s\u0105 przetwarzane.<br \/>\nZasada dok\u0142adno\u015bci: dane osobowe musz\u0105 by\u0107 dok\u0142adne i zawsze aktualne.<br \/>\nZasada ograniczenia okresu przechowywania: dane osobowe b\u0119d\u0105 przechowywane tylko w taki spos\u00f3b, aby umo\u017cliwi\u0107 identyfikacj\u0119 U\u017cytkownika przez czas niezb\u0119dny do ich przetwarzania.<br \/>\nZasada integralno\u015bci i poufno\u015bci: dane osobowe b\u0119d\u0105 traktowane w taki spos\u00f3b, aby zagwarantowa\u0107 ich bezpiecze\u0144stwo i poufno\u015b\u0107.<br \/>\nZasada proaktywnej odpowiedzialno\u015bci: administrator danych jest odpowiedzialny za zapewnienie przestrzegania powy\u017cszych zasad.<br \/>\nKategorie danych osobowych<\/p>\n<p>Kategorie danych przetwarzanych w rosaeterna.online to wy\u0142\u0105cznie dane identyfikacyjne. W \u017cadnym wypadku nie s\u0105 przetwarzane szczeg\u00f3lne kategorie danych osobowych w rozumieniu art. 9 RGPD.<\/p>\n<p>Podstawa prawna przetwarzania danych osobowych<\/p>\n<p>Podstaw\u0105 prawn\u0105 przetwarzania danych osobowych jest zgoda. rosaeterna.online zobowi\u0105zuje si\u0119 do uzyskania wyra\u017anej i mo\u017cliwej do zweryfikowania zgody U\u017cytkownika na przetwarzanie jego danych osobowych w jednym lub kilku konkretnych celach.<\/p>\n<p>U\u017cytkownik ma prawo w ka\u017cdej chwili wycofa\u0107 swoj\u0105 zgod\u0119. Wycofanie zgody b\u0119dzie r\u00f3wnie \u0142atwe jak jej udzielenie. Co do zasady, cofni\u0119cie zgody nie jest warunkiem korzystania z Witryny.<\/p>\n<p>W przypadkach, gdy U\u017cytkownik musi lub mo\u017ce poda\u0107 swoje dane za pomoc\u0105 formularzy do sk\u0142adania zapyta\u0144, \u017c\u0105dania informacji lub z przyczyn zwi\u0105zanych z zawarto\u015bci\u0105 strony internetowej, zostanie poinformowany w przypadku, gdy wype\u0142nienie kt\u00f3regokolwiek z nich jest obowi\u0105zkowe, poniewa\u017c s\u0105 one niezb\u0119dne do prawid\u0142owego prowadzenia operacji.<\/p>\n<p>Cele przetwarzania, dla kt\u00f3rych przeznaczone s\u0105 dane osobowe<\/p>\n<p>Dane osobowe s\u0105 gromadzone i zarz\u0105dzane przez rosaeterna.online w celu u\u0142atwienia, przyspieszenia i wype\u0142nienia zobowi\u0105za\u0144 ustanowionych mi\u0119dzy Serwisem a U\u017cytkownikiem lub utrzymania relacji, kt\u00f3ra jest ustanowiona w formularzach wype\u0142nianych przez U\u017cytkownika lub w celu udzielenia odpowiedzi na \u017c\u0105danie lub zapytanie.<\/p>\n<p>Podobnie, dane mog\u0105 by\u0107 wykorzystywane do cel\u00f3w komercyjnych personalizacji, operacyjnych i statystycznych oraz dzia\u0142a\u0144 korporacyjnego celu rosaeterna.online, jak r\u00f3wnie\u017c do ekstrakcji, przechowywania danych i bada\u0144 marketingowych w celu dostosowania Tre\u015bci oferowanych U\u017cytkownikowi, jak r\u00f3wnie\u017c poprawy jako\u015bci, dzia\u0142ania i nawigacji na stronie internetowej.<\/p>\n<p>W momencie uzyskania danych osobowych, U\u017cytkownik zostanie poinformowany o konkretnym celu lub celach przetwarzania, do kt\u00f3rych dane osobowe b\u0119d\u0105 wykorzystywane, to znaczy o wykorzystaniu lub wykorzystaniu zebranych informacji.<\/p>\n<p>Okresy przechowywania danych osobowych<\/p>\n<p>Dane osobowe b\u0119d\u0105 przechowywane jedynie przez minimalny okres niezb\u0119dny do cel\u00f3w przetwarzania, a w ka\u017cdym razie tylko przez nast\u0119puj\u0105cy okres: 18 miesi\u0119cy lub do momentu, gdy U\u017cytkownik za\u017c\u0105da ich usuni\u0119cia.<\/p>\n<p>W momencie zbierania danych osobowych, U\u017cytkownik zostanie poinformowany o okresie, w kt\u00f3rym dane osobowe b\u0119d\u0105 przechowywane lub, je\u015bli nie jest to mo\u017cliwe, o kryteriach u\u017cytych do okre\u015blenia tego okresu.<\/p>\n<p>Odbiorcy danych osobowych<\/p>\n<p>Dane osobowe U\u017cytkownika b\u0119d\u0105 udost\u0119pniane nast\u0119puj\u0105cym odbiorcom lub kategoriom odbiorc\u00f3w<\/p>\n<p>-Google Analytics: dostawca us\u0142ug analitycznych<br \/>\n-Sieci Raiola: dostawca us\u0142ug hostingowych<\/p>\n<p>Je\u017celi administrator danych zamierza przekaza\u0107 dane osobowe do pa\u0144stwa trzeciego lub organizacji mi\u0119dzynarodowej, u\u017cytkownik jest informowany w momencie zbierania danych osobowych o pa\u0144stwie trzecim lub organizacji mi\u0119dzynarodowej, do kt\u00f3rej dane maj\u0105 by\u0107 przekazane, oraz o istnieniu lub braku decyzji Komisji w sprawie odpowiedniego poziomu ochrony danych.<\/p>\n<p>Dane osobowe ma\u0142oletnich<\/p>\n<p>Przestrzegaj\u0105c przepis\u00f3w art. 8 RGPD i art. 13 RDLOPD, tylko osoby powy\u017cej 14 lat mog\u0105 wyrazi\u0107 zgod\u0119 na przetwarzanie ich danych osobowych zgodnie z prawem przez rosaeterna.online. W przypadku dziecka poni\u017cej 14 roku \u017cycia, zgoda rodzic\u00f3w lub opiekun\u00f3w b\u0119dzie konieczna do leczenia, a leczenie b\u0119dzie uwa\u017cane za zgodne z prawem tylko w zakresie, w jakim rodzice lub opiekunowie wyrazili na to zgod\u0119.<\/p>\n<p>Tajemnica i bezpiecze\u0144stwo danych osobowych<\/p>\n<p>rosaeterna.online zobowi\u0105zuje si\u0119 do podj\u0119cia niezb\u0119dnych \u015brodk\u00f3w technicznych i organizacyjnych, zgodnie z poziomem bezpiecze\u0144stwa odpowiednim do ryzyka zwi\u0105zanego ze zgromadzonymi danymi, w taki spos\u00f3b, aby zagwarantowa\u0107 bezpiecze\u0144stwo danych osobowych i unikn\u0105\u0107 przypadkowego lub bezprawnego zniszczenia, utraty lub zmiany danych osobowych przekazywanych, przechowywanych lub przetwarzanych w inny spos\u00f3b, lub nieuprawnionego przekazywania lub dost\u0119pu do takich danych.<\/p>\n<p>Avda. Felipe IV n1 6C, Donostia 20011<\/p>\n<p>Telefon kontaktowy: 951 137 259 Kontakt e-mail: hola@rosaeterna.online<\/p>\n<p>Rejestracja danych osobowych<\/p>\n<p>Dane osobowe zebrane przez rosaeterna.online, za po\u015brednictwem formularzy rozszerzonych na jej stronach, zostan\u0105 wprowadzone do zautomatyzowanego pliku na odpowiedzialno\u015b\u0107 kontrolera i nale\u017cycie zg\u0142oszone i zarejestrowane w Generalnym Rejestrze Agencji Ochrony Danych, z kt\u00f3rym mo\u017cna zapozna\u0107 si\u0119 na stronie internetowej Hiszpa\u0144skiej Agencji Ochrony Danych (http:\/\/www.agpd.es), w celu u\u0142atwienia, przyspieszenia i wype\u0142nienia zobowi\u0105za\u0144 ustanowionych mi\u0119dzy rosaeterna.online a u\u017cytkownikiem lub utrzymania relacji ustanowionych w wype\u0142nianych przez niego formularzach, lub w celu zwr\u00f3cenia si\u0119 z zapytaniem lub zasi\u0119gni\u0119cia opinii w tej sprawie.<\/p>\n<p>Zasady maj\u0105ce zastosowanie do przetwarzania danych osobowych<\/p>\n<p>Przetwarzanie danych osobowych U\u017cytkownika podlega nast\u0119puj\u0105cym zasadom okre\u015blonym w art. 5 RGPD:<\/p>\n<p>Prawo dost\u0119pu: U\u017cytkownik ma prawo do uzyskania potwierdzenia, czy rosaeterna.online przetwarza Twoje dane osobowe, a je\u015bli tak, do uzyskania informacji o Twoich konkretnych danych osobowych i sposobie ich przetwarzania przez rosaeterna.online, jak r\u00f3wnie\u017c, mi\u0119dzy innymi, dost\u0119pnych informacji o pochodzeniu takich danych oraz o odbiorcach wykonanych lub zaplanowanych komunikat\u00f3w.<br \/>\nPrawo do sprostowania<br \/>\nJest to prawo U\u017cytkownika do zmiany jego danych osobowych, je\u017celi oka\u017c\u0105 si\u0119 one niedok\u0142adne lub, bior\u0105c pod uwag\u0119 cel przetwarzania, niekompletne.<\/p>\n<p>Prawo do st\u0142umienia (\u201eprawo do zapomnienia\u201d)<br \/>\n: U\u017cytkownik ma prawo, pod warunkiem, \u017ce obowi\u0105zuj\u0105ce przepisy prawa nie stanowi\u0105 inaczej, do uzyskania usuni\u0119cia swoich danych osobowych, gdy nie s\u0105 one ju\u017c potrzebne do cel\u00f3w, dla kt\u00f3rych zosta\u0142y zebrane lub przetworzone; U\u017cytkownik wycofa\u0142 swoj\u0105 zgod\u0119 na ich przetwarzanie i nie ma to innej podstawy prawnej; U\u017cytkownik sprzeciwia si\u0119 przetwarzaniu i nie ma innego uzasadnionego powodu do dalszego przetwarzania; dane osobowe zosta\u0142y przetworzone niezgodnie z prawem; dane osobowe musz\u0105 zosta\u0107 usuni\u0119te zgodnie z obowi\u0105zkiem prawnym; lub dane osobowe zosta\u0142y uzyskane w wyniku bezpo\u015bredniej oferty us\u0142ug spo\u0142ecze\u0144stwa informacyjnego dla dziecka poni\u017cej 14 roku \u017cycia. Opr\u00f3cz usuni\u0119cia danych, administrator danych, bior\u0105c pod uwag\u0119 dost\u0119pn\u0105 technologi\u0119 i koszt jej wdro\u017cenia, podejmuje uzasadnione kroki w celu poinformowania administrator\u00f3w przetwarzaj\u0105cych dane osobowe o wniosku podmiotu danych o usuni\u0119cie wszelkich link\u00f3w do takich danych osobowych.<\/p>\n<p>Prawo do ograniczenia przetwarzania<br \/>\nU\u017cytkownik ma prawo do ograniczenia przetwarzania swoich danych osobowych. U\u017cytkownik ma prawo do uzyskania ograniczenia w przetwarzaniu, gdy kwestionuje poprawno\u015b\u0107 swoich danych osobowych; przetwarzanie jest niezgodne z prawem; Kontroler nie potrzebuje ju\u017c danych osobowych, ale potrzebuje ich do sk\u0142adania roszcze\u0144; oraz gdy U\u017cytkownik sprzeciwia si\u0119 przetwarzaniu.<\/p>\n<p>Prawo do przenoszenia danych<br \/>\nW przypadku gdy przetwarzanie odbywa si\u0119 w spos\u00f3b zautomatyzowany, u\u017cytkownik ma prawo do otrzymania od administratora swoich danych osobowych w ustrukturyzowanym formacie, o powszechnym zastosowaniu i mechanicznym odczycie oraz do przekazania ich innemu administratorowi. Je\u015bli jest to technicznie mo\u017cliwe, administrator danych przeka\u017ce dane bezpo\u015brednio do tego innego administratora danych.<\/p>\n<p>Prawo do sprzeciwu<br \/>\nU\u017cytkownik ma prawo nie przetwarza\u0107 swoich danych osobowych lub zaprzesta\u0107 ich przetwarzania przez rosaeterna.online.<\/p>\n<p>Prawo do nie bycia przedmiotem decyzji opartej wy\u0142\u0105cznie na automatycznym przetwarzaniu, w tym profilowaniu<br \/>\nU\u017cytkownik ma prawo nie by\u0107 przedmiotem zindywidualizowanej decyzji opartej wy\u0142\u0105cznie na automatycznym przetwarzaniu jego danych osobowych, w tym na tworzeniu profili, o ile obowi\u0105zuj\u0105ce przepisy prawa nie stanowi\u0105 inaczej.<\/p>\n<p>Dlatego te\u017c U\u017cytkownik mo\u017ce korzysta\u0107 ze swoich praw poprzez pisemn\u0105 komunikacj\u0119 skierowan\u0105 do Osoby odpowiedzialnej za leczenie z dopiskiem \u201eRGPD-https:\/\/rosaeterna.online\/\u201d, okre\u015blaj\u0105c:<\/p>\n<p>Imi\u0119, nazwisko U\u017cytkownika i kopia DNI. W przypadkach, w kt\u00f3rych reprezentacja jest dozwolona, konieczna b\u0119dzie r\u00f3wnie\u017c identyfikacja za pomoc\u0105 tych samych \u015brodk\u00f3w osoby reprezentuj\u0105cej U\u017cytkownika, jak r\u00f3wnie\u017c dokument akredytuj\u0105cy reprezentacj\u0119. Kserokopia DNI mo\u017ce zosta\u0107 zast\u0105piona wszelkimi innymi obowi\u0105zuj\u0105cymi w \u015bwietle prawa \u015brodkami potwierdzaj\u0105cymi to\u017csamo\u015b\u0107.<br \/>\n\u017b\u0105danie z podaniem konkretnych powod\u00f3w \u017c\u0105dania lub informacji, do kt\u00f3rych chcesz uzyska\u0107 dost\u0119p.<br \/>\nAdres do cel\u00f3w powiadamiania.<br \/>\nData i podpis wnioskodawcy.<br \/>\nKa\u017cdy dokument, kt\u00f3ry akredytuje wniosek, kt\u00f3ry formu\u0142uje.<br \/>\nWniosek ten oraz wszelkie inne dokumenty towarzysz\u0105ce mog\u0105 by\u0107 przesy\u0142ane na poni\u017cszy adres i\/lub adres e-mail:<\/p>\n<p>Adres pocztowy:<br \/>\nAvda. Felipe IV n1 6C, Donostia 20011<br \/>\nE-mail: hola@rosaeterna.online<\/p>\n<p>Linki do stron internetowych os\u00f3b trzecich<\/p>\n<p>Strona mo\u017ce zawiera\u0107 hiper\u0142\u0105cza lub linki, kt\u00f3re umo\u017cliwiaj\u0105 dost\u0119p do stron internetowych os\u00f3b trzecich innych ni\u017c rosaeterna.online, a zatem nie s\u0105 obs\u0142ugiwane przez rosaeterna.online. W\u0142a\u015bciciele tych stron internetowych b\u0119d\u0105 mieli w\u0142asne zasady ochrony danych osobowych, b\u0119d\u0105c w ka\u017cdym przypadku sami odpowiedzialni za swoje w\u0142asne pliki i swoje w\u0142asne praktyki w zakresie ochrony prywatno\u015bci.<\/p>\n<p>Skargi do organu nadzorczego<\/p>\n<p>W przypadku gdy U\u017cytkownik uzna, \u017ce istnieje problem lub naruszenie obowi\u0105zuj\u0105cych przepis\u00f3w w sposobie przetwarzania jego danych osobowych, ma on prawo do skutecznej ochrony s\u0105dowej i z\u0142o\u017cenia skargi do organu kontrolnego, w szczeg\u00f3lno\u015bci w pa\u0144stwie, w kt\u00f3rym ma miejsce zwyk\u0142ego pobytu, pracy lub zamieszkania.<\/p>\n<\/div>\n<\/article>\n<\/div>\n","protected":false},"excerpt":{"rendered":"<p>POLITYKA PRYWATNO\u015aCI I OCHRONY DANYCH Przestrzegaj\u0105c przepis\u00f3w obowi\u0105zuj\u0105cego prawa, wieczneroze.fun (dalej r\u00f3wnie\u017c Witryna) zobowi\u0105zuje si\u0119 do podj\u0119cia niezb\u0119dnych \u015brodk\u00f3w technicznych i organizacyjnych, w zale\u017cno\u015bci od poziomu bezpiecze\u0144stwa odpowiedniego do ryzyka zbieranych danych. Przepisy w\u0142\u0105czone do niniejszej polityki prywatno\u015bci Niniejsza polityka prywatno\u015bci jest dostosowana do obowi\u0105zuj\u0105cych hiszpa\u0144skich i europejskich przepis\u00f3w dotycz\u0105cych ochrony danych osobowych w Internecie. [&hellip;]<\/p>\n","protected":false},"author":1,"featured_media":0,"parent":0,"menu_order":0,"comment_status":"closed","ping_status":"closed","template":"","meta":{"_uag_custom_page_level_css":"","_joinchat":[],"footnotes":""},"class_list":["post-10694","page","type-page","status-publish","hentry"],"yoast_head":"<!-- This site is optimized with the Yoast SEO plugin v25.0 - https:\/\/yoast.com\/wordpress\/plugins\/seo\/ -->\n<title>POLITYKA PRYWATNO\u015aCI - Rosa Eterna<\/title>\n<meta name=\"robots\" content=\"noindex, follow\" \/>\n<meta property=\"og:locale\" content=\"pl_PL\" \/>\n<meta property=\"og:type\" content=\"article\" \/>\n<meta property=\"og:title\" content=\"POLITYKA PRYWATNO\u015aCI - Rosa Eterna\" \/>\n<meta property=\"og:description\" content=\"POLITYKA PRYWATNO\u015aCI I OCHRONY DANYCH Przestrzegaj\u0105c przepis\u00f3w obowi\u0105zuj\u0105cego prawa, wieczneroze.fun (dalej r\u00f3wnie\u017c Witryna) zobowi\u0105zuje si\u0119 do podj\u0119cia niezb\u0119dnych \u015brodk\u00f3w technicznych i organizacyjnych, w zale\u017cno\u015bci od poziomu bezpiecze\u0144stwa odpowiedniego do ryzyka zbieranych danych. Przepisy w\u0142\u0105czone do niniejszej polityki prywatno\u015bci Niniejsza polityka prywatno\u015bci jest dostosowana do obowi\u0105zuj\u0105cych hiszpa\u0144skich i europejskich przepis\u00f3w dotycz\u0105cych ochrony danych osobowych w Internecie. [&hellip;]\" \/>\n<meta property=\"og:url\" content=\"https:\/\/rosaeterna.online\/pl\/polityka-prywatnosci\/\" \/>\n<meta property=\"og:site_name\" content=\"Rosa Eterna\" \/>\n<meta name=\"twitter:card\" content=\"summary_large_image\" \/>\n<meta name=\"twitter:label1\" content=\"Szacowany czas czytania\" \/>\n\t<meta name=\"twitter:data1\" content=\"10 minut\" \/>\n<!-- \/ Yoast SEO plugin. -->","yoast_head_json":{"title":"POLITYKA PRYWATNO\u015aCI - Rosa Eterna","robots":{"index":"noindex","follow":"follow"},"og_locale":"pl_PL","og_type":"article","og_title":"POLITYKA PRYWATNO\u015aCI - Rosa Eterna","og_description":"POLITYKA PRYWATNO\u015aCI I OCHRONY DANYCH Przestrzegaj\u0105c przepis\u00f3w obowi\u0105zuj\u0105cego prawa, wieczneroze.fun (dalej r\u00f3wnie\u017c Witryna) zobowi\u0105zuje si\u0119 do podj\u0119cia niezb\u0119dnych \u015brodk\u00f3w technicznych i organizacyjnych, w zale\u017cno\u015bci od poziomu bezpiecze\u0144stwa odpowiedniego do ryzyka zbieranych danych. Przepisy w\u0142\u0105czone do niniejszej polityki prywatno\u015bci Niniejsza polityka prywatno\u015bci jest dostosowana do obowi\u0105zuj\u0105cych hiszpa\u0144skich i europejskich przepis\u00f3w dotycz\u0105cych ochrony danych osobowych w Internecie. [&hellip;]","og_url":"https:\/\/rosaeterna.online\/pl\/polityka-prywatnosci\/","og_site_name":"Rosa Eterna","twitter_card":"summary_large_image","twitter_misc":{"Szacowany czas czytania":"10 minut"},"schema":{"@context":"https:\/\/schema.org","@graph":[{"@type":"WebPage","@id":"https:\/\/rosaeterna.online\/pl\/polityka-prywatnosci\/","url":"https:\/\/rosaeterna.online\/pl\/polityka-prywatnosci\/","name":"POLITYKA PRYWATNO\u015aCI - Rosa Eterna","isPartOf":{"@id":"https:\/\/rosaeterna.online\/pl\/#website"},"datePublished":"2018-05-24T22:53:44+00:00","breadcrumb":{"@id":"https:\/\/rosaeterna.online\/pl\/polityka-prywatnosci\/#breadcrumb"},"inLanguage":"pl-PL","potentialAction":[{"@type":"ReadAction","target":["https:\/\/rosaeterna.online\/pl\/polityka-prywatnosci\/"]}]},{"@type":"BreadcrumbList","@id":"https:\/\/rosaeterna.online\/pl\/polityka-prywatnosci\/#breadcrumb","itemListElement":[{"@type":"ListItem","position":1,"name":"Portada","item":"https:\/\/rosaeterna.online\/pl\/"},{"@type":"ListItem","position":2,"name":"POLITYKA PRYWATNO\u015aCI"}]},{"@type":"WebSite","@id":"https:\/\/rosaeterna.online\/pl\/#website","url":"https:\/\/rosaeterna.online\/pl\/","name":"Rosa Eterna","description":"Haz que dure","potentialAction":[{"@type":"SearchAction","target":{"@type":"EntryPoint","urlTemplate":"https:\/\/rosaeterna.online\/pl\/?s={search_term_string}"},"query-input":{"@type":"PropertyValueSpecification","valueRequired":true,"valueName":"search_term_string"}}],"inLanguage":"pl-PL"}]}},"uagb_featured_image_src":{"full":false,"thumbnail":false,"medium":false,"medium_large":false,"large":false,"1536x1536":false,"2048x2048":false,"blog-isotope":false,"woocommerce_thumbnail":false,"woocommerce_single":false,"woocommerce_gallery_thumbnail":false,"eh_logo_image_size":false,"eh_header_image_size":false,"wcpr-photo-reviews":false},"uagb_author_info":{"display_name":"Fran","author_link":"https:\/\/rosaeterna.online\/pl"},"uagb_comment_info":0,"uagb_excerpt":"POLITYKA PRYWATNO\u015aCI I OCHRONY DANYCH Przestrzegaj\u0105c przepis\u00f3w obowi\u0105zuj\u0105cego prawa, wieczneroze.fun (dalej r\u00f3wnie\u017c Witryna) zobowi\u0105zuje si\u0119 do podj\u0119cia niezb\u0119dnych \u015brodk\u00f3w technicznych i organizacyjnych, w zale\u017cno\u015bci od poziomu bezpiecze\u0144stwa odpowiedniego do ryzyka zbieranych danych. Przepisy w\u0142\u0105czone do niniejszej polityki prywatno\u015bci Niniejsza polityka prywatno\u015bci jest dostosowana do obowi\u0105zuj\u0105cych hiszpa\u0144skich i europejskich przepis\u00f3w dotycz\u0105cych ochrony danych osobowych w Internecie.&hellip;","_links":{"self":[{"href":"https:\/\/rosaeterna.online\/pl\/wp-json\/wp\/v2\/pages\/10694","targetHints":{"allow":["GET"]}}],"collection":[{"href":"https:\/\/rosaeterna.online\/pl\/wp-json\/wp\/v2\/pages"}],"about":[{"href":"https:\/\/rosaeterna.online\/pl\/wp-json\/wp\/v2\/types\/page"}],"author":[{"embeddable":true,"href":"https:\/\/rosaeterna.online\/pl\/wp-json\/wp\/v2\/users\/1"}],"replies":[{"embeddable":true,"href":"https:\/\/rosaeterna.online\/pl\/wp-json\/wp\/v2\/comments?post=10694"}],"version-history":[{"count":0,"href":"https:\/\/rosaeterna.online\/pl\/wp-json\/wp\/v2\/pages\/10694\/revisions"}],"wp:attachment":[{"href":"https:\/\/rosaeterna.online\/pl\/wp-json\/wp\/v2\/media?parent=10694"}],"curies":[{"name":"wp","href":"https:\/\/api.w.org\/{rel}","templated":true}]}}