{"id":10693,"date":"2018-03-16T20:28:45","date_gmt":"2018-03-16T20:28:45","guid":{"rendered":"https:\/\/rosaeterna.online\/najczesciej-zadawane-pytania\/"},"modified":"2018-03-16T20:28:45","modified_gmt":"2018-03-16T20:28:45","slug":"najczesciej-zadawane-pytania","status":"publish","type":"page","link":"https:\/\/rosaeterna.online\/pl\/najczesciej-zadawane-pytania\/","title":{"rendered":"NAJCZ\u0118\u015aCIEJ ZADAWANE PYTANIA"},"content":{"rendered":"<div class=\"col-sm-8 shop-isle-page-content\">\n<article id=\"post-69\" class=\"post-69 page type-page status-publish hentry\">\n<div class=\"entry-content\">\n<p>Je\u015bli zastanawiasz si\u0119 nad zakupem\u00a0<a href=\"https:\/\/rosaeterna.online\/pl\/\">liofilizowanej r\u00f3\u017cy<\/a>, jeste\u015b w najlepszym miejscu, mo\u017cesz by\u0107 tego pewien ale mo\u017cliwe jest, \u017ce przed dokonaniem zakupu masz kilka w\u0105tpliwo\u015bci. Na tej stronie zebrali\u015bmy g\u0142\u00f3wne pytania, kt\u00f3re nasi klienci nam zadaj\u0105, wi\u0119c zapoznaj si\u0119 z nimi, a je\u015bli chcia\u0142by\u015b dowiedzie\u0107 si\u0119 wi\u0119cej, wiesz, jak mo\u017cesz si\u0119 z nami skontaktowa\u0107.<\/p>\n<h2><strong>Przed z\u0142o\u017ceniem zam\u00f3wienia<\/strong><\/h2>\n<p>Tutaj znajdziesz odpowiedzi na pytania, kt\u00f3re mog\u0105 si\u0119 pojawi\u0107 przed zakupem naszej r\u00f3\u017cy. Pomo\u017cemy Ci znale\u017a\u0107 rozwi\u0105zanie w nast\u0119puj\u0105cych sytuacjach:<\/p>\n<p><strong>Jak d\u0142ugo trwa wysy\u0142ka?<\/strong><\/p>\n<p>Przesy\u0142ka trwa od 24 do 72 godzin w zale\u017cno\u015bci od wybranego rodzaju przesy\u0142ki. Mo\u017cesz wybra\u0107 tani\u0105 przesy\u0142k\u0119, kt\u00f3ra dotrze do Ciebie w ci\u0105gu 2-3 dni roboczych lub przesy\u0142k\u0119 ekspresow\u0105, kt\u00f3r\u0105 otrzymasz do 24 godzin je\u015bli z\u0142o\u017cysz zam\u00f3wienie przed po\u0142udniem. Gwarantujemy Ci to!<\/p>\n<p><strong>Czy mog\u0119 zam\u00f3wi\u0107 Wasz\u0105 r\u00f3\u017c\u0119 je\u015bli mieszkam poza Hiszpani\u0105?<\/strong><\/p>\n<p>Oczywi\u015bcie, nasze wysy\u0142ki s\u0105 mi\u0119dzynarodowe, dotr\u0105 do Ciebie gdziekolwiek mieszkasz. Niemniej jednak nasze taryfa obejmuje Hiszpani\u0119 kontynentaln\u0105 i Baleary, dla innych lokalizacji musimy ustali\u0107 inn\u0105 cen\u0119. Mo\u017cesz nas zapyta\u0107 o cen\u0119 dla Twojej lokalizacji bez zobowi\u0105za\u0144.<\/p>\n<p><strong>Czy mo\u017cecie do\u0142\u0105czy\u0107 kartk\u0119 z adnotacj\u0105?<\/strong><\/p>\n<p>Oczywi\u015bcie, dlatego na stronie internetowej ka\u017cdej r\u00f3\u017cy znajduje si\u0119 pole, kt\u00f3re mo\u017cesz wype\u0142ni\u0107. Karteczka b\u0119dzie kolorowa i zostanie wype\u0142niona r\u0119cznie. Zadbamy o to aby by\u0142a pi\u0119kna.<\/p>\n<p><strong>Czy mog\u0119 j\u0105 zapakowa\u0107 na prezent?<\/strong><\/p>\n<p>Tak, po prostu musisz nam o tym powiedzie\u0107. Pami\u0119taj, sprawd\u017a, czy podoba Ci si\u0119 nasz papier do pakowania.<\/p>\n<p><strong>Czy w przypadku innych ro\u015blin aby mie\u0107 darmow\u0105 wysy\u0142k\u0119 trzeba z\u0142o\u017cy\u0107 zam\u00f3wienie za okre\u015blon\u0105 kwot\u0119?<\/strong><\/p>\n<p>Tak, w przypadku niekt\u00f3rych stabilizowanych kwiat\u00f3w obowi\u0105zuj\u0105 minimalne ceny zakupu. Natomiast nie w przypadku r\u00f3\u017c. Mo\u017cesz kupi\u0107 tak\u0105 ilo\u015b\u0107 jak\u0105 chcesz i mie\u0107 bezp\u0142atn\u0105 wysy\u0142k\u0119. Je\u015bli system nie pokazuje bezp\u0142atnej wysy\u0142ki, mo\u017ce to oznacza\u0107, \u017ce nie osi\u0105gn\u0105\u0142e\u015b minimum wynosz\u0105cego 16 euro.<\/p>\n<p><strong>Co mog\u0119 zrobi\u0107 je\u015bli zam\u00f3wienie przyjdzie p\u00f3\u017aniej ni\u017c powinno?<\/strong><\/p>\n<p>Nie odpowiadamy za op\u00f3\u017anienia wynik\u0142e z problem\u00f3w firm kurierskich. Wysy\u0142amy paczki codziennie o 17:00 wi\u0119c jedynie nie z naszej winy przesy\u0142ka mo\u017ce dotrze\u0107 p\u00f3\u017aniej. Je\u015bli bardzo zale\u017cy Ci na czasie sprawd\u017a czy przesy\u0142ka b\u0119dzie w stanie dotrze\u0107 na czas.<\/p>\n<p><strong>Czy mo\u017cna si\u0119 z Pa\u0144stwem jako\u015b skontaktowa\u0107?<\/strong><\/p>\n<p>Oczywi\u015bcie, z przyjemno\u015bci\u0105 udzielimy Ci wszelkich informacji za po\u015brednictwem formularza kontaktowego. Czekamy na Twoje pytania.<\/p>\n<p><strong>Jakie metody p\u0142atno\u015bci s\u0105 dost\u0119pne?<\/strong><\/p>\n<p>W naszym sklepie mo\u017cesz zap\u0142aci\u0107 u\u017cywaj\u0105c PayPal, przelewem bankowym lub kart\u0105 p\u0142atnicz\u0105.<\/p>\n<p><strong>Kiedy otrzymam przesy\u0142k\u0119 je\u015bli z\u0142o\u017c\u0119 zam\u00f3wienie w dzie\u0144 \u015bwi\u0105teczny?<\/strong><\/p>\n<p>Wszystkie terminy wysy\u0142ek dotycz\u0105 dni roboczych, czyli je\u015bli z\u0142o\u017cysz zam\u00f3wienie ekspresowe w pi\u0105tek przed po\u0142udniem, paczka przyjdzie do Ciebie w poniedzia\u0142ek. Podobnie jest w przypadku dni \u015bwi\u0105tecznych, np. je\u015bli z\u0142o\u017cysz zam\u00f3wienie w niedziel\u0119, przesy\u0142k\u0119 otrzymasz we wtorek.<\/p>\n<h2><strong>Po z\u0142o\u017ceniu zam\u00f3wienia<\/strong><\/h2>\n<p>Poni\u017cej znajdziesz odpowiedzi na pytania mog\u0105ce si\u0119 pojawi\u0107 po z\u0142o\u017ceniu zam\u00f3wienia.<\/p>\n<p><strong>Jak mog\u0119 \u015bledzi\u0107 moje zam\u00f3wienie?<\/strong><\/p>\n<p>Je\u015bli zostawisz nam numer telefonu, otrzymasz wiadomo\u015b\u0107 SMS, gdy tylko osoba dor\u0119czaj\u0105ca odbierze zam\u00f3wienie, co zwykle ma miejsce w trakcie tego samego popo\u0142udnia. W nim znajdziesz informacje o przesy\u0142ce i jej lokalizacji.<\/p>\n<p><strong>Zam\u00f3wi\u0142em r\u00f3\u017c\u0119 pod kopu\u0142\u0105 \u017ce \u015bwiate\u0142kami a otrzyma\u0142em bez \u015bwiate\u0142ek<\/strong><\/p>\n<p>Nie martw si\u0119, na pewno tam s\u0105. Z powodu mo\u017cliwo\u015bci uszkodzenia r\u00f3\u017cy przez kabel, \u015bwiate\u0142ka s\u0105 umieszczane osobno. Na pewno znajdziesz je w paczce. S\u0105 bardzo \u0142atwe do zamontowania.<\/p>\n<p><strong>Jak powinienem dba\u0107 o r\u00f3\u017c\u0119?<\/strong><\/p>\n<p>Nasze stabilizowane kwiaty s\u0105 bardzo odporne na up\u0142yw czasu, dlatego nie wymagaj\u0105 zbyt wiele opieki, jednak stworzyli\u015bmy artyku\u0142, w kt\u00f3rym wyja\u015bniamy niezb\u0119dne czynno\u015bci.<\/p>\n<p><strong>Co powinienem zrobi\u0107 je\u015bli moja r\u00f3\u017ca przyjdzie uszkodzona?<\/strong><\/p>\n<p>Nigdy jeszcze naszym klientom nie przydarzy\u0142a si\u0119 taka sytuacja. Bardzo chronimy nasze przesy\u0142ki. Niemniej jednak je\u015bli kopu\u0142a b\u0119dzie uszkodzona, wy\u015blemy Ci now\u0105.<\/p>\n<\/div>\n<\/article>\n<\/div>\n","protected":false},"excerpt":{"rendered":"<p>Je\u015bli zastanawiasz si\u0119 nad zakupem\u00a0liofilizowanej r\u00f3\u017cy, jeste\u015b w najlepszym miejscu, mo\u017cesz by\u0107 tego pewien ale mo\u017cliwe jest, \u017ce przed dokonaniem zakupu masz kilka w\u0105tpliwo\u015bci. Na tej stronie zebrali\u015bmy g\u0142\u00f3wne pytania, kt\u00f3re nasi klienci nam zadaj\u0105, wi\u0119c zapoznaj si\u0119 z nimi, a je\u015bli chcia\u0142by\u015b dowiedzie\u0107 si\u0119 wi\u0119cej, wiesz, jak mo\u017cesz si\u0119 z nami skontaktowa\u0107. Przed z\u0142o\u017ceniem [&hellip;]<\/p>\n","protected":false},"author":1,"featured_media":0,"parent":0,"menu_order":0,"comment_status":"closed","ping_status":"closed","template":"","meta":{"_uag_custom_page_level_css":"","_joinchat":[],"footnotes":""},"class_list":["post-10693","page","type-page","status-publish","hentry"],"yoast_head":"<!-- This site is optimized with the Yoast SEO plugin v25.0 - https:\/\/yoast.com\/wordpress\/plugins\/seo\/ -->\n<title>NAJCZ\u0118\u015aCIEJ ZADAWANE PYTANIA - Rosa Eterna<\/title>\n<meta name=\"robots\" content=\"index, follow, max-snippet:-1, max-image-preview:large, max-video-preview:-1\" \/>\n<link rel=\"canonical\" href=\"https:\/\/rosaeterna.online\/pl\/najczesciej-zadawane-pytania\/\" \/>\n<meta property=\"og:locale\" content=\"pl_PL\" \/>\n<meta property=\"og:type\" content=\"article\" \/>\n<meta property=\"og:title\" content=\"NAJCZ\u0118\u015aCIEJ ZADAWANE PYTANIA - Rosa Eterna\" \/>\n<meta property=\"og:description\" content=\"Je\u015bli zastanawiasz si\u0119 nad zakupem\u00a0liofilizowanej r\u00f3\u017cy, jeste\u015b w najlepszym miejscu, mo\u017cesz by\u0107 tego pewien ale mo\u017cliwe jest, \u017ce przed dokonaniem zakupu masz kilka w\u0105tpliwo\u015bci. Na tej stronie zebrali\u015bmy g\u0142\u00f3wne pytania, kt\u00f3re nasi klienci nam zadaj\u0105, wi\u0119c zapoznaj si\u0119 z nimi, a je\u015bli chcia\u0142by\u015b dowiedzie\u0107 si\u0119 wi\u0119cej, wiesz, jak mo\u017cesz si\u0119 z nami skontaktowa\u0107. Przed z\u0142o\u017ceniem [&hellip;]\" \/>\n<meta property=\"og:url\" content=\"https:\/\/rosaeterna.online\/pl\/najczesciej-zadawane-pytania\/\" \/>\n<meta property=\"og:site_name\" content=\"Rosa Eterna\" \/>\n<meta name=\"twitter:card\" content=\"summary_large_image\" \/>\n<meta name=\"twitter:label1\" content=\"Szacowany czas czytania\" \/>\n\t<meta name=\"twitter:data1\" content=\"4 minuty\" \/>\n<!-- \/ Yoast SEO plugin. -->","yoast_head_json":{"title":"NAJCZ\u0118\u015aCIEJ ZADAWANE PYTANIA - Rosa Eterna","robots":{"index":"index","follow":"follow","max-snippet":"max-snippet:-1","max-image-preview":"max-image-preview:large","max-video-preview":"max-video-preview:-1"},"canonical":"https:\/\/rosaeterna.online\/pl\/najczesciej-zadawane-pytania\/","og_locale":"pl_PL","og_type":"article","og_title":"NAJCZ\u0118\u015aCIEJ ZADAWANE PYTANIA - Rosa Eterna","og_description":"Je\u015bli zastanawiasz si\u0119 nad zakupem\u00a0liofilizowanej r\u00f3\u017cy, jeste\u015b w najlepszym miejscu, mo\u017cesz by\u0107 tego pewien ale mo\u017cliwe jest, \u017ce przed dokonaniem zakupu masz kilka w\u0105tpliwo\u015bci. Na tej stronie zebrali\u015bmy g\u0142\u00f3wne pytania, kt\u00f3re nasi klienci nam zadaj\u0105, wi\u0119c zapoznaj si\u0119 z nimi, a je\u015bli chcia\u0142by\u015b dowiedzie\u0107 si\u0119 wi\u0119cej, wiesz, jak mo\u017cesz si\u0119 z nami skontaktowa\u0107. Przed z\u0142o\u017ceniem [&hellip;]","og_url":"https:\/\/rosaeterna.online\/pl\/najczesciej-zadawane-pytania\/","og_site_name":"Rosa Eterna","twitter_card":"summary_large_image","twitter_misc":{"Szacowany czas czytania":"4 minuty"},"schema":{"@context":"https:\/\/schema.org","@graph":[{"@type":"WebPage","@id":"https:\/\/rosaeterna.online\/pl\/najczesciej-zadawane-pytania\/","url":"https:\/\/rosaeterna.online\/pl\/najczesciej-zadawane-pytania\/","name":"NAJCZ\u0118\u015aCIEJ ZADAWANE PYTANIA - Rosa Eterna","isPartOf":{"@id":"https:\/\/rosaeterna.online\/pl\/#website"},"datePublished":"2018-03-16T20:28:45+00:00","breadcrumb":{"@id":"https:\/\/rosaeterna.online\/pl\/najczesciej-zadawane-pytania\/#breadcrumb"},"inLanguage":"pl-PL","potentialAction":[{"@type":"ReadAction","target":["https:\/\/rosaeterna.online\/pl\/najczesciej-zadawane-pytania\/"]}]},{"@type":"BreadcrumbList","@id":"https:\/\/rosaeterna.online\/pl\/najczesciej-zadawane-pytania\/#breadcrumb","itemListElement":[{"@type":"ListItem","position":1,"name":"Portada","item":"https:\/\/rosaeterna.online\/pl\/"},{"@type":"ListItem","position":2,"name":"NAJCZ\u0118\u015aCIEJ ZADAWANE PYTANIA"}]},{"@type":"WebSite","@id":"https:\/\/rosaeterna.online\/pl\/#website","url":"https:\/\/rosaeterna.online\/pl\/","name":"Rosa Eterna","description":"Haz que dure","potentialAction":[{"@type":"SearchAction","target":{"@type":"EntryPoint","urlTemplate":"https:\/\/rosaeterna.online\/pl\/?s={search_term_string}"},"query-input":{"@type":"PropertyValueSpecification","valueRequired":true,"valueName":"search_term_string"}}],"inLanguage":"pl-PL"}]}},"uagb_featured_image_src":{"full":false,"thumbnail":false,"medium":false,"medium_large":false,"large":false,"1536x1536":false,"2048x2048":false,"blog-isotope":false,"woocommerce_thumbnail":false,"woocommerce_single":false,"woocommerce_gallery_thumbnail":false,"eh_logo_image_size":false,"eh_header_image_size":false,"wcpr-photo-reviews":false},"uagb_author_info":{"display_name":"Fran","author_link":"https:\/\/rosaeterna.online\/pl"},"uagb_comment_info":0,"uagb_excerpt":"Je\u015bli zastanawiasz si\u0119 nad zakupem\u00a0liofilizowanej r\u00f3\u017cy, jeste\u015b w najlepszym miejscu, mo\u017cesz by\u0107 tego pewien ale mo\u017cliwe jest, \u017ce przed dokonaniem zakupu masz kilka w\u0105tpliwo\u015bci. Na tej stronie zebrali\u015bmy g\u0142\u00f3wne pytania, kt\u00f3re nasi klienci nam zadaj\u0105, wi\u0119c zapoznaj si\u0119 z nimi, a je\u015bli chcia\u0142by\u015b dowiedzie\u0107 si\u0119 wi\u0119cej, wiesz, jak mo\u017cesz si\u0119 z nami skontaktowa\u0107. Przed z\u0142o\u017ceniem&hellip;","_links":{"self":[{"href":"https:\/\/rosaeterna.online\/pl\/wp-json\/wp\/v2\/pages\/10693","targetHints":{"allow":["GET"]}}],"collection":[{"href":"https:\/\/rosaeterna.online\/pl\/wp-json\/wp\/v2\/pages"}],"about":[{"href":"https:\/\/rosaeterna.online\/pl\/wp-json\/wp\/v2\/types\/page"}],"author":[{"embeddable":true,"href":"https:\/\/rosaeterna.online\/pl\/wp-json\/wp\/v2\/users\/1"}],"replies":[{"embeddable":true,"href":"https:\/\/rosaeterna.online\/pl\/wp-json\/wp\/v2\/comments?post=10693"}],"version-history":[{"count":0,"href":"https:\/\/rosaeterna.online\/pl\/wp-json\/wp\/v2\/pages\/10693\/revisions"}],"wp:attachment":[{"href":"https:\/\/rosaeterna.online\/pl\/wp-json\/wp\/v2\/media?parent=10693"}],"curies":[{"name":"wp","href":"https:\/\/api.w.org\/{rel}","templated":true}]}}