{"id":14724,"date":"2020-02-02T21:42:42","date_gmt":"2020-02-02T21:42:42","guid":{"rendered":"https:\/\/rosaeterna.online\/producto\/rosa-mamma\/"},"modified":"2024-10-21T23:22:48","modified_gmt":"2024-10-21T23:22:48","slug":"rosa-mamma","status":"publish","type":"product","link":"https:\/\/rosaeterna.online\/it\/p\/rosa-mamma\/","title":{"rendered":"Rosa Mamma"},"content":{"rendered":"<p>E se ci fosse una rosa <strong>perfetta da regalare a una madre<\/strong>?<\/p>\n<p>La <strong><a href=\"https:\/\/www.rosastabilizzata.it\/\">rosa eterna<\/a><\/strong> premium \u00e8 la mamma e la rosa piccola \u00e8 la figlia. Non \u00e8 fantastico?<\/p>\n<p>Ricorda che le nostre rose eterne sono naturali ma durano per diversi anni in perfette condizioni. Senza dubbio sono un dono diverso che sorprende sia i parenti che gli estranei.<\/p>\n<p>Hai delle domande? Contattaci, <strong>rispondiamo immediatamente<\/strong>.<\/p>\n","protected":false},"excerpt":{"rendered":"<p>Una cupola <strong>fatta per piacervi<\/strong>. \u00c8 certamente un&#8217;idea originale che piacer\u00e0 a tutti. Scegli il colore che pi\u00f9 ti piace e goditi un regalo unico.<\/p>\n<ul>\n<li>2 rose stabilizzate (fiori naturali che durano diversi anni)<\/li>\n<li>Cupola di vetro 25&#215;17 cm<\/li>\n<\/ul>\n","protected":false},"featured_media":9267,"comment_status":"open","ping_status":"closed","template":"","meta":{"_uag_custom_page_level_css":"","_joinchat":[]},"product_brand":[],"product_cat":[125],"product_tag":[],"class_list":{"0":"post-14724","1":"product","2":"type-product","3":"status-publish","4":"has-post-thumbnail","6":"product_cat-rose-stabilizzate-in-vetro","8":"first","9":"instock","10":"taxable","11":"shipping-taxable","12":"purchasable","13":"product-type-variable","14":"add-to-wishlist-after_add_to_cart"},"yoast_head":"<!-- This site is optimized with the Yoast SEO plugin v25.0 - https:\/\/yoast.com\/wordpress\/plugins\/seo\/ -->\n<title>Acquisita la tua Rosa Mamma | Rosaeterna.online<\/title>\n<meta name=\"robots\" content=\"index, follow, max-snippet:-1, max-image-preview:large, max-video-preview:-1\" \/>\n<link rel=\"canonical\" href=\"https:\/\/rosaeterna.online\/it\/p\/rosa-mamma\/\" \/>\n<meta property=\"og:locale\" content=\"it_IT\" \/>\n<meta property=\"og:type\" content=\"article\" \/>\n<meta property=\"og:title\" content=\"Acquisita la tua Rosa Mamma | Rosaeterna.online\" \/>\n<meta property=\"og:description\" content=\"Una cupola fatta per piacervi. \u00c8 certamente un&#039;idea originale che piacer\u00e0 a tutti. Scegli il colore che pi\u00f9 ti piace e goditi un regalo unico.   2 rose stabilizzate (fiori naturali che durano diversi anni)  Cupola di vetro 25x17 cm\" \/>\n<meta property=\"og:url\" content=\"https:\/\/rosaeterna.online\/it\/p\/rosa-mamma\/\" \/>\n<meta property=\"og:site_name\" content=\"Rosa Eterna\" \/>\n<meta property=\"article:modified_time\" content=\"2024-10-21T23:22:48+00:00\" \/>\n<meta property=\"og:image\" content=\"https:\/\/rosaeterna.online\/wp-content\/uploads\/2020\/02\/Rosa-Couple.jpg\" \/>\n\t<meta property=\"og:image:width\" content=\"600\" \/>\n\t<meta property=\"og:image:height\" content=\"600\" \/>\n\t<meta property=\"og:image:type\" content=\"image\/jpeg\" \/>\n<meta name=\"twitter:card\" content=\"summary_large_image\" \/>\n<!-- \/ Yoast SEO plugin. -->","yoast_head_json":{"title":"Acquisita la tua Rosa Mamma | Rosaeterna.online","robots":{"index":"index","follow":"follow","max-snippet":"max-snippet:-1","max-image-preview":"max-image-preview:large","max-video-preview":"max-video-preview:-1"},"canonical":"https:\/\/rosaeterna.online\/it\/p\/rosa-mamma\/","og_locale":"it_IT","og_type":"article","og_title":"Acquisita la tua Rosa Mamma | Rosaeterna.online","og_description":"Una cupola fatta per piacervi. \u00c8 certamente un'idea originale che piacer\u00e0 a tutti. Scegli il colore che pi\u00f9 ti piace e goditi un regalo unico.   2 rose stabilizzate (fiori naturali che durano diversi anni)  Cupola di vetro 25x17 cm","og_url":"https:\/\/rosaeterna.online\/it\/p\/rosa-mamma\/","og_site_name":"Rosa Eterna","article_modified_time":"2024-10-21T23:22:48+00:00","og_image":[{"width":600,"height":600,"url":"https:\/\/rosaeterna.online\/wp-content\/uploads\/2020\/02\/Rosa-Couple.jpg","type":"image\/jpeg"}],"twitter_card":"summary_large_image","schema":{"@context":"https:\/\/schema.org","@graph":[{"@type":"WebPage","@id":"https:\/\/rosaeterna.online\/it\/p\/rosa-mamma\/","url":"https:\/\/rosaeterna.online\/it\/p\/rosa-mamma\/","name":"Acquisita la tua Rosa Mamma | Rosaeterna.online","isPartOf":{"@id":"https:\/\/rosaeterna.online\/it\/#website"},"primaryImageOfPage":{"@id":"https:\/\/rosaeterna.online\/it\/p\/rosa-mamma\/#primaryimage"},"image":{"@id":"https:\/\/rosaeterna.online\/it\/p\/rosa-mamma\/#primaryimage"},"thumbnailUrl":"https:\/\/rosaeterna.online\/wp-content\/uploads\/2020\/02\/Rosa-Couple.jpg","datePublished":"2020-02-02T21:42:42+00:00","dateModified":"2024-10-21T23:22:48+00:00","breadcrumb":{"@id":"https:\/\/rosaeterna.online\/it\/p\/rosa-mamma\/#breadcrumb"},"inLanguage":"it-IT","potentialAction":[{"@type":"ReadAction","target":["https:\/\/rosaeterna.online\/it\/p\/rosa-mamma\/"]}]},{"@type":"ImageObject","inLanguage":"it-IT","@id":"https:\/\/rosaeterna.online\/it\/p\/rosa-mamma\/#primaryimage","url":"https:\/\/rosaeterna.online\/wp-content\/uploads\/2020\/02\/Rosa-Couple.jpg","contentUrl":"https:\/\/rosaeterna.online\/wp-content\/uploads\/2020\/02\/Rosa-Couple.jpg","width":600,"height":600,"caption":"rosa mamma"},{"@type":"BreadcrumbList","@id":"https:\/\/rosaeterna.online\/it\/p\/rosa-mamma\/#breadcrumb","itemListElement":[{"@type":"ListItem","position":1,"name":"Portada","item":"https:\/\/rosaeterna.online\/it\/"},{"@type":"ListItem","position":2,"name":"Prodotti","item":"https:\/\/rosaeterna.online\/it\/negozio\/"},{"@type":"ListItem","position":3,"name":"Rosa Mamma"}]},{"@type":"WebSite","@id":"https:\/\/rosaeterna.online\/it\/#website","url":"https:\/\/rosaeterna.online\/it\/","name":"Rosa Eterna","description":"Haz que dure","potentialAction":[{"@type":"SearchAction","target":{"@type":"EntryPoint","urlTemplate":"https:\/\/rosaeterna.online\/it\/?s={search_term_string}"},"query-input":{"@type":"PropertyValueSpecification","valueRequired":true,"valueName":"search_term_string"}}],"inLanguage":"it-IT"}]}},"uagb_featured_image_src":{"full":["https:\/\/rosaeterna.online\/wp-content\/uploads\/2020\/02\/Rosa-Couple.jpg",600,600,false],"thumbnail":["https:\/\/rosaeterna.online\/wp-content\/uploads\/2020\/02\/Rosa-Couple-150x150.jpg",150,150,true],"medium":["https:\/\/rosaeterna.online\/wp-content\/uploads\/2020\/02\/Rosa-Couple-300x300.jpg",300,300,true],"medium_large":["https:\/\/rosaeterna.online\/wp-content\/uploads\/2020\/02\/Rosa-Couple.jpg",600,600,false],"large":["https:\/\/rosaeterna.online\/wp-content\/uploads\/2020\/02\/Rosa-Couple.jpg",600,600,false],"1536x1536":["https:\/\/rosaeterna.online\/wp-content\/uploads\/2020\/02\/Rosa-Couple.jpg",600,600,false],"2048x2048":["https:\/\/rosaeterna.online\/wp-content\/uploads\/2020\/02\/Rosa-Couple.jpg",600,600,false],"blog-isotope":["https:\/\/rosaeterna.online\/wp-content\/uploads\/2020\/02\/Rosa-Couple.jpg",500,500,false],"woocommerce_thumbnail":["https:\/\/rosaeterna.online\/wp-content\/uploads\/2020\/02\/Rosa-Couple-350x435.jpg",350,435,true],"woocommerce_single":["https:\/\/rosaeterna.online\/wp-content\/uploads\/2020\/02\/Rosa-Couple.jpg",600,600,false],"woocommerce_gallery_thumbnail":["https:\/\/rosaeterna.online\/wp-content\/uploads\/2020\/02\/Rosa-Couple-100x100.jpg",100,100,true],"eh_logo_image_size":["https:\/\/rosaeterna.online\/wp-content\/uploads\/2020\/02\/Rosa-Couple.jpg",90,90,false],"eh_header_image_size":["https:\/\/rosaeterna.online\/wp-content\/uploads\/2020\/02\/Rosa-Couple.jpg",90,90,false],"wcpr-photo-reviews":["https:\/\/rosaeterna.online\/wp-content\/uploads\/2020\/02\/Rosa-Couple.jpg",500,500,false]},"uagb_author_info":{"display_name":"Fran","author_link":"https:\/\/rosaeterna.online\/it"},"uagb_comment_info":0,"uagb_excerpt":"Una cupola fatta per piacervi. \u00c8 certamente un'idea originale che piacer\u00e0 a tutti. Scegli il colore che pi\u00f9 ti piace e goditi un regalo unico. 2 rose stabilizzate (fiori naturali che durano diversi anni) Cupola di vetro 25x17 cm","_links":{"self":[{"href":"https:\/\/rosaeterna.online\/it\/wp-json\/wp\/v2\/product\/14724","targetHints":{"allow":["GET"]}}],"collection":[{"href":"https:\/\/rosaeterna.online\/it\/wp-json\/wp\/v2\/product"}],"about":[{"href":"https:\/\/rosaeterna.online\/it\/wp-json\/wp\/v2\/types\/product"}],"replies":[{"embeddable":true,"href":"https:\/\/rosaeterna.online\/it\/wp-json\/wp\/v2\/comments?post=14724"}],"wp:featuredmedia":[{"embeddable":true,"href":"https:\/\/rosaeterna.online\/it\/wp-json\/wp\/v2\/media\/9267"}],"wp:attachment":[{"href":"https:\/\/rosaeterna.online\/it\/wp-json\/wp\/v2\/media?parent=14724"}],"wp:term":[{"taxonomy":"product_brand","embeddable":true,"href":"https:\/\/rosaeterna.online\/it\/wp-json\/wp\/v2\/product_brand?post=14724"},{"taxonomy":"product_cat","embeddable":true,"href":"https:\/\/rosaeterna.online\/it\/wp-json\/wp\/v2\/product_cat?post=14724"},{"taxonomy":"product_tag","embeddable":true,"href":"https:\/\/rosaeterna.online\/it\/wp-json\/wp\/v2\/product_tag?post=14724"}],"curies":[{"name":"wp","href":"https:\/\/api.w.org\/{rel}","templated":true}]}}