{"id":10680,"date":"2024-07-03T13:32:26","date_gmt":"2024-07-03T13:32:26","guid":{"rendered":"https:\/\/rosaeterna.online\/flor\/rosa-stabilizzata-lilla\/"},"modified":"2024-12-22T12:33:23","modified_gmt":"2024-12-22T12:33:23","slug":"rosa-stabilizzata-lilla","status":"publish","type":"product","link":"https:\/\/rosaeterna.online\/it\/p\/rosa-stabilizzata-lilla\/","title":{"rendered":"Rosa lilla perenne"},"content":{"rendered":"<p style=\"text-align: justify;\">Se ti piace il colore lilla o viola hai trovato la <a href=\"https:\/\/rosaeterna.online\/it\/\">rosa liofilizzata<\/a> giusta, perch\u00e9 nel nostro negozio siamo specializzati nella vendita di questo tipo di fiori.<\/p>\n<p>  Quando regali una rosa eterna lilla, devi tenere presente che il suo significato \u00e8 direttamente associato all&#8217;eternit\u00e0.<br \/>\nQuesti fiori sono legati alla vita e si riferiscono a cose molto positive.<br \/>\nVengono utilizzati per esprimere sentimenti belli come la felicit\u00e0, la salute e la fortuna.<br \/>\nSono perfetti come regalo per qualsiasi occasione speciale per esprimere buoni sentimenti a chi li riceve.<br \/>\nPossono anche essere un&#8217;alternativa molto carina per esprimere tranquillit\u00e0 e possono aiutare a riequilibrare il corpo e la mente.      <\/p>\n<p style=\"text-align: justify;\">\u00c8 una rosa perenne viola o lilla?<br \/>\nLa verit\u00e0 \u00e8 che il suo colore \u00e8 una via di mezzo, ma quello che possiamo assicurarti \u00e8 che la adorerai.<br \/>\nOrdina ora e potrai approfittare della spedizione gratuita: i nostri prezzi sono tutto compreso, non \u00e8 fantastico?  <\/p>\n<p style=\"text-align: justify;\">Saremo lieti di ascoltare le tue domande!<\/p>\n","protected":false},"excerpt":{"rendered":"<p style=\"text-align: justify;\">Una bellissima rosa eterna lilla, di cui amerai la consistenza e l&#8217;eccellente finitura, che ti accompagner\u00e0 per molto tempo! <strong>Approfitta della nostra spedizione gratuita<\/strong>.<\/p>\n","protected":false},"featured_media":8889,"comment_status":"open","ping_status":"closed","template":"","meta":{"_uag_custom_page_level_css":"","_joinchat":[]},"product_brand":[],"product_cat":[83],"product_tag":[],"class_list":{"0":"post-10680","1":"product","2":"type-product","3":"status-publish","4":"has-post-thumbnail","6":"product_cat-rosa-con-gambo","8":"first","9":"instock","10":"taxable","11":"shipping-taxable","12":"purchasable","13":"product-type-simple","14":"add-to-wishlist-after_add_to_cart"},"yoast_head":"<!-- This site is optimized with the Yoast SEO plugin v25.0 - https:\/\/yoast.com\/wordpress\/plugins\/seo\/ -->\n<title>Acquista il tuo Eternal Lilac Rose economico da Rosaeterna.online<\/title>\n<meta name=\"description\" content=\"Acquista la tua rosa perenne lilla o viola al miglior prezzo. L&#039;unico negozio dedicato esclusivamente ai fiori conservati. Approfitta della spedizione GRATUITA!\" \/>\n<meta name=\"robots\" content=\"index, follow, max-snippet:-1, max-image-preview:large, max-video-preview:-1\" \/>\n<link rel=\"canonical\" href=\"https:\/\/rosaeterna.online\/it\/p\/rosa-stabilizzata-lilla\/\" \/>\n<meta property=\"og:locale\" content=\"it_IT\" \/>\n<meta property=\"og:type\" content=\"article\" \/>\n<meta property=\"og:title\" content=\"Acquista il tuo Eternal Lilac Rose economico da Rosaeterna.online\" \/>\n<meta property=\"og:description\" content=\"Acquista la tua rosa perenne lilla o viola al miglior prezzo. L&#039;unico negozio dedicato esclusivamente ai fiori conservati. Approfitta della spedizione GRATUITA!\" \/>\n<meta property=\"og:url\" content=\"https:\/\/rosaeterna.online\/it\/p\/rosa-stabilizzata-lilla\/\" \/>\n<meta property=\"og:site_name\" content=\"Rosa Eterna\" \/>\n<meta property=\"article:modified_time\" content=\"2024-12-22T12:33:23+00:00\" \/>\n<meta property=\"og:image\" content=\"https:\/\/rosaeterna.online\/wp-content\/uploads\/2018\/04\/rosa-eterna-lila-1-scaled.jpg\" \/>\n\t<meta property=\"og:image:width\" content=\"2036\" \/>\n\t<meta property=\"og:image:height\" content=\"2560\" \/>\n\t<meta property=\"og:image:type\" content=\"image\/jpeg\" \/>\n<meta name=\"twitter:card\" content=\"summary_large_image\" \/>\n<meta name=\"twitter:label1\" content=\"Tempo di lettura stimato\" \/>\n\t<meta name=\"twitter:data1\" content=\"1 minuto\" \/>\n<!-- \/ Yoast SEO plugin. -->","yoast_head_json":{"title":"Acquista il tuo Eternal Lilac Rose economico da Rosaeterna.online","description":"Acquista la tua rosa perenne lilla o viola al miglior prezzo. L'unico negozio dedicato esclusivamente ai fiori conservati. Approfitta della spedizione GRATUITA!","robots":{"index":"index","follow":"follow","max-snippet":"max-snippet:-1","max-image-preview":"max-image-preview:large","max-video-preview":"max-video-preview:-1"},"canonical":"https:\/\/rosaeterna.online\/it\/p\/rosa-stabilizzata-lilla\/","og_locale":"it_IT","og_type":"article","og_title":"Acquista il tuo Eternal Lilac Rose economico da Rosaeterna.online","og_description":"Acquista la tua rosa perenne lilla o viola al miglior prezzo. L'unico negozio dedicato esclusivamente ai fiori conservati. Approfitta della spedizione GRATUITA!","og_url":"https:\/\/rosaeterna.online\/it\/p\/rosa-stabilizzata-lilla\/","og_site_name":"Rosa Eterna","article_modified_time":"2024-12-22T12:33:23+00:00","og_image":[{"width":2036,"height":2560,"url":"https:\/\/rosaeterna.online\/wp-content\/uploads\/2018\/04\/rosa-eterna-lila-1-scaled.jpg","type":"image\/jpeg"}],"twitter_card":"summary_large_image","twitter_misc":{"Tempo di lettura stimato":"1 minuto"},"schema":{"@context":"https:\/\/schema.org","@graph":[{"@type":"WebPage","@id":"https:\/\/rosaeterna.online\/it\/p\/rosa-stabilizzata-lilla\/","url":"https:\/\/rosaeterna.online\/it\/p\/rosa-stabilizzata-lilla\/","name":"Acquista il tuo Eternal Lilac Rose economico da Rosaeterna.online","isPartOf":{"@id":"https:\/\/rosaeterna.online\/it\/#website"},"primaryImageOfPage":{"@id":"https:\/\/rosaeterna.online\/it\/p\/rosa-stabilizzata-lilla\/#primaryimage"},"image":{"@id":"https:\/\/rosaeterna.online\/it\/p\/rosa-stabilizzata-lilla\/#primaryimage"},"thumbnailUrl":"https:\/\/rosaeterna.online\/wp-content\/uploads\/2018\/04\/rosa-eterna-lila-1-scaled.jpg","datePublished":"2024-07-03T13:32:26+00:00","dateModified":"2024-12-22T12:33:23+00:00","description":"Acquista la tua rosa perenne lilla o viola al miglior prezzo. L'unico negozio dedicato esclusivamente ai fiori conservati. Approfitta della spedizione GRATUITA!","breadcrumb":{"@id":"https:\/\/rosaeterna.online\/it\/p\/rosa-stabilizzata-lilla\/#breadcrumb"},"inLanguage":"it-IT","potentialAction":[{"@type":"ReadAction","target":["https:\/\/rosaeterna.online\/it\/p\/rosa-stabilizzata-lilla\/"]}]},{"@type":"ImageObject","inLanguage":"it-IT","@id":"https:\/\/rosaeterna.online\/it\/p\/rosa-stabilizzata-lilla\/#primaryimage","url":"https:\/\/rosaeterna.online\/wp-content\/uploads\/2018\/04\/rosa-eterna-lila-1-scaled.jpg","contentUrl":"https:\/\/rosaeterna.online\/wp-content\/uploads\/2018\/04\/rosa-eterna-lila-1-scaled.jpg","width":2036,"height":2560,"caption":"rosa lilla eterna"},{"@type":"BreadcrumbList","@id":"https:\/\/rosaeterna.online\/it\/p\/rosa-stabilizzata-lilla\/#breadcrumb","itemListElement":[{"@type":"ListItem","position":1,"name":"Portada","item":"https:\/\/rosaeterna.online\/it\/"},{"@type":"ListItem","position":2,"name":"Prodotti","item":"https:\/\/rosaeterna.online\/it\/negozio\/"},{"@type":"ListItem","position":3,"name":"Rosa lilla perenne"}]},{"@type":"WebSite","@id":"https:\/\/rosaeterna.online\/it\/#website","url":"https:\/\/rosaeterna.online\/it\/","name":"Rosa Eterna","description":"Haz que dure","potentialAction":[{"@type":"SearchAction","target":{"@type":"EntryPoint","urlTemplate":"https:\/\/rosaeterna.online\/it\/?s={search_term_string}"},"query-input":{"@type":"PropertyValueSpecification","valueRequired":true,"valueName":"search_term_string"}}],"inLanguage":"it-IT"}]}},"uagb_featured_image_src":{"full":["https:\/\/rosaeterna.online\/wp-content\/uploads\/2018\/04\/rosa-eterna-lila-1-scaled.jpg",2036,2560,false],"thumbnail":["https:\/\/rosaeterna.online\/wp-content\/uploads\/2018\/04\/rosa-eterna-lila-1-150x150.jpg",150,150,true],"medium":["https:\/\/rosaeterna.online\/wp-content\/uploads\/2018\/04\/rosa-eterna-lila-1-239x300.jpg",239,300,true],"medium_large":["https:\/\/rosaeterna.online\/wp-content\/uploads\/2018\/04\/rosa-eterna-lila-1-768x966.jpg",768,966,true],"large":["https:\/\/rosaeterna.online\/wp-content\/uploads\/2018\/04\/rosa-eterna-lila-1-814x1024.jpg",814,1024,true],"1536x1536":["https:\/\/rosaeterna.online\/wp-content\/uploads\/2018\/04\/rosa-eterna-lila-1-scaled.jpg",1222,1536,false],"2048x2048":["https:\/\/rosaeterna.online\/wp-content\/uploads\/2018\/04\/rosa-eterna-lila-1-scaled.jpg",1629,2048,false],"blog-isotope":["https:\/\/rosaeterna.online\/wp-content\/uploads\/2018\/04\/rosa-eterna-lila-1-scaled.jpg",398,500,false],"woocommerce_thumbnail":["https:\/\/rosaeterna.online\/wp-content\/uploads\/2018\/04\/rosa-eterna-lila-1-350x435.jpg",350,435,true],"woocommerce_single":["https:\/\/rosaeterna.online\/wp-content\/uploads\/2018\/04\/rosa-eterna-lila-1-920x1157.jpg",920,1157,true],"woocommerce_gallery_thumbnail":["https:\/\/rosaeterna.online\/wp-content\/uploads\/2018\/04\/rosa-eterna-lila-1-100x100.jpg",100,100,true],"eh_logo_image_size":["https:\/\/rosaeterna.online\/wp-content\/uploads\/2018\/04\/rosa-eterna-lila-1-scaled.jpg",72,90,false],"eh_header_image_size":["https:\/\/rosaeterna.online\/wp-content\/uploads\/2018\/04\/rosa-eterna-lila-1-scaled.jpg",72,90,false],"wcpr-photo-reviews":["https:\/\/rosaeterna.online\/wp-content\/uploads\/2018\/04\/rosa-eterna-lila-1-scaled.jpg",398,500,false]},"uagb_author_info":{"display_name":"Fran","author_link":"https:\/\/rosaeterna.online\/it"},"uagb_comment_info":1,"uagb_excerpt":"Una bellissima rosa eterna lilla, di cui amerai la consistenza e l'eccellente finitura, che ti accompagner\u00e0 per molto tempo! Approfitta della nostra spedizione gratuita.","_links":{"self":[{"href":"https:\/\/rosaeterna.online\/it\/wp-json\/wp\/v2\/product\/10680","targetHints":{"allow":["GET"]}}],"collection":[{"href":"https:\/\/rosaeterna.online\/it\/wp-json\/wp\/v2\/product"}],"about":[{"href":"https:\/\/rosaeterna.online\/it\/wp-json\/wp\/v2\/types\/product"}],"replies":[{"embeddable":true,"href":"https:\/\/rosaeterna.online\/it\/wp-json\/wp\/v2\/comments?post=10680"}],"wp:featuredmedia":[{"embeddable":true,"href":"https:\/\/rosaeterna.online\/it\/wp-json\/wp\/v2\/media\/8889"}],"wp:attachment":[{"href":"https:\/\/rosaeterna.online\/it\/wp-json\/wp\/v2\/media?parent=10680"}],"wp:term":[{"taxonomy":"product_brand","embeddable":true,"href":"https:\/\/rosaeterna.online\/it\/wp-json\/wp\/v2\/product_brand?post=10680"},{"taxonomy":"product_cat","embeddable":true,"href":"https:\/\/rosaeterna.online\/it\/wp-json\/wp\/v2\/product_cat?post=10680"},{"taxonomy":"product_tag","embeddable":true,"href":"https:\/\/rosaeterna.online\/it\/wp-json\/wp\/v2\/product_tag?post=10680"}],"curies":[{"name":"wp","href":"https:\/\/api.w.org\/{rel}","templated":true}]}}