{"id":10655,"date":"2018-01-16T20:44:56","date_gmt":"2018-01-16T20:44:56","guid":{"rendered":"https:\/\/rosaeterna.online\/legal\/"},"modified":"2024-08-29T16:09:14","modified_gmt":"2024-08-29T16:09:14","slug":"legal","status":"publish","type":"page","link":"https:\/\/rosaeterna.online\/it\/legal\/","title":{"rendered":"Avviso legale"},"content":{"rendered":"\n<h2 class=\"wp-block-heading\"><strong>Informazioni sulla persona responsabile<\/strong><\/h2>\n\n<ul class=\"wp-block-list\">\n<li><strong>Identit\u00e0 del responsabile: <\/strong>Fran Murillo<\/li>\n\n\n\n<li><strong>Nome commerciale:<\/strong> Fidcommerce SL<\/li>\n\n\n\n<li><strong>NIF\/CIF:<\/strong> 44333175P \/ B75121103<\/li>\n\n\n\n<li><strong>Indirizzo:<\/strong> Avda.\nFelipe IV N\u00ba1 6C, Donostia (20011, Spagna) <\/li>\n\n\n\n<li><strong>E-mail:<\/strong> hola@rosaeterna.online<\/li>\n<\/ul>\n\n<p>In questo spazio, l&#8217;utente potr\u00e0 trovare tutte le informazioni relative ai termini e alle condizioni legali che definiscono il rapporto tra gli utenti e me in qualit\u00e0 di responsabile di questo sito web.\nIn quanto utente, \u00e8 importante che tu sia a conoscenza di questi termini prima di continuare la tua navigazione. <\/p>\n\n<p>Fran Murillo, a nome di Fidcommerce SL e in qualit\u00e0 di responsabile di questo sito web, mi impegno a trattare le informazioni dei miei utenti e clienti con piena garanzia e a rispettare i requisiti nazionali ed europei che regolano la raccolta e l&#8217;utilizzo dei dati personali dei miei utenti.<\/p>\n\n<p>Questo sito web, pertanto, rispetta rigorosamente la Legge Organica 15\/1999, del 13 dicembre, sulla Protezione dei Dati Personali (LOPD), e il Decreto Reale 1720\/2007, del 21 dicembre, noto come Regolamento per lo sviluppo della LOPD.\n\u00c8 inoltre conforme al Regolamento (UE) 2016\/679 del Parlamento europeo e del Consiglio, del 27 aprile 2016, sulla protezione delle persone fisiche (RGPD) e alla Legge 34\/2002, dell&#8217;11 luglio, sui Servizi della Societ\u00e0 dell&#8217;Informazione e del Commercio Elettronico (LSSICE o LSSI). <\/p>\n\n<h2 class=\"wp-block-heading\"><strong>Condizioni generali di utilizzo<\/strong><\/h2>\n\n<p>I presenti Termini e Condizioni Generali regolano l&#8217;utilizzo (incluso il semplice accesso) delle pagine web del sito Fidcommerce, inclusi i contenuti e i servizi resi disponibili su di esse.\nChiunque acceda al sito web rosaeterna.online (&#8220;utente&#8221;) accetta di essere vincolato ai Termini e Condizioni Generali in vigore in qualsiasi momento sul portale https:\/\/rosaeterna.online\/. <\/p>\n\n<h2 class=\"wp-block-heading\"><strong>I dati personali che raccolgo e come li raccolgo<\/strong><\/h2>\n\n<p>Leggi l&#8217;informativa sulla privacy.<\/p>\n\n<h2 class=\"wp-block-heading\"><strong>Impegni e obblighi degli utenti<\/strong><\/h2>\n\n<p>L&#8217;utente \u00e8 informato e accetta che l&#8217;accesso a questo sito web non implica, in alcun modo, l&#8217;inizio di un rapporto commerciale con Fidcommerce.\nIn questo modo, l&#8217;utente si impegna a utilizzare il sito web, i suoi servizi e i suoi contenuti senza contravvenire alla legislazione vigente, alla buona fede e all&#8217;ordine pubblico. <\/p>\n\n<p>\u00c8 vietato utilizzare il sito web per scopi illeciti o dannosi, o in qualsiasi modo che possa causare danni o impedire il normale funzionamento del sito web.\nPer quanto riguarda i contenuti di questo sito web, \u00e8 vietato: <\/p>\n\n<ul class=\"wp-block-list\">\n<li>Riproduzione, distribuzione o modifica, totale o parziale, se non autorizzata da me in qualit\u00e0 di legittimo proprietario;<\/li>\n\n\n\n<li>Qualsiasi violazione dei diritti del provider o di me in quanto legittimo proprietario;<\/li>\n\n\n\n<li>Il loro utilizzo per scopi commerciali o pubblicitari.<\/li>\n<\/ul>\n\n<p>Nell&#8217;utilizzo del sito https:\/\/rosaeterna.online\/ l&#8217;utente si impegna a non porre <strong>in<\/strong> essere <strong>alcun comportamento<\/strong> che possa ledere l&#8217;immagine, gli interessi e i diritti di Fidcommerce o di terzi o che possa danneggiare, rendere inutilizzabile o sovraccaricare il portale https:\/\/rosaeterna.online\/ o che possa impedire, in qualsiasi modo, il normale utilizzo del sito.<\/p>\n\n<p>Tuttavia, l&#8217;utente deve essere consapevole che le misure di sicurezza dei sistemi informatici su Internet non sono del tutto affidabili e che, pertanto, https:\/\/rosaeterna.online\/ non pu\u00f2 garantire l&#8217;inesistenza di malware o di altri elementi che possano causare alterazioni nei sistemi informatici (software e hardware) dell&#8217;utente o nei suoi documenti elettronici e nei file in essi contenuti, sebbene siano stati adottati tutti i mezzi necessari e le misure di sicurezza appropriate per evitare la presenza di questi elementi dannosi.<\/p>\n\n<h2 class=\"wp-block-heading\"><strong>Misure di sicurezza<\/strong><\/h2>\n\n<p>I dati personali comunicati dall&#8217;utente potranno essere conservati in database automatizzati e non, la cui titolarit\u00e0 corrisponde esclusivamente a Fran Murillo, il quale si assume tutte le misure tecniche, organizzative e di sicurezza che garantiscono la riservatezza, l&#8217;integrit\u00e0 e la qualit\u00e0 delle informazioni ivi contenute in conformit\u00e0 a quanto previsto dalla normativa vigente in materia di protezione dei dati personali. La comunicazione tra gli utenti e https:\/\/vicampuzano.com si avvale di un canale sicuro e i dati trasmessi sono criptati grazie ai protocolli https, pertanto garantisco le migliori condizioni di sicurezza per assicurare la riservatezza degli utenti.<\/p>\n\n<h2 class=\"wp-block-heading\"><strong>Piattaforma di risoluzione dei conflitti<\/strong><\/h2>\n\n<p>Metto inoltre a disposizione degli utenti la piattaforma di risoluzione delle controversie messa a disposizione dalla Commissione Europea, disponibile al seguente link: <a href=\"http:\/\/ec.europa.eu\/consumers\/odr\/\">http:\/\/ec.europa.eu\/consumers\/odr\/.<\/a><\/p>\n\n<h2 class=\"wp-block-heading\"><strong>Diritti di propriet\u00e0 intellettuale e industriale<\/strong><\/h2>\n\n<p>Ai sensi degli articoli 8 e 32.1, secondo comma, della Legge sulla Propriet\u00e0 Intellettuale, sono espressamente vietate la riproduzione, la distribuzione e la comunicazione pubblica, compresa la messa a disposizione, di tutti o parte dei contenuti di questo sito web, a fini commerciali, su qualsiasi supporto e con qualsiasi mezzo tecnico, senza l&#8217;autorizzazione di Fidcommerce.\nL&#8217;utente si impegna a rispettare i diritti di propriet\u00e0 intellettuale e industriale di Fidcommerce. <\/p>\n\n<p>L&#8217;utente riconosce e accetta che l&#8217;intero sito web, inclusi, a titolo esemplificativo ma non esaustivo, testi, software, contenuti (compresa la struttura, la selezione, la disposizione e la presentazione degli stessi), podcast, fotografie, materiale audiovisivo e grafica, \u00e8 protetto da marchi, diritti d&#8217;autore e altri diritti legittimi, in conformit\u00e0 ai trattati internazionali di cui la Spagna \u00e8 parte e ad altri diritti di propriet\u00e0 e leggi spagnole.<\/p>\n\n<p>Nel caso in cui un utente o una terza parte ritenga che vi sia stata una violazione dei propri legittimi diritti di propriet\u00e0 intellettuale a causa dell&#8217;introduzione di determinati contenuti sul sito web, dovr\u00e0 notificare tale circostanza a Fidcommerce indicando:<\/p>\n\n<ul class=\"wp-block-list\">\n<li>I dati personali dell&#8217;interessato che \u00e8 il titolare dei diritti presumibilmente violati, o indicare la rappresentanza sotto la quale agisce nel caso in cui il reclamo sia presentato da un terzo diverso dall&#8217;interessato.<\/li>\n\n\n\n<li>Indicare i contenuti protetti da diritti di propriet\u00e0 intellettuale e la loro collocazione sul sito web, l&#8217;accreditamento dei diritti di propriet\u00e0 intellettuale indicati e una dichiarazione esplicita in cui l&#8217;interessato si assume la responsabilit\u00e0 della veridicit\u00e0 delle informazioni fornite nella notifica.<\/li>\n<\/ul>\n\n<h2 class=\"wp-block-heading\"><strong>Diritto di recesso<\/strong><\/h2>\n\n<ul class=\"wp-block-list\">\n<li>Il cliente ha il diritto di recedere dal contratto senza fornire alcuna motivazione entro 14 giorni di calendario dal ricevimento del prodotto.<\/li>\n\n\n\n<li><span style=\"font-size: 1rem;\">Gli articoli devono essere in perfette condizioni.<\/span><\/li>\n\n\n\n<li>Per richiedere un reso devi inviare un&#8217;e-mail a <span style=\"font-size: 1rem;\">hola@rosaeterna.online indicando nell&#8217;oggetto il numero dell&#8217;ordine. <\/span> <\/li>\n\n\n\n<li>Dopo aver verificato i dati e al fine di garantire che la merce restituita arrivi in buone condizioni presso la nostra sede, invieremo un corriere a ritirare il pacco entro 24-72 ore lavorative.<\/li>\n\n\n\n<li>L&#8217;importo corrispondente agli articoli da restituire sar\u00e0 rimborsato, le spese di spedizione e di restituzione (9\u20ac) non saranno rimborsate.<\/li>\n\n\n\n<li>Il rimborso verr\u00e0 effettuato una volta ricevuto l&#8217;ordine presso la nostra sede e verificato che sia in perfette condizioni.\nIl rimborso verr\u00e0 effettuato con lo stesso mezzo con cui \u00e8 stato effettuato l&#8217;ordine (carta di credito, PayPal e\/o bonifico) e scontando le spese di gestione applicate dalla piattaforma di pagamento (Stripe, Paypal o Paycomet). <\/li>\n\n\n\n<li>Nel caso in cui l&#8217;articolo arrivi danneggiato \u00e8 necessario avvisare la reception in modo da poter inviare un nuovo pacco, altrimenti non potremo reclamare alla compagnia di trasporto e la compagnia non sar\u00e0 responsabile.<\/li>\n<\/ul>\n\n<h2 class=\"wp-block-heading\"><strong>Collegamenti esterni<\/strong><\/h2>\n\n<p>Le pagine del sito web https:\/\/rosaeterna.online\/ contengono link ad altri siti web e contenuti di propriet\u00e0 di terzi, come ad esempio:<\/p>\n\n<ul class=\"wp-block-list\">\n<li>Risorse<\/li>\n\n\n\n<li>Contenuti di altri blog<\/li>\n<\/ul>\n\n<h2 class=\"wp-block-heading\"><strong>Esclusione di garanzie e responsabilit\u00e0<\/strong><\/h2>\n\n<p><strong>Fran Murillo, Fidcommerce, non concede alcuna garanzia e non \u00e8 responsabile, in nessun caso, per danni di qualsiasi natura che possano essere causati da:<\/strong><\/p>\n\n<ul class=\"wp-block-list\">\n<li>La mancanza di disponibilit\u00e0, manutenzione e funzionamento efficace del sito web o dei suoi servizi e contenuti;<\/li>\n\n\n\n<li>L&#8217;esistenza di malware, programmi dannosi o nocivi nei contenuti;<\/li>\n\n\n\n<li>Uso illegale, negligente, fraudolento o contrario al presente Avviso Legale;<\/li>\n\n\n\n<li>La mancanza di legalit\u00e0, qualit\u00e0, affidabilit\u00e0, utilit\u00e0 e disponibilit\u00e0 dei servizi forniti da terzi e resi disponibili agli utenti sul sito web.<\/li>\n\n\n\n<li>Il fornitore non si assume alcuna responsabilit\u00e0 per eventuali danni derivanti da un uso illegale o improprio di questo sito web.<\/li>\n<\/ul>\n\n<h2 class=\"wp-block-heading\"><strong>Legge applicabile e giurisdizione<\/strong><\/h2>\n\n<p>In generale, i rapporti tra Fidcommerce e gli utenti dei suoi servizi telematici su questo sito sono soggetti alla legislazione e alla giurisdizione spagnola e ai tribunali di Guip\u00fazcoa.<\/p>\n\n<h2 class=\"wp-block-heading\"><strong>Contatto<\/strong><\/h2>\n\n<p>Per qualsiasi domanda sulle presenti Condizioni Legali o per qualsiasi commento sul portale https:\/\/rosaeterna.online\/, gli utenti possono contattare hola@rosaeterna.online.<\/p>\n","protected":false},"excerpt":{"rendered":"<p>Informazioni sulla persona responsabile In questo spazio, l&#8217;utente potr\u00e0 trovare tutte le informazioni relative ai termini e alle condizioni legali che definiscono il rapporto tra gli utenti e me in qualit\u00e0 di responsabile di questo sito web. In quanto utente, \u00e8 importante che tu sia a conoscenza di questi termini prima di continuare la tua [&hellip;]<\/p>\n","protected":false},"author":1,"featured_media":0,"parent":0,"menu_order":0,"comment_status":"closed","ping_status":"closed","template":"","meta":{"_uag_custom_page_level_css":"","_joinchat":[],"footnotes":""},"class_list":["post-10655","page","type-page","status-publish","hentry"],"yoast_head":"<!-- This site is optimized with the Yoast SEO plugin v25.0 - https:\/\/yoast.com\/wordpress\/plugins\/seo\/ -->\n<title>Avviso legale - Rosa Eterna<\/title>\n<meta name=\"robots\" content=\"noindex, follow\" \/>\n<meta property=\"og:locale\" content=\"it_IT\" \/>\n<meta property=\"og:type\" content=\"article\" \/>\n<meta property=\"og:title\" content=\"Avviso legale - Rosa Eterna\" \/>\n<meta property=\"og:description\" content=\"Informazioni sulla persona responsabile In questo spazio, l&#8217;utente potr\u00e0 trovare tutte le informazioni relative ai termini e alle condizioni legali che definiscono il rapporto tra gli utenti e me in qualit\u00e0 di responsabile di questo sito web. In quanto utente, \u00e8 importante che tu sia a conoscenza di questi termini prima di continuare la tua [&hellip;]\" \/>\n<meta property=\"og:url\" content=\"https:\/\/rosaeterna.online\/it\/legal\/\" \/>\n<meta property=\"og:site_name\" content=\"Rosa Eterna\" \/>\n<meta property=\"article:modified_time\" content=\"2024-08-29T16:09:14+00:00\" \/>\n<meta name=\"twitter:card\" content=\"summary_large_image\" \/>\n<meta name=\"twitter:label1\" content=\"Tempo di lettura stimato\" \/>\n\t<meta name=\"twitter:data1\" content=\"6 minuti\" \/>\n<!-- \/ Yoast SEO plugin. -->","yoast_head_json":{"title":"Avviso legale - Rosa Eterna","robots":{"index":"noindex","follow":"follow"},"og_locale":"it_IT","og_type":"article","og_title":"Avviso legale - Rosa Eterna","og_description":"Informazioni sulla persona responsabile In questo spazio, l&#8217;utente potr\u00e0 trovare tutte le informazioni relative ai termini e alle condizioni legali che definiscono il rapporto tra gli utenti e me in qualit\u00e0 di responsabile di questo sito web. In quanto utente, \u00e8 importante che tu sia a conoscenza di questi termini prima di continuare la tua [&hellip;]","og_url":"https:\/\/rosaeterna.online\/it\/legal\/","og_site_name":"Rosa Eterna","article_modified_time":"2024-08-29T16:09:14+00:00","twitter_card":"summary_large_image","twitter_misc":{"Tempo di lettura stimato":"6 minuti"},"schema":{"@context":"https:\/\/schema.org","@graph":[{"@type":"WebPage","@id":"https:\/\/rosaeterna.online\/it\/legal\/","url":"https:\/\/rosaeterna.online\/it\/legal\/","name":"Avviso legale - Rosa Eterna","isPartOf":{"@id":"https:\/\/rosaeterna.online\/it\/#website"},"datePublished":"2018-01-16T20:44:56+00:00","dateModified":"2024-08-29T16:09:14+00:00","breadcrumb":{"@id":"https:\/\/rosaeterna.online\/it\/legal\/#breadcrumb"},"inLanguage":"it-IT","potentialAction":[{"@type":"ReadAction","target":["https:\/\/rosaeterna.online\/it\/legal\/"]}]},{"@type":"BreadcrumbList","@id":"https:\/\/rosaeterna.online\/it\/legal\/#breadcrumb","itemListElement":[{"@type":"ListItem","position":1,"name":"Portada","item":"https:\/\/rosaeterna.online\/it\/"},{"@type":"ListItem","position":2,"name":"Avviso legale"}]},{"@type":"WebSite","@id":"https:\/\/rosaeterna.online\/it\/#website","url":"https:\/\/rosaeterna.online\/it\/","name":"Rosa Eterna","description":"Haz que dure","potentialAction":[{"@type":"SearchAction","target":{"@type":"EntryPoint","urlTemplate":"https:\/\/rosaeterna.online\/it\/?s={search_term_string}"},"query-input":{"@type":"PropertyValueSpecification","valueRequired":true,"valueName":"search_term_string"}}],"inLanguage":"it-IT"}]}},"uagb_featured_image_src":{"full":false,"thumbnail":false,"medium":false,"medium_large":false,"large":false,"1536x1536":false,"2048x2048":false,"blog-isotope":false,"woocommerce_thumbnail":false,"woocommerce_single":false,"woocommerce_gallery_thumbnail":false,"eh_logo_image_size":false,"eh_header_image_size":false,"wcpr-photo-reviews":false},"uagb_author_info":{"display_name":"Fran","author_link":"https:\/\/rosaeterna.online\/it"},"uagb_comment_info":0,"uagb_excerpt":"Informazioni sulla persona responsabile In questo spazio, l&#8217;utente potr\u00e0 trovare tutte le informazioni relative ai termini e alle condizioni legali che definiscono il rapporto tra gli utenti e me in qualit\u00e0 di responsabile di questo sito web. In quanto utente, \u00e8 importante che tu sia a conoscenza di questi termini prima di continuare la tua&hellip;","_links":{"self":[{"href":"https:\/\/rosaeterna.online\/it\/wp-json\/wp\/v2\/pages\/10655","targetHints":{"allow":["GET"]}}],"collection":[{"href":"https:\/\/rosaeterna.online\/it\/wp-json\/wp\/v2\/pages"}],"about":[{"href":"https:\/\/rosaeterna.online\/it\/wp-json\/wp\/v2\/types\/page"}],"author":[{"embeddable":true,"href":"https:\/\/rosaeterna.online\/it\/wp-json\/wp\/v2\/users\/1"}],"replies":[{"embeddable":true,"href":"https:\/\/rosaeterna.online\/it\/wp-json\/wp\/v2\/comments?post=10655"}],"version-history":[{"count":2,"href":"https:\/\/rosaeterna.online\/it\/wp-json\/wp\/v2\/pages\/10655\/revisions"}],"predecessor-version":[{"id":19079,"href":"https:\/\/rosaeterna.online\/it\/wp-json\/wp\/v2\/pages\/10655\/revisions\/19079"}],"wp:attachment":[{"href":"https:\/\/rosaeterna.online\/it\/wp-json\/wp\/v2\/media?parent=10655"}],"curies":[{"name":"wp","href":"https:\/\/api.w.org\/{rel}","templated":true}]}}