{"id":19300,"date":"2022-12-19T15:08:24","date_gmt":"2022-12-19T15:08:24","guid":{"rendered":"https:\/\/dev.rosaeterna.online\/producto\/bouquet-de-mariage\/"},"modified":"2024-10-21T21:08:31","modified_gmt":"2024-10-21T21:08:31","slug":"bouquet-de-mariage","status":"publish","type":"product","link":"https:\/\/rosaeterna.online\/fr\/p\/bouquet-de-mariage\/","title":{"rendered":"Bouquet de mariage"},"content":{"rendered":"<p>Oui, nous savons que Mariage ne s&#8217;\u00e9crit pas comme \u00e7a, mais nous sommes tr\u00e8s innovants, presque autant que lorsque nous avons cr\u00e9\u00e9 ce <a href=\"https:\/\/rosaeterna.online\/tipo\/bodas\/ramos-novia\/\"><strong>bouquet de mari\u00e9e<\/strong><\/a> si cool. Passe ta commande maintenant et <strong>re\u00e7ois-la GRATUITEMENT<\/strong> en 3-4 jours ouvrables, et si tu es press\u00e9, nous te l&#8217;enverrons en 24-48 heures pour seulement 5,45 euros de plus.<br \/>\nTu as des questions ?<br \/>\nContacte-nous, <strong>nous te r\u00e9pondrons dans les plus brefs d\u00e9lais<\/strong>.  <\/p>\n","protected":false},"excerpt":{"rendered":"<p>Un bouquet de mari\u00e9e super cool, c&#8217;est l&#8217;un de mes pr\u00e9f\u00e9r\u00e9s et j&#8217;esp\u00e8re qu&#8217;il te plaira aussi.<br \/>\nProfite de notre livraison <strong>GRATUITE<\/strong>\ud83d\ude09 <\/p>\n","protected":false},"featured_media":16845,"comment_status":"closed","ping_status":"closed","template":"","meta":{"_uag_custom_page_level_css":"","_joinchat":[]},"product_brand":[],"product_cat":[244,243,102],"product_tag":[],"class_list":{"0":"post-19300","1":"product","2":"type-product","3":"status-publish","4":"has-post-thumbnail","6":"product_cat-bouquets-de-mariee-conserves","7":"product_cat-mariages","8":"product_cat-bouquet-de-fleurs-eternelles","10":"first","11":"instock","12":"taxable","13":"shipping-taxable","14":"purchasable","15":"product-type-simple","16":"add-to-wishlist-after_add_to_cart"},"yoast_head":"<!-- This site is optimized with the Yoast SEO plugin v25.0 - https:\/\/yoast.com\/wordpress\/plugins\/seo\/ -->\n<title>Bouquet de mariage - Rosa Eterna<\/title>\n<meta name=\"robots\" content=\"index, follow, max-snippet:-1, max-image-preview:large, max-video-preview:-1\" \/>\n<link rel=\"canonical\" href=\"https:\/\/rosaeterna.online\/fr\/p\/bouquet-de-mariage\/\" \/>\n<meta property=\"og:locale\" content=\"fr_FR\" \/>\n<meta property=\"og:type\" content=\"article\" \/>\n<meta property=\"og:title\" content=\"Bouquet de mariage - Rosa Eterna\" \/>\n<meta property=\"og:description\" content=\"Un bouquet de mari\u00e9e super cool, c&#039;est l&#039;un de mes pr\u00e9f\u00e9r\u00e9s et j&#039;esp\u00e8re qu&#039;il te plaira aussi. Profite de notre livraison GRATUITE;)\" \/>\n<meta property=\"og:url\" content=\"https:\/\/rosaeterna.online\/fr\/p\/bouquet-de-mariage\/\" \/>\n<meta property=\"og:site_name\" content=\"Rosa Eterna\" \/>\n<meta property=\"article:modified_time\" content=\"2024-10-21T21:08:31+00:00\" \/>\n<meta property=\"og:image\" content=\"https:\/\/rosaeterna.online\/wp-content\/uploads\/2022\/12\/IMG_3378.jpg\" \/>\n\t<meta property=\"og:image:width\" content=\"800\" \/>\n\t<meta property=\"og:image:height\" content=\"1092\" \/>\n\t<meta property=\"og:image:type\" content=\"image\/jpeg\" \/>\n<meta name=\"twitter:card\" content=\"summary_large_image\" \/>\n<!-- \/ Yoast SEO plugin. -->","yoast_head_json":{"title":"Bouquet de mariage - Rosa Eterna","robots":{"index":"index","follow":"follow","max-snippet":"max-snippet:-1","max-image-preview":"max-image-preview:large","max-video-preview":"max-video-preview:-1"},"canonical":"https:\/\/rosaeterna.online\/fr\/p\/bouquet-de-mariage\/","og_locale":"fr_FR","og_type":"article","og_title":"Bouquet de mariage - Rosa Eterna","og_description":"Un bouquet de mari\u00e9e super cool, c'est l'un de mes pr\u00e9f\u00e9r\u00e9s et j'esp\u00e8re qu'il te plaira aussi. Profite de notre livraison GRATUITE;)","og_url":"https:\/\/rosaeterna.online\/fr\/p\/bouquet-de-mariage\/","og_site_name":"Rosa Eterna","article_modified_time":"2024-10-21T21:08:31+00:00","og_image":[{"width":800,"height":1092,"url":"https:\/\/rosaeterna.online\/wp-content\/uploads\/2022\/12\/IMG_3378.jpg","type":"image\/jpeg"}],"twitter_card":"summary_large_image","schema":{"@context":"https:\/\/schema.org","@graph":[{"@type":"WebPage","@id":"https:\/\/rosaeterna.online\/fr\/p\/bouquet-de-mariage\/","url":"https:\/\/rosaeterna.online\/fr\/p\/bouquet-de-mariage\/","name":"Bouquet de mariage - Rosa Eterna","isPartOf":{"@id":"https:\/\/rosaeterna.online\/fr\/#website"},"primaryImageOfPage":{"@id":"https:\/\/rosaeterna.online\/fr\/p\/bouquet-de-mariage\/#primaryimage"},"image":{"@id":"https:\/\/rosaeterna.online\/fr\/p\/bouquet-de-mariage\/#primaryimage"},"thumbnailUrl":"https:\/\/rosaeterna.online\/wp-content\/uploads\/2022\/12\/IMG_3378.jpg","datePublished":"2022-12-19T15:08:24+00:00","dateModified":"2024-10-21T21:08:31+00:00","breadcrumb":{"@id":"https:\/\/rosaeterna.online\/fr\/p\/bouquet-de-mariage\/#breadcrumb"},"inLanguage":"fr-FR","potentialAction":[{"@type":"ReadAction","target":["https:\/\/rosaeterna.online\/fr\/p\/bouquet-de-mariage\/"]}]},{"@type":"ImageObject","inLanguage":"fr-FR","@id":"https:\/\/rosaeterna.online\/fr\/p\/bouquet-de-mariage\/#primaryimage","url":"https:\/\/rosaeterna.online\/wp-content\/uploads\/2022\/12\/IMG_3378.jpg","contentUrl":"https:\/\/rosaeterna.online\/wp-content\/uploads\/2022\/12\/IMG_3378.jpg","width":800,"height":1092,"caption":"bouquet de mariage"},{"@type":"BreadcrumbList","@id":"https:\/\/rosaeterna.online\/fr\/p\/bouquet-de-mariage\/#breadcrumb","itemListElement":[{"@type":"ListItem","position":1,"name":"Portada","item":"https:\/\/rosaeterna.online\/fr\/"},{"@type":"ListItem","position":2,"name":"Produits","item":"https:\/\/rosaeterna.online\/fr\/boutique\/"},{"@type":"ListItem","position":3,"name":"Bouquet de mariage"}]},{"@type":"WebSite","@id":"https:\/\/rosaeterna.online\/fr\/#website","url":"https:\/\/rosaeterna.online\/fr\/","name":"Rosa Eterna","description":"Haz que dure","potentialAction":[{"@type":"SearchAction","target":{"@type":"EntryPoint","urlTemplate":"https:\/\/rosaeterna.online\/fr\/?s={search_term_string}"},"query-input":{"@type":"PropertyValueSpecification","valueRequired":true,"valueName":"search_term_string"}}],"inLanguage":"fr-FR"}]}},"uagb_featured_image_src":{"full":["https:\/\/rosaeterna.online\/wp-content\/uploads\/2022\/12\/IMG_3378.jpg",800,1092,false],"thumbnail":["https:\/\/rosaeterna.online\/wp-content\/uploads\/2022\/12\/IMG_3378-150x150.jpg",150,150,true],"medium":["https:\/\/rosaeterna.online\/wp-content\/uploads\/2022\/12\/IMG_3378-220x300.jpg",220,300,true],"medium_large":["https:\/\/rosaeterna.online\/wp-content\/uploads\/2022\/12\/IMG_3378-768x1048.jpg",768,1048,true],"large":["https:\/\/rosaeterna.online\/wp-content\/uploads\/2022\/12\/IMG_3378-750x1024.jpg",750,1024,true],"1536x1536":["https:\/\/rosaeterna.online\/wp-content\/uploads\/2022\/12\/IMG_3378.jpg",800,1092,false],"2048x2048":["https:\/\/rosaeterna.online\/wp-content\/uploads\/2022\/12\/IMG_3378.jpg",800,1092,false],"blog-isotope":["https:\/\/rosaeterna.online\/wp-content\/uploads\/2022\/12\/IMG_3378.jpg",366,500,false],"woocommerce_thumbnail":["https:\/\/rosaeterna.online\/wp-content\/uploads\/2022\/12\/IMG_3378-350x435.jpg",350,435,true],"woocommerce_single":["https:\/\/rosaeterna.online\/wp-content\/uploads\/2022\/12\/IMG_3378.jpg",800,1092,false],"woocommerce_gallery_thumbnail":["https:\/\/rosaeterna.online\/wp-content\/uploads\/2022\/12\/IMG_3378-100x100.jpg",100,100,true],"eh_logo_image_size":["https:\/\/rosaeterna.online\/wp-content\/uploads\/2022\/12\/IMG_3378.jpg",66,90,false],"eh_header_image_size":["https:\/\/rosaeterna.online\/wp-content\/uploads\/2022\/12\/IMG_3378.jpg",66,90,false],"wcpr-photo-reviews":["https:\/\/rosaeterna.online\/wp-content\/uploads\/2022\/12\/IMG_3378.jpg",366,500,false]},"uagb_author_info":{"display_name":"Fran","author_link":"https:\/\/rosaeterna.online\/fr"},"uagb_comment_info":0,"uagb_excerpt":"Un bouquet de mari\u00e9e super cool, c'est l'un de mes pr\u00e9f\u00e9r\u00e9s et j'esp\u00e8re qu'il te plaira aussi. Profite de notre livraison GRATUITE;)","_links":{"self":[{"href":"https:\/\/rosaeterna.online\/fr\/wp-json\/wp\/v2\/product\/19300","targetHints":{"allow":["GET"]}}],"collection":[{"href":"https:\/\/rosaeterna.online\/fr\/wp-json\/wp\/v2\/product"}],"about":[{"href":"https:\/\/rosaeterna.online\/fr\/wp-json\/wp\/v2\/types\/product"}],"replies":[{"embeddable":true,"href":"https:\/\/rosaeterna.online\/fr\/wp-json\/wp\/v2\/comments?post=19300"}],"wp:featuredmedia":[{"embeddable":true,"href":"https:\/\/rosaeterna.online\/fr\/wp-json\/wp\/v2\/media\/16845"}],"wp:attachment":[{"href":"https:\/\/rosaeterna.online\/fr\/wp-json\/wp\/v2\/media?parent=19300"}],"wp:term":[{"taxonomy":"product_brand","embeddable":true,"href":"https:\/\/rosaeterna.online\/fr\/wp-json\/wp\/v2\/product_brand?post=19300"},{"taxonomy":"product_cat","embeddable":true,"href":"https:\/\/rosaeterna.online\/fr\/wp-json\/wp\/v2\/product_cat?post=19300"},{"taxonomy":"product_tag","embeddable":true,"href":"https:\/\/rosaeterna.online\/fr\/wp-json\/wp\/v2\/product_tag?post=19300"}],"curies":[{"name":"wp","href":"https:\/\/api.w.org\/{rel}","templated":true}]}}