{"id":15830,"date":"2019-03-07T11:37:28","date_gmt":"2019-03-07T11:37:28","guid":{"rendered":"https:\/\/rosaeterna.online\/producto\/bouquet-de-roses-noires-preservees\/"},"modified":"2024-10-21T23:16:56","modified_gmt":"2024-10-21T23:16:56","slug":"bouquet-de-roses-noires-preservees","status":"publish","type":"product","link":"https:\/\/rosaeterna.online\/fr\/p\/bouquet-de-roses-noires-preservees\/","title":{"rendered":"Bouquet de roses noires conserv\u00e9es"},"content":{"rendered":"<p>Les <a href=\"https:\/\/rosaeterna.online\/tipo\/ramo-flores-preservadas\/\">bouquets de fleurs conserv\u00e9es<\/a> sont tr\u00e8s tendance, et la raison principale en est la durabilit\u00e9 des <a href=\"https:\/\/rosaeterna.online\/fr\/\">roses lyophilis\u00e9es<\/a>.<br \/>\nSi tu choisis un bouquet commun, tu verras qu&#8217;au bout de deux semaines il sera fan\u00e9, alors que si tu ach\u00e8tes l&#8217;un des n\u00f4tres, il vivra en parfait \u00e9tat pendant plusieurs ann\u00e9es, n&#8217;est-ce pas formidable ?<br \/>\nCompte sur nous pour tes bouquets, nous serons ravis de te les confectionner avec tout notre amour et de les envoyer chez toi gratuitement.<br \/>\nSi tu as des questions, n&#8217;h\u00e9site pas \u00e0 nous contacter, nous t&#8217;attendons !   <\/p>\n","protected":false},"excerpt":{"rendered":"<p>Ach\u00e8te notre bouquet de roses noires conserv\u00e9es et oublie les fleurs fan\u00e9es au bout de deux semaines. Maintenant avec une <span style=\"color: #ff0000;\">livraison<\/span> <span style=\"color: #ff0000;\">GRATUITE<\/span>!<\/p>\n","protected":false},"featured_media":9048,"comment_status":"closed","ping_status":"closed","template":"","meta":{"_uag_custom_page_level_css":"","_joinchat":[]},"product_brand":[],"product_cat":[102,109],"product_tag":[],"class_list":{"0":"post-15830","1":"product","2":"type-product","3":"status-publish","4":"has-post-thumbnail","6":"product_cat-bouquet-de-fleurs-eternelles","7":"product_cat-bouquet-de-roses-eternelles","9":"first","10":"instock","11":"taxable","12":"shipping-taxable","13":"purchasable","14":"product-type-variable","15":"add-to-wishlist-after_add_to_cart"},"yoast_head":"<!-- This site is optimized with the Yoast SEO plugin v25.0 - https:\/\/yoast.com\/wordpress\/plugins\/seo\/ -->\n<title>Acheter Bouquet de Roses Noires Conserv\u00e9es | Rosaeterna.online<\/title>\n<meta name=\"description\" content=\"Ach\u00e8te ton bouquet de roses noires conserv\u00e9es au meilleur prix. Fais durer ton cadeau des ann\u00e9es en parfait \u00e9tat. nous t&#039;offrons la livraison gratuite !\" \/>\n<meta name=\"robots\" content=\"index, follow, max-snippet:-1, max-image-preview:large, max-video-preview:-1\" \/>\n<link rel=\"canonical\" href=\"https:\/\/rosaeterna.online\/fr\/p\/bouquet-de-roses-noires-preservees\/\" \/>\n<meta property=\"og:locale\" content=\"fr_FR\" \/>\n<meta property=\"og:type\" content=\"article\" \/>\n<meta property=\"og:title\" content=\"Acheter Bouquet de Roses Noires Conserv\u00e9es | Rosaeterna.online\" \/>\n<meta property=\"og:description\" content=\"Ach\u00e8te ton bouquet de roses noires conserv\u00e9es au meilleur prix. Fais durer ton cadeau des ann\u00e9es en parfait \u00e9tat. nous t&#039;offrons la livraison gratuite !\" \/>\n<meta property=\"og:url\" content=\"https:\/\/rosaeterna.online\/fr\/p\/bouquet-de-roses-noires-preservees\/\" \/>\n<meta property=\"og:site_name\" content=\"Rosa Eterna\" \/>\n<meta property=\"article:modified_time\" content=\"2024-10-21T23:16:56+00:00\" \/>\n<meta property=\"og:image\" content=\"https:\/\/rosaeterna.online\/wp-content\/uploads\/2019\/03\/ramo-rosas-preservadas-negras.jpeg\" \/>\n\t<meta property=\"og:image:width\" content=\"500\" \/>\n\t<meta property=\"og:image:height\" content=\"668\" \/>\n\t<meta property=\"og:image:type\" content=\"image\/jpeg\" \/>\n<meta name=\"twitter:card\" content=\"summary_large_image\" \/>\n<!-- \/ Yoast SEO plugin. -->","yoast_head_json":{"title":"Acheter Bouquet de Roses Noires Conserv\u00e9es | Rosaeterna.online","description":"Ach\u00e8te ton bouquet de roses noires conserv\u00e9es au meilleur prix. Fais durer ton cadeau des ann\u00e9es en parfait \u00e9tat. nous t'offrons la livraison gratuite !","robots":{"index":"index","follow":"follow","max-snippet":"max-snippet:-1","max-image-preview":"max-image-preview:large","max-video-preview":"max-video-preview:-1"},"canonical":"https:\/\/rosaeterna.online\/fr\/p\/bouquet-de-roses-noires-preservees\/","og_locale":"fr_FR","og_type":"article","og_title":"Acheter Bouquet de Roses Noires Conserv\u00e9es | Rosaeterna.online","og_description":"Ach\u00e8te ton bouquet de roses noires conserv\u00e9es au meilleur prix. Fais durer ton cadeau des ann\u00e9es en parfait \u00e9tat. nous t'offrons la livraison gratuite !","og_url":"https:\/\/rosaeterna.online\/fr\/p\/bouquet-de-roses-noires-preservees\/","og_site_name":"Rosa Eterna","article_modified_time":"2024-10-21T23:16:56+00:00","og_image":[{"width":500,"height":668,"url":"https:\/\/rosaeterna.online\/wp-content\/uploads\/2019\/03\/ramo-rosas-preservadas-negras.jpeg","type":"image\/jpeg"}],"twitter_card":"summary_large_image","schema":{"@context":"https:\/\/schema.org","@graph":[{"@type":"WebPage","@id":"https:\/\/rosaeterna.online\/fr\/p\/bouquet-de-roses-noires-preservees\/","url":"https:\/\/rosaeterna.online\/fr\/p\/bouquet-de-roses-noires-preservees\/","name":"Acheter Bouquet de Roses Noires Conserv\u00e9es | Rosaeterna.online","isPartOf":{"@id":"https:\/\/rosaeterna.online\/fr\/#website"},"primaryImageOfPage":{"@id":"https:\/\/rosaeterna.online\/fr\/p\/bouquet-de-roses-noires-preservees\/#primaryimage"},"image":{"@id":"https:\/\/rosaeterna.online\/fr\/p\/bouquet-de-roses-noires-preservees\/#primaryimage"},"thumbnailUrl":"https:\/\/rosaeterna.online\/wp-content\/uploads\/2019\/03\/ramo-rosas-preservadas-negras.jpeg","datePublished":"2019-03-07T11:37:28+00:00","dateModified":"2024-10-21T23:16:56+00:00","description":"Ach\u00e8te ton bouquet de roses noires conserv\u00e9es au meilleur prix. Fais durer ton cadeau des ann\u00e9es en parfait \u00e9tat. nous t'offrons la livraison gratuite !","breadcrumb":{"@id":"https:\/\/rosaeterna.online\/fr\/p\/bouquet-de-roses-noires-preservees\/#breadcrumb"},"inLanguage":"fr-FR","potentialAction":[{"@type":"ReadAction","target":["https:\/\/rosaeterna.online\/fr\/p\/bouquet-de-roses-noires-preservees\/"]}]},{"@type":"ImageObject","inLanguage":"fr-FR","@id":"https:\/\/rosaeterna.online\/fr\/p\/bouquet-de-roses-noires-preservees\/#primaryimage","url":"https:\/\/rosaeterna.online\/wp-content\/uploads\/2019\/03\/ramo-rosas-preservadas-negras.jpeg","contentUrl":"https:\/\/rosaeterna.online\/wp-content\/uploads\/2019\/03\/ramo-rosas-preservadas-negras.jpeg","width":500,"height":668,"caption":"bouquet de roses noires confites"},{"@type":"BreadcrumbList","@id":"https:\/\/rosaeterna.online\/fr\/p\/bouquet-de-roses-noires-preservees\/#breadcrumb","itemListElement":[{"@type":"ListItem","position":1,"name":"Portada","item":"https:\/\/rosaeterna.online\/fr\/"},{"@type":"ListItem","position":2,"name":"Produits","item":"https:\/\/rosaeterna.online\/fr\/boutique\/"},{"@type":"ListItem","position":3,"name":"Bouquet de roses noires conserv\u00e9es"}]},{"@type":"WebSite","@id":"https:\/\/rosaeterna.online\/fr\/#website","url":"https:\/\/rosaeterna.online\/fr\/","name":"Rosa Eterna","description":"Haz que dure","potentialAction":[{"@type":"SearchAction","target":{"@type":"EntryPoint","urlTemplate":"https:\/\/rosaeterna.online\/fr\/?s={search_term_string}"},"query-input":{"@type":"PropertyValueSpecification","valueRequired":true,"valueName":"search_term_string"}}],"inLanguage":"fr-FR"}]}},"uagb_featured_image_src":{"full":["https:\/\/rosaeterna.online\/wp-content\/uploads\/2019\/03\/ramo-rosas-preservadas-negras.jpeg",500,668,false],"thumbnail":["https:\/\/rosaeterna.online\/wp-content\/uploads\/2019\/03\/ramo-rosas-preservadas-negras-150x150.jpeg",150,150,true],"medium":["https:\/\/rosaeterna.online\/wp-content\/uploads\/2019\/03\/ramo-rosas-preservadas-negras-225x300.jpeg",225,300,true],"medium_large":["https:\/\/rosaeterna.online\/wp-content\/uploads\/2019\/03\/ramo-rosas-preservadas-negras.jpeg",500,668,false],"large":["https:\/\/rosaeterna.online\/wp-content\/uploads\/2019\/03\/ramo-rosas-preservadas-negras.jpeg",500,668,false],"1536x1536":["https:\/\/rosaeterna.online\/wp-content\/uploads\/2019\/03\/ramo-rosas-preservadas-negras.jpeg",500,668,false],"2048x2048":["https:\/\/rosaeterna.online\/wp-content\/uploads\/2019\/03\/ramo-rosas-preservadas-negras.jpeg",500,668,false],"blog-isotope":["https:\/\/rosaeterna.online\/wp-content\/uploads\/2019\/03\/ramo-rosas-preservadas-negras.jpeg",374,500,false],"woocommerce_thumbnail":["https:\/\/rosaeterna.online\/wp-content\/uploads\/2019\/03\/ramo-rosas-preservadas-negras-350x435.jpeg",350,435,true],"woocommerce_single":["https:\/\/rosaeterna.online\/wp-content\/uploads\/2019\/03\/ramo-rosas-preservadas-negras.jpeg",500,668,false],"woocommerce_gallery_thumbnail":["https:\/\/rosaeterna.online\/wp-content\/uploads\/2019\/03\/ramo-rosas-preservadas-negras-100x100.jpeg",100,100,true],"eh_logo_image_size":["https:\/\/rosaeterna.online\/wp-content\/uploads\/2019\/03\/ramo-rosas-preservadas-negras.jpeg",67,90,false],"eh_header_image_size":["https:\/\/rosaeterna.online\/wp-content\/uploads\/2019\/03\/ramo-rosas-preservadas-negras.jpeg",67,90,false],"wcpr-photo-reviews":["https:\/\/rosaeterna.online\/wp-content\/uploads\/2019\/03\/ramo-rosas-preservadas-negras.jpeg",374,500,false]},"uagb_author_info":{"display_name":"Fran","author_link":"https:\/\/rosaeterna.online\/fr"},"uagb_comment_info":0,"uagb_excerpt":"Ach\u00e8te notre bouquet de roses noires conserv\u00e9es et oublie les fleurs fan\u00e9es au bout de deux semaines. Maintenant avec une livraison GRATUITE!","_links":{"self":[{"href":"https:\/\/rosaeterna.online\/fr\/wp-json\/wp\/v2\/product\/15830","targetHints":{"allow":["GET"]}}],"collection":[{"href":"https:\/\/rosaeterna.online\/fr\/wp-json\/wp\/v2\/product"}],"about":[{"href":"https:\/\/rosaeterna.online\/fr\/wp-json\/wp\/v2\/types\/product"}],"replies":[{"embeddable":true,"href":"https:\/\/rosaeterna.online\/fr\/wp-json\/wp\/v2\/comments?post=15830"}],"wp:featuredmedia":[{"embeddable":true,"href":"https:\/\/rosaeterna.online\/fr\/wp-json\/wp\/v2\/media\/9048"}],"wp:attachment":[{"href":"https:\/\/rosaeterna.online\/fr\/wp-json\/wp\/v2\/media?parent=15830"}],"wp:term":[{"taxonomy":"product_brand","embeddable":true,"href":"https:\/\/rosaeterna.online\/fr\/wp-json\/wp\/v2\/product_brand?post=15830"},{"taxonomy":"product_cat","embeddable":true,"href":"https:\/\/rosaeterna.online\/fr\/wp-json\/wp\/v2\/product_cat?post=15830"},{"taxonomy":"product_tag","embeddable":true,"href":"https:\/\/rosaeterna.online\/fr\/wp-json\/wp\/v2\/product_tag?post=15830"}],"curies":[{"name":"wp","href":"https:\/\/api.w.org\/{rel}","templated":true}]}}