{"id":15790,"date":"2018-12-31T16:36:54","date_gmt":"2018-12-31T16:36:54","guid":{"rendered":"https:\/\/rosaeterna.online\/producto\/ourson-en-roses\/"},"modified":"2024-10-16T03:06:12","modified_gmt":"2024-10-16T03:06:12","slug":"ourson-en-roses","status":"publish","type":"product","link":"https:\/\/rosaeterna.online\/fr\/p\/ourson-en-roses\/","title":{"rendered":"Ourson en roses"},"content":{"rendered":"<p>Avez-vous d\u00e9j\u00e0 vu un cadeau plus original qu&#8217;un ourson fait de 200 \u00e0 500 roses ? C&#8217;est un cadeau parfait pour les occasions les plus romantiques. Il est constitu\u00e9 de roses artificielles et demande beaucoup de savoir faire pour \u00eatre r\u00e9alis\u00e9.<\/p>\n<p>Vous pouvez acheter votre ours en roses au meilleur prix dans notre boutique en ligne. \u00c0 vous de choisir sa taille et sa couleur. Rendez-le parfait pour la personne \u00e0 qui il est destin\u00e9.<\/p>\n<p>Commandez d\u00e8s maintenant et recevez votre ours floral en 2 \u00e0 4 jours ouvrables, n\u2019importe o\u00f9 en France. Nous tacherons de vous l\u2019exp\u00e9dier avec le plus grand soin.<\/p>\n<p>Si vous avez des questions sur notre ours fait de roses, n\u2019h\u00e9sitez pas \u00e0 nous contacter par t\u00e9l\u00e9phone ou email, et nous nous ferons un plaisir de vous aider.<\/p>\n","protected":false},"excerpt":{"rendered":"<p>Achetez votre ours en roses artificielles de 40 ou 25 centim\u00e8tres de haut. Vous n\u2019allez pas r\u00e9sister \u00e0 sa mignonnerie !<\/p>\n","protected":false},"featured_media":9867,"comment_status":"closed","ping_status":"closed","template":"","meta":{"_uag_custom_page_level_css":"","_joinchat":[]},"product_brand":[],"product_cat":[243,168],"product_tag":[],"class_list":{"0":"post-15790","1":"product","2":"type-product","3":"status-publish","4":"has-post-thumbnail","6":"product_cat-mariages","7":"product_cat-bodas","9":"first","10":"instock","11":"sale","12":"taxable","13":"shipping-taxable","14":"purchasable","15":"product-type-variable","16":"add-to-wishlist-after_add_to_cart"},"yoast_head":"<!-- This site is optimized with the Yoast SEO plugin v25.0 - https:\/\/yoast.com\/wordpress\/plugins\/seo\/ -->\n<title>Ourson en Roses | Rosaeterna.online<\/title>\n<meta name=\"robots\" content=\"index, follow, max-snippet:-1, max-image-preview:large, max-video-preview:-1\" \/>\n<link rel=\"canonical\" href=\"https:\/\/rosaeterna.online\/fr\/p\/ourson-en-roses\/\" \/>\n<meta property=\"og:locale\" content=\"fr_FR\" \/>\n<meta property=\"og:type\" content=\"article\" \/>\n<meta property=\"og:title\" content=\"Ourson en Roses | Rosaeterna.online\" \/>\n<meta property=\"og:description\" content=\"Achetez votre ours en roses artificielles de 40 ou 25 centim\u00e8tres de haut. Vous n\u2019allez pas r\u00e9sister \u00e0 sa mignonnerie !\" \/>\n<meta property=\"og:url\" content=\"https:\/\/rosaeterna.online\/fr\/p\/ourson-en-roses\/\" \/>\n<meta property=\"og:site_name\" content=\"Rosa Eterna\" \/>\n<meta property=\"article:modified_time\" content=\"2024-10-16T03:06:12+00:00\" \/>\n<meta property=\"og:image\" content=\"https:\/\/rosaeterna.online\/wp-content\/uploads\/2021\/01\/osos-de-rosas-con-caja.jpg\" \/>\n\t<meta property=\"og:image:width\" content=\"450\" \/>\n\t<meta property=\"og:image:height\" content=\"600\" \/>\n\t<meta property=\"og:image:type\" content=\"image\/jpeg\" \/>\n<meta name=\"twitter:card\" content=\"summary_large_image\" \/>\n<meta name=\"twitter:label1\" content=\"Dur\u00e9e de lecture estim\u00e9e\" \/>\n\t<meta name=\"twitter:data1\" content=\"1 minute\" \/>\n<!-- \/ Yoast SEO plugin. -->","yoast_head_json":{"title":"Ourson en Roses | Rosaeterna.online","robots":{"index":"index","follow":"follow","max-snippet":"max-snippet:-1","max-image-preview":"max-image-preview:large","max-video-preview":"max-video-preview:-1"},"canonical":"https:\/\/rosaeterna.online\/fr\/p\/ourson-en-roses\/","og_locale":"fr_FR","og_type":"article","og_title":"Ourson en Roses | Rosaeterna.online","og_description":"Achetez votre ours en roses artificielles de 40 ou 25 centim\u00e8tres de haut. Vous n\u2019allez pas r\u00e9sister \u00e0 sa mignonnerie !","og_url":"https:\/\/rosaeterna.online\/fr\/p\/ourson-en-roses\/","og_site_name":"Rosa Eterna","article_modified_time":"2024-10-16T03:06:12+00:00","og_image":[{"width":450,"height":600,"url":"https:\/\/rosaeterna.online\/wp-content\/uploads\/2021\/01\/osos-de-rosas-con-caja.jpg","type":"image\/jpeg"}],"twitter_card":"summary_large_image","twitter_misc":{"Dur\u00e9e de lecture estim\u00e9e":"1 minute"},"schema":{"@context":"https:\/\/schema.org","@graph":[{"@type":"WebPage","@id":"https:\/\/rosaeterna.online\/fr\/p\/ourson-en-roses\/","url":"https:\/\/rosaeterna.online\/fr\/p\/ourson-en-roses\/","name":"Ourson en Roses | Rosaeterna.online","isPartOf":{"@id":"https:\/\/rosaeterna.online\/fr\/#website"},"primaryImageOfPage":{"@id":"https:\/\/rosaeterna.online\/fr\/p\/ourson-en-roses\/#primaryimage"},"image":{"@id":"https:\/\/rosaeterna.online\/fr\/p\/ourson-en-roses\/#primaryimage"},"thumbnailUrl":"https:\/\/rosaeterna.online\/wp-content\/uploads\/2021\/01\/osos-de-rosas-con-caja.jpg","datePublished":"2018-12-31T16:36:54+00:00","dateModified":"2024-10-16T03:06:12+00:00","breadcrumb":{"@id":"https:\/\/rosaeterna.online\/fr\/p\/ourson-en-roses\/#breadcrumb"},"inLanguage":"fr-FR","potentialAction":[{"@type":"ReadAction","target":["https:\/\/rosaeterna.online\/fr\/p\/ourson-en-roses\/"]}]},{"@type":"ImageObject","inLanguage":"fr-FR","@id":"https:\/\/rosaeterna.online\/fr\/p\/ourson-en-roses\/#primaryimage","url":"https:\/\/rosaeterna.online\/wp-content\/uploads\/2021\/01\/osos-de-rosas-con-caja.jpg","contentUrl":"https:\/\/rosaeterna.online\/wp-content\/uploads\/2021\/01\/osos-de-rosas-con-caja.jpg","width":450,"height":600,"caption":"Ourson en roses"},{"@type":"BreadcrumbList","@id":"https:\/\/rosaeterna.online\/fr\/p\/ourson-en-roses\/#breadcrumb","itemListElement":[{"@type":"ListItem","position":1,"name":"Portada","item":"https:\/\/rosaeterna.online\/fr\/"},{"@type":"ListItem","position":2,"name":"Produits","item":"https:\/\/rosaeterna.online\/fr\/boutique\/"},{"@type":"ListItem","position":3,"name":"Ourson en roses"}]},{"@type":"WebSite","@id":"https:\/\/rosaeterna.online\/fr\/#website","url":"https:\/\/rosaeterna.online\/fr\/","name":"Rosa Eterna","description":"Haz que dure","potentialAction":[{"@type":"SearchAction","target":{"@type":"EntryPoint","urlTemplate":"https:\/\/rosaeterna.online\/fr\/?s={search_term_string}"},"query-input":{"@type":"PropertyValueSpecification","valueRequired":true,"valueName":"search_term_string"}}],"inLanguage":"fr-FR"}]}},"uagb_featured_image_src":{"full":["https:\/\/rosaeterna.online\/wp-content\/uploads\/2021\/01\/osos-de-rosas-con-caja.jpg",450,600,false],"thumbnail":["https:\/\/rosaeterna.online\/wp-content\/uploads\/2021\/01\/osos-de-rosas-con-caja-150x150.jpg",150,150,true],"medium":["https:\/\/rosaeterna.online\/wp-content\/uploads\/2021\/01\/osos-de-rosas-con-caja-225x300.jpg",225,300,true],"medium_large":["https:\/\/rosaeterna.online\/wp-content\/uploads\/2021\/01\/osos-de-rosas-con-caja.jpg",450,600,false],"large":["https:\/\/rosaeterna.online\/wp-content\/uploads\/2021\/01\/osos-de-rosas-con-caja.jpg",450,600,false],"1536x1536":["https:\/\/rosaeterna.online\/wp-content\/uploads\/2021\/01\/osos-de-rosas-con-caja.jpg",450,600,false],"2048x2048":["https:\/\/rosaeterna.online\/wp-content\/uploads\/2021\/01\/osos-de-rosas-con-caja.jpg",450,600,false],"blog-isotope":["https:\/\/rosaeterna.online\/wp-content\/uploads\/2021\/01\/osos-de-rosas-con-caja.jpg",375,500,false],"woocommerce_thumbnail":["https:\/\/rosaeterna.online\/wp-content\/uploads\/2021\/01\/osos-de-rosas-con-caja-350x435.jpg",350,435,true],"woocommerce_single":["https:\/\/rosaeterna.online\/wp-content\/uploads\/2021\/01\/osos-de-rosas-con-caja.jpg",450,600,false],"woocommerce_gallery_thumbnail":["https:\/\/rosaeterna.online\/wp-content\/uploads\/2021\/01\/osos-de-rosas-con-caja-100x100.jpg",100,100,true],"eh_logo_image_size":["https:\/\/rosaeterna.online\/wp-content\/uploads\/2021\/01\/osos-de-rosas-con-caja.jpg",68,90,false],"eh_header_image_size":["https:\/\/rosaeterna.online\/wp-content\/uploads\/2021\/01\/osos-de-rosas-con-caja.jpg",68,90,false],"wcpr-photo-reviews":["https:\/\/rosaeterna.online\/wp-content\/uploads\/2021\/01\/osos-de-rosas-con-caja.jpg",375,500,false]},"uagb_author_info":{"display_name":"Fran","author_link":"https:\/\/rosaeterna.online\/fr"},"uagb_comment_info":0,"uagb_excerpt":"Achetez votre ours en roses artificielles de 40 ou 25 centim\u00e8tres de haut. Vous n\u2019allez pas r\u00e9sister \u00e0 sa mignonnerie !","_links":{"self":[{"href":"https:\/\/rosaeterna.online\/fr\/wp-json\/wp\/v2\/product\/15790","targetHints":{"allow":["GET"]}}],"collection":[{"href":"https:\/\/rosaeterna.online\/fr\/wp-json\/wp\/v2\/product"}],"about":[{"href":"https:\/\/rosaeterna.online\/fr\/wp-json\/wp\/v2\/types\/product"}],"replies":[{"embeddable":true,"href":"https:\/\/rosaeterna.online\/fr\/wp-json\/wp\/v2\/comments?post=15790"}],"wp:featuredmedia":[{"embeddable":true,"href":"https:\/\/rosaeterna.online\/fr\/wp-json\/wp\/v2\/media\/9867"}],"wp:attachment":[{"href":"https:\/\/rosaeterna.online\/fr\/wp-json\/wp\/v2\/media?parent=15790"}],"wp:term":[{"taxonomy":"product_brand","embeddable":true,"href":"https:\/\/rosaeterna.online\/fr\/wp-json\/wp\/v2\/product_brand?post=15790"},{"taxonomy":"product_cat","embeddable":true,"href":"https:\/\/rosaeterna.online\/fr\/wp-json\/wp\/v2\/product_cat?post=15790"},{"taxonomy":"product_tag","embeddable":true,"href":"https:\/\/rosaeterna.online\/fr\/wp-json\/wp\/v2\/product_tag?post=15790"}],"curies":[{"name":"wp","href":"https:\/\/api.w.org\/{rel}","templated":true}]}}