{"id":15507,"date":"2021-02-09T22:39:01","date_gmt":"2021-02-09T22:39:01","guid":{"rendered":"https:\/\/rosaeterna.online\/producto\/la-belle-et-la-bete-sous-cloche-edition-speciale\/"},"modified":"2024-10-16T02:55:07","modified_gmt":"2024-10-16T02:55:07","slug":"la-belle-et-la-bete-sous-cloche-edition-speciale","status":"publish","type":"product","link":"https:\/\/rosaeterna.online\/fr\/p\/la-belle-et-la-bete-sous-cloche-edition-speciale\/","title":{"rendered":"D\u00f4me de La Belle et la B\u00eate &#8211; \u00c9dition sp\u00e9ciale"},"content":{"rendered":"<p>Le vrai <a href=\"https:\/\/rosaeterna.online\/fr\/p\/rose-la-belle-et-la-bete\/\">d\u00f4me<\/a> original <a href=\"https:\/\/rosaeterna.online\/fr\/p\/rose-la-belle-et-la-bete\/\">de La Belle et la B\u00eate<\/a>.<br \/>\nIl comprend une belle rose pr\u00e9serv\u00e9e et des p\u00e9tales sur la base, ce qui le rend encore plus sp\u00e9cial.<br \/>\nLa base comprend des lumi\u00e8res LED, il arrivera donc pr\u00eat \u00e0 \u00eatre plac\u00e9 dans le coin de ton choix.    &nbsp;<\/p>\n","protected":false},"excerpt":{"rendered":"<p>La rose enchant\u00e9e originale de la Belle et la B\u00eate avec des lumi\u00e8res LED sur sa base est l\u00e0 pour rester.<br \/>\nChoisis la couleur qui te pla\u00eet le plus et voil\u00e1, tu l&#8217;auras dans ton coin pr\u00e9f\u00e9r\u00e9 en un rien de temps, ah&#8230;profite de notre livraison <strong>GRATUITE<\/strong>. <\/p>\n","protected":false},"featured_media":9951,"comment_status":"closed","ping_status":"closed","template":"","meta":{"_uag_custom_page_level_css":"","_joinchat":[]},"product_brand":[],"product_cat":[123],"product_tag":[],"class_list":{"0":"post-15507","1":"product","2":"type-product","3":"status-publish","4":"has-post-thumbnail","6":"product_cat-rose-eternelle-sous-cloche","8":"first","9":"instock","10":"taxable","11":"shipping-taxable","12":"purchasable","13":"product-type-variable","14":"add-to-wishlist-after_add_to_cart"},"yoast_head":"<!-- This site is optimized with the Yoast SEO plugin v25.0 - https:\/\/yoast.com\/wordpress\/plugins\/seo\/ -->\n<title>D\u00f4me de La Belle et la B\u00eate - \u00c9dition sp\u00e9ciale - Rosa Eterna<\/title>\n<meta name=\"robots\" content=\"index, follow, max-snippet:-1, max-image-preview:large, max-video-preview:-1\" \/>\n<link rel=\"canonical\" href=\"https:\/\/rosaeterna.online\/fr\/p\/la-belle-et-la-bete-sous-cloche-edition-speciale\/\" \/>\n<meta property=\"og:locale\" content=\"fr_FR\" \/>\n<meta property=\"og:type\" content=\"article\" \/>\n<meta property=\"og:title\" content=\"D\u00f4me de La Belle et la B\u00eate - \u00c9dition sp\u00e9ciale - Rosa Eterna\" \/>\n<meta property=\"og:description\" content=\"La rose enchant\u00e9e originale de la Belle et la B\u00eate avec des lumi\u00e8res LED sur sa base est l\u00e0 pour rester. Choisis la couleur qui te pla\u00eet le plus et voil\u00e1, tu l&#039;auras dans ton coin pr\u00e9f\u00e9r\u00e9 en un rien de temps, ah...profite de notre livraison GRATUITE.\" \/>\n<meta property=\"og:url\" content=\"https:\/\/rosaeterna.online\/fr\/p\/la-belle-et-la-bete-sous-cloche-edition-speciale\/\" \/>\n<meta property=\"og:site_name\" content=\"Rosa Eterna\" \/>\n<meta property=\"article:modified_time\" content=\"2024-10-16T02:55:07+00:00\" \/>\n<meta property=\"og:image\" content=\"https:\/\/rosaeterna.online\/wp-content\/uploads\/2021\/02\/cupula-bella-y-bestia.jpg\" \/>\n\t<meta property=\"og:image:width\" content=\"600\" \/>\n\t<meta property=\"og:image:height\" content=\"800\" \/>\n\t<meta property=\"og:image:type\" content=\"image\/jpeg\" \/>\n<meta name=\"twitter:card\" content=\"summary_large_image\" \/>\n<!-- \/ Yoast SEO plugin. -->","yoast_head_json":{"title":"D\u00f4me de La Belle et la B\u00eate - \u00c9dition sp\u00e9ciale - Rosa Eterna","robots":{"index":"index","follow":"follow","max-snippet":"max-snippet:-1","max-image-preview":"max-image-preview:large","max-video-preview":"max-video-preview:-1"},"canonical":"https:\/\/rosaeterna.online\/fr\/p\/la-belle-et-la-bete-sous-cloche-edition-speciale\/","og_locale":"fr_FR","og_type":"article","og_title":"D\u00f4me de La Belle et la B\u00eate - \u00c9dition sp\u00e9ciale - Rosa Eterna","og_description":"La rose enchant\u00e9e originale de la Belle et la B\u00eate avec des lumi\u00e8res LED sur sa base est l\u00e0 pour rester. Choisis la couleur qui te pla\u00eet le plus et voil\u00e1, tu l'auras dans ton coin pr\u00e9f\u00e9r\u00e9 en un rien de temps, ah...profite de notre livraison GRATUITE.","og_url":"https:\/\/rosaeterna.online\/fr\/p\/la-belle-et-la-bete-sous-cloche-edition-speciale\/","og_site_name":"Rosa Eterna","article_modified_time":"2024-10-16T02:55:07+00:00","og_image":[{"width":600,"height":800,"url":"https:\/\/rosaeterna.online\/wp-content\/uploads\/2021\/02\/cupula-bella-y-bestia.jpg","type":"image\/jpeg"}],"twitter_card":"summary_large_image","schema":{"@context":"https:\/\/schema.org","@graph":[{"@type":"WebPage","@id":"https:\/\/rosaeterna.online\/fr\/p\/la-belle-et-la-bete-sous-cloche-edition-speciale\/","url":"https:\/\/rosaeterna.online\/fr\/p\/la-belle-et-la-bete-sous-cloche-edition-speciale\/","name":"D\u00f4me de La Belle et la B\u00eate - \u00c9dition sp\u00e9ciale - Rosa Eterna","isPartOf":{"@id":"https:\/\/rosaeterna.online\/fr\/#website"},"primaryImageOfPage":{"@id":"https:\/\/rosaeterna.online\/fr\/p\/la-belle-et-la-bete-sous-cloche-edition-speciale\/#primaryimage"},"image":{"@id":"https:\/\/rosaeterna.online\/fr\/p\/la-belle-et-la-bete-sous-cloche-edition-speciale\/#primaryimage"},"thumbnailUrl":"https:\/\/rosaeterna.online\/wp-content\/uploads\/2021\/02\/cupula-bella-y-bestia.jpg","datePublished":"2021-02-09T22:39:01+00:00","dateModified":"2024-10-16T02:55:07+00:00","breadcrumb":{"@id":"https:\/\/rosaeterna.online\/fr\/p\/la-belle-et-la-bete-sous-cloche-edition-speciale\/#breadcrumb"},"inLanguage":"fr-FR","potentialAction":[{"@type":"ReadAction","target":["https:\/\/rosaeterna.online\/fr\/p\/la-belle-et-la-bete-sous-cloche-edition-speciale\/"]}]},{"@type":"ImageObject","inLanguage":"fr-FR","@id":"https:\/\/rosaeterna.online\/fr\/p\/la-belle-et-la-bete-sous-cloche-edition-speciale\/#primaryimage","url":"https:\/\/rosaeterna.online\/wp-content\/uploads\/2021\/02\/cupula-bella-y-bestia.jpg","contentUrl":"https:\/\/rosaeterna.online\/wp-content\/uploads\/2021\/02\/cupula-bella-y-bestia.jpg","width":600,"height":800,"caption":"d\u00f4me de la beaut\u00e9 et de la b\u00eate"},{"@type":"BreadcrumbList","@id":"https:\/\/rosaeterna.online\/fr\/p\/la-belle-et-la-bete-sous-cloche-edition-speciale\/#breadcrumb","itemListElement":[{"@type":"ListItem","position":1,"name":"Portada","item":"https:\/\/rosaeterna.online\/fr\/"},{"@type":"ListItem","position":2,"name":"Produits","item":"https:\/\/rosaeterna.online\/fr\/boutique\/"},{"@type":"ListItem","position":3,"name":"D\u00f4me de La Belle et la B\u00eate &#8211; \u00c9dition sp\u00e9ciale"}]},{"@type":"WebSite","@id":"https:\/\/rosaeterna.online\/fr\/#website","url":"https:\/\/rosaeterna.online\/fr\/","name":"Rosa Eterna","description":"Haz que dure","potentialAction":[{"@type":"SearchAction","target":{"@type":"EntryPoint","urlTemplate":"https:\/\/rosaeterna.online\/fr\/?s={search_term_string}"},"query-input":{"@type":"PropertyValueSpecification","valueRequired":true,"valueName":"search_term_string"}}],"inLanguage":"fr-FR"}]}},"uagb_featured_image_src":{"full":["https:\/\/rosaeterna.online\/wp-content\/uploads\/2021\/02\/cupula-bella-y-bestia.jpg",600,800,false],"thumbnail":["https:\/\/rosaeterna.online\/wp-content\/uploads\/2021\/02\/cupula-bella-y-bestia-150x150.jpg",150,150,true],"medium":["https:\/\/rosaeterna.online\/wp-content\/uploads\/2021\/02\/cupula-bella-y-bestia-225x300.jpg",225,300,true],"medium_large":["https:\/\/rosaeterna.online\/wp-content\/uploads\/2021\/02\/cupula-bella-y-bestia.jpg",600,800,false],"large":["https:\/\/rosaeterna.online\/wp-content\/uploads\/2021\/02\/cupula-bella-y-bestia.jpg",600,800,false],"1536x1536":["https:\/\/rosaeterna.online\/wp-content\/uploads\/2021\/02\/cupula-bella-y-bestia.jpg",600,800,false],"2048x2048":["https:\/\/rosaeterna.online\/wp-content\/uploads\/2021\/02\/cupula-bella-y-bestia.jpg",600,800,false],"blog-isotope":["https:\/\/rosaeterna.online\/wp-content\/uploads\/2021\/02\/cupula-bella-y-bestia.jpg",375,500,false],"woocommerce_thumbnail":["https:\/\/rosaeterna.online\/wp-content\/uploads\/2021\/02\/cupula-bella-y-bestia-350x435.jpg",350,435,true],"woocommerce_single":["https:\/\/rosaeterna.online\/wp-content\/uploads\/2021\/02\/cupula-bella-y-bestia.jpg",600,800,false],"woocommerce_gallery_thumbnail":["https:\/\/rosaeterna.online\/wp-content\/uploads\/2021\/02\/cupula-bella-y-bestia-100x100.jpg",100,100,true],"eh_logo_image_size":["https:\/\/rosaeterna.online\/wp-content\/uploads\/2021\/02\/cupula-bella-y-bestia.jpg",68,90,false],"eh_header_image_size":["https:\/\/rosaeterna.online\/wp-content\/uploads\/2021\/02\/cupula-bella-y-bestia.jpg",68,90,false],"wcpr-photo-reviews":["https:\/\/rosaeterna.online\/wp-content\/uploads\/2021\/02\/cupula-bella-y-bestia.jpg",375,500,false]},"uagb_author_info":{"display_name":"Patricia Mart\u00edn","author_link":"https:\/\/rosaeterna.online\/fr"},"uagb_comment_info":0,"uagb_excerpt":"La rose enchant\u00e9e originale de la Belle et la B\u00eate avec des lumi\u00e8res LED sur sa base est l\u00e0 pour rester. Choisis la couleur qui te pla\u00eet le plus et voil\u00e1, tu l'auras dans ton coin pr\u00e9f\u00e9r\u00e9 en un rien de temps, ah...profite de notre livraison GRATUITE.","_links":{"self":[{"href":"https:\/\/rosaeterna.online\/fr\/wp-json\/wp\/v2\/product\/15507","targetHints":{"allow":["GET"]}}],"collection":[{"href":"https:\/\/rosaeterna.online\/fr\/wp-json\/wp\/v2\/product"}],"about":[{"href":"https:\/\/rosaeterna.online\/fr\/wp-json\/wp\/v2\/types\/product"}],"replies":[{"embeddable":true,"href":"https:\/\/rosaeterna.online\/fr\/wp-json\/wp\/v2\/comments?post=15507"}],"wp:featuredmedia":[{"embeddable":true,"href":"https:\/\/rosaeterna.online\/fr\/wp-json\/wp\/v2\/media\/9951"}],"wp:attachment":[{"href":"https:\/\/rosaeterna.online\/fr\/wp-json\/wp\/v2\/media?parent=15507"}],"wp:term":[{"taxonomy":"product_brand","embeddable":true,"href":"https:\/\/rosaeterna.online\/fr\/wp-json\/wp\/v2\/product_brand?post=15507"},{"taxonomy":"product_cat","embeddable":true,"href":"https:\/\/rosaeterna.online\/fr\/wp-json\/wp\/v2\/product_cat?post=15507"},{"taxonomy":"product_tag","embeddable":true,"href":"https:\/\/rosaeterna.online\/fr\/wp-json\/wp\/v2\/product_tag?post=15507"}],"curies":[{"name":"wp","href":"https:\/\/api.w.org\/{rel}","templated":true}]}}