{"id":15279,"date":"2021-02-09T21:16:07","date_gmt":"2021-02-09T21:16:07","guid":{"rendered":"https:\/\/rosaeterna.online\/producto\/rose-xl-bubble\/"},"modified":"2024-10-17T03:38:11","modified_gmt":"2024-10-17T03:38:11","slug":"rose-xl-bubble","status":"publish","type":"product","link":"https:\/\/rosaeterna.online\/fr\/p\/rose-xl-bubble\/","title":{"rendered":"Bulle rose XL"},"content":{"rendered":"<p>Une belle <a href=\"https:\/\/rosaeterna.online\/tipo\/rosas-caja\/\">rose pr\u00e9serv\u00e9e<\/a> pr\u00e9sent\u00e9e dans notre bo\u00eete \u00e0 bulles rouge ou noire.<br \/>\nTu peux choisir la couleur de la rose que tu aimes le plus \u00e0 l&#8217;int\u00e9rieur.<br \/>\nUn d\u00e9tail tr\u00e8s sp\u00e9cial pour surprendre le jour de la Saint-Valentin.  <\/p>\n","protected":false},"excerpt":{"rendered":"<p>Une autre fa\u00e7on d&#8217;offrir nos belles fleurs pr\u00e9serv\u00e9es, dans notre petite bo\u00eete Bubble.<br \/>\nSi elle a d\u00e9j\u00e0 tout, surprends-la avec ce beau cadeau pour la Saint-Valentin.<br \/>\nProfite de notre <strong>LIVRAISON GRATUITE<\/strong>  <\/p>\n","protected":false},"featured_media":10287,"comment_status":"closed","ping_status":"closed","template":"","meta":{"_uag_custom_page_level_css":"","_joinchat":[]},"product_brand":[],"product_cat":[116],"product_tag":[],"class_list":{"0":"post-15279","1":"product","2":"type-product","3":"status-publish","4":"has-post-thumbnail","6":"product_cat-boite-de-roses-eternelles","8":"first","9":"instock","10":"taxable","11":"shipping-taxable","12":"purchasable","13":"product-type-variable","14":"add-to-wishlist-after_add_to_cart"},"yoast_head":"<!-- This site is optimized with the Yoast SEO plugin v25.0 - https:\/\/yoast.com\/wordpress\/plugins\/seo\/ -->\n<title>Bulle rose XL - Rosa Eterna<\/title>\n<meta name=\"robots\" content=\"index, follow, max-snippet:-1, max-image-preview:large, max-video-preview:-1\" \/>\n<link rel=\"canonical\" href=\"https:\/\/rosaeterna.online\/fr\/p\/rose-xl-bubble\/\" \/>\n<meta property=\"og:locale\" content=\"fr_FR\" \/>\n<meta property=\"og:type\" content=\"article\" \/>\n<meta property=\"og:title\" content=\"Bulle rose XL - Rosa Eterna\" \/>\n<meta property=\"og:description\" content=\"Une autre fa\u00e7on d&#039;offrir nos belles fleurs pr\u00e9serv\u00e9es, dans notre petite bo\u00eete Bubble. Si elle a d\u00e9j\u00e0 tout, surprends-la avec ce beau cadeau pour la Saint-Valentin. Profite de notre LIVRAISON GRATUITE\" \/>\n<meta property=\"og:url\" content=\"https:\/\/rosaeterna.online\/fr\/p\/rose-xl-bubble\/\" \/>\n<meta property=\"og:site_name\" content=\"Rosa Eterna\" \/>\n<meta property=\"article:modified_time\" content=\"2024-10-17T03:38:11+00:00\" \/>\n<meta property=\"og:image\" content=\"https:\/\/rosaeterna.online\/wp-content\/uploads\/2021\/02\/IMG_3697.jpg\" \/>\n\t<meta property=\"og:image:width\" content=\"800\" \/>\n\t<meta property=\"og:image:height\" content=\"800\" \/>\n\t<meta property=\"og:image:type\" content=\"image\/jpeg\" \/>\n<meta name=\"twitter:card\" content=\"summary_large_image\" \/>\n<!-- \/ Yoast SEO plugin. -->","yoast_head_json":{"title":"Bulle rose XL - Rosa Eterna","robots":{"index":"index","follow":"follow","max-snippet":"max-snippet:-1","max-image-preview":"max-image-preview:large","max-video-preview":"max-video-preview:-1"},"canonical":"https:\/\/rosaeterna.online\/fr\/p\/rose-xl-bubble\/","og_locale":"fr_FR","og_type":"article","og_title":"Bulle rose XL - Rosa Eterna","og_description":"Une autre fa\u00e7on d'offrir nos belles fleurs pr\u00e9serv\u00e9es, dans notre petite bo\u00eete Bubble. Si elle a d\u00e9j\u00e0 tout, surprends-la avec ce beau cadeau pour la Saint-Valentin. Profite de notre LIVRAISON GRATUITE","og_url":"https:\/\/rosaeterna.online\/fr\/p\/rose-xl-bubble\/","og_site_name":"Rosa Eterna","article_modified_time":"2024-10-17T03:38:11+00:00","og_image":[{"width":800,"height":800,"url":"https:\/\/rosaeterna.online\/wp-content\/uploads\/2021\/02\/IMG_3697.jpg","type":"image\/jpeg"}],"twitter_card":"summary_large_image","schema":{"@context":"https:\/\/schema.org","@graph":[{"@type":"WebPage","@id":"https:\/\/rosaeterna.online\/fr\/p\/rose-xl-bubble\/","url":"https:\/\/rosaeterna.online\/fr\/p\/rose-xl-bubble\/","name":"Bulle rose XL - Rosa Eterna","isPartOf":{"@id":"https:\/\/rosaeterna.online\/fr\/#website"},"primaryImageOfPage":{"@id":"https:\/\/rosaeterna.online\/fr\/p\/rose-xl-bubble\/#primaryimage"},"image":{"@id":"https:\/\/rosaeterna.online\/fr\/p\/rose-xl-bubble\/#primaryimage"},"thumbnailUrl":"https:\/\/rosaeterna.online\/wp-content\/uploads\/2021\/02\/IMG_3697.jpg","datePublished":"2021-02-09T21:16:07+00:00","dateModified":"2024-10-17T03:38:11+00:00","breadcrumb":{"@id":"https:\/\/rosaeterna.online\/fr\/p\/rose-xl-bubble\/#breadcrumb"},"inLanguage":"fr-FR","potentialAction":[{"@type":"ReadAction","target":["https:\/\/rosaeterna.online\/fr\/p\/rose-xl-bubble\/"]}]},{"@type":"ImageObject","inLanguage":"fr-FR","@id":"https:\/\/rosaeterna.online\/fr\/p\/rose-xl-bubble\/#primaryimage","url":"https:\/\/rosaeterna.online\/wp-content\/uploads\/2021\/02\/IMG_3697.jpg","contentUrl":"https:\/\/rosaeterna.online\/wp-content\/uploads\/2021\/02\/IMG_3697.jpg","width":800,"height":800,"caption":"chocolats aux roses confites"},{"@type":"BreadcrumbList","@id":"https:\/\/rosaeterna.online\/fr\/p\/rose-xl-bubble\/#breadcrumb","itemListElement":[{"@type":"ListItem","position":1,"name":"Portada","item":"https:\/\/rosaeterna.online\/fr\/"},{"@type":"ListItem","position":2,"name":"Produits","item":"https:\/\/rosaeterna.online\/fr\/boutique\/"},{"@type":"ListItem","position":3,"name":"Bulle rose XL"}]},{"@type":"WebSite","@id":"https:\/\/rosaeterna.online\/fr\/#website","url":"https:\/\/rosaeterna.online\/fr\/","name":"Rosa Eterna","description":"Haz que dure","potentialAction":[{"@type":"SearchAction","target":{"@type":"EntryPoint","urlTemplate":"https:\/\/rosaeterna.online\/fr\/?s={search_term_string}"},"query-input":{"@type":"PropertyValueSpecification","valueRequired":true,"valueName":"search_term_string"}}],"inLanguage":"fr-FR"}]}},"uagb_featured_image_src":{"full":["https:\/\/rosaeterna.online\/wp-content\/uploads\/2021\/02\/IMG_3697.jpg",800,800,false],"thumbnail":["https:\/\/rosaeterna.online\/wp-content\/uploads\/2021\/02\/IMG_3697-150x150.jpg",150,150,true],"medium":["https:\/\/rosaeterna.online\/wp-content\/uploads\/2021\/02\/IMG_3697-300x300.jpg",300,300,true],"medium_large":["https:\/\/rosaeterna.online\/wp-content\/uploads\/2021\/02\/IMG_3697-768x768.jpg",768,768,true],"large":["https:\/\/rosaeterna.online\/wp-content\/uploads\/2021\/02\/IMG_3697.jpg",800,800,false],"1536x1536":["https:\/\/rosaeterna.online\/wp-content\/uploads\/2021\/02\/IMG_3697.jpg",800,800,false],"2048x2048":["https:\/\/rosaeterna.online\/wp-content\/uploads\/2021\/02\/IMG_3697.jpg",800,800,false],"blog-isotope":["https:\/\/rosaeterna.online\/wp-content\/uploads\/2021\/02\/IMG_3697.jpg",500,500,false],"woocommerce_thumbnail":["https:\/\/rosaeterna.online\/wp-content\/uploads\/2021\/02\/IMG_3697-350x435.jpg",350,435,true],"woocommerce_single":["https:\/\/rosaeterna.online\/wp-content\/uploads\/2021\/02\/IMG_3697.jpg",800,800,false],"woocommerce_gallery_thumbnail":["https:\/\/rosaeterna.online\/wp-content\/uploads\/2021\/02\/IMG_3697-100x100.jpg",100,100,true],"eh_logo_image_size":["https:\/\/rosaeterna.online\/wp-content\/uploads\/2021\/02\/IMG_3697.jpg",90,90,false],"eh_header_image_size":["https:\/\/rosaeterna.online\/wp-content\/uploads\/2021\/02\/IMG_3697.jpg",90,90,false],"wcpr-photo-reviews":["https:\/\/rosaeterna.online\/wp-content\/uploads\/2021\/02\/IMG_3697.jpg",500,500,false]},"uagb_author_info":{"display_name":"Patricia Mart\u00edn","author_link":"https:\/\/rosaeterna.online\/fr"},"uagb_comment_info":0,"uagb_excerpt":"Une autre fa\u00e7on d'offrir nos belles fleurs pr\u00e9serv\u00e9es, dans notre petite bo\u00eete Bubble. Si elle a d\u00e9j\u00e0 tout, surprends-la avec ce beau cadeau pour la Saint-Valentin. Profite de notre LIVRAISON GRATUITE","_links":{"self":[{"href":"https:\/\/rosaeterna.online\/fr\/wp-json\/wp\/v2\/product\/15279","targetHints":{"allow":["GET"]}}],"collection":[{"href":"https:\/\/rosaeterna.online\/fr\/wp-json\/wp\/v2\/product"}],"about":[{"href":"https:\/\/rosaeterna.online\/fr\/wp-json\/wp\/v2\/types\/product"}],"replies":[{"embeddable":true,"href":"https:\/\/rosaeterna.online\/fr\/wp-json\/wp\/v2\/comments?post=15279"}],"wp:featuredmedia":[{"embeddable":true,"href":"https:\/\/rosaeterna.online\/fr\/wp-json\/wp\/v2\/media\/10287"}],"wp:attachment":[{"href":"https:\/\/rosaeterna.online\/fr\/wp-json\/wp\/v2\/media?parent=15279"}],"wp:term":[{"taxonomy":"product_brand","embeddable":true,"href":"https:\/\/rosaeterna.online\/fr\/wp-json\/wp\/v2\/product_brand?post=15279"},{"taxonomy":"product_cat","embeddable":true,"href":"https:\/\/rosaeterna.online\/fr\/wp-json\/wp\/v2\/product_cat?post=15279"},{"taxonomy":"product_tag","embeddable":true,"href":"https:\/\/rosaeterna.online\/fr\/wp-json\/wp\/v2\/product_tag?post=15279"}],"curies":[{"name":"wp","href":"https:\/\/api.w.org\/{rel}","templated":true}]}}