{"id":15238,"date":"2021-01-31T20:11:39","date_gmt":"2021-01-31T20:11:39","guid":{"rendered":"https:\/\/rosaeterna.online\/producto\/boite-en-methacrylate-a-rose-unique\/"},"modified":"2024-08-29T16:31:41","modified_gmt":"2024-08-29T16:31:41","slug":"boite-en-methacrylate-a-rose-unique","status":"publish","type":"product","link":"https:\/\/rosaeterna.online\/fr\/p\/boite-en-methacrylate-a-rose-unique\/","title":{"rendered":"Bo\u00eete individuelle en m\u00e9thacrylate"},"content":{"rendered":"<p>A <strong><a href=\"https:\/\/rosaeterna.online\/tipo\/rosas-caja\/\">bo\u00eete individuelle de roses<\/a><\/strong> en m\u00e9thacrylate, te convaincra par sa simplicit\u00e9.<br \/>\nSi tu as des questions, tu peux nous contacter et nous te r\u00e9pondrons dans les plus brefs d\u00e9lais. profite de la livraison GRATUITE ! <\/p>\n","protected":false},"excerpt":{"rendered":"<p>Ach\u00e8te ta bo\u00eete individuelle en m\u00e9thacrylate et remplis-la avec la rose de la couleur qui te pla\u00eet le plus <strong>. Profite de la livraison GRATUITE !<\/strong><\/p>\n","protected":false},"featured_media":9839,"comment_status":"closed","ping_status":"closed","template":"","meta":{"_uag_custom_page_level_css":"","_joinchat":[]},"product_brand":[],"product_cat":[116],"product_tag":[],"class_list":{"0":"post-15238","1":"product","2":"type-product","3":"status-publish","4":"has-post-thumbnail","6":"product_cat-boite-de-roses-eternelles","8":"first","9":"outofstock","10":"taxable","11":"shipping-taxable","12":"purchasable","13":"product-type-variable","14":"add-to-wishlist-after_add_to_cart"},"yoast_head":"<!-- This site is optimized with the Yoast SEO plugin v25.0 - https:\/\/yoast.com\/wordpress\/plugins\/seo\/ -->\n<title>Bo\u00eete individuelle en m\u00e9thacrylate - Rosa Eterna<\/title>\n<meta name=\"robots\" content=\"index, follow, max-snippet:-1, max-image-preview:large, max-video-preview:-1\" \/>\n<link rel=\"canonical\" href=\"https:\/\/rosaeterna.online\/fr\/p\/boite-en-methacrylate-a-rose-unique\/\" \/>\n<meta property=\"og:locale\" content=\"fr_FR\" \/>\n<meta property=\"og:type\" content=\"article\" \/>\n<meta property=\"og:title\" content=\"Bo\u00eete individuelle en m\u00e9thacrylate - Rosa Eterna\" \/>\n<meta property=\"og:description\" content=\"Ach\u00e8te ta bo\u00eete individuelle en m\u00e9thacrylate et remplis-la avec la rose de la couleur qui te pla\u00eet le plus . Profite de la livraison GRATUITE !\" \/>\n<meta property=\"og:url\" content=\"https:\/\/rosaeterna.online\/fr\/p\/boite-en-methacrylate-a-rose-unique\/\" \/>\n<meta property=\"og:site_name\" content=\"Rosa Eterna\" \/>\n<meta property=\"article:modified_time\" content=\"2024-08-29T16:31:41+00:00\" \/>\n<meta property=\"og:image\" content=\"https:\/\/rosaeterna.online\/wp-content\/uploads\/2021\/01\/caja-metacrilato-rosas.jpg\" \/>\n\t<meta property=\"og:image:width\" content=\"450\" \/>\n\t<meta property=\"og:image:height\" content=\"600\" \/>\n\t<meta property=\"og:image:type\" content=\"image\/jpeg\" \/>\n<meta name=\"twitter:card\" content=\"summary_large_image\" \/>\n<!-- \/ Yoast SEO plugin. -->","yoast_head_json":{"title":"Bo\u00eete individuelle en m\u00e9thacrylate - Rosa Eterna","robots":{"index":"index","follow":"follow","max-snippet":"max-snippet:-1","max-image-preview":"max-image-preview:large","max-video-preview":"max-video-preview:-1"},"canonical":"https:\/\/rosaeterna.online\/fr\/p\/boite-en-methacrylate-a-rose-unique\/","og_locale":"fr_FR","og_type":"article","og_title":"Bo\u00eete individuelle en m\u00e9thacrylate - Rosa Eterna","og_description":"Ach\u00e8te ta bo\u00eete individuelle en m\u00e9thacrylate et remplis-la avec la rose de la couleur qui te pla\u00eet le plus . Profite de la livraison GRATUITE !","og_url":"https:\/\/rosaeterna.online\/fr\/p\/boite-en-methacrylate-a-rose-unique\/","og_site_name":"Rosa Eterna","article_modified_time":"2024-08-29T16:31:41+00:00","og_image":[{"width":450,"height":600,"url":"https:\/\/rosaeterna.online\/wp-content\/uploads\/2021\/01\/caja-metacrilato-rosas.jpg","type":"image\/jpeg"}],"twitter_card":"summary_large_image","schema":{"@context":"https:\/\/schema.org","@graph":[{"@type":"WebPage","@id":"https:\/\/rosaeterna.online\/fr\/p\/boite-en-methacrylate-a-rose-unique\/","url":"https:\/\/rosaeterna.online\/fr\/p\/boite-en-methacrylate-a-rose-unique\/","name":"Bo\u00eete individuelle en m\u00e9thacrylate - Rosa Eterna","isPartOf":{"@id":"https:\/\/rosaeterna.online\/fr\/#website"},"primaryImageOfPage":{"@id":"https:\/\/rosaeterna.online\/fr\/p\/boite-en-methacrylate-a-rose-unique\/#primaryimage"},"image":{"@id":"https:\/\/rosaeterna.online\/fr\/p\/boite-en-methacrylate-a-rose-unique\/#primaryimage"},"thumbnailUrl":"https:\/\/rosaeterna.online\/wp-content\/uploads\/2021\/01\/caja-metacrilato-rosas.jpg","datePublished":"2021-01-31T20:11:39+00:00","dateModified":"2024-08-29T16:31:41+00:00","breadcrumb":{"@id":"https:\/\/rosaeterna.online\/fr\/p\/boite-en-methacrylate-a-rose-unique\/#breadcrumb"},"inLanguage":"fr-FR","potentialAction":[{"@type":"ReadAction","target":["https:\/\/rosaeterna.online\/fr\/p\/boite-en-methacrylate-a-rose-unique\/"]}]},{"@type":"ImageObject","inLanguage":"fr-FR","@id":"https:\/\/rosaeterna.online\/fr\/p\/boite-en-methacrylate-a-rose-unique\/#primaryimage","url":"https:\/\/rosaeterna.online\/wp-content\/uploads\/2021\/01\/caja-metacrilato-rosas.jpg","contentUrl":"https:\/\/rosaeterna.online\/wp-content\/uploads\/2021\/01\/caja-metacrilato-rosas.jpg","width":450,"height":600,"caption":"bo\u00eete en m\u00e9thacrylate rose"},{"@type":"BreadcrumbList","@id":"https:\/\/rosaeterna.online\/fr\/p\/boite-en-methacrylate-a-rose-unique\/#breadcrumb","itemListElement":[{"@type":"ListItem","position":1,"name":"Portada","item":"https:\/\/rosaeterna.online\/fr\/"},{"@type":"ListItem","position":2,"name":"Produits","item":"https:\/\/rosaeterna.online\/fr\/boutique\/"},{"@type":"ListItem","position":3,"name":"Bo\u00eete individuelle en m\u00e9thacrylate"}]},{"@type":"WebSite","@id":"https:\/\/rosaeterna.online\/fr\/#website","url":"https:\/\/rosaeterna.online\/fr\/","name":"Rosa Eterna","description":"Haz que dure","potentialAction":[{"@type":"SearchAction","target":{"@type":"EntryPoint","urlTemplate":"https:\/\/rosaeterna.online\/fr\/?s={search_term_string}"},"query-input":{"@type":"PropertyValueSpecification","valueRequired":true,"valueName":"search_term_string"}}],"inLanguage":"fr-FR"}]}},"uagb_featured_image_src":{"full":["https:\/\/rosaeterna.online\/wp-content\/uploads\/2021\/01\/caja-metacrilato-rosas.jpg",450,600,false],"thumbnail":["https:\/\/rosaeterna.online\/wp-content\/uploads\/2021\/01\/caja-metacrilato-rosas-150x150.jpg",150,150,true],"medium":["https:\/\/rosaeterna.online\/wp-content\/uploads\/2021\/01\/caja-metacrilato-rosas-225x300.jpg",225,300,true],"medium_large":["https:\/\/rosaeterna.online\/wp-content\/uploads\/2021\/01\/caja-metacrilato-rosas.jpg",450,600,false],"large":["https:\/\/rosaeterna.online\/wp-content\/uploads\/2021\/01\/caja-metacrilato-rosas.jpg",450,600,false],"1536x1536":["https:\/\/rosaeterna.online\/wp-content\/uploads\/2021\/01\/caja-metacrilato-rosas.jpg",450,600,false],"2048x2048":["https:\/\/rosaeterna.online\/wp-content\/uploads\/2021\/01\/caja-metacrilato-rosas.jpg",450,600,false],"blog-isotope":["https:\/\/rosaeterna.online\/wp-content\/uploads\/2021\/01\/caja-metacrilato-rosas.jpg",375,500,false],"woocommerce_thumbnail":["https:\/\/rosaeterna.online\/wp-content\/uploads\/2021\/01\/caja-metacrilato-rosas-350x435.jpg",350,435,true],"woocommerce_single":["https:\/\/rosaeterna.online\/wp-content\/uploads\/2021\/01\/caja-metacrilato-rosas.jpg",450,600,false],"woocommerce_gallery_thumbnail":["https:\/\/rosaeterna.online\/wp-content\/uploads\/2021\/01\/caja-metacrilato-rosas-100x100.jpg",100,100,true],"eh_logo_image_size":["https:\/\/rosaeterna.online\/wp-content\/uploads\/2021\/01\/caja-metacrilato-rosas.jpg",68,90,false],"eh_header_image_size":["https:\/\/rosaeterna.online\/wp-content\/uploads\/2021\/01\/caja-metacrilato-rosas.jpg",68,90,false],"wcpr-photo-reviews":["https:\/\/rosaeterna.online\/wp-content\/uploads\/2021\/01\/caja-metacrilato-rosas.jpg",375,500,false]},"uagb_author_info":{"display_name":"Fran","author_link":"https:\/\/rosaeterna.online\/fr"},"uagb_comment_info":0,"uagb_excerpt":"Ach\u00e8te ta bo\u00eete individuelle en m\u00e9thacrylate et remplis-la avec la rose de la couleur qui te pla\u00eet le plus . Profite de la livraison GRATUITE !","_links":{"self":[{"href":"https:\/\/rosaeterna.online\/fr\/wp-json\/wp\/v2\/product\/15238","targetHints":{"allow":["GET"]}}],"collection":[{"href":"https:\/\/rosaeterna.online\/fr\/wp-json\/wp\/v2\/product"}],"about":[{"href":"https:\/\/rosaeterna.online\/fr\/wp-json\/wp\/v2\/types\/product"}],"replies":[{"embeddable":true,"href":"https:\/\/rosaeterna.online\/fr\/wp-json\/wp\/v2\/comments?post=15238"}],"wp:featuredmedia":[{"embeddable":true,"href":"https:\/\/rosaeterna.online\/fr\/wp-json\/wp\/v2\/media\/9839"}],"wp:attachment":[{"href":"https:\/\/rosaeterna.online\/fr\/wp-json\/wp\/v2\/media?parent=15238"}],"wp:term":[{"taxonomy":"product_brand","embeddable":true,"href":"https:\/\/rosaeterna.online\/fr\/wp-json\/wp\/v2\/product_brand?post=15238"},{"taxonomy":"product_cat","embeddable":true,"href":"https:\/\/rosaeterna.online\/fr\/wp-json\/wp\/v2\/product_cat?post=15238"},{"taxonomy":"product_tag","embeddable":true,"href":"https:\/\/rosaeterna.online\/fr\/wp-json\/wp\/v2\/product_tag?post=15238"}],"curies":[{"name":"wp","href":"https:\/\/api.w.org\/{rel}","templated":true}]}}