{"id":15162,"date":"2021-01-24T16:07:09","date_gmt":"2021-01-24T16:07:09","guid":{"rendered":"https:\/\/rosaeterna.online\/producto\/roses-preservees-dans-une-boite-carree\/"},"modified":"2024-10-16T03:12:42","modified_gmt":"2024-10-16T03:12:42","slug":"roses-preservees-dans-une-boite-carree","status":"publish","type":"product","link":"https:\/\/rosaeterna.online\/fr\/p\/roses-preservees-dans-une-boite-carree\/","title":{"rendered":"Bo\u00eete carr\u00e9e Roses en conserve"},"content":{"rendered":"<p>Une autre fa\u00e7on d&#8217;offrir<a href=\"https:\/\/rosaeterna.online\/tipo\/rosas-caja\/\"> <strong>des roses \u00e9ternelles<\/strong><\/a>La bo\u00eete, sans tige et entour\u00e9e d&#8217;hortensias, \u00e9galement conserv\u00e9s.<br \/>\nCette belle bo\u00eete carr\u00e9e peut d\u00e9corer n&#8217;importe quel coin de la maison, elle peut \u00eatre plac\u00e9e debout ou couch\u00e9e.<br \/>\nCommande-la maintenant avec la <strong>livraison gratuite<\/strong> et re\u00e7ois-la \u00e0 la maison ou \u00e0 l&#8217;endroit que tu pr\u00e9f\u00e8res.<br \/>\nTu as des questions ?<br \/>\nContacte-nous.      &nbsp;<\/p>\n","protected":false},"excerpt":{"rendered":"<p>Notre bo\u00eete de <strong>roses et d&#8217;hortensias pr\u00e9serv\u00e9s<\/strong> id\u00e9ale pour d\u00e9corer n&#8217;importe quel coin de la maison.<br \/>\nNous t&#8217;assurons qu&#8217;ils vont l&#8217;adorer.<br \/>\nProfite de notre livraison <strong>GRATUITE<\/strong>.  <\/p>\n","protected":false},"featured_media":9762,"comment_status":"closed","ping_status":"closed","template":"","meta":{"_uag_custom_page_level_css":"","_joinchat":[]},"product_brand":[],"product_cat":[116],"product_tag":[],"class_list":{"0":"post-15162","1":"product","2":"type-product","3":"status-publish","4":"has-post-thumbnail","6":"product_cat-boite-de-roses-eternelles","8":"first","9":"instock","10":"taxable","11":"shipping-taxable","12":"purchasable","13":"product-type-variable","14":"add-to-wishlist-after_add_to_cart"},"yoast_head":"<!-- This site is optimized with the Yoast SEO plugin v25.0 - https:\/\/yoast.com\/wordpress\/plugins\/seo\/ -->\n<title>Bo\u00eete carr\u00e9e de roses conserv\u00e9es - Everlasting Rose<\/title>\n<meta name=\"description\" content=\"Ach\u00e8te une bo\u00eete carr\u00e9e de roses \u00e9ternelles au meilleur prix. Choisis parmi les couleurs que nous proposons et re\u00e7ois-la o\u00f9 tu veux livraison gratuite !\" \/>\n<meta name=\"robots\" content=\"index, follow, max-snippet:-1, max-image-preview:large, max-video-preview:-1\" \/>\n<link rel=\"canonical\" href=\"https:\/\/rosaeterna.online\/fr\/p\/roses-preservees-dans-une-boite-carree\/\" \/>\n<meta property=\"og:locale\" content=\"fr_FR\" \/>\n<meta property=\"og:type\" content=\"article\" \/>\n<meta property=\"og:title\" content=\"Bo\u00eete carr\u00e9e de roses conserv\u00e9es - Everlasting Rose\" \/>\n<meta property=\"og:description\" content=\"Ach\u00e8te une bo\u00eete carr\u00e9e de roses \u00e9ternelles au meilleur prix. Choisis parmi les couleurs que nous proposons et re\u00e7ois-la o\u00f9 tu veux livraison gratuite !\" \/>\n<meta property=\"og:url\" content=\"https:\/\/rosaeterna.online\/fr\/p\/roses-preservees-dans-une-boite-carree\/\" \/>\n<meta property=\"og:site_name\" content=\"Rosa Eterna\" \/>\n<meta property=\"article:modified_time\" content=\"2024-10-16T03:12:42+00:00\" \/>\n<meta property=\"og:image\" content=\"https:\/\/rosaeterna.online\/wp-content\/uploads\/2021\/01\/caja-rosas-eternas.jpg\" \/>\n\t<meta property=\"og:image:width\" content=\"600\" \/>\n\t<meta property=\"og:image:height\" content=\"800\" \/>\n\t<meta property=\"og:image:type\" content=\"image\/jpeg\" \/>\n<meta name=\"twitter:card\" content=\"summary_large_image\" \/>\n<!-- \/ Yoast SEO plugin. -->","yoast_head_json":{"title":"Bo\u00eete carr\u00e9e de roses conserv\u00e9es - Everlasting Rose","description":"Ach\u00e8te une bo\u00eete carr\u00e9e de roses \u00e9ternelles au meilleur prix. Choisis parmi les couleurs que nous proposons et re\u00e7ois-la o\u00f9 tu veux livraison gratuite !","robots":{"index":"index","follow":"follow","max-snippet":"max-snippet:-1","max-image-preview":"max-image-preview:large","max-video-preview":"max-video-preview:-1"},"canonical":"https:\/\/rosaeterna.online\/fr\/p\/roses-preservees-dans-une-boite-carree\/","og_locale":"fr_FR","og_type":"article","og_title":"Bo\u00eete carr\u00e9e de roses conserv\u00e9es - Everlasting Rose","og_description":"Ach\u00e8te une bo\u00eete carr\u00e9e de roses \u00e9ternelles au meilleur prix. Choisis parmi les couleurs que nous proposons et re\u00e7ois-la o\u00f9 tu veux livraison gratuite !","og_url":"https:\/\/rosaeterna.online\/fr\/p\/roses-preservees-dans-une-boite-carree\/","og_site_name":"Rosa Eterna","article_modified_time":"2024-10-16T03:12:42+00:00","og_image":[{"width":600,"height":800,"url":"https:\/\/rosaeterna.online\/wp-content\/uploads\/2021\/01\/caja-rosas-eternas.jpg","type":"image\/jpeg"}],"twitter_card":"summary_large_image","schema":{"@context":"https:\/\/schema.org","@graph":[{"@type":"WebPage","@id":"https:\/\/rosaeterna.online\/fr\/p\/roses-preservees-dans-une-boite-carree\/","url":"https:\/\/rosaeterna.online\/fr\/p\/roses-preservees-dans-une-boite-carree\/","name":"Bo\u00eete carr\u00e9e de roses conserv\u00e9es - Everlasting Rose","isPartOf":{"@id":"https:\/\/rosaeterna.online\/fr\/#website"},"primaryImageOfPage":{"@id":"https:\/\/rosaeterna.online\/fr\/p\/roses-preservees-dans-une-boite-carree\/#primaryimage"},"image":{"@id":"https:\/\/rosaeterna.online\/fr\/p\/roses-preservees-dans-une-boite-carree\/#primaryimage"},"thumbnailUrl":"https:\/\/rosaeterna.online\/wp-content\/uploads\/2021\/01\/caja-rosas-eternas.jpg","datePublished":"2021-01-24T16:07:09+00:00","dateModified":"2024-10-16T03:12:42+00:00","description":"Ach\u00e8te une bo\u00eete carr\u00e9e de roses \u00e9ternelles au meilleur prix. Choisis parmi les couleurs que nous proposons et re\u00e7ois-la o\u00f9 tu veux livraison gratuite !","breadcrumb":{"@id":"https:\/\/rosaeterna.online\/fr\/p\/roses-preservees-dans-une-boite-carree\/#breadcrumb"},"inLanguage":"fr-FR","potentialAction":[{"@type":"ReadAction","target":["https:\/\/rosaeterna.online\/fr\/p\/roses-preservees-dans-une-boite-carree\/"]}]},{"@type":"ImageObject","inLanguage":"fr-FR","@id":"https:\/\/rosaeterna.online\/fr\/p\/roses-preservees-dans-une-boite-carree\/#primaryimage","url":"https:\/\/rosaeterna.online\/wp-content\/uploads\/2021\/01\/caja-rosas-eternas.jpg","contentUrl":"https:\/\/rosaeterna.online\/wp-content\/uploads\/2021\/01\/caja-rosas-eternas.jpg","width":600,"height":800,"caption":"bo\u00eete de roses \u00e9ternelles"},{"@type":"BreadcrumbList","@id":"https:\/\/rosaeterna.online\/fr\/p\/roses-preservees-dans-une-boite-carree\/#breadcrumb","itemListElement":[{"@type":"ListItem","position":1,"name":"Portada","item":"https:\/\/rosaeterna.online\/fr\/"},{"@type":"ListItem","position":2,"name":"Produits","item":"https:\/\/rosaeterna.online\/fr\/boutique\/"},{"@type":"ListItem","position":3,"name":"Bo\u00eete carr\u00e9e Roses en conserve"}]},{"@type":"WebSite","@id":"https:\/\/rosaeterna.online\/fr\/#website","url":"https:\/\/rosaeterna.online\/fr\/","name":"Rosa Eterna","description":"Haz que dure","potentialAction":[{"@type":"SearchAction","target":{"@type":"EntryPoint","urlTemplate":"https:\/\/rosaeterna.online\/fr\/?s={search_term_string}"},"query-input":{"@type":"PropertyValueSpecification","valueRequired":true,"valueName":"search_term_string"}}],"inLanguage":"fr-FR"}]}},"uagb_featured_image_src":{"full":["https:\/\/rosaeterna.online\/wp-content\/uploads\/2021\/01\/caja-rosas-eternas.jpg",600,800,false],"thumbnail":["https:\/\/rosaeterna.online\/wp-content\/uploads\/2021\/01\/caja-rosas-eternas-150x150.jpg",150,150,true],"medium":["https:\/\/rosaeterna.online\/wp-content\/uploads\/2021\/01\/caja-rosas-eternas-225x300.jpg",225,300,true],"medium_large":["https:\/\/rosaeterna.online\/wp-content\/uploads\/2021\/01\/caja-rosas-eternas.jpg",600,800,false],"large":["https:\/\/rosaeterna.online\/wp-content\/uploads\/2021\/01\/caja-rosas-eternas.jpg",600,800,false],"1536x1536":["https:\/\/rosaeterna.online\/wp-content\/uploads\/2021\/01\/caja-rosas-eternas.jpg",600,800,false],"2048x2048":["https:\/\/rosaeterna.online\/wp-content\/uploads\/2021\/01\/caja-rosas-eternas.jpg",600,800,false],"blog-isotope":["https:\/\/rosaeterna.online\/wp-content\/uploads\/2021\/01\/caja-rosas-eternas.jpg",375,500,false],"woocommerce_thumbnail":["https:\/\/rosaeterna.online\/wp-content\/uploads\/2021\/01\/caja-rosas-eternas-350x435.jpg",350,435,true],"woocommerce_single":["https:\/\/rosaeterna.online\/wp-content\/uploads\/2021\/01\/caja-rosas-eternas.jpg",600,800,false],"woocommerce_gallery_thumbnail":["https:\/\/rosaeterna.online\/wp-content\/uploads\/2021\/01\/caja-rosas-eternas-100x100.jpg",100,100,true],"eh_logo_image_size":["https:\/\/rosaeterna.online\/wp-content\/uploads\/2021\/01\/caja-rosas-eternas.jpg",68,90,false],"eh_header_image_size":["https:\/\/rosaeterna.online\/wp-content\/uploads\/2021\/01\/caja-rosas-eternas.jpg",68,90,false],"wcpr-photo-reviews":["https:\/\/rosaeterna.online\/wp-content\/uploads\/2021\/01\/caja-rosas-eternas.jpg",375,500,false]},"uagb_author_info":{"display_name":"Patricia Mart\u00edn","author_link":"https:\/\/rosaeterna.online\/fr"},"uagb_comment_info":0,"uagb_excerpt":"Notre bo\u00eete de roses et d'hortensias pr\u00e9serv\u00e9s id\u00e9ale pour d\u00e9corer n'importe quel coin de la maison. Nous t'assurons qu'ils vont l'adorer. Profite de notre livraison GRATUITE.","_links":{"self":[{"href":"https:\/\/rosaeterna.online\/fr\/wp-json\/wp\/v2\/product\/15162","targetHints":{"allow":["GET"]}}],"collection":[{"href":"https:\/\/rosaeterna.online\/fr\/wp-json\/wp\/v2\/product"}],"about":[{"href":"https:\/\/rosaeterna.online\/fr\/wp-json\/wp\/v2\/types\/product"}],"replies":[{"embeddable":true,"href":"https:\/\/rosaeterna.online\/fr\/wp-json\/wp\/v2\/comments?post=15162"}],"wp:featuredmedia":[{"embeddable":true,"href":"https:\/\/rosaeterna.online\/fr\/wp-json\/wp\/v2\/media\/9762"}],"wp:attachment":[{"href":"https:\/\/rosaeterna.online\/fr\/wp-json\/wp\/v2\/media?parent=15162"}],"wp:term":[{"taxonomy":"product_brand","embeddable":true,"href":"https:\/\/rosaeterna.online\/fr\/wp-json\/wp\/v2\/product_brand?post=15162"},{"taxonomy":"product_cat","embeddable":true,"href":"https:\/\/rosaeterna.online\/fr\/wp-json\/wp\/v2\/product_cat?post=15162"},{"taxonomy":"product_tag","embeddable":true,"href":"https:\/\/rosaeterna.online\/fr\/wp-json\/wp\/v2\/product_tag?post=15162"}],"curies":[{"name":"wp","href":"https:\/\/api.w.org\/{rel}","templated":true}]}}