{"id":14912,"date":"2020-06-18T17:57:53","date_gmt":"2020-06-18T17:57:53","guid":{"rendered":"https:\/\/rosaeterna.online\/producto\/lettre-en-mini-roses\/"},"modified":"2024-10-20T03:38:34","modified_gmt":"2024-10-20T03:38:34","slug":"lettre-en-mini-roses","status":"publish","type":"product","link":"https:\/\/rosaeterna.online\/fr\/p\/lettre-en-mini-roses\/","title":{"rendered":"Lettre en mini roses"},"content":{"rendered":"<p>Choisissez dans notre catalogue les lettres en fleurs qui vous plaisent le plus. Nous disposons de diff\u00e9rents mod\u00e8les (en fleurs sauvages, roses premium, en mousse ou encore en mini roses), tous parfaits pour d\u00e9corer une maison, un \u00e9v\u00e9nement ou un bureau.<\/p>\n<p>Taille : 20 cm de haut, la largeur d\u00e9pend de la lettre.<\/p>\n<p>S\u00e9lectionnez les lettres avec des roses pr\u00e9serv\u00e9es dont vous avez besoin et nous les pr\u00e9parerons et vous les enverrons \u00e0 l\u2019adresse souhait\u00e9e sous 2 \u00e0 4 jours ouvrables en France.<\/p>\n<p>Des questions ? Contactez-nous et nous nous ferons un plaisir de vous r\u00e9pondre.<\/p>\n","protected":false},"excerpt":{"rendered":"<p>Choisissez une lettre porteuse de signification pour vous et nous nous occuperons de vous la livrer orn\u00e9e de mini roses dans la meilleure qualit\u00e9 et les meilleurs d\u00e9lais !<\/p>\n","protected":false},"featured_media":9678,"comment_status":"closed","ping_status":"closed","template":"","meta":{"_uag_custom_page_level_css":"","_joinchat":[]},"product_brand":[],"product_cat":[95],"product_tag":[],"class_list":{"0":"post-14912","1":"product","2":"type-product","3":"status-publish","4":"has-post-thumbnail","6":"product_cat-lettres-en-fleurs","8":"first","9":"instock","10":"taxable","11":"shipping-taxable","12":"purchasable","13":"product-type-variable","14":"add-to-wishlist-after_add_to_cart"},"yoast_head":"<!-- This site is optimized with the Yoast SEO plugin v25.0 - https:\/\/yoast.com\/wordpress\/plugins\/seo\/ -->\n<title>Lettre en mini roses | Rosaeterna.online<\/title>\n<meta name=\"robots\" content=\"index, follow, max-snippet:-1, max-image-preview:large, max-video-preview:-1\" \/>\n<link rel=\"canonical\" href=\"https:\/\/rosaeterna.online\/fr\/p\/lettre-en-mini-roses\/\" \/>\n<meta property=\"og:locale\" content=\"fr_FR\" \/>\n<meta property=\"og:type\" content=\"article\" \/>\n<meta property=\"og:title\" content=\"Lettre en mini roses | Rosaeterna.online\" \/>\n<meta property=\"og:description\" content=\"Choisissez une lettre porteuse de signification pour vous et nous nous occuperons de vous la livrer orn\u00e9e de mini roses dans la meilleure qualit\u00e9 et les meilleurs d\u00e9lais !\" \/>\n<meta property=\"og:url\" content=\"https:\/\/rosaeterna.online\/fr\/p\/lettre-en-mini-roses\/\" \/>\n<meta property=\"og:site_name\" content=\"Rosa Eterna\" \/>\n<meta property=\"article:modified_time\" content=\"2024-10-20T03:38:34+00:00\" \/>\n<meta property=\"og:image\" content=\"https:\/\/rosaeterna.online\/wp-content\/uploads\/2020\/06\/letras-con-flores.jpg\" \/>\n\t<meta property=\"og:image:width\" content=\"600\" \/>\n\t<meta property=\"og:image:height\" content=\"800\" \/>\n\t<meta property=\"og:image:type\" content=\"image\/jpeg\" \/>\n<meta name=\"twitter:card\" content=\"summary_large_image\" \/>\n<meta name=\"twitter:label1\" content=\"Dur\u00e9e de lecture estim\u00e9e\" \/>\n\t<meta name=\"twitter:data1\" content=\"1 minute\" \/>\n<!-- \/ Yoast SEO plugin. -->","yoast_head_json":{"title":"Lettre en mini roses | Rosaeterna.online","robots":{"index":"index","follow":"follow","max-snippet":"max-snippet:-1","max-image-preview":"max-image-preview:large","max-video-preview":"max-video-preview:-1"},"canonical":"https:\/\/rosaeterna.online\/fr\/p\/lettre-en-mini-roses\/","og_locale":"fr_FR","og_type":"article","og_title":"Lettre en mini roses | Rosaeterna.online","og_description":"Choisissez une lettre porteuse de signification pour vous et nous nous occuperons de vous la livrer orn\u00e9e de mini roses dans la meilleure qualit\u00e9 et les meilleurs d\u00e9lais !","og_url":"https:\/\/rosaeterna.online\/fr\/p\/lettre-en-mini-roses\/","og_site_name":"Rosa Eterna","article_modified_time":"2024-10-20T03:38:34+00:00","og_image":[{"width":600,"height":800,"url":"https:\/\/rosaeterna.online\/wp-content\/uploads\/2020\/06\/letras-con-flores.jpg","type":"image\/jpeg"}],"twitter_card":"summary_large_image","twitter_misc":{"Dur\u00e9e de lecture estim\u00e9e":"1 minute"},"schema":{"@context":"https:\/\/schema.org","@graph":[{"@type":"WebPage","@id":"https:\/\/rosaeterna.online\/fr\/p\/lettre-en-mini-roses\/","url":"https:\/\/rosaeterna.online\/fr\/p\/lettre-en-mini-roses\/","name":"Lettre en mini roses | Rosaeterna.online","isPartOf":{"@id":"https:\/\/rosaeterna.online\/fr\/#website"},"primaryImageOfPage":{"@id":"https:\/\/rosaeterna.online\/fr\/p\/lettre-en-mini-roses\/#primaryimage"},"image":{"@id":"https:\/\/rosaeterna.online\/fr\/p\/lettre-en-mini-roses\/#primaryimage"},"thumbnailUrl":"https:\/\/rosaeterna.online\/wp-content\/uploads\/2020\/06\/letras-con-flores.jpg","datePublished":"2020-06-18T17:57:53+00:00","dateModified":"2024-10-20T03:38:34+00:00","breadcrumb":{"@id":"https:\/\/rosaeterna.online\/fr\/p\/lettre-en-mini-roses\/#breadcrumb"},"inLanguage":"fr-FR","potentialAction":[{"@type":"ReadAction","target":["https:\/\/rosaeterna.online\/fr\/p\/lettre-en-mini-roses\/"]}]},{"@type":"ImageObject","inLanguage":"fr-FR","@id":"https:\/\/rosaeterna.online\/fr\/p\/lettre-en-mini-roses\/#primaryimage","url":"https:\/\/rosaeterna.online\/wp-content\/uploads\/2020\/06\/letras-con-flores.jpg","contentUrl":"https:\/\/rosaeterna.online\/wp-content\/uploads\/2020\/06\/letras-con-flores.jpg","width":600,"height":800,"caption":"Lettre en mini roses"},{"@type":"BreadcrumbList","@id":"https:\/\/rosaeterna.online\/fr\/p\/lettre-en-mini-roses\/#breadcrumb","itemListElement":[{"@type":"ListItem","position":1,"name":"Portada","item":"https:\/\/rosaeterna.online\/fr\/"},{"@type":"ListItem","position":2,"name":"Produits","item":"https:\/\/rosaeterna.online\/fr\/boutique\/"},{"@type":"ListItem","position":3,"name":"Lettre en mini roses"}]},{"@type":"WebSite","@id":"https:\/\/rosaeterna.online\/fr\/#website","url":"https:\/\/rosaeterna.online\/fr\/","name":"Rosa Eterna","description":"Haz que dure","potentialAction":[{"@type":"SearchAction","target":{"@type":"EntryPoint","urlTemplate":"https:\/\/rosaeterna.online\/fr\/?s={search_term_string}"},"query-input":{"@type":"PropertyValueSpecification","valueRequired":true,"valueName":"search_term_string"}}],"inLanguage":"fr-FR"}]}},"uagb_featured_image_src":{"full":["https:\/\/rosaeterna.online\/wp-content\/uploads\/2020\/06\/letras-con-flores.jpg",600,800,false],"thumbnail":["https:\/\/rosaeterna.online\/wp-content\/uploads\/2020\/06\/letras-con-flores-150x150.jpg",150,150,true],"medium":["https:\/\/rosaeterna.online\/wp-content\/uploads\/2020\/06\/letras-con-flores-225x300.jpg",225,300,true],"medium_large":["https:\/\/rosaeterna.online\/wp-content\/uploads\/2020\/06\/letras-con-flores.jpg",600,800,false],"large":["https:\/\/rosaeterna.online\/wp-content\/uploads\/2020\/06\/letras-con-flores.jpg",600,800,false],"1536x1536":["https:\/\/rosaeterna.online\/wp-content\/uploads\/2020\/06\/letras-con-flores.jpg",600,800,false],"2048x2048":["https:\/\/rosaeterna.online\/wp-content\/uploads\/2020\/06\/letras-con-flores.jpg",600,800,false],"blog-isotope":["https:\/\/rosaeterna.online\/wp-content\/uploads\/2020\/06\/letras-con-flores.jpg",375,500,false],"woocommerce_thumbnail":["https:\/\/rosaeterna.online\/wp-content\/uploads\/2020\/06\/letras-con-flores-350x435.jpg",350,435,true],"woocommerce_single":["https:\/\/rosaeterna.online\/wp-content\/uploads\/2020\/06\/letras-con-flores.jpg",600,800,false],"woocommerce_gallery_thumbnail":["https:\/\/rosaeterna.online\/wp-content\/uploads\/2020\/06\/letras-con-flores-100x100.jpg",100,100,true],"eh_logo_image_size":["https:\/\/rosaeterna.online\/wp-content\/uploads\/2020\/06\/letras-con-flores.jpg",68,90,false],"eh_header_image_size":["https:\/\/rosaeterna.online\/wp-content\/uploads\/2020\/06\/letras-con-flores.jpg",68,90,false],"wcpr-photo-reviews":["https:\/\/rosaeterna.online\/wp-content\/uploads\/2020\/06\/letras-con-flores.jpg",375,500,false]},"uagb_author_info":{"display_name":"Fran","author_link":"https:\/\/rosaeterna.online\/fr"},"uagb_comment_info":0,"uagb_excerpt":"Choisissez une lettre porteuse de signification pour vous et nous nous occuperons de vous la livrer orn\u00e9e de mini roses dans la meilleure qualit\u00e9 et les meilleurs d\u00e9lais !","_links":{"self":[{"href":"https:\/\/rosaeterna.online\/fr\/wp-json\/wp\/v2\/product\/14912","targetHints":{"allow":["GET"]}}],"collection":[{"href":"https:\/\/rosaeterna.online\/fr\/wp-json\/wp\/v2\/product"}],"about":[{"href":"https:\/\/rosaeterna.online\/fr\/wp-json\/wp\/v2\/types\/product"}],"replies":[{"embeddable":true,"href":"https:\/\/rosaeterna.online\/fr\/wp-json\/wp\/v2\/comments?post=14912"}],"wp:featuredmedia":[{"embeddable":true,"href":"https:\/\/rosaeterna.online\/fr\/wp-json\/wp\/v2\/media\/9678"}],"wp:attachment":[{"href":"https:\/\/rosaeterna.online\/fr\/wp-json\/wp\/v2\/media?parent=14912"}],"wp:term":[{"taxonomy":"product_brand","embeddable":true,"href":"https:\/\/rosaeterna.online\/fr\/wp-json\/wp\/v2\/product_brand?post=14912"},{"taxonomy":"product_cat","embeddable":true,"href":"https:\/\/rosaeterna.online\/fr\/wp-json\/wp\/v2\/product_cat?post=14912"},{"taxonomy":"product_tag","embeddable":true,"href":"https:\/\/rosaeterna.online\/fr\/wp-json\/wp\/v2\/product_tag?post=14912"}],"curies":[{"name":"wp","href":"https:\/\/api.w.org\/{rel}","templated":true}]}}