{"id":14880,"date":"2020-05-23T16:26:00","date_gmt":"2020-05-23T16:26:00","guid":{"rendered":"https:\/\/rosaeterna.online\/producto\/rose-dans-un-verre-carre\/"},"modified":"2024-10-21T21:45:53","modified_gmt":"2024-10-21T21:45:53","slug":"rose-dans-un-verre-carre","status":"publish","type":"product","link":"https:\/\/rosaeterna.online\/fr\/p\/rose-dans-un-verre-carre\/","title":{"rendered":"Roses dans un vase carr\u00e9"},"content":{"rendered":"<p>Une autre des nombreuses options que nous te proposons pour offrir nos <a href=\"https:\/\/rosaeterna.online\/fr\/\"><strong>roses \u00e9ternelles<\/strong><\/a>.<br \/>\nDisponibles dans toutes les couleurs : rouge, jaune, orange, fuchsia, bleu&#8230;elles te plairont toutes.<br \/>\nPr\u00e9sent\u00e9es dans un vase carr\u00e9 en verre sur une base de pierres ou de sable blanc pour que la rose soit la protagoniste.<br \/>\nElle sera du plus bel effet dans n&#8217;importe quel coin de ta maison.<br \/>\nCommande-le maintenant avec la <strong>livraison gratuite<\/strong> et re\u00e7ois-le \u00e0 la maison ou \u00e0 l&#8217;endroit que tu pr\u00e9f\u00e8res.<br \/>\nTu as des questions ?<br \/>\nContacte-nous.      <\/p>\n","protected":false},"excerpt":{"rendered":"<p>Surprends la personne que tu aimes le plus avec une magnifique <strong>t\u00eate de rose pr\u00e9serv\u00e9e<\/strong>, une option \u00e9conomique qui, nous en sommes s\u00fbrs, lui plaira.<br \/>\nChoisis la<span style=\"color: #0000ff;\">couleur<\/span> et nous te l&#8217;envoyons <strong>GRATUITEMENT<\/strong>. <\/p>\n","protected":false},"featured_media":9594,"comment_status":"closed","ping_status":"closed","template":"","meta":{"_uag_custom_page_level_css":"","_joinchat":[]},"product_brand":[],"product_cat":[123],"product_tag":[],"class_list":{"0":"post-14880","1":"product","2":"type-product","3":"status-publish","4":"has-post-thumbnail","6":"product_cat-rose-eternelle-sous-cloche","8":"first","9":"instock","10":"taxable","11":"shipping-taxable","12":"purchasable","13":"product-type-variable","14":"add-to-wishlist-after_add_to_cart"},"yoast_head":"<!-- This site is optimized with the Yoast SEO plugin v25.0 - https:\/\/yoast.com\/wordpress\/plugins\/seo\/ -->\n<title>Roses \u00e9ternelles dans un vase carr\u00e9 en verre - Rose \u00e9ternelle<\/title>\n<meta name=\"description\" content=\"Ach\u00e8te une rose \u00e9ternelle dans un verre carr\u00e9 au meilleur prix. Choisis l&#039;une des couleurs que nous proposons et re\u00e7ois-la o\u00f9 tu veux Livraison gratuite !\" \/>\n<meta name=\"robots\" content=\"index, follow, max-snippet:-1, max-image-preview:large, max-video-preview:-1\" \/>\n<link rel=\"canonical\" href=\"https:\/\/rosaeterna.online\/fr\/p\/rose-dans-un-verre-carre\/\" \/>\n<meta property=\"og:locale\" content=\"fr_FR\" \/>\n<meta property=\"og:type\" content=\"article\" \/>\n<meta property=\"og:title\" content=\"Roses \u00e9ternelles dans un vase carr\u00e9 en verre - Rose \u00e9ternelle\" \/>\n<meta property=\"og:description\" content=\"Ach\u00e8te une rose \u00e9ternelle dans un verre carr\u00e9 au meilleur prix. Choisis l&#039;une des couleurs que nous proposons et re\u00e7ois-la o\u00f9 tu veux Livraison gratuite !\" \/>\n<meta property=\"og:url\" content=\"https:\/\/rosaeterna.online\/fr\/p\/rose-dans-un-verre-carre\/\" \/>\n<meta property=\"og:site_name\" content=\"Rosa Eterna\" \/>\n<meta property=\"article:modified_time\" content=\"2024-10-21T21:45:53+00:00\" \/>\n<meta property=\"og:image\" content=\"https:\/\/rosaeterna.online\/wp-content\/uploads\/2020\/05\/rosa-preservada-en-vaso-cuadrado-colorete.jpg\" \/>\n\t<meta property=\"og:image:width\" content=\"600\" \/>\n\t<meta property=\"og:image:height\" content=\"600\" \/>\n\t<meta property=\"og:image:type\" content=\"image\/jpeg\" \/>\n<meta name=\"twitter:card\" content=\"summary_large_image\" \/>\n<!-- \/ Yoast SEO plugin. -->","yoast_head_json":{"title":"Roses \u00e9ternelles dans un vase carr\u00e9 en verre - Rose \u00e9ternelle","description":"Ach\u00e8te une rose \u00e9ternelle dans un verre carr\u00e9 au meilleur prix. Choisis l'une des couleurs que nous proposons et re\u00e7ois-la o\u00f9 tu veux Livraison gratuite !","robots":{"index":"index","follow":"follow","max-snippet":"max-snippet:-1","max-image-preview":"max-image-preview:large","max-video-preview":"max-video-preview:-1"},"canonical":"https:\/\/rosaeterna.online\/fr\/p\/rose-dans-un-verre-carre\/","og_locale":"fr_FR","og_type":"article","og_title":"Roses \u00e9ternelles dans un vase carr\u00e9 en verre - Rose \u00e9ternelle","og_description":"Ach\u00e8te une rose \u00e9ternelle dans un verre carr\u00e9 au meilleur prix. Choisis l'une des couleurs que nous proposons et re\u00e7ois-la o\u00f9 tu veux Livraison gratuite !","og_url":"https:\/\/rosaeterna.online\/fr\/p\/rose-dans-un-verre-carre\/","og_site_name":"Rosa Eterna","article_modified_time":"2024-10-21T21:45:53+00:00","og_image":[{"width":600,"height":600,"url":"https:\/\/rosaeterna.online\/wp-content\/uploads\/2020\/05\/rosa-preservada-en-vaso-cuadrado-colorete.jpg","type":"image\/jpeg"}],"twitter_card":"summary_large_image","schema":{"@context":"https:\/\/schema.org","@graph":[{"@type":"WebPage","@id":"https:\/\/rosaeterna.online\/fr\/p\/rose-dans-un-verre-carre\/","url":"https:\/\/rosaeterna.online\/fr\/p\/rose-dans-un-verre-carre\/","name":"Roses \u00e9ternelles dans un vase carr\u00e9 en verre - Rose \u00e9ternelle","isPartOf":{"@id":"https:\/\/rosaeterna.online\/fr\/#website"},"primaryImageOfPage":{"@id":"https:\/\/rosaeterna.online\/fr\/p\/rose-dans-un-verre-carre\/#primaryimage"},"image":{"@id":"https:\/\/rosaeterna.online\/fr\/p\/rose-dans-un-verre-carre\/#primaryimage"},"thumbnailUrl":"https:\/\/rosaeterna.online\/wp-content\/uploads\/2020\/05\/rosa-preservada-en-vaso-cuadrado-colorete.jpg","datePublished":"2020-05-23T16:26:00+00:00","dateModified":"2024-10-21T21:45:53+00:00","description":"Ach\u00e8te une rose \u00e9ternelle dans un verre carr\u00e9 au meilleur prix. Choisis l'une des couleurs que nous proposons et re\u00e7ois-la o\u00f9 tu veux Livraison gratuite !","breadcrumb":{"@id":"https:\/\/rosaeterna.online\/fr\/p\/rose-dans-un-verre-carre\/#breadcrumb"},"inLanguage":"fr-FR","potentialAction":[{"@type":"ReadAction","target":["https:\/\/rosaeterna.online\/fr\/p\/rose-dans-un-verre-carre\/"]}]},{"@type":"ImageObject","inLanguage":"fr-FR","@id":"https:\/\/rosaeterna.online\/fr\/p\/rose-dans-un-verre-carre\/#primaryimage","url":"https:\/\/rosaeterna.online\/wp-content\/uploads\/2020\/05\/rosa-preservada-en-vaso-cuadrado-colorete.jpg","contentUrl":"https:\/\/rosaeterna.online\/wp-content\/uploads\/2020\/05\/rosa-preservada-en-vaso-cuadrado-colorete.jpg","width":600,"height":600,"caption":"rose pr\u00e9serv\u00e9e dans un verre carr\u00e9 blush"},{"@type":"BreadcrumbList","@id":"https:\/\/rosaeterna.online\/fr\/p\/rose-dans-un-verre-carre\/#breadcrumb","itemListElement":[{"@type":"ListItem","position":1,"name":"Portada","item":"https:\/\/rosaeterna.online\/fr\/"},{"@type":"ListItem","position":2,"name":"Produits","item":"https:\/\/rosaeterna.online\/fr\/boutique\/"},{"@type":"ListItem","position":3,"name":"Roses dans un vase carr\u00e9"}]},{"@type":"WebSite","@id":"https:\/\/rosaeterna.online\/fr\/#website","url":"https:\/\/rosaeterna.online\/fr\/","name":"Rosa Eterna","description":"Haz que dure","potentialAction":[{"@type":"SearchAction","target":{"@type":"EntryPoint","urlTemplate":"https:\/\/rosaeterna.online\/fr\/?s={search_term_string}"},"query-input":{"@type":"PropertyValueSpecification","valueRequired":true,"valueName":"search_term_string"}}],"inLanguage":"fr-FR"}]}},"uagb_featured_image_src":{"full":["https:\/\/rosaeterna.online\/wp-content\/uploads\/2020\/05\/rosa-preservada-en-vaso-cuadrado-colorete.jpg",600,600,false],"thumbnail":["https:\/\/rosaeterna.online\/wp-content\/uploads\/2020\/05\/rosa-preservada-en-vaso-cuadrado-colorete-150x150.jpg",150,150,true],"medium":["https:\/\/rosaeterna.online\/wp-content\/uploads\/2020\/05\/rosa-preservada-en-vaso-cuadrado-colorete-300x300.jpg",300,300,true],"medium_large":["https:\/\/rosaeterna.online\/wp-content\/uploads\/2020\/05\/rosa-preservada-en-vaso-cuadrado-colorete.jpg",600,600,false],"large":["https:\/\/rosaeterna.online\/wp-content\/uploads\/2020\/05\/rosa-preservada-en-vaso-cuadrado-colorete.jpg",600,600,false],"1536x1536":["https:\/\/rosaeterna.online\/wp-content\/uploads\/2020\/05\/rosa-preservada-en-vaso-cuadrado-colorete.jpg",600,600,false],"2048x2048":["https:\/\/rosaeterna.online\/wp-content\/uploads\/2020\/05\/rosa-preservada-en-vaso-cuadrado-colorete.jpg",600,600,false],"blog-isotope":["https:\/\/rosaeterna.online\/wp-content\/uploads\/2020\/05\/rosa-preservada-en-vaso-cuadrado-colorete.jpg",500,500,false],"woocommerce_thumbnail":["https:\/\/rosaeterna.online\/wp-content\/uploads\/2020\/05\/rosa-preservada-en-vaso-cuadrado-colorete-350x435.jpg",350,435,true],"woocommerce_single":["https:\/\/rosaeterna.online\/wp-content\/uploads\/2020\/05\/rosa-preservada-en-vaso-cuadrado-colorete.jpg",600,600,false],"woocommerce_gallery_thumbnail":["https:\/\/rosaeterna.online\/wp-content\/uploads\/2020\/05\/rosa-preservada-en-vaso-cuadrado-colorete-100x100.jpg",100,100,true],"eh_logo_image_size":["https:\/\/rosaeterna.online\/wp-content\/uploads\/2020\/05\/rosa-preservada-en-vaso-cuadrado-colorete.jpg",90,90,false],"eh_header_image_size":["https:\/\/rosaeterna.online\/wp-content\/uploads\/2020\/05\/rosa-preservada-en-vaso-cuadrado-colorete.jpg",90,90,false],"wcpr-photo-reviews":["https:\/\/rosaeterna.online\/wp-content\/uploads\/2020\/05\/rosa-preservada-en-vaso-cuadrado-colorete.jpg",500,500,false]},"uagb_author_info":{"display_name":"Patricia Mart\u00edn","author_link":"https:\/\/rosaeterna.online\/fr"},"uagb_comment_info":0,"uagb_excerpt":"Surprends la personne que tu aimes le plus avec une magnifique t\u00eate de rose pr\u00e9serv\u00e9e, une option \u00e9conomique qui, nous en sommes s\u00fbrs, lui plaira. Choisis lacouleur et nous te l'envoyons GRATUITEMENT.","_links":{"self":[{"href":"https:\/\/rosaeterna.online\/fr\/wp-json\/wp\/v2\/product\/14880","targetHints":{"allow":["GET"]}}],"collection":[{"href":"https:\/\/rosaeterna.online\/fr\/wp-json\/wp\/v2\/product"}],"about":[{"href":"https:\/\/rosaeterna.online\/fr\/wp-json\/wp\/v2\/types\/product"}],"replies":[{"embeddable":true,"href":"https:\/\/rosaeterna.online\/fr\/wp-json\/wp\/v2\/comments?post=14880"}],"wp:featuredmedia":[{"embeddable":true,"href":"https:\/\/rosaeterna.online\/fr\/wp-json\/wp\/v2\/media\/9594"}],"wp:attachment":[{"href":"https:\/\/rosaeterna.online\/fr\/wp-json\/wp\/v2\/media?parent=14880"}],"wp:term":[{"taxonomy":"product_brand","embeddable":true,"href":"https:\/\/rosaeterna.online\/fr\/wp-json\/wp\/v2\/product_brand?post=14880"},{"taxonomy":"product_cat","embeddable":true,"href":"https:\/\/rosaeterna.online\/fr\/wp-json\/wp\/v2\/product_cat?post=14880"},{"taxonomy":"product_tag","embeddable":true,"href":"https:\/\/rosaeterna.online\/fr\/wp-json\/wp\/v2\/product_tag?post=14880"}],"curies":[{"name":"wp","href":"https:\/\/api.w.org\/{rel}","templated":true}]}}